{"id":12055,"date":"2023-09-13T10:31:43","date_gmt":"2023-09-13T08:31:43","guid":{"rendered":"https:\/\/semmelweis.hu\/magtud\/?page_id=12055"},"modified":"2024-09-26T14:42:16","modified_gmt":"2024-09-26T12:42:16","slug":"pszichokardiologia-munkacsoport","status":"publish","type":"page","link":"https:\/\/semmelweis.hu\/magtud\/kutatas\/kutatasi-teruletek\/pszichokardiologia-munkacsoport\/","title":{"rendered":"Pszichokardiol\u00f3gia munkacsoport"},"content":{"rendered":"<p>Tagjai: <a href=\"https:\/\/semmelweis.hu\/magtud\/intezet\/munkatarsak\/dr-stauder-adrienne\/\">Dr. Stauder Adrienne<\/a>, <a href=\"https:\/\/semmelweis.hu\/magtud\/intezet\/munkatarsak\/balog-piroska\/\">Dr. Balog Piroska<\/a>, <a href=\"https:\/\/semmelweis.hu\/magtud\/intezet\/munkatarsak\/dr-purebl-gyorgy-igazgato\/\">Dr. Purebl Gy\u00f6rgy<\/a><\/p>\n<p>K\u00fcls\u0151 egy\u00fcttm\u0171k\u00f6d\u0151 partnerek:\u00a0\u00a0 Dr. Nagy Klaudia Vivien kardiol\u00f3gus, V\u00e1rosmajori Sz\u00edv \u00e9s \u00c9rgy\u00f3gy\u00e1szati Klinika (VSZ\u00c9K); Bern\u00e1th-Luk\u00e1cs Zsuzsa diplom\u00e1s \u00e1pol\u00f3, vezet\u0151 gondoz\u00e1si koordin\u00e1tor, VSZ\u00c9K, SZ\u00cdVSN Betegegyes\u00fclet Eln\u00f6ke<\/p>\n<div><strong>JELENLEG FUT\u00d3 KUTAT\u00c1SBA v\u00e1rjuk id\u0151s, sz\u00edvel\u00e9gtelens\u00e9ggel \u00e9l\u0151 betegek jelentkez\u00e9s\u00e9t 2024. december 20-ig! )<\/strong><\/div>\n<div>\n<p><strong><em>Az ESCAPE (https:\/\/escape-project.org\/) multicentrikus, eur\u00f3pai vizsg\u00e1lat amely id\u0151s (&gt;65 \u00e9v), multimorbid betegek biopszichoszoci\u00e1lis, betegk\u00f6zpont\u00fa, komplex egy\u00fcttm\u0171k\u00f6d\u00e9sen alapul\u00f3 kezel\u00e9s\u00e9t \u00e9rt\u00e9keli (Horizon 2020 grant No 945377 (https:\/\/escape-project.org\/ )) <\/em><\/strong><em>(<a href=\"https:\/\/escape-project.org\/\">Horizon 2020 grant No 945377<\/a>).<br \/>\nA r\u00e9sztvev\u0151 betegek a szok\u00e1sos kezel\u00e9s folytat\u00e1sa mellett havi 1-2 alkalommal telefonon konzult\u00e1lhatnak egy k\u00e9pzett gondoz\u00e1si koordin\u00e1torral, amely sor\u00e1n t\u00e1mogat\u00e1st kapnak a betegs\u00e9g\u00fckkel, a kezel\u00e9s\u00fck megval\u00f3s\u00edt\u00e1s\u00e1val \u00e9s az \u00e9letm\u00f3djukkal kapcsolatban.<br \/>\n<\/em>Tov\u00e1bbi r\u00e9szletek a betegeknek sz\u00f3l\u00f3 <a href=\"https:\/\/semmelweis.hu\/magtud\/files\/2024\/09\/ESCAPE_Felhivas_szivelegtelen_betegek_szamara_2024decemberig.pdf\">let\u00f6lthet\u0151 t\u00e1j\u00e9koztat\u00f3ban<\/a>, a a szakembereknek sz\u00f3l\u00f3 <a href=\"https:\/\/semmelweis.hu\/magtud\/files\/2024\/09\/ESCAPE_tajekoztato_kollegaknak_2024decemberig.pdf\">t\u00e1j\u00e9koztat\u00f3ban<\/a>, illetve <a href=\"https:\/\/semmelweis.hu\/magtud\/files\/2023\/09\/ESCAPE-felhivas-SZIVSN-20230622.pdf\">SZ\u00cdVSN Orsz\u00e1gos Betegegyes\u00fclet honlapj\u00e1n\u00a0<\/a>( https:\/\/szivsn.hu\/ )<\/p>\n<\/div>\n<p><strong>H\u00c1TT\u00c9R<\/strong><\/p>\n<p>Sz\u00e1mos vizsg\u00e1lat tanulm\u00e1ny bizony\u00edtja a kardiovaszkul\u00e1ris megbeteged\u00e9sek \u00e9s a pszichoszoci\u00e1lis t\u00e9nyez\u0151k szoros \u00f6sszef\u00fcgg\u00e9s\u00e9t. Ezzel \u00f6sszhangban az Eur\u00f3pai Kardiol\u00f3giai T\u00e1rsas\u00e1g (ESC) 2016. \u00e9vi szakmai ir\u00e1nyelvei I.A szint\u0171 aj\u00e1nl\u00e1sk\u00e9nt tartalmazz\u00e1k a pszichoszoci\u00e1lis probl\u00e9m\u00e1k felm\u00e9r\u00e9s\u00e9t, azonos\u00edt\u00e1s\u00e1t, \u00e9s magatart\u00e1sorvosl\u00e1si m\u00f3dszerekkel t\u00f6rt\u00e9n\u0151 kezel\u00e9s\u00e9t minden kardiol\u00f3giai betegben.<\/p>\n<p>A szakmai ir\u00e1nyelvek min\u00e9l sz\u00e9lesebb k\u00f6r\u0171, \u00e1tfog\u00f3 gyakorlati alkalmaz\u00e1sa elengedhetetlen a kardiovaszkul\u00e1ris kock\u00e1zat cs\u00f6kkent\u00e9se \u00e9rdek\u00e9ben. Ennek fontos eleme a klinikumban dolgoz\u00f3 szakemberek k\u00e9pz\u00e9se, a multidiszciplin\u00e1ris egy\u00fcttm\u0171k\u00f6d\u00e9s er\u0151s\u00edt\u00e9se, \u00e9s a magatart\u00e1sorvosl\u00e1si beavatkoz\u00e1sok integr\u00e1l\u00e1sa a mindennapi ell\u00e1t\u00e1sba.<\/p>\n<p>A pszichoszoci\u00e1lis stresszhelyzetek sikeresebb kezel\u00e9s\u00e9re \u00e9s a testi \u00e9s lelki fesz\u00fclts\u00e9gszint tudatos cs\u00f6kkent\u00e9s\u00e9re sz\u00e9les k\u00f6rben alkalmazhat\u00f3 a Williams \u00c9letk\u00e9szs\u00e9gek\u00ae (W\u00c9K) program. A Duke Egyetemen kidolgozott stresszkezel\u0151, kommunik\u00e1ci\u00f3s k\u00e9szs\u00e9gfejleszt\u0151 programot a Magatart\u00e1studom\u00e1nyi Int\u00e9zet munkat\u00e1rsai adapt\u00e1lt\u00e1k magyar nyelvre, \u00e9s a Selye J\u00e1nos Magyar Magatart\u00e1studom\u00e1nyi \u00e9s Magatart\u00e1sorvosl\u00e1si T\u00e1rsas\u00e1ggal egy\u00fcttm\u0171k\u00f6d\u00e9sben biztos\u00edtj\u00e1k a csoportvezet\u0151k k\u00e9pz\u00e9s\u00e9t \u00e9s szuperv\u00edzi\u00f3j\u00e1t. A mindennapi \u00e9letben alkalmazhat\u00f3 megk\u00fczd\u00e9si k\u00e9szs\u00e9gek elsaj\u00e1t\u00edt\u00e1s\u00e1t c\u00e9lz\u00f3 W\u00c9K magatart\u00e1sorvosl\u00e1si program Magyarorsz\u00e1gon sz\u00e9les k\u00f6rben el\u00e9rhet\u0151 (<a href=\"http:\/\/www.eletkeszsegek.hu\">www.eletkeszsegek.hu<\/a>). A k\u00e9szs\u00e9gfejleszt\u0151 tr\u00e9ning hat\u00e1s\u00e1ra a kardiovaszkul\u00e1ris betegs\u00e9gben szenved\u0151kn\u00e9l az \u00e9letmin\u0151s\u00e9g javul\u00e1sa mellett a fiziol\u00f3giai param\u00e9terekben (szubjekt\u00edv testi t\u00fcnetek, pulzus, v\u00e9rnyom\u00e1s ingadoz\u00e1s) is pozit\u00edv v\u00e1ltoz\u00e1sok mennek v\u00e9gbe. W\u00c9K tr\u00e9ning jelleg\u0171 k\u00e9pz\u00e9s a kardiol\u00f3giai betegek ell\u00e1t\u00e1s\u00e1ban r\u00e9sztvev\u0151 eg\u00e9szs\u00e9g\u00fcgyi dolgoz\u00f3k sz\u00e1m\u00e1ra is javasolt, nem csak a hat\u00e9konyabb betegell\u00e1t\u00e1s \u00e9rdek\u00e9ben, hanem a stresszterhel\u00e9s \u00e9s a ki\u00e9g\u00e9s kock\u00e1zat\u00e1nak cs\u00f6kkent\u00e9s\u00e9re is.<\/p>\n<p><strong>Az ESCAPE nemzetk\u00f6zi kutat\u00e1s keret\u00e9ben integr\u00e1lt, betegk\u00f6zpont\u00fa, biopszichoszoci\u00e1lis ell\u00e1t\u00e1st kapnak 65 \u00e9v feletti a r\u00e9sztvev\u0151 id\u0151s, sz\u00edvel\u00e9gtelens\u00e9gben \u00e9s t\u00f6bb t\u00e1rsbetegs\u00e9gben is szenved\u0151 (multimorbid) betegek, akik nehezen tudnak megk\u00fczdeni a betegs\u00e9gekkel, \u00e9s azok \u00e9rzelmi terheivel. <\/strong><\/p>\n<p>A vizsg\u00e1lat sor\u00e1n 9 h\u00f3napon kereszt\u00fcl gyakorlati \u00e9s \u00e9rzelmi t\u00e1mogat\u00e1st kapnak a betegek egy gondoz\u00e1si koordin\u00e1tort\u00f3l, akik fels\u0151fok\u00fa v\u00e9gzetts\u00e9g\u0171 \u00e1pol\u00f3. A betegek \u00e1llapot\u00e1t \u00e9s \u00e9letmin\u0151s\u00e9g\u00e9t k\u00e9rd\u0151\u00edves adatgy\u0171jt\u00e9ssel k\u00f6vetj\u00fck.<\/p>\n<p>A r\u00e9sztvev\u0151 betegeknek nem kell utazniuk, mert az eg\u00e9sz kutat\u00e1s, bele\u00e9rtve az adatgy\u0171jt\u00e9st \u00e9s a konzult\u00e1ci\u00f3kat, telefonon vagy vide\u00f3h\u00edv\u00e1sokon kereszt\u00fcl val\u00f3s\u00edthat\u00f3 meg, a k\u00e9rd\u0151\u00edveket post\u00e1n k\u00fcldj\u00fck ki.<\/p>\n<p>Az ESCAPE nemzetk\u00f6zi, multicentrikus Horizon2020 kutat\u00e1s c\u00e9lja annak vizsg\u00e1lata, hogy az integr\u00e1lt \u00e9s szem\u00e9lyre szabott kezel\u00e9s \u00e9s beteggondoz\u00e1s jav\u00edtja-e a kr\u00f3nikus sz\u00edvel\u00e9gtelens\u00e9gben szenved\u0151 id\u0151s, t\u00f6bb t\u00e1rsbetegs\u00e9ggel rendelkez\u0151 betegek megk\u00fczd\u00e9s\u00e9t, fizikai \u00e9s ment\u00e1lis eg\u00e9szs\u00e9g\u00e9t.<\/p>\n<p>A projektben magyar r\u00e9szr\u0151l a Semmelweis Egyetem, azon bel\u00fcl a V\u00e1rosmajori Sz\u00edv \u00e9s \u00c9rgy\u00f3gy\u00e1szati Klinika \u00e9s a Magatart\u00e1studom\u00e1nyi Int\u00e9zet munkat\u00e1rsai vesznek r\u00e9szt.<\/p>\n<p><strong>Kapcsol\u00f3d\u00f3 publik\u00e1ci\u00f3k: <\/strong><\/p>\n<ol>\n<li>Zelenak, C., Nagel, J., Bersch, K., Derendorf, L., Doyle, F., Friede, T., &#8230; &amp; ESCAPE consortium. (2023). Integrated care for older multimorbid heart failure patients: protocol for the ESCAPE randomized trial and cohort study. ESC Heart Failure. http:\/\/doi.org\/10.1002\/ehf2.14294 (IF: 3.612; Q2)<\/li>\n<li>Szusecki, T., Konkol\u00ff Thege, B., Stauder, A. (2023). The prevalence and mental health correlates of exposure to offensive behaviours at work in Hungary: results of a national representative survey. BMC Public Health, 23(78):1-14. <a href=\"https:\/\/doi.org\/10.1186\/s12889-022-14920-0\">https:\/\/doi.org\/10.1186\/s12889-022-14920-0<\/a> (IF 4.135, Q1)<\/li>\n<li>Balog, P. (2022): A h\u00e1tr\u00e1nyos gazdas\u00e1gi-t\u00e1rsadalmi helyzet, a szem\u00e9lyis\u00e9gt\u00e9nyez\u0151k, valamint az akut \u00e9s a kr\u00f3nikus stressz \u00f6sszef\u00fcgg\u00e9sei a kardiovaszkul\u00e1ris betegs\u00e9gekkel, In: Purebl, Gy\u00f6rgy; Sus\u00e1nszky, Anna; Sus\u00e1nszky, P\u00e1l (szerk.) Csak az eg\u00e9szs\u00e9g meglegyen! Budapest, Magyarorsz\u00e1g : Semmelweis Kiad\u00f3 (2022) pp. 95-102. , 8 p.<\/li>\n<li>T\u00f3th-Vajna, G., T\u00f3th-Vajna, Z., Konkoly Thege, B., &amp; Balog, P. (2021). Depression among predictors of intermittent claudication: A cross-sectional study. Physiology international, 10.1556\/2060.2021.00186. Advance online publication. <a href=\"https:\/\/doi.org\/10.1556\/2060.2021.00186\">https:\/\/doi.org\/10.1556\/2060.2021.00186<\/a><\/li>\n<li>Somogyi, \u00c9., Kiss, Z., &amp; Stauder, A. A stresszkezel\u00e9s szerepe a hypertonia gondoz\u00e1s\u00e1ban \u00e9s a cardiovascularis betegs\u00e9gek kezel\u00e9s\u00e9ben. Hypertonia \u00e9s Nephrologia, 2020; 24(5), 215-220. <a href=\"https:\/\/doi.org\/10.33668\/hn.24.019\">https:\/\/doi.org\/10.33668\/hn.24.019<\/a><\/li>\n<li>T\u00f3th-Vajna, G., T\u00f3th-Vajna, Z., Balog, P., &amp; Konkol\u00ff Thege, B. (2020). Depressive symptomatology and personality traits in patients with symptomatic and asymptomatic peripheral arterial disease. BMC cardiovascular disorders, 20(1), 304. <a href=\"https:\/\/doi.org\/10.1186\/s12872-020-01586-y\">https:\/\/doi.org\/10.1186\/s12872-020-01586-y<\/a><\/li>\n<li>Balog, P., Janszky, I., Chen, H., Rafael, B., Hemmingsson, T., &amp; L\u00e1szl\u00f3, K. D. (2019). Social relations in late adolescence and incident coronary heart disease: a 38-year follow-up of the Swedish 1969-1970 Conscription Cohort. BMJ open, 9(12), e030880. <a href=\"https:\/\/doi.org\/10.1136\/bmjopen-2019-030880\">https:\/\/doi.org\/10.1136\/bmjopen-2019-030880<\/a><\/li>\n<li>Balog, P., &amp; Konkol\u00ff Thege, B. (2019). The role of vital exhaustion in predicting the recurrence of vascular events: A longitudinal study. International journal of clinical and health psychology : IJCHP, 19(1), 75\u201379. <a href=\"https:\/\/doi.org\/10.1016\/j.ijchp.2018.11.004\">https:\/\/doi.org\/10.1016\/j.ijchp.2018.11.004<\/a><\/li>\n<li>Stauder A, Cserh\u00e1ti Z, Konkol\u00ff Thege B. Decreasing the negative effects of work-related stress in unchanged working environments. European Journal of Mental Health 13 (2018) 163-183 (Q4)<\/li>\n<li>Balog P. (2018). A negat\u00edv \u00e9rzelmek \u00e9s a sz\u00edv- \u00e9s \u00e9rrendszeri betegs\u00e9gek \u00f6sszef\u00fcgg\u00e9sei [Negative emotions associated with cardiovascular diseases]. Orvosi hetilap, 159(48), 2005\u20132010. <a href=\"https:\/\/doi.org\/10.1556\/650.2018.31221\">https:\/\/doi.org\/10.1556\/650.2018.31221<\/a><\/li>\n<li>Balog, P., Falger, P. R. J., Szab\u00f3, G., Rafael, B., Sz\u00e9kely, A., &amp; Konkol\u00ff Thege, B. (2017). Are vital exhaustion and depression independent risk factors for cardiovascular disease morbidity?. Health psychology : official journal of the Division of Health Psychology, American Psychological Association, 36(8), 740\u2013748. <a href=\"https:\/\/doi.org\/10.1037\/hea0000495\">https:\/\/doi.org\/10.1037\/hea0000495<\/a><\/li>\n<li>*Piepoli, M. F., et al. &#8222;Authors\/Task Force Members. 2016 European Guidelines on cardiovascular disease prevention in clinical practice: the Sixth Joint Task Force of the European Society of Cardiology and Other Societies on Cardiovascular Disease Prevention in Clinical Practice (constituted by representatives of 10 societies and by invited experts): Developed with the special contribution of the European Association for Cardiovascular Prevention &amp; Rehabilitation (EACPR).&#8221; Eur Heart J 37.29 (2016): 2315-81.<\/li>\n<li>Stauder A, Balog P, Kov\u00e1cs M, Sus\u00e1nszky \u00c9: A Williams \u00c9letK\u00e9szs\u00e9gek\u00ae stresszkezel\u0151 \u00e9s pszichoszoci\u00e1lis k\u00e9szs\u00e9gfejleszt\u0151 program magyar adapt\u00e1ci\u00f3ja \u00e9s 10 \u00e9ves tapasztalatai. (The Hungarian adaptation of the Williams LifeSkills\u00ae stress management and psychosocial skills training program and ten years\u2019 implementation in Hungary) Ment\u00e1lhigi\u00e9n\u00e9 \u00e9s Pszichoszomatika, 2016:17(2), 81-95<\/li>\n<li>Rafael, B., Konkol\u00ff Thege, B., Kov\u00e1cs, P., &amp; Balog, P. (2015). Szorong\u00e1s, depresszi\u00f3, eg\u00e9szs\u00e9gkontrollhit \u00e9s az eg\u00e9szs\u00e9g-magatart\u00e1ssal val\u00f3 kapcsolatuk ischaemi\u00e1s sz\u00edvbetegek k\u00f6r\u00e9ben [Anxiety, depression, health-related control beliefs, and their association with health behavior in patients with ischemic heart disease]. Orvosi hetilap, 156(20), 813\u2013822. <a href=\"https:\/\/doi.org\/10.1556\/650.2015.30158\">https:\/\/doi.org\/10.1556\/650.2015.30158<\/a><\/li>\n<li>Cser\u00e9p, Z., Losoncz, E., T\u00f3th, R., T\u00f3th, A., Juh\u00e1sz, B., Balog, P., Vargha, P., G\u00e1l, J., Contrada, R. J., Falger, P. R., &amp; Sz\u00e9kely, A. (2014). Self-rated health is associated with the length of stay at the intensive care unit and hospital following cardiac surgery. BMC cardiovascular disorders, 14, 171. <a href=\"https:\/\/doi.org\/10.1186\/1471-2261-14-171\">https:\/\/doi.org\/10.1186\/1471-2261-14-171<\/a><\/li>\n<li>Rafael, B., Simon, A., Dr\u00f3tos, G., &amp; Balog, P. (2014). Vital exhaustion and anxiety are related to subjective quality of life in patients with acute myocardial infarct before cardiac rehabilitation. Journal of clinical nursing, 23(19-20), 2864\u20132873. https:\/\/doi.org\/10.1111\/jocn.12563<\/li>\n<\/ol>\n","protected":false},"excerpt":{"rendered":"<p>Tagjai: <a href=\"https:\/\/semmelweis.hu\/magtud\/intezet\/munkatarsak\/dr-stauder-adrienne\/\">Dr. Stauder Adrienne<\/a> , <a href=\"https:\/\/semmelweis.hu\/magtud\/intezet\/munkatarsak\/balog-piroska\/\">Dr. Balog Piroska<\/a> , <a href=\"https:\/\/semmelweis.hu\/magtud\/intezet\/munkatarsak\/dr-purebl-gyorgy-igazgato\/\">Dr. Purebl Gy\u00f6rgy<\/a> K\u00fcls\u0151 egy\u00fcttm\u0171k\u00f6d\u0151 partnerek:\u00a0\u00a0 Dr. Nagy Klaudia Vivien kardiol\u00f3gus, V\u00e1rosmajori Sz\u00edv \u00e9s \u00c9rgy\u00f3gy\u00e1szati Klinika (VSZ\u00c9K); Bern\u00e1th-Luk\u00e1cs Zsuzsa diplom\u00e1s \u00e1pol\u00f3, vezet\u0151 gondoz\u00e1si koordin\u00e1tor, VSZ\u00c9K, SZ\u00cdVSN Betegegyes\u00fclet Eln\u00f6ke JELENLEG FUT\u00d3 KUTAT\u00c1SBA v\u00e1rjuk id\u0151s, sz\u00edvel\u00e9gtelens\u00e9ggel \u00e9l\u0151 betegek jelentkez\u00e9s\u00e9t 2024. december 20-ig! ) Az ESCAPE (https:\/\/escape-project.org\/) multicentrikus, eur\u00f3pai vizsg\u00e1lat amely id\u0151s (&gt;65 \u00e9v), multimorbid betegek biopszichoszoci\u00e1lis, betegk\u00f6zpont\u00fa, &hellip;<\/p>\n","protected":false},"author":110,"featured_media":0,"parent":2059,"menu_order":0,"comment_status":"closed","ping_status":"closed","template":"","meta":{"_acf_changed":false,"footnotes":""},"categories":[],"tags":[],"class_list":["post-12055","page","type-page","status-publish","hentry"],"acf":[],"_links":{"self":[{"href":"https:\/\/semmelweis.hu\/magtud\/wp-json\/wp\/v2\/pages\/12055","targetHints":{"allow":["GET"]}}],"collection":[{"href":"https:\/\/semmelweis.hu\/magtud\/wp-json\/wp\/v2\/pages"}],"about":[{"href":"https:\/\/semmelweis.hu\/magtud\/wp-json\/wp\/v2\/types\/page"}],"author":[{"embeddable":true,"href":"https:\/\/semmelweis.hu\/magtud\/wp-json\/wp\/v2\/users\/110"}],"replies":[{"embeddable":true,"href":"https:\/\/semmelweis.hu\/magtud\/wp-json\/wp\/v2\/comments?post=12055"}],"version-history":[{"count":9,"href":"https:\/\/semmelweis.hu\/magtud\/wp-json\/wp\/v2\/pages\/12055\/revisions"}],"predecessor-version":[{"id":12502,"href":"https:\/\/semmelweis.hu\/magtud\/wp-json\/wp\/v2\/pages\/12055\/revisions\/12502"}],"up":[{"embeddable":true,"href":"https:\/\/semmelweis.hu\/magtud\/wp-json\/wp\/v2\/pages\/2059"}],"wp:attachment":[{"href":"https:\/\/semmelweis.hu\/magtud\/wp-json\/wp\/v2\/media?parent=12055"}],"wp:term":[{"taxonomy":"category","embeddable":true,"href":"https:\/\/semmelweis.hu\/magtud\/wp-json\/wp\/v2\/categories?post=12055"},{"taxonomy":"post_tag","embeddable":true,"href":"https:\/\/semmelweis.hu\/magtud\/wp-json\/wp\/v2\/tags?post=12055"}],"curies":[{"name":"wp","href":"https:\/\/api.w.org\/{rel}","templated":true}]}}