{"id":12016,"date":"2023-08-31T12:04:32","date_gmt":"2023-08-31T10:04:32","guid":{"rendered":"https:\/\/semmelweis.hu\/magtud\/?page_id=12016"},"modified":"2025-09-04T11:21:59","modified_gmt":"2025-09-04T09:21:59","slug":"elvarasok-a-4-2-programban","status":"publish","type":"page","link":"https:\/\/semmelweis.hu\/magtud\/phd\/phd-program\/elvarasok-a-4-2-programban\/","title":{"rendered":"Elv\u00e1r\u00e1sok a 4-2 programban"},"content":{"rendered":"<p><a href=\"https:\/\/semmelweis.hu\/magtud\/files\/2025\/09\/Elvarasok-a-4-2-programban_HU_2025.pdf\">Elv\u00e1r\u00e1sok a 4. Ment\u00e1lis Eg\u00e9szs\u00e9gtudom\u00e1nyok Doktori Tagozat Magatart\u00e1studom\u00e1nyok Programban<\/a><\/p>\n","protected":false},"excerpt":{"rendered":"<p><a href=\"https:\/\/semmelweis.hu\/magtud\/files\/2025\/09\/Elvarasok-a-4-2-programban_HU_2025.pdf\">Elv\u00e1r\u00e1sok a 4. Ment\u00e1lis Eg\u00e9szs\u00e9gtudom\u00e1nyok Doktori Tagozat Magatart\u00e1studom\u00e1nyok Programban<\/a><\/p>\n","protected":false},"author":101277,"featured_media":0,"parent":4282,"menu_order":7,"comment_status":"closed","ping_status":"closed","template":"","meta":{"_acf_changed":false,"footnotes":""},"categories":[],"tags":[],"class_list":["post-12016","page","type-page","status-publish","hentry"],"acf":[],"_links":{"self":[{"href":"https:\/\/semmelweis.hu\/magtud\/wp-json\/wp\/v2\/pages\/12016","targetHints":{"allow":["GET"]}}],"collection":[{"href":"https:\/\/semmelweis.hu\/magtud\/wp-json\/wp\/v2\/pages"}],"about":[{"href":"https:\/\/semmelweis.hu\/magtud\/wp-json\/wp\/v2\/types\/page"}],"author":[{"embeddable":true,"href":"https:\/\/semmelweis.hu\/magtud\/wp-json\/wp\/v2\/users\/101277"}],"replies":[{"embeddable":true,"href":"https:\/\/semmelweis.hu\/magtud\/wp-json\/wp\/v2\/comments?post=12016"}],"version-history":[{"count":6,"href":"https:\/\/semmelweis.hu\/magtud\/wp-json\/wp\/v2\/pages\/12016\/revisions"}],"predecessor-version":[{"id":12988,"href":"https:\/\/semmelweis.hu\/magtud\/wp-json\/wp\/v2\/pages\/12016\/revisions\/12988"}],"up":[{"embeddable":true,"href":"https:\/\/semmelweis.hu\/magtud\/wp-json\/wp\/v2\/pages\/4282"}],"wp:attachment":[{"href":"https:\/\/semmelweis.hu\/magtud\/wp-json\/wp\/v2\/media?parent=12016"}],"wp:term":[{"taxonomy":"category","embeddable":true,"href":"https:\/\/semmelweis.hu\/magtud\/wp-json\/wp\/v2\/categories?post=12016"},{"taxonomy":"post_tag","embeddable":true,"href":"https:\/\/semmelweis.hu\/magtud\/wp-json\/wp\/v2\/tags?post=12016"}],"curies":[{"name":"wp","href":"https:\/\/api.w.org\/{rel}","templated":true}]}}