{"id":11747,"date":"2023-06-07T09:39:04","date_gmt":"2023-06-07T07:39:04","guid":{"rendered":"https:\/\/semmelweis.hu\/magtud\/?page_id=11747"},"modified":"2026-02-16T13:13:02","modified_gmt":"2026-02-16T12:13:02","slug":"dr-zorgo-szilvia","status":"publish","type":"page","link":"https:\/\/semmelweis.hu\/magtud\/intezet\/munkatarsak\/dr-zorgo-szilvia\/","title":{"rendered":"Dr. Z\u00f6rg\u0151 Szilvia"},"content":{"rendered":"<p><a href=\"https:\/\/semmelweis.hu\/magtud\/files\/2019\/08\/Zorgo_Szilvi.jpg\"><img loading=\"lazy\" decoding=\"async\" class=\"wp-image-6825 alignright\" src=\"https:\/\/semmelweis.hu\/magtud\/files\/2019\/08\/Zorgo_Szilvi.jpg\" alt=\"\" width=\"200\" height=\"169\" srcset=\"https:\/\/semmelweis.hu\/magtud\/files\/2019\/08\/Zorgo_Szilvi.jpg 704w, https:\/\/semmelweis.hu\/magtud\/files\/2019\/08\/Zorgo_Szilvi-300x253.jpg 300w, https:\/\/semmelweis.hu\/magtud\/files\/2019\/08\/Zorgo_Szilvi-356x300.jpg 356w\" sizes=\"auto, (max-width: 200px) 100vw, 200px\" \/><\/a><\/p>\n<div class=\"responsive-tabs\">\n<h2 class=\"tabtitle\">\u00d6n\u00e9letrajz<\/h2>\n<div class=\"tabcontent\">\n\n<p><strong>Dr. Z\u00f6rg\u0151 Szilvia<br \/>\n<\/strong>Beoszt\u00e1s: Egyetemi tan\u00e1rseg\u00e9d<\/p>\n<p>&nbsp;<\/p>\n<p><strong>Szem\u00e9lyes adatok<br \/>\n<\/strong>\u00c1llampolg\u00e1rs\u00e1g: Magyar<br \/>\nTelefonsz\u00e1m: 06 30 86 22 466<br \/>\nE-mail: zorgoszilvia@gmail.com<\/p>\n<p>&nbsp;<\/p>\n<p><strong>Tanulm\u00e1nyok<\/strong><\/p>\n<p>Ment\u00e1lis Eg\u00e9szs\u00e9gtudom\u00e1nyok (PhD), Semmelweis Egyetem, Budapest<\/p>\n<p>Kultur\u00e1lis Antropol\u00f3gia (MA), E\u00f6tv\u00f6s Lor\u00e1nd Tudom\u00e1nyegyetem, Budapest<\/p>\n<p>Amerikanisztika (MA), Amerikanisztika szakos tan\u00e1r, E\u00f6tv\u00f6s Lor\u00e1nd Tudom\u00e1nyegyetem, Budapest<\/p>\n<p><strong><br \/>\nNyelvismeret<br \/>\n<\/strong>Angol \u2013 Anyanyelvi<br \/>\nSpanyol \u2013 Kezd\u0151<\/p>\n<p><strong>Munkahelyek<\/strong><\/p>\n<p>2019.08 \u2013 jelenleg<br \/>\n<strong>Semmelweis Egyetem Magatart\u00e1studom\u00e1nyi Int\u00e9zet<br \/>\n<\/strong>Egyetemi tan\u00e1rseg\u00e9d<\/p>\n<p>2016.05 \u2013 jelenleg<br \/>\n<strong>Milestone Institute<br \/>\n<\/strong>Modulvezet\u0151: Cultural\/social anthropology, medical anthropology, cultural theory, academic writing (EN)<\/p>\n<p>2015 \u0151sz \u2013 jelenleg<br \/>\n<strong>E\u00f6tv\u00f6s Lor\u00e1nd Tudom\u00e1nyegyetem, Interkultur\u00e1lis Pszichol\u00f3gia \u00e9s Pedag\u00f3giai Int\u00e9zet<\/strong> (ELTE-PPK)<br \/>\nKurzus: Culture definitions and dimensions (HU, EN)<\/p>\n<p>2018\/2019 \u0150sz<br \/>\n<strong>E\u00f6tv\u00f6s Lor\u00e1nd Tudom\u00e1nyegyetem, Kultur\u00e1lis Antropol\u00f3gia Tansz\u00e9k<\/strong> (ELTE-T\u00c1TK)<br \/>\nKurzus: Psychological and Neuroanthropology (EN)<\/p>\n<p>&nbsp;<\/p>\n<p><strong>Szakmai gyakorlatok, \u00f6szt\u00f6nd\u00edjak, d\u00edjak<\/strong><\/p>\n<p><strong>Fulbright Scholarship \u2013 Visiting student researcher<br \/>\n<\/strong>University of California, San Diego, 2017.09 \u2013 2018.01 (5 h\u00f3nap)<\/p>\n<p><strong>Rosztoczy Foundation Scholarship \u2013 Visiting student researcher<br \/>\n<\/strong>University of California, San Diego, 2018.02 \u2013 2018.07 (5 h\u00f3nap)<\/p>\n<p><strong>Predoktori \u00f6szt\u00f6nd\u00edj (EFOP-3.6.3-VEKOP-16-2017-00009)<br \/>\n<\/strong>Semmelweis Egyetem, 2017.09 \u2013 2018.08 (12 h\u00f3nap)<\/p>\n<p><strong>\u00daj Nemzeti Kiv\u00e1l\u00f3s\u00e1g Program (\u00daNKP-18)<br \/>\n<\/strong>Emberi Er\u0151forr\u00e1sok Miniszt\u00e9riuma, 2018.09 \u2013 2019.06 (10 h\u00f3nap)<br \/>\nProjektc\u00edm: \u201eInform\u00e1ci\u00f3sz\u0171r\u00e9si mechanizmusok, \u00e9rtelmez\u00e9si folyamatok \u00e9s betegmagatart\u00e1s szemiotikai h\u00e1l\u00f3zatelemz\u00e9se\u201d<\/p>\n<p><strong>\u201eLegjobb el\u0151ad\u00f3\u201d d\u00edj<br \/>\n<\/strong>Semmelweis Egyetem, PhD Tudom\u00e1nyos Napok 2019, Ment\u00e1lis eg\u00e9szs\u00e9gtudom\u00e1nyok szekci\u00f3<\/p>\n\n<\/div><h2 class=\"tabtitle\">Publik\u00e1ci\u00f3<\/h2>\n<div class=\"tabcontent\">\n\n<p>A teljes publik\u00e1ci\u00f3 megtal\u00e1lhat\u00f3 az MTMT oldal\u00e1n: <a href=\"http:\/\/web.archive.org\/web\/20220523123806\/https:\/\/m2.mtmt.hu\/gui2\/?type=authors&amp;mode=browse&amp;sel=10052956\" target=\"_blank\" rel=\"noopener noreferrer\"><strong>itt<\/strong><\/a><\/p>\n<p><strong>Publik\u00e1ci\u00f3k<br \/>\n<\/strong>Hazai els\u0151szerz\u0151s foly\u00f3irat: 10, \u00f6sszesen: 11<br \/>\nNemzetk\u00f6zi els\u0151szerz\u0151s foly\u00f3irat: 2, \u00f6sszesen: 3<br \/>\nHazai els\u0151szerz\u0151s k\u00f6nyvfejezet: 2<br \/>\nNemzetk\u00f6zi konferenciak\u00f6zlem\u00e9nyek: 5, \u00f6sszesen: 27<\/p>\n<\/div><\/div>\n","protected":false},"excerpt":{"rendered":"<p><a href=\"https:\/\/semmelweis.hu\/magtud\/files\/2019\/08\/Zorgo_Szilvi.jpg\"><\/a> Dr. Z\u00f6rg\u0151 Szilvia Beoszt\u00e1s: Egyetemi tan\u00e1rseg\u00e9d &nbsp; Szem\u00e9lyes adatok \u00c1llampolg\u00e1rs\u00e1g: Magyar Telefonsz\u00e1m: 06 30 86 22 466 E-mail: zorgoszilvia@gmail.com &nbsp; Tanulm\u00e1nyok Ment\u00e1lis Eg\u00e9szs\u00e9gtudom\u00e1nyok (PhD), Semmelweis Egyetem, Budapest Kultur\u00e1lis Antropol\u00f3gia (MA), E\u00f6tv\u00f6s Lor\u00e1nd Tudom\u00e1nyegyetem, Budapest Amerikanisztika (MA), Amerikanisztika szakos tan\u00e1r, E\u00f6tv\u00f6s Lor\u00e1nd Tudom\u00e1nyegyetem, Budapest Nyelvismeret Angol \u2013 Anyanyelvi Spanyol \u2013 Kezd\u0151 Munkahelyek 2019.08 \u2013 jelenleg Semmelweis &hellip;<\/p>\n","protected":false},"author":110,"featured_media":0,"parent":2035,"menu_order":45,"comment_status":"closed","ping_status":"closed","template":"","meta":{"_acf_changed":false,"footnotes":""},"categories":[],"tags":[],"class_list":["post-11747","page","type-page","status-publish","hentry"],"acf":[],"_links":{"self":[{"href":"https:\/\/semmelweis.hu\/magtud\/wp-json\/wp\/v2\/pages\/11747","targetHints":{"allow":["GET"]}}],"collection":[{"href":"https:\/\/semmelweis.hu\/magtud\/wp-json\/wp\/v2\/pages"}],"about":[{"href":"https:\/\/semmelweis.hu\/magtud\/wp-json\/wp\/v2\/types\/page"}],"author":[{"embeddable":true,"href":"https:\/\/semmelweis.hu\/magtud\/wp-json\/wp\/v2\/users\/110"}],"replies":[{"embeddable":true,"href":"https:\/\/semmelweis.hu\/magtud\/wp-json\/wp\/v2\/comments?post=11747"}],"version-history":[{"count":3,"href":"https:\/\/semmelweis.hu\/magtud\/wp-json\/wp\/v2\/pages\/11747\/revisions"}],"predecessor-version":[{"id":13343,"href":"https:\/\/semmelweis.hu\/magtud\/wp-json\/wp\/v2\/pages\/11747\/revisions\/13343"}],"up":[{"embeddable":true,"href":"https:\/\/semmelweis.hu\/magtud\/wp-json\/wp\/v2\/pages\/2035"}],"wp:attachment":[{"href":"https:\/\/semmelweis.hu\/magtud\/wp-json\/wp\/v2\/media?parent=11747"}],"wp:term":[{"taxonomy":"category","embeddable":true,"href":"https:\/\/semmelweis.hu\/magtud\/wp-json\/wp\/v2\/categories?post=11747"},{"taxonomy":"post_tag","embeddable":true,"href":"https:\/\/semmelweis.hu\/magtud\/wp-json\/wp\/v2\/tags?post=11747"}],"curies":[{"name":"wp","href":"https:\/\/api.w.org\/{rel}","templated":true}]}}