{"id":11745,"date":"2023-06-07T09:37:30","date_gmt":"2023-06-07T07:37:30","guid":{"rendered":"https:\/\/semmelweis.hu\/magtud\/?page_id=11745"},"modified":"2026-02-16T13:15:12","modified_gmt":"2026-02-16T12:15:12","slug":"dr-zana-agnes","status":"publish","type":"page","link":"https:\/\/semmelweis.hu\/magtud\/intezet\/munkatarsak\/dr-zana-agnes\/","title":{"rendered":"Dr. Zana \u00c1gnes"},"content":{"rendered":"<p><a href=\"https:\/\/semmelweis.hu\/magtud\/files\/2017\/11\/zana_agnes.jpg\"><img loading=\"lazy\" decoding=\"async\" class=\"wp-image-2320 alignright\" src=\"https:\/\/semmelweis.hu\/magtud\/files\/2017\/11\/zana_agnes.jpg\" alt=\"\" width=\"200\" height=\"222\" srcset=\"https:\/\/semmelweis.hu\/magtud\/files\/2017\/11\/zana_agnes.jpg 502w, https:\/\/semmelweis.hu\/magtud\/files\/2017\/11\/zana_agnes-271x300.jpg 271w\" sizes=\"auto, (max-width: 200px) 100vw, 200px\" \/><\/a><\/p>\n<div class=\"responsive-tabs\">\n<h2 class=\"tabtitle\">\u00d6n\u00e9letrajz<\/h2>\n<div class=\"tabcontent\">\n\n<p><strong>Szem\u00e9lyi adatok<\/strong><\/p>\n<p>dr. Zana \u00c1gnes<\/p>\n<p>1972.01.04. Szeged<\/p>\n<p>Semmelweis Egyetem \u00c1OK Magatart\u00e1studom\u00e1nyi Int\u00e9zet<\/p>\n<p>1089 Budapest, Nagyv\u00e1rad t\u00e9r 4.<\/p>\n<p>Tel\/fax: 210-29-55<\/p>\n<p>E-mail: zana<small> [PONT] <\/small>agnes<small> [KUKAC] <\/small>med<small> [PONT] <\/small>semmelweis-univ<small> [PONT] <\/small>hu<\/p>\n<p>&nbsp;<\/p>\n<p><strong>K\u00e9pzetts\u00e9g<\/strong><\/p>\n<p>1990\u00a0 \u2013 gimn\u00e1ziumi \u00e9retts\u00e9gi \u2013 Szent Istv\u00e1n Gimn\u00e1zium, Budapest<\/p>\n<p>1995 \u2013 2000 \u2013 Kultur\u00e1lis antropol\u00f3gus b\u00f6lcs\u00e9sz, kutat\u00f3, Miskolci Egyetem B\u00f6lcs\u00e9szettudom\u00e1nyi Kar, Kultur\u00e1lis \u00e9s Vizu\u00e1lis Antropol\u00f3gia Tansz\u00e9k<\/p>\n<p>2004 \u2013 2009 \u2013 Semmelweis Egyetem \u00c1ltal\u00e1nos Orvostudom\u00e1nyi Kar, 4\/2. Doktori program, klinikai pszichol\u00f3gia Ph.D.<\/p>\n<p>2005 \u2013 Life Skills \u2013 Williams \u00e9letk\u00e9szs\u00e9gek tr\u00e9ning, facilit\u00e1tor k\u00e9pz\u0151 kurzus, Semmelweis Egyetem Magatart\u00e1studom\u00e1nyi Int\u00e9zet \u2013 Selye J\u00e1nos Magatart\u00e1studom\u00e1nyi \u00e9s Magatart\u00e1sorvosl\u00e1si T\u00e1rsas\u00e1g<\/p>\n<p>2005 \u2013 Hospice alaptanfolyam, Eg\u00e9szs\u00e9g\u00fcgyi Tov\u00e1bbk\u00e9pz\u0151 Int\u00e9zet<\/p>\n<p>2014 \u2013 Csal\u00e1dter\u00e1pi\u00e1s k\u00e9pz\u00e9s, csal\u00e1di tan\u00e1csad\u00f3<\/p>\n<p>&nbsp;<\/p>\n<p><strong>Tanulm\u00e1nyutak:<\/strong><\/p>\n<p>2007 \u2013 Hospice \u00e9s palliat\u00edv ter\u00e1pi\u00e1s ell\u00e1t\u00e1s tanulm\u00e1nyoz\u00e1sa az Egyes\u00fclt \u00c1llamokban, Akron, Ohio, Summa Health Care System<\/p>\n<p>2010, 2011, 2013 \u2013 Train the trainer workshop, B\u00e9cs, Kardinal K\u00f6nig Haus<\/p>\n<p><strong>\u00a0<\/strong><\/p>\n<p><strong>Nyelvismeret<\/strong><\/p>\n<p>Orosz alapfok<\/p>\n<p>Angol k\u00f6z\u00e9pfok<\/p>\n<p><strong>\u00a0<\/strong><\/p>\n<p><strong>Munkahelyek<\/strong><\/p>\n<p>1996 \u2013 2001 \u2013 A N\u00e9prajzi M\u00fazeum nemzetis\u00e9gi \u00e9s \u00fcnnepk\u00f6r\u00f6kh\u00f6z kapcsol\u00f3d\u00f3 rendezv\u00e9nyeinek, sajt\u00f3t\u00e1j\u00e9koztat\u00f3inak el\u0151k\u00e9sz\u00edt\u00e9s\u00e9ben \u00e9s lebonyol\u00edt\u00e1s\u00e1ban, kiadv\u00e1nyainak szerkeszt\u00e9s\u00e9ben vettem r\u00e9szt.<\/p>\n<p>2004 \u2013 2006 \u2013 A K\u00e1roly R\u00f3bert F\u0151iskola Gazdas\u00e1gi \u00e9s V\u00e1llalkoz\u00e1si Marketing Tansz\u00e9k\u00e9n az etika tant\u00e1rgy szakfelel\u0151se voltam, a Hum\u00e1n Er\u0151forr\u00e1s Menedzsment szakon etik\u00e1t tan\u00edtottam.<\/p>\n<p>2004 \u2013 A Magyar Hospice \u2013 Palliat\u00edv Egyes\u00fclet tagjak\u00e9nt \u00f6nk\u00e9ntes munk\u00e1t v\u00e9gzek, projektvezet\u0151k\u00e9nt m\u0171k\u00f6d\u00f6m k\u00f6zre az egyes\u00fclet projektjeiben.<\/p>\n<p>2004 \u2013 2009 \u2013 A Semmelweis Egyetem Magatart\u00e1studom\u00e1nyi Int\u00e9zet\u00e9ben Ph.D. munk\u00e1t v\u00e9geztem.<\/p>\n<p>2004 \u2013 A Magatart\u00e1studom\u00e1nyi Int\u00e9zetben m\u0171k\u00f6d\u0151 Tanatol\u00f3gia kutat\u00f3csoportban dolgozom.<\/p>\n<p>2005 \u2013 2012 \u2013 A Magyar Hospice-Palliat\u00edv Egyes\u00fclet Palliative Care Newsletter c\u00edm\u0171 online h\u00edrlevel\u00e9t szerkesztettem.<\/p>\n<p>2007 \u2013 2008 \u2013 A Mozg\u00e1ss\u00e9r\u00fcltek Pet\u0151 Andr\u00e1s Nevel\u0151k\u00e9pz\u0151 \u00e9s Nevel\u0151int\u00e9zete, Nevel\u00e9s- \u00e9s T\u00e1rsadalomtudom\u00e1nyi tansz\u00e9k\u00e9n k\u00fcls\u0151s oktat\u00f3k\u00e9nt etik\u00e1t tan\u00edtottam.<\/p>\n<p>2007 \u2013 2009 \u2013 A K\u00f6z\u00e9p-Kelet Eur\u00f3pai Magatart\u00e1sorvosl\u00e1si T\u00e1rsul\u00e1s (CEESBM) rendes tagjak\u00e9nt az eln\u00f6k munk\u00e1j\u00e1t seg\u00edtettem, a t\u00e1rsas\u00e1g online h\u00edrlevel\u00e9t szerkesztettem.<\/p>\n<p>2008 \u2013 A Semmelweis Egyetem Magatart\u00e1studom\u00e1nyi Int\u00e9zet\u00e9ben egyetemi tan\u00e1rseg\u00e9dk\u00e9nt dolgozom.<\/p>\n<p>2011 \u2013 A Gondoskod\u00e1s 2000. Otthon\u00e1pol\u00e1si \u00e9s Hospice Szolg\u00e1latn\u00e1l a hospice betegek pszichoszoci\u00e1lis ell\u00e1t\u00e1s\u00e1t v\u00e9gzem.<\/p>\n<p>2013 \u2013 A Semmelweis Egyetem Etikai Bizotts\u00e1g\u00e1nak tagjak\u00e9nt tev\u00e9kenykedem.<\/p>\n<p>2014 \u2013 A Magyar Hospice-Palliat\u00edv Egyes\u00fclet vezet\u0151s\u00e9gi tagja, majd aleln\u00f6ke lettem.<\/p>\n<p>&nbsp;<\/p>\n<p><strong>\u00a0<\/strong><\/p>\n<p><strong>Oktat\u00e1s<\/strong><\/p>\n<p>2004 \u2013 2006 \u2013 A K\u00e1roly R\u00f3bert F\u0151iskola Gazdas\u00e1gi \u00e9s V\u00e1llalkoz\u00e1si Marketing Tansz\u00e9k\u00e9n az etika tant\u00e1rgy szakfelel\u0151se voltam, a Hum\u00e1n Er\u0151forr\u00e1s Menedzsment szakon etik\u00e1t tan\u00edtottam.<\/p>\n<p>2007 \u2013 2008 \u2013 A Mozg\u00e1ss\u00e9r\u00fcltek Pet\u0151 Andr\u00e1s Nevel\u0151k\u00e9pz\u0151 \u00e9s Nevel\u0151int\u00e9zete, Nevel\u00e9s- \u00e9s T\u00e1rsadalomtudom\u00e1nyi tansz\u00e9k\u00e9n k\u00fcls\u0151s oktat\u00f3k\u00e9nt etik\u00e1t tan\u00edtottam.<\/p>\n<p>2008 \u2013 A Semmelweis Egyetem Magatart\u00e1studom\u00e1nyi Int\u00e9zet\u00e9ben a Bioetika \u00e9s az Orvosi antropol\u00f3gia csoport tagjak\u00e9nt r\u00e9szt veszek az orvostanhallgat\u00f3k orvosi etika (h\u00e1rom karon, angol \u00e9s magyar nyelven) \u00e9s orvosi antropol\u00f3gia oktat\u00e1s\u00e1ban, orvosi antropol\u00f3gi\u00e1b\u00f3l 2008-2012 k\u00f6z\u00f6tt oktat\u00e1si felel\u0151sk\u00e9nt. El\u0151ad\u00e1sokat tartok Tanatol\u00f3gia, Orvosi szociol\u00f3gia \u00e9s Gender kurzusokon.<\/p>\n<p>2009 \u2013 Az Eg\u00e9szs\u00e9g\u00fcgyi Tov\u00e1bbk\u00e9pz\u0151 Int\u00e9zet (GYEMSZI-ETI) Hospice alaptanfolyam\u00e1n \u00e9s Hospice szak\u00e1pol\u00f3 \u00e9s koordin\u00e1tor k\u00e9pz\u00e9seiben oktatok, kommunik\u00e1ci\u00f3s, pszichoonkol\u00f3giai \u00e9s stresszkezel\u0151 tr\u00e9ningeket tartok.<\/p>\n<p>2009 \u2013 2012 \u2013 Az Arany Alkony Oktat\u00e1si K\u00f6zpont gerontol\u00f3giai k\u00e9pz\u00e9seiben oktattam.<\/p>\n<p>2009 \u2013 A Semmelweis Egyetem Fogorvostudom\u00e1nyi Kar\u00e1n elindult Hal\u00e1l, kult\u00fara, orvosi antropol\u00f3gia kurzusom.<\/p>\n<p>2011 \u2013 A T\u00e1j\u00e9koztat\u00e1s \u00e9s beleegyez\u00e9s a mindennapi betegell\u00e1t\u00e1sban \u2013 etikai \u00e9s jogi szempontok c. CME tov\u00e1bbk\u00e9pz\u00e9sen \u00e1lland\u00f3 el\u0151ad\u00f3k\u00e9nt veszek r\u00e9szt.<\/p>\n<p>2013 \u2013 Szakdolgozati t\u00e9mavezet\u00e9s \u00c1llat Assziszt\u00e1lt Aktivit\u00e1s \u00e9s rehabilit\u00e1ci\u00f3 \u2013 t\u00e9m\u00e1ban.<\/p>\n<p>2013 \u2013 Az SE \u00c1OK rezidens t\u00f6rzsk\u00e9pz\u00e9sben el\u0151ad\u00e1sokat tartok.<\/p>\n<p>2013 \u2013 Az Orvosi antropol\u00f3gia csoport CME tov\u00e1bbk\u00e9pz\u00e9s\u00e9t szervezem \u00e9s vezetem.<\/p>\n<p>2013 \u2013 Hospice-\u00f6nk\u00e9ntes k\u00e9pz\u00e9s szervez\u00e9se \u00e9s vezet\u00e9se.<\/p>\n<p>2014 \u2013 SE Fogorvostudom\u00e1nyi Kar\u00e1n a Gy\u00f3gy\u00edt\u00e1s kult\u00far\u00e1ja c. kurzust szervezem \u00e9s vezetem.<\/p>\n<p>2014 \u2013 Megalakult Biomedicina \u00e9s alternat\u00edv gy\u00f3gy\u00edt\u00e1s munkacsoportom.<\/p>\n<p>2015 \u2013 ELTE Szaktan\u00e1csad\u00f3 pszichol\u00f3gus k\u00e9pz\u00e9s \u2013 hal\u00e1l, haldokl\u00e1s, gy\u00e1sz t\u00e9mak\u00f6r el\u0151ad\u00e1sa.<\/p>\n<p><strong>\u00a0<\/strong><\/p>\n<p><strong>Kutat\u00e1si ter\u00fclet<\/strong><\/p>\n<p>Pszichol\u00f3gia, tanatol\u00f3gia, orvosi antropol\u00f3gia<\/p>\n<p>Pszichol\u00f3gia Ph.D.<\/p>\n<p>Kutat\u00e1si t\u00e9m\u00e1im: a hal\u00e1lk\u00e9p alakul\u00e1sa \u00e9s v\u00e1ltoz\u00e1sa Magyarorsz\u00e1gon, a koroszt\u00e1lyos \u00e9rt\u00e9k\u00edt\u00e9let-k\u00fcl\u00f6nbs\u00e9gek \u00e9s a lehets\u00e9ges m\u00e9r\u00e9si m\u00f3dszerek vizsg\u00e1lata; a r\u00edtusok v\u00e1ltoz\u00e1sa a gy\u00f3gy\u00edt\u00e1sban; az eg\u00e9szs\u00e9g\u00fcgyi dolgoz\u00f3k vesztes\u00e9gkezel\u00e9se; az allopatikus \u00e9s komplementer gy\u00f3gy\u00edt\u00e1s \u00f6sszehasonl\u00edt\u00f3 vizsg\u00e1lata Magyarorsz\u00e1gon<\/p>\n<p>&nbsp;<\/p>\n<p><strong>Publik\u00e1ci\u00f3k<\/strong><\/p>\n<p>20 foly\u00f3iratban megjelent k\u00f6zlem\u00e9ny, ebb\u0151l 14 els\u0151 szerz\u0151s, 3 idegen nyelv\u0171<\/p>\n<p>7 k\u00f6nyvfejezet, ebb\u0151l n\u00e9gy els\u0151 szerz\u0151s, kett\u0151 idegen nyelv\u0171<\/p>\n<p>42 id\u00e9zhet\u0151 el\u0151ad\u00e1s absztrakt, ebb\u0151l 19 idegen nyelv\u0171, 30 els\u0151 szerz\u0151s<\/p>\n<p>9 egy\u00e9b k\u00f6zlem\u00e9ny<\/p>\n<p><strong>\u00a0<\/strong><\/p>\n<p><strong>T\u00e1rsas\u00e1gi tags\u00e1gok<\/strong><\/p>\n<p>Magyar Hospice-Palliat\u00edv Egyes\u00fclet \u2013 eln\u00f6khelyettes<\/p>\n<p>CEESBM<\/p>\n<p>Selye Magatart\u00e1sorvosl\u00e1si T\u00e1rsas\u00e1g<\/p>\n<p>European Association for Palliative Care<\/p>\n<p>Magyar Pszichofiliz\u00f3fiai T\u00e1rsas\u00e1g (MAPSZIFI)<\/p>\n<p>Magyar Pszichoonkol\u00f3giai T\u00e1rsas\u00e1g<\/p>\n<p>Magyar Csal\u00e1dter\u00e1pi\u00e1s Egyes\u00fclet<\/p>\n<p><strong>\u00a0<\/strong><\/p>\n<p><strong>Egy\u00e9b szakmai tev\u00e9kenys\u00e9gek<\/strong><\/p>\n<p>2006-2007 \u2013 A Magyar Hopice-Palliat\u00edv Egyes\u00fcletben\u00a0 a European Association for Palliative Care nemzetk\u00f6zi szervezet t\u00f6bb, mint 2000 f\u0151s nemzetk\u00f6zi kongresszus\u00e1nak szervez\u00e9s\u00e9ben vettem r\u00e9szt, mint project manager asszisztens.<\/p>\n<p>2004 \u2013 Az egyes\u00fclet nemzeti kongresszusainak \u00e9s egy\u00e9b rendezv\u00e9nyeinek szervez\u00e9se \u00e9s lebonyol\u00edt\u00e1sa<\/p>\n<p>2010 \u2013 A Hospice \u00e9s palliat\u00edv ell\u00e1t\u00e1s nemzetk\u00f6zi vil\u00e1gnapi rendezv\u00e9ny\u00e9nek szervez\u00e9se \u00e9s lebonyol\u00edt\u00e1sa<\/p>\n<p>2010 \u2013 Az egyes\u00fclet Di\u00e1k \u00d6nk\u00e9ntes \u2013 k\u00f6z\u00e9piskolai oktat\u00e1si programj\u00e1nak koordin\u00e1l\u00e1sa, a szakmai anyag \u00f6ssze\u00e1ll\u00edt\u00e1sa; a hospice \u00f6nk\u00e9ntess\u00e9g programj\u00e1nak kidolgoz\u00e1sa \u00e9s koordin\u00e1l\u00e1sa<\/p>\n<p>2010 \u2013 A Khar\u00f3n Thanatol\u00f3giai Szemle szerkeszt\u00e9se<\/p>\n<p>2012 \u2013 A Bolognai Egyetem munkacsoportj\u00e1val az olasz \u00e9s a magyar palliat\u00edv ell\u00e1t\u00e1s \u00f6sszehasonl\u00edt\u00f3 vizsg\u00e1lat\u00e1n dolgozunk.<\/p>\n<p>2013 \u2013 Hospice \u00f6nk\u00e9ntes k\u00e9pz\u00e9s kidolgoz\u00e1sa \u00e9s vezet\u00e9se<\/p>\n<p>2013 \u2013 A Palliat\u00edv ell\u00e1t\u00e1s ir\u00e1nyelvei pszichoszoci\u00e1lis fejezet\u00e9nek \u00e1tdolgoz\u00e1s\u00e1ban r\u00e9szv\u00e9tel \u2013 GYEMSZI, MHPE<\/p>\n<p>2013 \u2013 Volunteers of Hospice International Network munkacsoport alap\u00edt\u00e1sa, EAPC<\/p>\n<p><strong>Kit\u00fcntet\u00e9sek, d\u00edjak<\/strong><\/p>\n<p>2006 \u2013 Semmelweis Egyetem 4. sz\u00e1m\u00fa Interdiszciplin\u00e1ris Doktori Iskol\u00e1j\u00e1nak XII. \u00d6n\u00e1ll\u00f3 Tudom\u00e1nyos \u00dcl\u00e9se \u2013 Legjobb el\u0151ad\u00f3 \u2013 d\u00edj<\/p>\n<p>2014 \u2013 Polcz Alaine eml\u00e9klap, Magyar Hospice-Palliat\u00edv Egyes\u00fclet<\/p>\n<p>2015. Okt\u00f3ber 8.<\/p>\n\n<\/div><h2 class=\"tabtitle\">Publik\u00e1ci\u00f3<\/h2>\n<div class=\"tabcontent\">\n\n<p><strong>Foly\u00f3iratban megjelent k\u00f6zlem\u00e9nyek<\/strong><br \/>\n1.\u00a0\u00a0 \u00a0Zana \u00c1gnes (2000): Az eg\u00e9szs\u00e9ges test \u00e9rzete, Testk\u00e9pek tanulm\u00e1nyk\u00f6tet, Miskolci Egyetem, KVAT, Miskolc, 46-47 o.<br \/>\n2.\u00a0\u00a0 \u00a0Zana \u00c1gnes (2003): Vegyes h\u00e1zass\u00e1gok vizsg\u00e1lata a kevert etnikum\u00fa Tek\u00e9n, N\u00e9prajzi l\u00e1t\u00f3hat\u00e1r, Debrecen. XII. \u00e9vf. 3.-4. sz.\u00a0 167-179 o.<br \/>\n3.\u00a0\u00a0 \u00a0Zana \u00c1gnes (2004): Eur\u00f3pai aj\u00e1nl\u00e1sok a palliat\u00edv ell\u00e1t\u00e1s szervez\u00e9s\u00e9r\u0151l \u2013 Recenzi\u00f3, Khar\u00f3n, Budapest, VIII. \u00e9vf. 3. sz.\u00a0 83-86 o.<br \/>\n4.\u00a0\u00a0 \u00a0Zana \u00c1gnes \u2013 Heged\u0171s Katalin \u2013 Szab\u00f3 G\u00e1bor (2006): A Neimeyer \u00e9s Moore f\u00e9le Multidimenzion\u00e1lis hal\u00e1lf\u00e9lelem sk\u00e1la valid\u00e1l\u00e1sa magyar popul\u00e1ci\u00f3n. Ment\u00e1lhigi\u00e9n\u00e9 \u00e9s Pszichoszomatika, 7(3) 257-265.<br \/>\n5.\u00a0\u00a0 \u00a0Heged\u0171s Katalin \u2013 Zana \u00c1gnes \u2013 Szab\u00f3 G\u00e1bor (2006): Medikusok hal\u00e1lk\u00e9pe \u00e9s a hal\u00e1llal, haldokl\u00e1ssal foglalkoz\u00f3 kurzusok hat\u00e1sai. Khar\u00f3n, X. \u00e9vf. 3-4 sz. 46-58 o.<br \/>\n6.\u00a0\u00a0 \u00a0Heged\u0171s Katalin \u2013 Zana \u00c1gnes \u2013 Szab\u00f3 G\u00e1bor (2007): Az \u00e9let v\u00e9gi ismeretek oktat\u00e1s\u00e1nak hat\u00e1sa a medikusok \u00e9s az eg\u00e9szs\u00e9g\u00fcgyi dolgoz\u00f3k hal\u00e1llal kapcsolatos attit\u0171dj\u00e9re. Lege Artis Medicinae 17 (2): 144-148.<br \/>\n7.\u00a0\u00a0 \u00a0Zana \u00c1gnes \u2013 Heged\u0171s Katalin \u2013 Szab\u00f3 G\u00e1bor (2008): A hal\u00e1lf\u00e9lelem, a hal\u00e1l ir\u00e1nti attit\u0171d \u00e9s a ment\u00e1lis eg\u00e9szs\u00e9g kapcsolat\u00e1nak koroszt\u00e1lyos \u00f6sszehasonl\u00edt\u00f3 vizsg\u00e1lata. Lege Artis Medicinae 18 (4): 319-320.<br \/>\n8.\u00a0\u00a0 \u00a0Zana \u00c1gnes (2008): A hal\u00e1l \u00e9s haldokl\u00e1s a vizu\u00e1lis m\u00e9di\u00e1ban a m\u00e9di\u00e1ban \u2013 Hogyan alakul hal\u00e1lk\u00e9p\u00fcnk a m\u00e9dia hat\u00e1s\u00e1ra? Khar\u00f3n Thanatol\u00f3giai Szemle, XI. \u00e9vf. 3-4 sz. 53-68.<br \/>\n9.\u00a0\u00a0 \u00a0Heged\u0171s Katalin \u2013 Zana \u00c1gnes \u2013 Szab\u00f3 G\u00e1bor (2008): Effect of end of life education on medical students\u2019 and health care workers\u2019 death attitude. Palliative Medicine, 22 (3) 264-269 IP: 1,8<br \/>\n10.\u00a0\u00a0 \u00a0Zana \u00c1gnes (2009): Attitudes toward death in Hungary using the Multidimesional Fear of Death Scale. Clinical and Experimental Medical Journal Volume 3, Number 2. 327-335.<br \/>\n11.\u00a0\u00a0 \u00a0Zana \u00c1gnes (2009): A hal\u00e1lk\u00e9p alakul\u00e1sa \u00e9s v\u00e1ltoz\u00e1sa Magyarorsz\u00e1gon, a koroszt\u00e1lyos \u00e9rt\u00e9k\u00edt\u00e9let-k\u00fcl\u00f6nbs\u00e9gek \u00e9s a lehets\u00e9ges m\u00e9r\u00e9si m\u00f3dszerek vizsg\u00e1lata. Tabu-e m\u00e9g a hal\u00e1l? T\u00e9zisek. Orvosi Hetilap, 150. \u00e9vfolyam, 25. sz\u00e1m, 1183\u20131187<br \/>\n12.\u00a0\u00a0 \u00a0Zana \u00c1gnes (2009): The development and change of death image in Hungary. Differences in value judgement according to age and analysis of possible measurement methods. Is death still a taboo? Ph.D. Theses. Clinical and Experimental Medical Journal Volume 3, Number 2. 353-359.<br \/>\n13.\u00a0\u00a0 \u00a0Zana \u00c1gnes- Heged\u0171s Katalin (2009): Intervenci\u00f3s strat\u00e9gi\u00e1k kialak\u00edt\u00e1sa a hal\u00e1l \u00e9s haldokl\u00e1s t\u00e9m\u00e1j\u00e1ban. Ment\u00e1lhigi\u00e9n\u00e9 \u00e9s pszichoszomatika. (k\u00f6zl\u00e9sre elfogadva)<br \/>\n14.\u00a0\u00a0 \u00a0Zana \u00c1gnes \u2013 Szab\u00f3 G\u00e1bor \u2013 Heged\u0171s Katalin (2009): Validity and reliability of the Multidimensional Fear of Death Scale in the Hungarian population. Journal of Medical Ethics (k\u00f6zl\u00e9sre elfogadva) IP: 1,3<br \/>\n15.\u00a0\u00a0 \u00a0Zana \u00c1gnes (2010): Hal\u00e1lk\u00e9p \u00e9s r\u00edtusaink. A hal\u00e1lhoz, haldokl\u00e1shoz k\u00f6t\u0151d\u0151 szok\u00e1sok v\u00e1ltoz\u00e1sa. Embert\u00e1rs, VIII.\/I. 54-62.<\/p>\n<p>&nbsp;<\/p>\n<p><strong>K\u00f6nyvfejezetek<\/strong><br \/>\n1.\u00a0\u00a0 \u00a0Zana \u00c1gnes \u2013 Heged\u0171s Katalin \u2013 Szab\u00f3 G\u00e1bor (2007): R\u00edtusok \u00e9s szok\u00e1sok v\u00e1ltoz\u00e1sainak szerepe a t\u00e1rsas kapcsolatok alakul\u00e1s\u00e1ban. A mai magyar lakoss\u00e1g hal\u00e1lk\u00e9pe. In: Es\u00e9lyteremt\u00e9s \u00e9s es\u00e9lyegyenl\u0151s\u00e9g In: Kopp M\u00e1ria (szerk.): Magyar lelki\u00e1llapot 2008. Es\u00e9lyteremt\u00e9s \u00e9s es\u00e9lyegyenl\u0151s\u00e9g. Semmelweis Kiad\u00f3, Budapest, 382-389.<br \/>\n2.\u00a0\u00a0 \u00a0Heged\u0171s Katalin \u2013 Zana \u00c1gnes \u2013 Szab\u00f3 G\u00e1bor (2007): Stresszkezel\u0151 m\u00f3dszerek az eg\u00e9szs\u00e9g\u00fcgyi dolgoz\u00f3k \u00e9s a medikusok hal\u00e1llal, haldokl\u00e1ssal kapcsolatos attit\u0171djeinek jav\u00edt\u00e1s\u00e1ra. A tanfolyamok hat\u00e1svizsg\u00e1lata. In: Kopp M\u00e1ria (szerk.): Magyar lelki\u00e1llapot 2008. Es\u00e9lyteremt\u00e9s \u00e9s es\u00e9lyegyenl\u0151s\u00e9g. Semmelweis Kiad\u00f3, Budapest, 114-120.<br \/>\n3.\u00a0\u00a0 \u00a0Zana \u00c1gnes \u2013 Pilling J\u00e1nos (2009): Tanatol\u00f3gia az orvosi antropol\u00f3gi\u00e1ban. In: Pik\u00f3 Bettina \u2013 L\u00e1z\u00e1r Imre (szerk.): Orvosi antropol\u00f3gia, Medicina Kk. (megjelen\u00e9s alatt)<br \/>\n4.\u00a0\u00a0 \u00a0Zana \u00c1gnes (2010): Bioetika. Oktat\u00e1si h\u00e1tt\u00e9ranyag a k\u00f6z\u00e9piskol\u00e1k biol\u00f3giai oktat\u00e1si anyag\u00e1hoz (szerk. Prof. Dr. Falus Andr\u00e1s) (elfogadva)<\/p>\n<\/div><\/div>\n","protected":false},"excerpt":{"rendered":"<p><a href=\"https:\/\/semmelweis.hu\/magtud\/files\/2017\/11\/zana_agnes.jpg\"><\/a> Szem\u00e9lyi adatok dr. Zana \u00c1gnes 1972.01.04. Szeged Semmelweis Egyetem \u00c1OK Magatart\u00e1studom\u00e1nyi Int\u00e9zet 1089 Budapest, Nagyv\u00e1rad t\u00e9r 4. Tel\/fax: 210-29-55 E-mail: zana [PONT] agnes [KUKAC] med [PONT] semmelweis-univ [PONT] hu &nbsp; K\u00e9pzetts\u00e9g 1990\u00a0 \u2013 gimn\u00e1ziumi \u00e9retts\u00e9gi \u2013 Szent Istv\u00e1n Gimn\u00e1zium, Budapest 1995 \u2013 2000 \u2013 Kultur\u00e1lis antropol\u00f3gus b\u00f6lcs\u00e9sz, kutat\u00f3, Miskolci Egyetem B\u00f6lcs\u00e9szettudom\u00e1nyi Kar, Kultur\u00e1lis \u00e9s Vizu\u00e1lis &hellip;<\/p>\n","protected":false},"author":110,"featured_media":0,"parent":2035,"menu_order":44,"comment_status":"closed","ping_status":"closed","template":"","meta":{"_acf_changed":false,"footnotes":""},"categories":[],"tags":[],"class_list":["post-11745","page","type-page","status-publish","hentry"],"acf":[],"_links":{"self":[{"href":"https:\/\/semmelweis.hu\/magtud\/wp-json\/wp\/v2\/pages\/11745","targetHints":{"allow":["GET"]}}],"collection":[{"href":"https:\/\/semmelweis.hu\/magtud\/wp-json\/wp\/v2\/pages"}],"about":[{"href":"https:\/\/semmelweis.hu\/magtud\/wp-json\/wp\/v2\/types\/page"}],"author":[{"embeddable":true,"href":"https:\/\/semmelweis.hu\/magtud\/wp-json\/wp\/v2\/users\/110"}],"replies":[{"embeddable":true,"href":"https:\/\/semmelweis.hu\/magtud\/wp-json\/wp\/v2\/comments?post=11745"}],"version-history":[{"count":1,"href":"https:\/\/semmelweis.hu\/magtud\/wp-json\/wp\/v2\/pages\/11745\/revisions"}],"predecessor-version":[{"id":11746,"href":"https:\/\/semmelweis.hu\/magtud\/wp-json\/wp\/v2\/pages\/11745\/revisions\/11746"}],"up":[{"embeddable":true,"href":"https:\/\/semmelweis.hu\/magtud\/wp-json\/wp\/v2\/pages\/2035"}],"wp:attachment":[{"href":"https:\/\/semmelweis.hu\/magtud\/wp-json\/wp\/v2\/media?parent=11745"}],"wp:term":[{"taxonomy":"category","embeddable":true,"href":"https:\/\/semmelweis.hu\/magtud\/wp-json\/wp\/v2\/categories?post=11745"},{"taxonomy":"post_tag","embeddable":true,"href":"https:\/\/semmelweis.hu\/magtud\/wp-json\/wp\/v2\/tags?post=11745"}],"curies":[{"name":"wp","href":"https:\/\/api.w.org\/{rel}","templated":true}]}}