{"id":11739,"date":"2023-06-07T09:32:41","date_gmt":"2023-06-07T07:32:41","guid":{"rendered":"https:\/\/semmelweis.hu\/magtud\/?page_id=11739"},"modified":"2026-02-16T13:16:02","modified_gmt":"2026-02-16T12:16:02","slug":"dr-toth-monika-ditta","status":"publish","type":"page","link":"https:\/\/semmelweis.hu\/magtud\/intezet\/munkatarsak\/dr-toth-monika-ditta\/","title":{"rendered":"Dr. T\u00f3th M\u00f3nika Ditta"},"content":{"rendered":"<p><a href=\"https:\/\/semmelweis.hu\/magtud\/files\/2017\/11\/tmd_web.jpg\"><img loading=\"lazy\" decoding=\"async\" class=\"size-full wp-image-2808 alignright\" src=\"https:\/\/semmelweis.hu\/magtud\/files\/2017\/11\/tmd_web.jpg\" alt=\"\" width=\"133\" height=\"200\" \/><\/a><div class=\"responsive-tabs\">\n<h2 class=\"tabtitle\">\u00d6n\u00e9letrajz<\/h2>\n<div class=\"tabcontent\">\n<\/p>\n<p><strong>Szem\u00e9lyes adatok<\/strong><\/p>\n<p>Dr. T\u00f3th M\u00f3nika Ditta, PhD<br \/>\ntmonika85@gmail.com<\/p>\n<p>&nbsp;<\/p>\n<p><strong>Tanulm\u00e1nyok<\/strong><\/p>\n<p>2021-<\/p>\n<p>Semmelweis Egyetem Klinikai Pszichol\u00f3gia Tansz\u00e9k<br \/>\nFeln\u0151tt klinikai \u00e9s ment\u00e1lhigi\u00e9niai szakpszichol\u00f3gus szakk\u00e9pz\u00e9s<\/p>\n<p>2010- 2016<br \/>\nSemmelweis Egyetem Magatart\u00e1studom\u00e1nyi Int\u00e9zet<br \/>\nPhD hallgat\u00f3<br \/>\n2016. j\u00falius 11.<br \/>\nSumma cum laude<br \/>\nDr. Purebl Gy\u00f6rgy, Dr. Stauder Adrienne, \u2020 Prof. Kopp M\u00e1ria<br \/>\nAz \u00f6ngyilkoss\u00e1gi magatart\u00e1s pszich\u00e9s \u00e9s szociokultur\u00e1lis h\u00e1tt\u00e9rt\u00e9nyez\u0151inek vizsg\u00e1lata sz\u00e1nd\u00e9kos \u00f6nm\u00e9rgez\u0151k k\u00f6r\u00e9ben (k\u00fcl\u00f6n hangs\u00fallyal a nemi \u00e9s etnikai k\u00fcl\u00f6nbs\u00e9gekre)<\/p>\n<p>2012-2014. j\u00fanius<br \/>\nE\u00f6tv\u00f6s L\u00f3r\u00e1nd Tudom\u00e1nyegyetem Pedag\u00f3giai \u00e9s Pszichol\u00f3giai Kar<br \/>\nTan\u00e1csad\u00f3 Szakpszichol\u00f3gus, Csal\u00e1d- \u00e9s p\u00e1rkonzult\u00e1ci\u00f3s szakir\u00e1ny<\/p>\n<p>2005-2010<br \/>\nDebreceni Egyetem B\u00f6lcs\u00e9szettudom\u00e1nyi Kar Pszichol\u00f3gia Int\u00e9zet<br \/>\nPszichol\u00f3gia, nappali,<br \/>\nKlinikai- \u00e9s eg\u00e9szs\u00e9gpszichol\u00f3gia; Pszichol\u00f3gia \u2013 angol szakford\u00edt\u00f3<br \/>\nK\u00f6zt\u00e1rsas\u00e1gi \u00f6szt\u00f6nd\u00edj a 2007\/2008 \u00e9s a 2009\/2010-es tan\u00e9vre<br \/>\nKiv\u00e1l\u00f3<\/p>\n<p>2009-2010 I. f\u00e9l\u00e9v<br \/>\nUniversit\u00e4t Wien, B\u00e9cs, Ausztria<br \/>\nPszichol\u00f3gia<\/p>\n<p>&nbsp;<\/p>\n<p><strong>Szakmai tev\u00e9kenys\u00e9g<\/strong><\/p>\n<p><strong>Munkahelyek<\/strong><\/p>\n<p>2017. janu\u00e1r 1-t\u0151l folyamatos<br \/>\nSemmelweis Egyetem<br \/>\nMagatart\u00e1studom\u00e1nyi Int\u00e9zet<br \/>\negyetemi adjunktus<\/p>\n<p>2016. m\u00e1jus 1- 2017. \u00e1prilis 31.<br \/>\n\u00c1NTSZ Orsz\u00e1gos Tisztif\u0151orvosi Hivatal<br \/>\nM\u00f3dszertani, struktur\u00e1lis \u00e9s kapacit\u00e1sfejleszt\u00e9s a lakoss\u00e1g ment\u00e1lis eg\u00e9szs\u00e9gfejleszt\u00e9s\u00e9re ir\u00e1nyul\u00f3 beavatkoz\u00e1sok t\u00e1mogat\u00e1s\u00e1ra<br \/>\nM\u00f3dszertani K\u00f6zpont munkat\u00e1rs<\/p>\n<p>2017. j\u00fanius 1 \u2013 2020. szeptember 30.<br \/>\nNemzeti N\u00e9peg\u00e9szs\u00e9g\u00fcgyi K\u00f6zpont<br \/>\nEFOP-1.8.0-VEKOP-17 Eg\u00e9szs\u00e9g\u00fcgyi ell\u00e1t\u00f3rendszer szakmai m\u00f3dszertani fejleszt\u00e9se<br \/>\nSenior szakmai szak\u00e9rt\u0151, majd munkacsoport vezet\u0151<\/p>\n<p>2013. j\u00fanius \u2013 2016. \u00e1prilis<br \/>\nSemmelweis Egyetem Magatart\u00e1studom\u00e1nyi Int\u00e9zet<br \/>\nJoint Action on Mental Health and Well-being Workpackage on Depression, Suicide including E-health<br \/>\nAz eur\u00f3pai \u00f6ngyilkoss\u00e1g \u00e9s depresszi\u00f3 megel\u0151z\u0151 gyakorlatok \u00e1ttekint\u00e9se \u00e9s ki\u00e9rt\u00e9kel\u00e9se alapj\u00e1n eg\u00e9szs\u00e9gpolitikai aj\u00e1nl\u00e1sok megfogalmaz\u00e1sa<br \/>\n\u00fcgyviv\u0151 szak\u00e9rt\u0151<\/p>\n<p>&nbsp;<\/p>\n<p><strong>Kutat\u00e1sok<\/strong><\/p>\n<p>2020. janu\u00e1r 1. &#8211; 2023. szeptember<br \/>\nMental Health Promotion and Intervention in Occupational Setting<br \/>\nMunkahelyi ment\u00e1lis eg\u00e9szs\u00e9g-meg\u0151rz\u0151 beavatkoz\u00e1sok \u00e9s anti-stigma program kidolgoz\u00e1sa 9 orsz\u00e1gban<br \/>\nResearch officer<\/p>\n<p>2012. j\u00fanius \u2013 2014. augusztus 31.<br \/>\nPreventing Depression and Improving Awareness through Networking in the EU (PREDI-NU) depresszi\u00f3 megel\u0151z\u0151 program koordin\u00e1l\u00e1sa<br \/>\nDepresszi\u00f3r\u00f3l sz\u00f3l\u00f3 t\u00e1rsadalmi tudatoss\u00e1got n\u00f6vel\u0151 weboldal k\u00e9sz\u00edt\u00e9se (www.ifightdepression.com\/hu)<br \/>\nOnline \u00f6nseg\u00edt\u0151 program kialak\u00edt\u00e1sa, tesztel\u00e9se \u00e9s optimaliz\u00e1l\u00e1sa depresszi\u00f3s p\u00e1ciensek r\u00e9sz\u00e9re.<br \/>\nA beavatkoz\u00e1s szakmai, orsz\u00e1gos koordin\u00e1tora<\/p>\n<p>2010. szeptember \u2013 2013. j\u00fanius<br \/>\nOptimizing suicide and Their Implementation in Europe (OSPI)<br \/>\nT\u00f6bbszint\u0171 \u00f6ngyilkoss\u00e1g megel\u0151z\u0151 beavatkoz\u00e1s<br \/>\nAz \u00f6ngyilkoss\u00e1gi magatart\u00e1s pszich\u00e9s \u00e9s szociokultur\u00e1lis h\u00e1tt\u00e9rt\u00e9nyez\u0151inek vizsg\u00e1lata az OSPI \u00f6ngyilkoss\u00e1g prevenci\u00f3s program keret\u00e9ben.<\/p>\n<p>&nbsp;<\/p>\n<p><strong>Oktat\u00e1s<\/strong><\/p>\n<p>2010 \u2013 folyamatos<br \/>\nSemmelweis Egyetem \u00c1ltal\u00e1nos Orvostudom\u00e1nyi Kar<br \/>\nSemmelweis Egyetem Egyetemi Gy\u00f3gyszert\u00e1r Gy\u00f3gyszer\u00fcgyi Szervez\u00e9si Int\u00e9zet<br \/>\nAngol \u00e9s magyar nyelv\u0171 orvosi pszichol\u00f3gia, kommunik\u00e1ci\u00f3, pszichoter\u00e1pia \u00e9s gy\u00f3gyszer\u00e9szi kommunik\u00e1ci\u00f3 gyakorlatok vezet\u00e9se \u00e9s el\u0151ad\u00e1sok tart\u00e1sa<br \/>\nTDK \u00e9s szakdolgozati t\u00e9mavezet\u0151i tev\u00e9kenys\u00e9g<\/p>\n<p>2016- folyamatos<br \/>\nPosztgradu\u00e1lis orvosi \u00e9s gy\u00f3gyszer\u00e9szi kommunik\u00e1ci\u00f3s tr\u00e9ningek, el\u0151ad\u00e1sok vezet\u00e9se<\/p>\n<p>&nbsp;<\/p>\n<p><strong>Nyelvismeret<\/strong><\/p>\n<p>Angol fels\u0151fok\u00fa szakmai C t\u00edpus\u00fa nyelvvizsga (Szakford\u00edt\u00f3 diploma)<br \/>\nAngol k\u00f6z\u00e9pfok\u00fa C t\u00edpus\u00fa nyelvvizsga (Dexam)<br \/>\nN\u00e9met k\u00f6z\u00e9pfok\u00fa C t\u00edpus\u00fa nyelvvizsga (Origo)<\/p>\n<p>Budapest, 2024. szeptember 27.<\/p>\n<p>Dr. T\u00f3th M\u00f3nika Ditta<\/p>\n\n<\/div><h2 class=\"tabtitle\">Publik\u00e1ci\u00f3<\/h2>\n<div class=\"tabcontent\">\n\n<p>A teljes publik\u00e1ci\u00f3s lista megtal\u00e1lhat\u00f3 <a href=\"http:\/\/web.archive.org\/web\/20181205005818\/https:\/\/vm.mtmt.hu\/\/search\/slist.php?lang=0&amp;top10=0&amp;AuthorID=10032105\">itt<\/a>.<\/p>\n<\/div><\/div>\n","protected":false},"excerpt":{"rendered":"<p><a href=\"https:\/\/semmelweis.hu\/magtud\/files\/2017\/11\/tmd_web.jpg\"><\/a> Szem\u00e9lyes adatok Dr. T\u00f3th M\u00f3nika Ditta, PhD tmonika85@gmail.com &nbsp; Tanulm\u00e1nyok 2021- Semmelweis Egyetem Klinikai Pszichol\u00f3gia Tansz\u00e9k Feln\u0151tt klinikai \u00e9s ment\u00e1lhigi\u00e9niai szakpszichol\u00f3gus szakk\u00e9pz\u00e9s 2010- 2016 Semmelweis Egyetem Magatart\u00e1studom\u00e1nyi Int\u00e9zet PhD hallgat\u00f3 2016. j\u00falius 11. Summa cum laude Dr. Purebl Gy\u00f6rgy, Dr. Stauder Adrienne, \u2020 Prof. Kopp M\u00e1ria Az \u00f6ngyilkoss\u00e1gi magatart\u00e1s pszich\u00e9s \u00e9s szociokultur\u00e1lis h\u00e1tt\u00e9rt\u00e9nyez\u0151inek vizsg\u00e1lata sz\u00e1nd\u00e9kos &hellip;<\/p>\n","protected":false},"author":110,"featured_media":0,"parent":2035,"menu_order":42,"comment_status":"closed","ping_status":"closed","template":"","meta":{"_acf_changed":false,"footnotes":""},"categories":[],"tags":[],"class_list":["post-11739","page","type-page","status-publish","hentry"],"acf":[],"_links":{"self":[{"href":"https:\/\/semmelweis.hu\/magtud\/wp-json\/wp\/v2\/pages\/11739","targetHints":{"allow":["GET"]}}],"collection":[{"href":"https:\/\/semmelweis.hu\/magtud\/wp-json\/wp\/v2\/pages"}],"about":[{"href":"https:\/\/semmelweis.hu\/magtud\/wp-json\/wp\/v2\/types\/page"}],"author":[{"embeddable":true,"href":"https:\/\/semmelweis.hu\/magtud\/wp-json\/wp\/v2\/users\/110"}],"replies":[{"embeddable":true,"href":"https:\/\/semmelweis.hu\/magtud\/wp-json\/wp\/v2\/comments?post=11739"}],"version-history":[{"count":3,"href":"https:\/\/semmelweis.hu\/magtud\/wp-json\/wp\/v2\/pages\/11739\/revisions"}],"predecessor-version":[{"id":12589,"href":"https:\/\/semmelweis.hu\/magtud\/wp-json\/wp\/v2\/pages\/11739\/revisions\/12589"}],"up":[{"embeddable":true,"href":"https:\/\/semmelweis.hu\/magtud\/wp-json\/wp\/v2\/pages\/2035"}],"wp:attachment":[{"href":"https:\/\/semmelweis.hu\/magtud\/wp-json\/wp\/v2\/media?parent=11739"}],"wp:term":[{"taxonomy":"category","embeddable":true,"href":"https:\/\/semmelweis.hu\/magtud\/wp-json\/wp\/v2\/categories?post=11739"},{"taxonomy":"post_tag","embeddable":true,"href":"https:\/\/semmelweis.hu\/magtud\/wp-json\/wp\/v2\/tags?post=11739"}],"curies":[{"name":"wp","href":"https:\/\/api.w.org\/{rel}","templated":true}]}}