{"id":11729,"date":"2023-06-07T09:14:34","date_gmt":"2023-06-07T07:14:34","guid":{"rendered":"https:\/\/semmelweis.hu\/magtud\/?page_id=11729"},"modified":"2026-02-16T13:18:14","modified_gmt":"2026-02-16T12:18:14","slug":"dr-szumska-irena","status":"publish","type":"page","link":"https:\/\/semmelweis.hu\/magtud\/intezet\/munkatarsak\/dr-szumska-irena\/","title":{"rendered":"Dr. Szumska Irena"},"content":{"rendered":"<p><a href=\"https:\/\/semmelweis.hu\/magtud\/files\/2017\/11\/sumire_w-1.jpg\"><img loading=\"lazy\" decoding=\"async\" class=\"size-full wp-image-3523 alignright\" src=\"https:\/\/semmelweis.hu\/magtud\/files\/2017\/11\/sumire_w-1.jpg\" alt=\"\" width=\"150\" height=\"233\" \/><\/a><\/p>\n<div class=\"responsive-tabs\">\n<h2 class=\"tabtitle\">\u00d6n\u00e9letrajz<\/h2>\n<div class=\"tabcontent\">\n\n<p><strong>Szem\u00e9l<\/strong><strong>yi adatok<\/strong><\/p>\n<p>Sz\u00fclet\u00e9si id\u0151 1959. 01.10 Lengyelorsz\u00e1g<br \/>\nE-mail: szumire<small> [KUKAC] <\/small>net<small> [PONT] <\/small>sote<small> [PONT] <\/small>hu<\/p>\n<p><strong>K\u00e9pzetts\u00e9g<\/strong><br \/>\n1983: Pszichol\u00f3gia Szak,\u00a0 Don-Rosztovi \u00c1llami Egyetem<br \/>\n2005: PhD-fokozat, Semmelweis Egyetem<br \/>\n1995: Klinikai szakpszichol\u00f3gusi diploma, Haynal Imre Eg\u00e9szs\u00e9gtudom\u00e1nyi Egyetem<\/p>\n<p><strong>Egy\u00e9b k\u00e9pzetts\u00e9gek <\/strong><br \/>\n1987-89:\u201dViselked\u00e9ster\u00e1pi\u00e1s m\u00f3dszerek\u201d- kurzus<br \/>\n1991-92: \u201cPszichoszomatika \u00e9s Eg\u00e9szs\u00e9gl\u00e9lektan\u201d kurzus, SOTE Pszichi\u00e1triai Klinika<br \/>\n2003-04: csal\u00e1dter\u00e1pi\u00e1s alapk\u00e9pz\u00e9s<\/p>\n<p><strong>Nyelvismeret<\/strong><br \/>\nOrosz: fels\u0151fok<br \/>\nLengyel, magyar: fels\u0151fok<br \/>\nAngol: alapfok<\/p>\n<p><strong>Munkahelyek<\/strong><br \/>\n1984-1993: P\u00e1lyaalkalmass\u00e1got Vizsg\u00e1l\u00f3 Int\u00e9zet, pszichol\u00f3gus<br \/>\n1993-: Semmelweis Egyetem, Magatart\u00e1studom\u00e1nyi Int\u00e9zet, adjunktus<\/p>\n<p><strong>Oktat\u00e1s <\/strong><br \/>\n2007-: Semmelweis Egyetem, Klinikai Pszichol\u00f3gia Tansz\u00e9k, b\u00e1zisgyakorlat<br \/>\n1998-2004: Apor Vilmos Katolikus Pedag\u00f3giai F\u0151iskola, szoci\u00e1lpedag\u00f3giai szak<br \/>\n1993-: Semmelweis Egyetem \u00c1ltal\u00e1nos, Orvosi Kar, orvosi pszichol\u00f3gia oktat\u00e1sa, szervez\u00e9si feladatok ell\u00e1t\u00e1sa<\/p>\n<p><strong>Klinikai munka, gyakorlati tev\u00e9kenys\u00e9g<\/strong><br \/>\n1993 \u00f3ta ter\u00e1pi\u00e1s munka a Semmelweis Egyetem Magatart\u00e1studom\u00e1nyi Int\u00e9zet Pszichoszomatikus Szakambulanci\u00e1j\u00e1n<br \/>\n1993 \u00f3ta az \u00f6nseg\u00edt\u0151 \u00e9s seg\u00edt\u0151 civil szervezetekkel egy\u00fctt prevenci\u00f3s jelleg\u0171 programok, tov\u00e1bbk\u00e9pz\u00e9sek kidolgoz\u00e1sa \u00e9s megval\u00f3s\u00edt\u00e1sa.<br \/>\nKutat\u00e1si ter\u00fclet<br \/>\nT\u00e1pl\u00e1lkoz\u00e1si magatart\u00e1szavarok, fiatalok eg\u00e9szs\u00e9gmagatart\u00e1sa<br \/>\nTudom\u00e1nyos fokozat: PhD<\/p>\n<p><strong>T\u00e1rsas\u00e1gi tags\u00e1gok<\/strong><br \/>\nMagyar Pszichi\u00e1triai T\u00e1rsas\u00e1g<br \/>\nSelye J\u00e1nos Magatart\u00e1studom\u00e1nyi \u00e9s Magatart\u00e1sorvosl\u00e1si T\u00e1rsas\u00e1g<br \/>\nMagyar Pszichofiziol\u00f3giai \u00e9s Eg\u00e9szs\u00e9gl\u00e9lektan T\u00e1rsas\u00e1g<br \/>\nInternational Society of Behavioral Medicine<\/p>\n<p><strong>Egy\u00e9b szakmai tev\u00e9kenys\u00e9gek<\/strong><br \/>\n2003: az \u201eEuropean Council on Eating Disorders\u201d konferencia szervez\u0151bizotts\u00e1g\u00e1nak tagja.1998: a Magyar Pszichi\u00e1triai T\u00e1rsas\u00e1g IV. Nemzeti Kongresszus\u00e1nak szervez\u0151titk\u00e1ra.<br \/>\nKit\u00fcntet\u00e9sek, d\u00edjak<br \/>\nA Ph.D t\u00e9m\u00e1j\u00e1ban tartott el\u0151ad\u00e1sait h\u00e1rom alkalommal d\u00edjazt\u00e1k:<br \/>\n\u2022\u00a0\u00a0 \u00a02001-ben a Pszichi\u00e1ter Professzorok \u00e9s Tan\u00edtv\u00e1nyaik Klubj\u00e1nak harmadik tal\u00e1lkoz\u00f3j\u00e1n,<br \/>\n\u2022\u00a0\u00a0 \u00a02002-ben a Semmelweis Egyetem 4. sz\u00e1m\u00fa Interdiszciplin\u00e1ris Doktori Iskol\u00e1j\u00e1nak hatodik tudom\u00e1nyos \u00fcl\u00e9s\u00e9n,<br \/>\n\u2022\u00a0\u00a0 \u00a02003-ban a Semmelweis Egyetem 4. sz\u00e1m\u00fa Interdiszciplin\u00e1ris Doktori Iskol\u00e1j\u00e1nak hetedik tudom\u00e1nyos \u00fcl\u00e9s\u00e9n.<\/p>\n\n<\/div><h2 class=\"tabtitle\">Publik\u00e1ci\u00f3<\/h2>\n<div class=\"tabcontent\">\n\n<p><strong>K\u00f6nyvfejezetek (magyar nyelven)<\/strong> <br \/>\n1.\u00a0\u00a0 \u00a0Szumska I: Az ev\u00e9szavarok prevenci\u00f3j\u00e1nak k\u00e9rd\u00e9sei. In: Ev\u00e9szavarok \u00e9s testk\u00e9pzavarok (szerk.: T\u00fary F, P\u00e1szthy B), Pro Die Kiad\u00f3, 495-506 old, 2008<br \/>\n2.\u00a0\u00a0 \u00a0Szumska I, T\u00fary F, Szab\u00f3 P: Az ev\u00e9szavarok epidemiol\u00f3gi\u00e1j\u00e1nak \u00fajabb adatai. . In: Ev\u00e9szavarok \u00e9s testk\u00e9pzavarok (szerk.: T\u00fary F, P\u00e1szthy B), Pro Die Kiad\u00f3, 109-120 old, 2008<br \/>\n3.\u00a0\u00a0 \u00a0Szumska I, Dud\u00e1s K: Fal\u00e1szavar. In: Ev\u00e9szavarok \u00e9s testk\u00e9pzavarok (szerk.: T\u00fary F, P\u00e1szthy B), Pro Die Kiad\u00f3, 41-52 old, 2008<br \/>\n4.\u00a0\u00a0 \u00a0Szumska I: Kisgyermekes csal\u00e1dokat t\u00e1mogat\u00f3 prevenci\u00f3s program. In: Magyar lelki\u00e1llapot 2008 (szerk.: Kopp M), Semmelweis Kiad\u00f3, 163-168 old, 2008<br \/>\n5.\u00a0\u00a0 \u00a0Szumska I. Kr\u00f3nikus beteg a csal\u00e1dban. In: Magyar lelki\u00e1llapot 2008 (szerk.: Kopp M), Semmelweis Kiad\u00f3, 273-280 old, 2008<br \/>\n6.\u00a0\u00a0 \u00a0T\u00fary F, Szumska I, T\u00fary K, Luk\u00e1cs L: Civiliz\u00e1ci\u00f3s betegs\u00e9gek \u00e9s es\u00e9lyk\u00fcl\u00f6nbs\u00e9gek: az ev\u00e9szavarok p\u00e9ld\u00e1ja. In: Magyar lelki\u00e1llapot 2008 (szerk: Kopp M), Semmelweis Kiad\u00f3,538-544 old, 2008<br \/>\n7.\u00a0\u00a0 \u00a0Szumska I: Az elh\u00edz\u00e1s gyakoris\u00e1ga \u00e9s hat\u00e1sa az \u00e9letmin\u0151s\u00e9gre. In: A magyar n\u00e9pess\u00e9g \u00e9letmin\u0151s\u00e9ge az ezredfordul\u00f3n (szerk.: Kopp M, Kov\u00e1cs M.E.), Semmelweis Kiad\u00f3, 210-220 old,\u00a0 2006<br \/>\n8.\u00a0\u00a0 \u00a0T\u00fary F, Szumska I.: Az ev\u00e9szavarok kognit\u00edv viselked\u00e9ster\u00e1pi\u00e1ja. In: Kognit\u00edv viselked\u00e9ster\u00e1pia. (szerk: M\u00f3rotz K., Perczel-Forintos D.). Medicina Kiad\u00f3 , 499-526 old, 2005 .<br \/>\n9.\u00a0\u00a0 \u00a0Berghammer R, Szumska I.: Vizsg\u00e1lati m\u00f3dszerek: teszt- \u00e9s k\u00e9rd\u0151\u00edves m\u00f3dszerek. In: Orvosi pszichol\u00f3gia (szerk: Kopp M, Berghammer R.). Medicina Kiad\u00f3 ,566-574, 2005<br \/>\n10.\u00a0\u00a0 \u00a0Szumska I.: Kutat\u00e1s a magatart\u00e1studom\u00e1nyban. In Magatart\u00e1studom\u00e1ny (szerk. Buda B.) Budapest, Medicina Kiad\u00f3,\u00a0 701-715 old. 2001.<br \/>\n11.\u00a0\u00a0 \u00a0Szumska I, Purebl Gy, G\u00e1l K.: A klinikai pszichol\u00f3gus feladatai a pulmonol\u00f3giai ell\u00e1t\u00e1sban. In: A klinikai pszichol\u00f3gia \u00e9s ment\u00e1lhigi\u00e9n\u00e9 protokollja (szerk: Bagdy E.). Animula, Budapest,\u00a0 195-201 old, 1998.<\/p>\n<p><strong>Foly\u00f3iratokban megjelent lektor\u00e1lt k\u00f6zlem\u00e9nyek idegen nyelven<\/strong> <br \/>\n12.\u00a0\u00a0 \u00a0Csoboth Cs, Szumska I, Purebl Gy.:Self-rated health and health damaging behaviour among young women in Hungary in connection with family background. Social and Preventive Medicine Volume 51, Number 1, 45 \u2013 53, 2006\u00a0 IF: 0.639<br \/>\n13.\u00a0\u00a0 \u00a0Purebl Gy, Birk\u00e1s E, Csoboth Cs,\u00a0 Szumska I, Kopp MS.: The relationship of biological and psychological risk factors of cardiovascular disorders in a large scale national representative community survey \u2013Behavioral Medicine 2006Vol. 31 (4), 133-9; IF: 0.703<br \/>\n14.\u00a0\u00a0 \u00a0Szumska I, T\u00fary F, Csoboth C, R\u00e9thelyi J, Purebl, G Hajnal \u00c1.: The prevalence of eating disorders and weight-control methods among young women: A Hungarian representative study. European Eating Disorders Review.\u00a0 Vol 13(4) 278-284, 2005. IF 0.773<br \/>\n15.\u00a0\u00a0 \u00a0Rethelyi JM, Berghammer R, Ittzes A, Szumska I, Purebl G, Csoboth C.: Comorbidity of pain problems and depressive symptoms in young women: results from a cross-sectional survey among women aged 15-24 in Hungary. European Journal of Pain\u00a0 8(1):63-9.IF: 2004, 1.811<\/p>\n<p><strong>Foly\u00f3iratokban megjelent lektor\u00e1lt k\u00f6zlem\u00e9nyek magyar nyelven<\/strong> <br \/>\n16.\u00a0\u00a0 \u00a0Szumska I, T\u00fary F, Jakabfi P.: Az ev\u00e9szavarok prevenci\u00f3ja. K\u00e9rd\u00e9sek \u00e9s ellentmond\u00e1sok. Lege Artis Medicinae, 13(1): 24-28, 2003.<br \/>\n17.\u00a0\u00a0 \u00a0Szumska I, T\u00fary F, Jakabfi P.: \u00daj modellek az ev\u00e9szavarok prevenci\u00f3j\u00e1ban. Ment\u00e1lhigi\u00e9n\u00e9 \u00e9s Pszichoszomatika,3:5-9, 2003<br \/>\n18.\u00a0\u00a0 \u00a0Szumska I, T\u00fary F, Hajnal \u00c1, Csoboth Cs, Purebl Gy, R\u00e9thelyi J.: Ev\u00e9szavarok prevalenci\u00e1ja fiatal n\u0151k hazai reprezentat\u00edv mint\u00e1j\u00e1ban. Psychiatria Hungarica, 16 (4):374-383, 2001<br \/>\n19.\u00a0\u00a0 \u00a0Luk\u00e1cs J, Moh\u00e1csi E, Batiz A, Szumska I., Kaszab Zs.: Tapasztalataink s\u00falyos asthma bronchial\u00e9s betegek komplex ter\u00e1pi\u00e1s m\u00f3dszer\u00e9vel. Rehabilit\u00e1ci\u00f3 2: 259-262,1994<\/p>\n<p>20 hazai tudom\u00e1nyos el\u0151ad\u00e1s, h\u00e1rom nemzetk\u00f6zi konferenci\u00e1n. <br \/>\nIF: 4<\/p>\n<\/div><\/div>\n","protected":false},"excerpt":{"rendered":"<p><a href=\"https:\/\/semmelweis.hu\/magtud\/files\/2017\/11\/sumire_w-1.jpg\"><\/a> Szem\u00e9lyi adatok Sz\u00fclet\u00e9si id\u0151 1959. 01.10 Lengyelorsz\u00e1g E-mail: szumire [KUKAC] net [PONT] sote [PONT] hu K\u00e9pzetts\u00e9g 1983: Pszichol\u00f3gia Szak,\u00a0 Don-Rosztovi \u00c1llami Egyetem 2005: PhD-fokozat, Semmelweis Egyetem 1995: Klinikai szakpszichol\u00f3gusi diploma, Haynal Imre Eg\u00e9szs\u00e9gtudom\u00e1nyi Egyetem Egy\u00e9b k\u00e9pzetts\u00e9gek 1987-89:\u201dViselked\u00e9ster\u00e1pi\u00e1s m\u00f3dszerek\u201d- kurzus 1991-92: \u201cPszichoszomatika \u00e9s Eg\u00e9szs\u00e9gl\u00e9lektan\u201d kurzus, SOTE Pszichi\u00e1triai Klinika 2003-04: csal\u00e1dter\u00e1pi\u00e1s alapk\u00e9pz\u00e9s Nyelvismeret Orosz: fels\u0151fok Lengyel, magyar: &hellip;<\/p>\n","protected":false},"author":110,"featured_media":0,"parent":2035,"menu_order":39,"comment_status":"closed","ping_status":"closed","template":"","meta":{"_acf_changed":false,"footnotes":""},"categories":[],"tags":[],"class_list":["post-11729","page","type-page","status-publish","hentry"],"acf":[],"_links":{"self":[{"href":"https:\/\/semmelweis.hu\/magtud\/wp-json\/wp\/v2\/pages\/11729","targetHints":{"allow":["GET"]}}],"collection":[{"href":"https:\/\/semmelweis.hu\/magtud\/wp-json\/wp\/v2\/pages"}],"about":[{"href":"https:\/\/semmelweis.hu\/magtud\/wp-json\/wp\/v2\/types\/page"}],"author":[{"embeddable":true,"href":"https:\/\/semmelweis.hu\/magtud\/wp-json\/wp\/v2\/users\/110"}],"replies":[{"embeddable":true,"href":"https:\/\/semmelweis.hu\/magtud\/wp-json\/wp\/v2\/comments?post=11729"}],"version-history":[{"count":4,"href":"https:\/\/semmelweis.hu\/magtud\/wp-json\/wp\/v2\/pages\/11729\/revisions"}],"predecessor-version":[{"id":11733,"href":"https:\/\/semmelweis.hu\/magtud\/wp-json\/wp\/v2\/pages\/11729\/revisions\/11733"}],"up":[{"embeddable":true,"href":"https:\/\/semmelweis.hu\/magtud\/wp-json\/wp\/v2\/pages\/2035"}],"wp:attachment":[{"href":"https:\/\/semmelweis.hu\/magtud\/wp-json\/wp\/v2\/media?parent=11729"}],"wp:term":[{"taxonomy":"category","embeddable":true,"href":"https:\/\/semmelweis.hu\/magtud\/wp-json\/wp\/v2\/categories?post=11729"},{"taxonomy":"post_tag","embeddable":true,"href":"https:\/\/semmelweis.hu\/magtud\/wp-json\/wp\/v2\/tags?post=11729"}],"curies":[{"name":"wp","href":"https:\/\/api.w.org\/{rel}","templated":true}]}}