{"id":11725,"date":"2023-06-07T09:03:04","date_gmt":"2023-06-07T07:03:04","guid":{"rendered":"https:\/\/semmelweis.hu\/magtud\/?page_id=11725"},"modified":"2026-02-16T13:18:52","modified_gmt":"2026-02-16T12:18:52","slug":"dr-szebik-imre","status":"publish","type":"page","link":"https:\/\/semmelweis.hu\/magtud\/intezet\/munkatarsak\/dr-szebik-imre\/","title":{"rendered":"Dr. Szebik Imre"},"content":{"rendered":"<p><a href=\"https:\/\/semmelweis.hu\/magtud\/files\/2017\/11\/szebimr_w-1.jpg\"><img loading=\"lazy\" decoding=\"async\" class=\"size-full wp-image-3527 alignright\" src=\"https:\/\/semmelweis.hu\/magtud\/files\/2017\/11\/szebimr_w-1.jpg\" alt=\"\" width=\"150\" height=\"227\" \/><\/a><\/p>\n<div class=\"responsive-tabs\">\n<h2 class=\"tabtitle\">\u00d6n\u00e9letrajz<\/h2>\n<div class=\"tabcontent\">\n\n<p><strong>Munkahely:<br \/>\n<\/strong>1993 \u2013 Semmelweis Egyetem, Magatart\u00e1studom\u00e1nyi Int\u00e9zet<br \/>\n1089 Budapest, Nagyv\u00e1rad t\u00e9r 4.<br \/>\nTel\/fax: 361-210-2955<br \/>\nEmail: szebik.imre[ k u kac]net.sote.hu<\/p>\n<p>&nbsp;<\/p>\n<p><strong>Beoszt\u00e1s:<br \/>\n<\/strong>egyetemi docens<\/p>\n<p><strong>K\u00e9pzetts\u00e9g:<br \/>\n<\/strong>2008 Eg\u00e9szs\u00e9g\u00fcgyi szakmenedzser, Semmelweis Egyetem,\u00a0 Budapest<\/p>\n<p>2005 Ph.D. Klinikai Orvostudom\u00e1ny \u2013 Bioetika,\u00a0 Semmelweis Egyetem,\u00a0 Budapest<\/p>\n<p>2003. Jogi szakokleveles orvos, E\u00f6tv\u00f6s L\u00f3r\u00e1nt Tudom\u00e1nyegyetem, Budapest<\/p>\n<p>1999. Masters Degree in Experimental Medicine (Specialization in<br \/>\nBioethics), McGill University, Montreal, Canada<\/p>\n<p>1999. Orvosi diploma, Semmelweis Orvostudom\u00e1nyi Egyetem \u00c1ltal\u00e1nos Orvosi Kar, Budapest<\/p>\n<p><strong>Egy\u00e9b tanulm\u00e1nyok:<br \/>\n<\/strong>1997-98\u00a0 \u00e9s 1999-2000 Posztdoktor\u00e1lis \u00f6szt\u00f6nd\u00edj, Clinical Trials Research Group,<br \/>\nBiomedical Ethics Unit, McGill University, Montreal, Canada<\/p>\n<p>1998-1999 Posztdoktor\u00e1lis \u00f6szt\u00f6nd\u00edj,\u00a0 Clinical Ethics Department at the University of Texas M.D.<br \/>\nAnderson Cancer Center, Houston, Texas, USA<\/p>\n<p>1997 M\u00e1rcius \u2013 \u00c1prilis Visiting Scholar, Hastings Center, Briarcliff Manor,<br \/>\nN.Y., USA<\/p>\n<p><strong>Nyelvismeret<br \/>\n<\/strong>Angol: fels\u0151fok\u00fa nyelvvizsga<br \/>\nN\u00e9met: fels\u0151fok\u00fa nyelvvizsga<br \/>\nOrosz: alapszint<br \/>\nFrancia: alapszint<\/p>\n<p><strong>Kor\u00e1bbi munkahelyek<br \/>\n<\/strong>1997-98 \u00e9s \u2013 1999-2000 Clinical Trials Research Group, McGill University, Montreal, Canada<br \/>\n1995-1996 Zeneca Hungary Kft. Clinical Research Associate<br \/>\n1992-1993\u00a0 Magyar Honv\u00e9ds\u00e9g \u2013 k\u00f6telez\u0151 sorkatonai szolg\u00e1lat<br \/>\n1991-1993:\u00a0 Budai Ter\u00fcleti Gyermekk\u00f3rh\u00e1z L\u00e9gz\u00e9srehabilit\u00e1ci\u00f3s Int\u00e9zet, \u00fcgyeletes orvos<\/p>\n<p><strong>Oktat\u00e1s<\/strong><\/p>\n<p><em>jelenleg:<\/em><\/p>\n<p>bioetika\u00a0 \u2013\u00a0 Semmelweis Egyetem magyarul,\u00a0 angolul \u00e9s n\u00e9met\u00fcl<br \/>\nCME, rezidensk\u00e9pz\u00e9s<br \/>\nbioetika kurzus \u2014\u00a0\u00a0 Evang\u00e9likus Hittudom\u00e1nyi Egyetem<\/p>\n<p><em>kor\u00e1bban:<\/em><\/p>\n<p>bioetika (2014) Universi\u00e4t Wien Fakult\u00e4t f\u00fcr Theologie<br \/>\norvosi antropol\u00f3gia (1993-1997)\u00a0 Semmelweis Egyetem<br \/>\norvosi antropol\u00f3gia (2002) Miskolci Egyetemen Kultur\u00e1lis \u00e9s Vizu\u00e1lis Antropol\u00f3giai Int\u00e9zet<br \/>\nbioetika (2003-2004) P\u00e1zm\u00e1ny P\u00e9ter Katolikus Hittudom\u00e1nyi Egyetem, Hittudom\u00e1nyi Kar<\/p>\n<p><strong>Kutat\u00e1si ter\u00fclet<\/strong><\/p>\n<p>Orvosbiol\u00f3giai kutat\u00e1s etikai k\u00e9rd\u00e9sei<br \/>\nGenomika etikai k\u00e9rd\u00e9se<br \/>\nA biotechnol\u00f3gia etikai k\u00e9rd\u00e9sei<br \/>\nA sz\u00fcl\u00e9szet etikai k\u00e9rd\u00e9sei<\/p>\n<p><strong>Kutat\u00e1si t\u00e1mogat\u00e1sok<\/strong><\/p>\n<p>T<em>\u00e9mavezet\u0151k\u00e9nt<\/em><\/p>\n<p>1. Sybhel (Synthetic Biology for Human Health. Ethical and Legal Issues) EU7 (2009-2012)<br \/>\n2. POSEIDON (Promoting Optimisation, Safety, Experience sharing\u00a0 and quality Implementation for Donation Organisation and Networking in Unrelated Haematopoietic Stem Cell Transplantation in Europe) 2006-2010 DG SANCO (210000EUR)<br \/>\n3. BioTethed Biotechnology Ethics: deepening by research, broadening to future applications and new EU members, permeating education to young scientists. BIOTETHED _(EU6 Framework program) project manager and researcher 48000 EUR<br \/>\n4. 2002-2005 Optimisation of typing policies for European MArrow DOnor Registries :socio-economic evaluation of molecular techniques and recruitment strategies (MADO)\u00a0 project manager and researcher (EU4 Framework program) 110 000 EUR<\/p>\n<p><strong>Nemzetk\u00f6zi t\u00e1rsas\u00e1gi tags\u00e1gok<\/strong><\/p>\n<p>Central European Association of Bioethics<br \/>\nUNESCO Global Bioethics Network<br \/>\nHazai t\u00e1rsas\u00e1gi tags\u00e1gok<br \/>\nBOMM\u00a0 \u2013 Bioetika Oktat\u00f3k Magyarorsz\u00e1gi Munkacsoportja<\/p>\n<p><strong>Egy\u00e9b szakmai tev\u00e9kenys\u00e9gek<\/strong><\/p>\n<p>2009- Central European University CELAB munkacsoport k\u00fcls\u0151s tag<br \/>\n2007-2013 ETT TUKEB tagja<br \/>\n2007- Eur\u00f3pai Bizotts\u00e1g bioetikai szak\u00e9rt\u0151je<br \/>\n2003-2013 SOTE TUKEB tagja<br \/>\n2006 Eur\u00f3pa Tan\u00e1cs szak\u00e9rt\u0151je: Feasibility Studies on Blood Transfusion and Organ Transplantation<br \/>\n2001-2004 European Forum for Good Clinical Practice -r\u00e9sztvev\u0151je \u00e9s el\u0151ad\u00f3ja<br \/>\n2004 \u2013 World Science Forumn szervezi csoporttag<br \/>\n1998- Clinical Trials Research Group, Biomedical Ethics Unit, McGill University, Canada tagja<\/p>\n\n<\/div><h2 class=\"tabtitle\">Publik\u00e1ci\u00f3<\/h2>\n<div class=\"tabcontent\">\n\n<ol>\n<li>Szebik, I. Neuroetika LAM 2014. \u00e1prilis (in press)<\/li>\n<li>Szebik, I. Gondolatok az eg\u00e9szs\u00e9g\u00fcgy finansz\u00edroz\u00e1si k\u00e9rd\u00e9seir\u0151l antropol\u00f3giai szemmel in Orvosi Antropol\u00f3gia L\u00e1z\u00e1r and Pik\u00f3 (eds.) Medicina, 2012<\/li>\n<li>Szebik Imre \u00c9letv\u00e9gi d\u00f6nt\u00e9sek: Gondolatok a hasztalan kezel\u00e9sr\u0151l In: Fil\u00f3 M (szerk.): P\u00e1rbesz\u00e9d a hal\u00e1lr\u00f3l. Eutan\u00e1zia a jogrend perem\u00e9n. Budapest: Literatura Medica Kiad\u00f3, 2011.<\/li>\n<li>Szebik I., Zana \u00c1.: A biotechnol\u00f3gia etikai k\u00e9rd\u00e9sei. in P\u00f6rzse (szerk). Kutat\u00e1sszervez\u00e9s \u00e9s innov\u00e1ci\u00f3menedzsment az eg\u00e9szs\u00e9g- \u00e9s \u00e9lettudom\u00e1nyok ter\u00fclet\u00e9n.\u00a0 Semmelweis Kiad\u00f3, 2011.<\/li>\n<li>Szebik, I. Ideje van az \u00e9letnek, ideje van a hal\u00e1lnak. Credo, 2011. 3.<\/li>\n<li>Szebik, I. Szabadon vagy biztons\u00e1gosan? Otthon(?) sz\u00fcl\u00e9s, Credo, 2011. 4.<\/li>\n<li>Szebik, I. Sz\u00fclet\u00e9s\u00fcnk \u00e9s hal\u00e1lunk \u2013\u00a0 Lectoris salutem, Credo, 2011. 4.<\/li>\n<li>Szebik, I. Morfiumt\u00faladagol\u00e1s (?)\u00a0 Credo,\u00a0 2011. 4.<\/li>\n<li>Szebik, I. Dekriminaliz\u00e1lni az otthon sz\u00fcl\u00e9st. LAM Extra H\u00e1ziorvosoknak\u00a0 2010;2(5)<\/li>\n<li>Szebik, I. A biotechnol\u00f3giai kutat\u00e1sok \u00e1ltal felvetett etikai k\u00e9rd\u00e9sek in: P\u00f6rzse G. (ed) Innov\u00e1ci\u00f3menedzsment. Semmelweis Kiad, Budapest, 2008<\/li>\n<li>Szebik, I. Az emberi g\u00e9nter\u00e1pia etik\u00e1ja mint a genetika kommunik\u00e1ci\u0151jnak egyik paradigmatikus p\u00e9ld\u00e1ja. \u00dcnnepi k\u00f6tet Reuss Andr\u00e1s 70. sz\u00fclet\u00e9snapj\u00e1ra. Luther Kiad\u00f3, 2008.p. 341-360<\/li>\n<li>Szebik, I. Kezel\u00e9s visszautas\u00edt\u00e1sa. Etikai k\u00e9rd\u00e9sek a betegek kezel\u00e9s\u00e9ben. LAM 2007;17(45):368370.<\/li>\n<li>Szebik, I. Masked Ball: Ethics, Laws and Finances \u2013 Contradictions in Hungarian Health Care. Workshops of Science Communication, Tud\u00e1st\u00e1rsadalom Alap\u00edtv\u00e1ny, Budapest, Hungary, 2006. p. 27-42.<\/li>\n<li>R\u00f3zsa S, K\u0151 N, Csoboth Cs, Purebl Gy, Be\u00f6thy-Moln\u00e1r A, Szebik I, Berghammer R, R\u00e9thelyi J, Skrabski \u00c1, Kopp M (2005): A Rahe-f\u00e9le R\u00f6vid\u00edtett Stressz \u00e9s Megk\u00fczd\u00e9s K\u00e9rd\u0151\u00edvvel szerzett hazai eredm\u00e9nyek ismertet\u00e9se. Ment\u00e1lhigi\u00e9n\u00e9 \u00e9s Pszichoszomatika 6: 275-294<\/li>\n<li>Szebik Imre. A magyarorsz\u00e1gi klinikai kutat\u00e1s n\u00e9h\u00e1ny gyakorlati neh\u00e9zs\u00e9ge. Lege Artis Medicinae, 2005; 15 (8-9): 694-695.<\/li>\n<li>Szebik, I. Az emberi g\u00e9nter\u00e1pia etikai k\u00e9rd\u00e9sei\u00a0 Vil\u00e1goss\u00e1g, 2005\/1. pp. 25-38<\/li>\n<li>Szebik Imre. Egy szomatikus g\u00e9nter\u00e1pi\u00e1s protokoll kudarc\u00e1nak tanuls\u00e1gai. Lege Artis Medicinae, 2004; 14 (10): 721-726<\/li>\n<li>Szebik Imre. A bizony\u00edt\u00e9kokon alapul\u00f3 orvosl\u00e1shoz kapcsol\u00f3d\u00f3 etikai k\u00e9rd\u00e9sek. Lege Artis Medicinae, 2003; 13 (6): 502-505<\/li>\n<li>Szebik, I. Moral dilemmas of Gene transfer techniques. In S\u00e1ndor, J. (ed.) Society and Genetic Information. Central European University Press, Budapest, New York, 2003<\/li>\n<li>Szebik, I. Masked Ball. Ethics, Laws and Financial Contradictions in the Hungarian Health Care. Science and Engineering Ethics, 2003. 9:109-124<\/li>\n<li>Szebik, I. Megjegyz\u00e9sek az \u00e1ll\u00e1sfoglal\u00e1shoz\u00a0 Lege Artis Medicinae. 2002;12(5):350-2. (In Hungarian)<\/li>\n<li>Szebik, I. Ki marad a kamar\u00e1ban? T\u00f6preng\u00e9s az otthon sz\u00fcl\u00e9sr\u0151l Lege Artis Medicinae. 2002;12(3):172-80<\/li>\n<li>Szebik, I.Eugenika a 19. \u00e9s a 20. sz\u00e1zad fordul\u00f3j\u00e1n. 2000\u00a0 foly\u00f3irat 2002. \u00c1prilis pp. 68-74. Szebik, I., Glass, K.C. Ethical Issues of Human Germ-cell Therapy: A Preparation for Public Discussion. Academic Medicine, 2001; 76:32-38<\/li>\n<li>Szebik, I. Blanket enthusiasm for trials is not helpful \u2013 Reply to Ashcroft \u2013 Letter. British Medical Journal. 2000; 321: 1529<\/li>\n<li>Szebik, I. Altering the Mitochondrial Genome: Is it just a technical Issue? Cambridge Quarterly of Healthcare Ethics 1999 Summer (8) 369-374.<\/li>\n<li>Heged\u0171s, K., Szebik, I. Modern Medicine and death. International Journal of Bioethics, 1996, Fall. pp. 108-109.<\/li>\n<\/ol>\n<\/div><\/div>\n","protected":false},"excerpt":{"rendered":"<p><a href=\"https:\/\/semmelweis.hu\/magtud\/files\/2017\/11\/szebimr_w-1.jpg\"><\/a> Munkahely: 1993 \u2013 Semmelweis Egyetem, Magatart\u00e1studom\u00e1nyi Int\u00e9zet 1089 Budapest, Nagyv\u00e1rad t\u00e9r 4. Tel\/fax: 361-210-2955 Email: szebik.imre[ k u kac]net.sote.hu &nbsp; Beoszt\u00e1s: egyetemi docens K\u00e9pzetts\u00e9g: 2008 Eg\u00e9szs\u00e9g\u00fcgyi szakmenedzser, Semmelweis Egyetem,\u00a0 Budapest 2005 Ph.D. Klinikai Orvostudom\u00e1ny \u2013 Bioetika,\u00a0 Semmelweis Egyetem,\u00a0 Budapest 2003. Jogi szakokleveles orvos, E\u00f6tv\u00f6s L\u00f3r\u00e1nt Tudom\u00e1nyegyetem, Budapest 1999. Masters Degree in Experimental Medicine (Specialization in &hellip;<\/p>\n","protected":false},"author":110,"featured_media":0,"parent":2035,"menu_order":37,"comment_status":"closed","ping_status":"closed","template":"","meta":{"_acf_changed":false,"footnotes":""},"categories":[],"tags":[],"class_list":["post-11725","page","type-page","status-publish","hentry"],"acf":[],"_links":{"self":[{"href":"https:\/\/semmelweis.hu\/magtud\/wp-json\/wp\/v2\/pages\/11725","targetHints":{"allow":["GET"]}}],"collection":[{"href":"https:\/\/semmelweis.hu\/magtud\/wp-json\/wp\/v2\/pages"}],"about":[{"href":"https:\/\/semmelweis.hu\/magtud\/wp-json\/wp\/v2\/types\/page"}],"author":[{"embeddable":true,"href":"https:\/\/semmelweis.hu\/magtud\/wp-json\/wp\/v2\/users\/110"}],"replies":[{"embeddable":true,"href":"https:\/\/semmelweis.hu\/magtud\/wp-json\/wp\/v2\/comments?post=11725"}],"version-history":[{"count":3,"href":"https:\/\/semmelweis.hu\/magtud\/wp-json\/wp\/v2\/pages\/11725\/revisions"}],"predecessor-version":[{"id":13345,"href":"https:\/\/semmelweis.hu\/magtud\/wp-json\/wp\/v2\/pages\/11725\/revisions\/13345"}],"up":[{"embeddable":true,"href":"https:\/\/semmelweis.hu\/magtud\/wp-json\/wp\/v2\/pages\/2035"}],"wp:attachment":[{"href":"https:\/\/semmelweis.hu\/magtud\/wp-json\/wp\/v2\/media?parent=11725"}],"wp:term":[{"taxonomy":"category","embeddable":true,"href":"https:\/\/semmelweis.hu\/magtud\/wp-json\/wp\/v2\/categories?post=11725"},{"taxonomy":"post_tag","embeddable":true,"href":"https:\/\/semmelweis.hu\/magtud\/wp-json\/wp\/v2\/tags?post=11725"}],"curies":[{"name":"wp","href":"https:\/\/api.w.org\/{rel}","templated":true}]}}