{"id":11712,"date":"2023-06-07T08:54:48","date_gmt":"2023-06-07T06:54:48","guid":{"rendered":"https:\/\/semmelweis.hu\/magtud\/?page_id=11712"},"modified":"2026-02-16T13:20:29","modified_gmt":"2026-02-16T12:20:29","slug":"sule-judit","status":"publish","type":"page","link":"https:\/\/semmelweis.hu\/magtud\/intezet\/munkatarsak\/sule-judit\/","title":{"rendered":"S\u00fcle Judit"},"content":{"rendered":"<p><a href=\"https:\/\/semmelweis.hu\/magtud\/files\/2020\/10\/SuleJudit_kep.jpg\"><img loading=\"lazy\" decoding=\"async\" class=\"size-full wp-image-9379 alignright\" src=\"https:\/\/semmelweis.hu\/magtud\/files\/2020\/10\/SuleJudit_kep.jpg\" alt=\"\" width=\"129\" height=\"149\" \/><\/a><\/p>\n<div class=\"responsive-tabs\">\n<h2 class=\"tabtitle\">\u00d6n\u00e9letrajz<\/h2>\n<div class=\"tabcontent\">\n\n<p><strong>Tanulm\u00e1nyok<\/strong><\/p>\n<p>2006-2010 SE Klinikai szakpszichol\u00f3gus, MA<\/p>\n<p>1993-1998 ELTE BTK Pszichol\u00f3gus, MA<\/p>\n<p>1993-1999 ELTE BTK N\u00e9met k\u00f6z\u00e9piskolai tan\u00e1r, MA<\/p>\n<p><strong>Szakmai tapasztalat <\/strong><strong>oktat\u00e1sban<\/strong><\/p>\n<p><strong>2008 \u2013 SE \u00c1OK <\/strong>gradu\u00e1lis magyar \u00e9s n\u00e9met \u00e9vfolyam \u2013 Orvosi pszichol\u00f3gia<\/p>\n<p><strong>SE FOK<\/strong> gradu\u00e1lis n\u00e9met \u00e9vfolyam \u2013 Orvosi pszichol\u00f3gia<\/p>\n<p><strong>SE \u00c1OK <\/strong>gradu\u00e1lis n\u00e9met \u00e9vfolyam \u2013 Orvosi kommunik\u00e1ci\u00f3<\/p>\n<p><strong>\u00a0<\/strong><strong>Szakmai tapasztalat<\/strong><\/p>\n<p><strong>2020 \u2013\u00a0\u00a0 \u00a0SE Magatart\u00e1studom\u00e1nyi Int\u00e9zet Pszichoszomatikus Ambulancia \u2013 <\/strong>klinikai pszichol\u00f3gus<\/p>\n<p><strong>2012- \u00a0\u00a0\u00a0\u00a0SE Di\u00e1ktan\u00e1csad\u00f3 \u2013 <\/strong>pszichol\u00f3gus (n\u00e9met hallgat\u00f3k sz\u00e1m\u00e1ra)<\/p>\n<p><strong>2011 \u2013 2020 Mag\u00e1nrendel\u00e9s (FirstMed Centers) \u2013 <\/strong>pszichol\u00f3gus (angol, n\u00e9met)<\/p>\n<p><strong>2011 \u2013 2017 CGP Europe <\/strong>(Employee Assistance Programs)<\/p>\n<p>alap\u00edt\u00f3, szakmai vezet\u0151<\/p>\n<p>pszichol\u00f3gusi, tr\u00e9neri h\u00e1l\u00f3zat fel\u00e9p\u00edt\u00e9se, szakmai fel\u00fcgyelete a kelet-k\u00f6z\u00e9p eur\u00f3pai r\u00e9gi\u00f3ban<\/p>\n<p>ell\u00e1t\u00e1sszervez\u00e9s (pszichoszoci\u00e1lis kock\u00e1zatfelm\u00e9r\u00e9s, megold\u00e1sf\u00f3kusz\u00fa tan\u00e1csad\u00e1s, kr\u00edzisintervenci\u00f3, 7\/24-es hotline, ment\u00e1lhigi\u00e9n\u00e9s workshopok) k\u00f6z\u00e9p- \u00e9s nagyv\u00e1llalatokn\u00e1l<\/p>\n<p><strong>2006-2010 Lelki Eg\u00e9szs\u00e9gv\u00e9d\u0151 Alap\u00edtv\u00e1ny \u2013 <\/strong>pszichol\u00f3gus<\/p>\n<p><strong>\u00a0<\/strong><strong>Nyelvtud\u00e1s<\/strong><\/p>\n<p>N\u00e9met fels\u0151fok<\/p>\n<p>Angol fels\u0151fok<\/p>\n<p>Francia k\u00f6z\u00e9pfok (passz\u00edv)<\/p>\n<p>Sv\u00e9d k\u00f6z\u00e9pfok (passz\u00edv)<\/p>\n<p>\n\n<\/div><h2 class=\"tabtitle\">Publik\u00e1ci\u00f3<\/h2>\n<div class=\"tabcontent\">\n<br \/>\n<\/div><\/div><\/p>\n","protected":false},"excerpt":{"rendered":"<p><a href=\"https:\/\/semmelweis.hu\/magtud\/files\/2020\/10\/SuleJudit_kep.jpg\"><\/a> Tanulm\u00e1nyok 2006-2010 SE Klinikai szakpszichol\u00f3gus, MA 1993-1998 ELTE BTK Pszichol\u00f3gus, MA 1993-1999 ELTE BTK N\u00e9met k\u00f6z\u00e9piskolai tan\u00e1r, MA Szakmai tapasztalat oktat\u00e1sban 2008 \u2013 SE \u00c1OK gradu\u00e1lis magyar \u00e9s n\u00e9met \u00e9vfolyam \u2013 Orvosi pszichol\u00f3gia SE FOK gradu\u00e1lis n\u00e9met \u00e9vfolyam \u2013 Orvosi pszichol\u00f3gia SE \u00c1OK gradu\u00e1lis n\u00e9met \u00e9vfolyam \u2013 Orvosi kommunik\u00e1ci\u00f3 \u00a0Szakmai tapasztalat 2020 \u2013\u00a0\u00a0 \u00a0SE Magatart\u00e1studom\u00e1nyi &hellip;<\/p>\n","protected":false},"author":110,"featured_media":0,"parent":2035,"menu_order":34,"comment_status":"closed","ping_status":"closed","template":"","meta":{"_acf_changed":false,"footnotes":""},"categories":[],"tags":[],"class_list":["post-11712","page","type-page","status-publish","hentry"],"acf":[],"_links":{"self":[{"href":"https:\/\/semmelweis.hu\/magtud\/wp-json\/wp\/v2\/pages\/11712","targetHints":{"allow":["GET"]}}],"collection":[{"href":"https:\/\/semmelweis.hu\/magtud\/wp-json\/wp\/v2\/pages"}],"about":[{"href":"https:\/\/semmelweis.hu\/magtud\/wp-json\/wp\/v2\/types\/page"}],"author":[{"embeddable":true,"href":"https:\/\/semmelweis.hu\/magtud\/wp-json\/wp\/v2\/users\/110"}],"replies":[{"embeddable":true,"href":"https:\/\/semmelweis.hu\/magtud\/wp-json\/wp\/v2\/comments?post=11712"}],"version-history":[{"count":2,"href":"https:\/\/semmelweis.hu\/magtud\/wp-json\/wp\/v2\/pages\/11712\/revisions"}],"predecessor-version":[{"id":11716,"href":"https:\/\/semmelweis.hu\/magtud\/wp-json\/wp\/v2\/pages\/11712\/revisions\/11716"}],"up":[{"embeddable":true,"href":"https:\/\/semmelweis.hu\/magtud\/wp-json\/wp\/v2\/pages\/2035"}],"wp:attachment":[{"href":"https:\/\/semmelweis.hu\/magtud\/wp-json\/wp\/v2\/media?parent=11712"}],"wp:term":[{"taxonomy":"category","embeddable":true,"href":"https:\/\/semmelweis.hu\/magtud\/wp-json\/wp\/v2\/categories?post=11712"},{"taxonomy":"post_tag","embeddable":true,"href":"https:\/\/semmelweis.hu\/magtud\/wp-json\/wp\/v2\/tags?post=11712"}],"curies":[{"name":"wp","href":"https:\/\/api.w.org\/{rel}","templated":true}]}}