{"id":11710,"date":"2023-06-07T08:53:03","date_gmt":"2023-06-07T06:53:03","guid":{"rendered":"https:\/\/semmelweis.hu\/magtud\/?page_id=11710"},"modified":"2026-02-16T13:21:36","modified_gmt":"2026-02-16T12:21:36","slug":"susanszky-anna","status":"publish","type":"page","link":"https:\/\/semmelweis.hu\/magtud\/intezet\/munkatarsak\/susanszky-anna\/","title":{"rendered":"Sus\u00e1nszky Anna"},"content":{"rendered":"<div class=\"responsive-tabs\">\n<h2 class=\"tabtitle\">\u00d6n\u00e9letrajz<\/h2>\n<div class=\"tabcontent\">\n\n<p><strong>Beoszt\u00e1s: <\/strong>Egyetemi adjunktus<\/p>\n<p><strong>El\u00e9rhet\u0151s\u00e9gek:<\/strong><\/p>\n<p>Lev\u00e9lc\u00edm: \u00a0\u00a0\u00a0\u00a0\u00a0 <br \/>\nSemmelweis Egyetem, <br \/>\nMagatart\u00e1studom\u00e1nyi Int\u00e9zet<br \/>\n1089 Budapest, Nagyv\u00e1rad t\u00e9r 4.<br \/>\nTelefon: \u00a0\u00a0\u00a0\u00a0\u00a0\u00a0\u00a0\u00a0 +36 1 210 2953, fax: +36 1 210 2955<br \/>\nE-mail: \u00a0\u00a0\u00a0 \u00a0 \u00a0\u00a0\u00a0 <a href=\"mailto:susanszky.anna@semmelweis.hu\">susanszky.anna@semmelweis.hu<\/a><br \/>\n\u00a0\u00a0\u00a0\u00a0\u00a0\u00a0\u00a0\u00a0\u00a0\u00a0\u00a0\u00a0\u00a0\u00a0\u00a0\u00a0\u00a0\u00a0\u00a0\u00a0\u00a0\u00a0 <a href=\"mailto:susanszky.anna@gmail.com\">susanszky.anna@gmail.com<\/a><\/p>\n<p>&nbsp;<\/p>\n<p><strong>V\u00e9gzetts\u00e9g:<\/strong><\/p>\n<ol start=\"2002\">\n<li>Kultur\u00e1lis antropol\u00f3gus kutat\u00f3, vizu\u00e1lis kult\u00fara tan\u00e1r<\/li>\n<\/ol>\n<p>Miskolci Egyetem, Kultur\u00e1lis \u00e9s vizu\u00e1lis antropol\u00f3gia szak<\/p>\n<ol start=\"2020\">\n<li>PhD fokozat, Semmelweis Egyetem, Ment\u00e1lis Eg\u00e9szs\u00e9gtudom\u00e1nyok Doktori Iskola<\/li>\n<\/ol>\n<p>&nbsp;<\/p>\n<p><strong>Egy\u00e9b k\u00e9pzetts\u00e9gek: <\/strong><\/p>\n<ol start=\"2012\">\n<li>Mesepedag\u00f3gus<br \/>\nMesepedag\u00f3gia- Nevel\u00e9s \u00e9s oktat\u00e1s mes\u00e9kkel (A program feln\u0151ttk\u00e9pz\u00e9si nyilv\u00e1ntart\u00e1si sz\u00e1ma: 00733-2012)\u00a0<\/li>\n<\/ol>\n<ol start=\"2014\">\n<li>Alkot\u00f3-fejleszt\u0151 Metamorphoses- meseterapeuta<br \/>\nMeseter\u00e1pia k\u00e9pz\u00e9s 120 \u00f3ra (SE-TK\/2013.I.\/00117, SE-TK\/2013.II\/00256, SE-TK\/2014.I.\/00090)<\/li>\n<\/ol>\n<ol start=\"2019\">\n<li>200 \u00f3r\u00e1s Csal\u00e1dter\u00e1pia elm\u00e9leti \u00e9s m\u00f3dszertani alapk\u00e9pz\u00e9s \u00e9s szuperv\u00edzi\u00f3s szakasz (2017\/19\/TF\/200\/Budapest)<\/li>\n<li>Williams \u00c9letk\u00e9szs\u00e9gek okleveles facilit\u00e1tor (pedag\u00f3gus \u00e9s di\u00e1k W\u00c9K specializ\u00e1ci\u00f3val)<\/li>\n<\/ol>\n<p>&nbsp;<\/p>\n<p><strong>Nyelvismeret:<\/strong><\/p>\n<ol start=\"2003\">\n<li>angol k\u00f6z\u00e9pfok<\/li>\n<li>n\u00e9met alapfok<\/li>\n<\/ol>\n<p>&nbsp;<\/p>\n<p><strong>Munkahelyek:<\/strong><\/p>\n<p>2002-2004\u00a0\u00a0\u00a0\u00a0\u00a0 Semmelweis Egyetem, Magatart\u00e1studom\u00e1nyi Int\u00e9zet, antropol\u00f3gia csoport, egyetemi gyakornok<\/p>\n<p>2008- \u00a0\u00a0\u00a0\u00a0\u00a0\u00a0\u00a0\u00a0\u00a0\u00a0\u00a0\u00a0 Semmelweis Egyetem, Magatart\u00e1studom\u00e1nyi Int\u00e9zet, szociol\u00f3gia csoport, egyetemi tan\u00e1rseg\u00e9d<\/p>\n<p>2022-\u00a0\u00a0\u00a0\u00a0\u00a0\u00a0\u00a0\u00a0\u00a0\u00a0\u00a0\u00a0\u00a0 Semmelweis Egyetem, Magatart\u00e1studom\u00e1nyi Int\u00e9zet, szociol\u00f3gia csoport, egyetemi adjunktus<\/p>\n<p>&nbsp;<\/p>\n<p><strong>Oktat\u00e1s:<\/strong><\/p>\n<p>Gradu\u00e1lis k\u00e9pz\u00e9s:<\/p>\n<p>2002-\u00a0\u00a0\u00a0\u00a0\u00a0\u00a0\u00a0\u00a0\u00a0\u00a0\u00a0\u00a0\u00a0 orvosi antropol\u00f3gia, orvosi szociol\u00f3gia (\u00c1OK, GYOK, FOK)<\/p>\n<p>2010-\u00a0\u00a0\u00a0\u00a0\u00a0\u00a0\u00a0\u00a0\u00a0\u00a0\u00a0\u00a0\u00a0 \u201eA reprodukci\u00f3 kultur\u00e1lis k\u00fcl\u00f6nbs\u00e9gei\u201d c. szabadon v\u00e1laszthat\u00f3 t\u00e1rgy vezet\u00e9se<\/p>\n<p>2022-\u00a0\u00a0\u00a0\u00a0\u00a0\u00a0\u00a0\u00a0\u00a0\u00a0\u00a0\u00a0\u00a0 \u201eStresszkezel\u00e9s elm\u00e9lete \u00e9s gyakorlata\u201d c. szabadon v\u00e1laszthat\u00f3 t\u00e1rgy, csoportvezet\u0151<\/p>\n<p>CME k\u00e9pz\u00e9s:<\/p>\n<p>2013-\u00a0\u00a0\u00a0\u00a0\u00a0\u00a0\u00a0\u00a0\u00a0\u00a0\u00a0\u00a0\u00a0 Az orvos-beteg kapcsolat kultur\u00e1lis saj\u00e1toss\u00e1gai. Alkalmazott klinikai orvosi antropol\u00f3gia<\/p>\n<p>&nbsp;<\/p>\n<p><strong>Egy\u00e9b tev\u00e9kenys\u00e9gek:<\/strong><\/p>\n<p>2014- \u00a0\u00a0\u00a0\u00a0\u00a0\u00a0\u00a0\u00a0\u00a0\u00a0\u00a0\u00a0 Min\u0151s\u00e9gbiztos\u00edt\u00e1si Vezet\u0151<br \/>\nSemmelweis Egyetem, Magatart\u00e1studom\u00e1nyi Int\u00e9zet<\/p>\n<p>&nbsp;<\/p>\n<p><strong>Kutat\u00e1si t\u00e9m\u00e1k: <\/strong><\/p>\n<p>Sz\u00fcl\u00e9s\/sz\u00fclet\u00e9s kultur\u00e1lis k\u00fcl\u00f6nbs\u00e9gei<\/p>\n<p>T\u00e1rsadalmi nemi szerepek v\u00e1ltoz\u00e1sa<\/p>\n<p>F\u00e9rfi nemi-szerep stressz \u00e9s az eg\u00e9szs\u00e9gi \u00e1llapot \u00f6sszef\u00fcgg\u00e9sei<\/p>\n<p>&nbsp;<\/p>\n<p><strong>P\u00e1ly\u00e1zatok:<\/strong><\/p>\n<p>R\u00e9sztvev\u0151kutat\u00f3:<\/p>\n<p>2002-2004.\u00a0\u00a0\u00a0\u00a0 OTKA Iskola TS 049785 sz. p\u00e1ly\u00e1zat<\/p>\n<p>\u201eAz \u00e9letmin\u0151s\u00e9g demogr\u00e1fiai, t\u00e1rsadalmi \u00e9s region\u00e1lis egyenl\u0151tlens\u00e9geinek pszicho-szoci\u00e1lis meghat\u00e1rozotts\u00e1ga a magyar n\u00e9pess\u00e9g k\u00f6r\u00e9ben \u00e9s a beavatkoz\u00e1s lehet\u0151s\u00e9gei. \u00c9letmin\u0151s\u00e9g \u00e9s es\u00e9lyer\u0151s\u00edt\u00e9s.\u201d<\/p>\n<p>2002-2004.\u00a0\u00a0\u00a0\u00a0 NKFP-01\/002\/2001 sz. p\u00e1ly\u00e1zat<\/p>\n<p><em>\u201eA magyar n\u00e9pess\u00e9g id\u0151 el\u0151tti eg\u00e9szs\u00e9groml\u00e1s\u00e1nak bio-pszicho-szoci\u00e1lis meghat\u00e1roz\u00f3i \u00e9s a megel\u0151z\u00e9s lehet\u0151s\u00e9gei<\/em><em>.\u201d <\/em><\/p>\n<ol start=\"2002\">\n<li>NKFP IB\/0015\/2002 sz. p\u00e1ly\u00e1zat<\/li>\n<\/ol>\n<p>\u201eSeg\u00edt\u0151 kapcsolati modellek a munkan\u00e9lk\u00fclis\u00e9g \u00e9s a hajl\u00e9ktalans\u00e1g kezel\u00e9s\u00e9ben\u201d<\/p>\n<p>2004-2006.\u00a0\u00a0\u00a0\u00a0 NKFP 1B\/020\/2004 sz. p\u00e1ly\u00e1zat<\/p>\n<p>\u201eA legnagyobb n\u00e9peg\u00e9szs\u00e9g\u00fcgyi jelent\u0151s\u00e9g\u0171 megbeteged\u00e9sek kialakul\u00e1s\u00e1nak \u00e9s lefoly\u00e1s\u00e1nak bio-pszicho-szoci\u00e1lis meghat\u00e1roz\u00f3i \u00e9s az eg\u00e9szs\u00e9gfejleszt\u00e9s lehet\u0151s\u00e9gei\u201d<\/p>\n<p>2006-2008.\u00a0\u00a0\u00a0 UNICAFE SAA6-036695 EU-6 project<\/p>\n<p>\u201eUniversity Career of Female Scientists\u201d<\/p>\n<ol start=\"2013\">\n<li><em>T\u00c1MOP5.4.1-12. p\u00e1ly\u00e1zat<\/em><\/li>\n<\/ol>\n<p><em>\u201eHungarostudy-2013\u201d Lakoss\u00e1gi eg\u00e9szs\u00e9gi \u00e1llapot felm\u00e9r\u00e9s.<\/em><\/p>\n<p><em>2016-2017\u00a0\u00a0\u00a0\u00a0 \u201eA sz\u00fcl\u0151 n\u0151k helyzete az ell\u00e1t\u00e1si modellek t\u00fckr\u00e9ben.\u201d Semmelweis Egyetem<\/em><\/p>\n<p><em>\u00a0<\/em><\/p>\n<p><em>\u00a0<\/em><\/p>\n<p><em><strong>Publik\u00e1ci\u00f3k:\u00a0 <a href=\"https:\/\/m2.mtmt.hu\/gui2\/?type=authors&amp;mode=browse&amp;sel=10035527\">https:\/\/m2.mtmt.hu\/gui2\/?type=authors&amp;mode=browse&amp;sel=10035527<\/a><\/strong><\/em><\/p>\n<p>&nbsp;<\/p>\n<p><strong>Tudom\u00e1nyos t\u00e1rsas\u00e1g: <\/strong><\/p>\n<p>2010-\u00a0\u00a0\u00a0\u00a0\u00a0\u00a0\u00a0\u00a0\u00a0\u00a0\u00a0\u00a0\u00a0 Selye J\u00e1nos Magyar Magatart\u00e1studom\u00e1nyi \u00e9s Magatart\u00e1sorvosl\u00e1si T\u00e1rsas\u00e1g<\/p>\n<p>2018-\u00a0 \u00a0\u00a0\u00a0\u00a0\u00a0\u00a0\u00a0\u00a0\u00a0\u00a0\u00a0 Magyar Csal\u00e1dter\u00e1pi\u00e1s Egyes\u00fclet<\/p>\n<p><strong>Kutat\u00f3csoport:\u00a0\u00a0\u00a0\u00a0\u00a0\u00a0\u00a0\u00a0\u00a0\u00a0\u00a0\u00a0\u00a0\u00a0\u00a0\u00a0\u00a0\u00a0\u00a0\u00a0\u00a0 <\/strong><\/p>\n<p><a href=\"http:\/\/magtud.semmelweis.hu\/18-kutatas\/kutatasi-teruletek\/72-hungarostudy-kutatocsoport\">http:\/\/magtud.semmelweis.hu\/18-kutatas\/kutatasi-teruletek\/72-hungarostudy-kutatocsoport<\/a><\/p>\n<p><a href=\"http:\/\/www.hungarostudy.hu\/\">http:\/\/www.hungarostudy.hu\/<\/a><\/p>\n<p><a href=\"http:\/\/semmelweis.hu\/magtud\/kutatas\/kutatasi-teruletek\/szuleszet-magatartastudomanyi-szemmel\/\">http:\/\/semmelweis.hu\/magtud\/kutatas\/kutatasi-teruletek\/szuleszet-magatartastudomanyi-szemmel\/<\/a><\/p>\n<p>&nbsp;<\/p>\n<p>Budapest, 2024. 11. 22.<\/p>\n<p>&nbsp;<\/p>\n<p><em>\u00a0<\/em>\n<\/div><h2 class=\"tabtitle\">Publik\u00e1ci\u00f3<\/h2>\n<div class=\"tabcontent\">\n<\/p>\n<p><em><strong>Publik\u00e1ci\u00f3k:\u00a0 <a href=\"http:\/\/web.archive.org\/web\/20181004133600\/https:\/\/vm.mtmt.hu\/search\/slist.php?nwi=1&amp;inited=1&amp;ty_on=1&amp;url_on=1&amp;cite_type=2&amp;orderby=3D1a&amp;location=mtmt&amp;stn=1&amp;AuthorID=10035527&amp;Scientific=1\">https:\/\/vm.mtmt.hu<\/a><\/strong><\/em><br \/>\n<\/div><\/div><\/p>\n","protected":false},"excerpt":{"rendered":"<p>Beoszt\u00e1s: Egyetemi adjunktus El\u00e9rhet\u0151s\u00e9gek: Lev\u00e9lc\u00edm: \u00a0\u00a0\u00a0\u00a0\u00a0 Semmelweis Egyetem, Magatart\u00e1studom\u00e1nyi Int\u00e9zet 1089 Budapest, Nagyv\u00e1rad t\u00e9r 4. Telefon: \u00a0\u00a0\u00a0\u00a0\u00a0\u00a0\u00a0\u00a0 +36 1 210 2953, fax: +36 1 210 2955 E-mail: \u00a0\u00a0\u00a0 \u00a0 \u00a0\u00a0\u00a0 <a href=\"mailto:susanszky.anna@semmelweis.hu\">susanszky.anna@semmelweis.hu<\/a> \u00a0\u00a0\u00a0\u00a0\u00a0\u00a0\u00a0\u00a0\u00a0\u00a0\u00a0\u00a0\u00a0\u00a0\u00a0\u00a0\u00a0\u00a0\u00a0\u00a0\u00a0\u00a0 <a href=\"mailto:susanszky.anna@gmail.com\">susanszky.anna@gmail.com<\/a> &nbsp; V\u00e9gzetts\u00e9g: Kultur\u00e1lis antropol\u00f3gus kutat\u00f3, vizu\u00e1lis kult\u00fara tan\u00e1r Miskolci Egyetem, Kultur\u00e1lis \u00e9s vizu\u00e1lis antropol\u00f3gia szak PhD fokozat, Semmelweis Egyetem, Ment\u00e1lis Eg\u00e9szs\u00e9gtudom\u00e1nyok Doktori Iskola &nbsp; &hellip;<\/p>\n","protected":false},"author":110,"featured_media":0,"parent":2035,"menu_order":33,"comment_status":"closed","ping_status":"closed","template":"","meta":{"_acf_changed":false,"footnotes":""},"categories":[],"tags":[],"class_list":["post-11710","page","type-page","status-publish","hentry"],"acf":[],"_links":{"self":[{"href":"https:\/\/semmelweis.hu\/magtud\/wp-json\/wp\/v2\/pages\/11710","targetHints":{"allow":["GET"]}}],"collection":[{"href":"https:\/\/semmelweis.hu\/magtud\/wp-json\/wp\/v2\/pages"}],"about":[{"href":"https:\/\/semmelweis.hu\/magtud\/wp-json\/wp\/v2\/types\/page"}],"author":[{"embeddable":true,"href":"https:\/\/semmelweis.hu\/magtud\/wp-json\/wp\/v2\/users\/110"}],"replies":[{"embeddable":true,"href":"https:\/\/semmelweis.hu\/magtud\/wp-json\/wp\/v2\/comments?post=11710"}],"version-history":[{"count":5,"href":"https:\/\/semmelweis.hu\/magtud\/wp-json\/wp\/v2\/pages\/11710\/revisions"}],"predecessor-version":[{"id":12609,"href":"https:\/\/semmelweis.hu\/magtud\/wp-json\/wp\/v2\/pages\/11710\/revisions\/12609"}],"up":[{"embeddable":true,"href":"https:\/\/semmelweis.hu\/magtud\/wp-json\/wp\/v2\/pages\/2035"}],"wp:attachment":[{"href":"https:\/\/semmelweis.hu\/magtud\/wp-json\/wp\/v2\/media?parent=11710"}],"wp:term":[{"taxonomy":"category","embeddable":true,"href":"https:\/\/semmelweis.hu\/magtud\/wp-json\/wp\/v2\/categories?post=11710"},{"taxonomy":"post_tag","embeddable":true,"href":"https:\/\/semmelweis.hu\/magtud\/wp-json\/wp\/v2\/tags?post=11710"}],"curies":[{"name":"wp","href":"https:\/\/api.w.org\/{rel}","templated":true}]}}