{"id":11692,"date":"2023-06-07T08:37:19","date_gmt":"2023-06-07T06:37:19","guid":{"rendered":"https:\/\/semmelweis.hu\/magtud\/?page_id=11692"},"modified":"2026-03-20T13:42:02","modified_gmt":"2026-03-20T12:42:02","slug":"sandor-imola","status":"publish","type":"page","link":"https:\/\/semmelweis.hu\/magtud\/intezet\/munkatarsak\/sandor-imola\/","title":{"rendered":"Dr. S\u00e1ndor Imola"},"content":{"rendered":"<p><a href=\"https:\/\/semmelweis.hu\/magtud\/files\/2018\/09\/Imolatol_fenykep.jpg\"><img loading=\"lazy\" decoding=\"async\" class=\"alignright wp-image-5499\" src=\"https:\/\/semmelweis.hu\/magtud\/files\/2018\/09\/Imolatol_fenykep.jpg\" alt=\"\" width=\"200\" height=\"300\" srcset=\"https:\/\/semmelweis.hu\/magtud\/files\/2018\/09\/Imolatol_fenykep.jpg 2560w, https:\/\/semmelweis.hu\/magtud\/files\/2018\/09\/Imolatol_fenykep-200x300.jpg 200w, https:\/\/semmelweis.hu\/magtud\/files\/2018\/09\/Imolatol_fenykep-768x1152.jpg 768w, https:\/\/semmelweis.hu\/magtud\/files\/2018\/09\/Imolatol_fenykep-683x1024.jpg 683w\" sizes=\"auto, (max-width: 200px) 100vw, 200px\" \/><\/a><\/p>\n<div class=\"responsive-tabs\">\n<h2 class=\"tabtitle\">\u00d6n\u00e9letrajz<\/h2>\n<div class=\"tabcontent\">\n\n<p>Munkahely: Semmelweis Egyetem Magatart\u00e1studom\u00e1nyi Int\u00e9zet, 1089 Budapest,\u00a0\u00a0 Nagyv\u00e1rad t\u00e9r 4.<\/p>\n<p>Email: sandor.imola@med.semmelweis-univ.hu\u00a0\u00a0\u00a0\u00a0\u00a0\u00a0\u00a0\u00a0\u00a0\u00a0<\/p>\n<p><strong><u>Tanulm\u00e1nyok, v\u00e9gzetts\u00e9g<\/u><\/strong><\/p>\n<p>2017-2022 PhD, SE Ment\u00e1lis Eg\u00e9szs\u00e9gtudom\u00e1nyok Doktori Iskola,<br \/>\n\u00a0\u00a0\u00a0\u00a0\u00a0\u00a0\u00a0\u00a0\u00a0\u00a0\u00a0\u00a0\u00a0\u00a0\u00a0\u00a0\u00a0\u00a0\u00a0\u00a0\u00a0\u00a0\u00a0 Klinikai Pszichol\u00f3gia Program<\/p>\n<p>2000-2004 \u00a0\u00a0\u00a0\u00a0 SE \u00c1OK-Klinikai Pszichol\u00f3gia Tansz\u00e9k- Klinikai \u00e9s ment\u00e1lhigi\u00e9niai feln\u0151tt\u00a0<\/p>\n<p>\u00a0\u00a0\u00a0\u00a0\u00a0\u00a0\u00a0\u00a0\u00a0\u00a0\u00a0\u00a0\u00a0\u00a0\u00a0\u00a0\u00a0\u00a0\u00a0\u00a0\u00a0\u00a0\u00a0 szakpszichol\u00f3gus \u00a0<\/p>\n<p>1992-1997\u00a0\u00a0\u00a0\u00a0\u00a0 Babes-Bolyai Tudom\u00e1nyegyetem Kolozsv\u00e1r \u2013 pszichol\u00f3gia szak\u00a0\u00a0\u00a0\u00a0\u00a0\u00a0\u00a0\u00a0\u00a0\u00a0\u00a0\u00a0\u00a0\u00a0\u00a0\u00a0\u00a0\u00a0\u00a0\u00a0\u00a0\u00a0\u00a0\u00a0\u00a0\u00a0\u00a0\u00a0\u00a0\u00a0\u00a0\u00a0\u00a0\u00a0\u00a0\u00a0\u00a0\u00a0\u00a0\u00a0\u00a0\u00a0\u00a0\u00a0\u00a0\u00a0\u00a0\u00a0\u00a0\u00a0\u00a0\u00a0\u00a0\u00a0\u00a0\u00a0\u00a0\u00a0\u00a0\u00a0\u00a0\u00a0\u00a0\u00a0<\/p>\n<p>Egy\u00e9b k\u00e9pes\u00edt\u00e9sek\u00a0\u00a0<\/p>\n<p>\u00a02007-2008 \u00a0\u00a0\u00a0\u00a0 Williams \u00c9letk\u00e9szs\u00e9gek Stresszkezel\u0151 \u00e9s Kommunik\u00e1ci\u00f3s tr\u00e9ning &#8211; facilit\u00e1tor<u>\u00a0\u00a0 <\/u><\/p>\n<p>2000-2004 Csal\u00e1dter\u00e1pi\u00e1s \u00e9s rendszerszeml\u00e9let\u0171 terapeuta k\u00e9pz\u00e9s<\/p>\n<p><strong>\u00a0<\/strong><strong><u>Szakmai p\u00e1lyafut\u00e1s:<\/u><\/strong><\/p>\n<p>\u00a01999<strong>&#8211;<\/strong>\u00a0\u00a0\u00a0\u00a0\u00a0\u00a0\u00a0\u00a0\u00a0\u00a0\u00a0 <strong>SE \u00c1OK Magatart\u00e1studom\u00e1nyi Int\u00e9zet<\/strong><\/p>\n<ul>\n<li><strong>Klinikai tev\u00e9kenys\u00e9g:<\/strong>\n<ul>\n<li><em>SE Hallgat\u00f3i Pszichol\u00f3giai Konzult\u00e1ci\u00f3s Szolg\u00e1lat vezet\u0151je<\/em><\/li>\n<li><em>SE Pszichoszomatikus Szakrendel\u0151<\/em><\/li>\n<\/ul>\n<\/li>\n<li><strong>Oktat\u00e1s:<\/strong>\u00a0\u00a0\u00a0\u00a0\u00a0\u00a0\u00a0\u00a0\u00a0\u00a0\u00a0\u00a0\u00a0\u00a0\u00a0\u00a0\u00a0\u00a0\u00a0\u00a0\u00a0\u00a0\u00a0\u00a0\u00a0\u00a0\u00a0\u00a0\u00a0\u00a0\u00a0\u00a0\u00a0\u00a0\u00a0\u00a0\u00a0\u00a0\u00a0\u00a0\u00a0\u00a0\u00a0\u00a0\u00a0\u00a0\u00a0\u00a0\u00a0\u00a0\u00a0\u00a0\u00a0\u00a0\u00a0\u00a0\u00a0\u00a0\u00a0\u00a0\u00a0\u00a0\u00a0\u00a0\u00a0\u00a0 \u00a0\u00a0\u00a0\u00a0\u00a0\u00a0\u00a0\u00a0\u00a0\u00a0\u00a0\u00a0\u00a0\u00a0\u00a0\u00a0\u00a0\u00a0\u00a0\u00a0\u00a0\u00a0<\/li>\n<\/ul>\n<ul>\n<li>Gradu\u00e1lis oktat\u00e1s\n<ul>\n<li>Orvosi kommunik\u00e1ci\u00f3<\/li>\n<li>Pszichoter\u00e1pia az orvosi gyakorlatban c. t\u00e1rgy<\/li>\n<\/ul>\n<\/li>\n<li>Posztgradu\u00e1lis oktat\u00e1s\n<ul>\n<li>Rezidens t\u00f6rzsk\u00e9pz\u00e9s<\/li>\n<li>CME k\u00e9pz\u00e9sek-Ki\u00e9g\u00e9s megel\u0151z\u00e9se program,<\/li>\n<\/ul>\n<\/li>\n<\/ul>\n<p>\u00a0\u00a0\u00a0\u00a0\u00a0\u00a0\u00a0\u00a0\u00a0\u00a0\u00a0\u00a0\u00a0\u00a0\u00a0\u00a0\u00a0\u00a0\u00a0\u00a0\u00a0\u00a0\u00a0\u00a0\u00a0 Stresszkezel\u00e9s elm\u00e9lete \u00e9s gyakorlata<\/p>\n<ul>\n<li><strong>Kutat\u00e1s:<\/strong><\/li>\n<\/ul>\n<p>2013<strong> &#8211;<\/strong>2015<strong> \u00a0 <\/strong>\u201eHungarostudy 2013\u201dT\u00c1MOP 5.4.1-12\u00a0 Reperzentat\u00edv lakoss\u00e1gi felm\u00e9r\u00e9sben val\u00f3 r\u00e9szv\u00e9tel<\/p>\n<p>2011-2013 \u201eAz orvostanhallgat\u00f3k szomatikus \u00e9s ment\u00e1lis eg\u00e9szs\u00e9g\u00e9nek, valamint\u00a0 \u00a0\u00a0\u00a0\u00a0\u00a0 rizik\u00f3magatart\u00e1s\u00e1nak vizsg\u00e1lata\u201d \u2013 A bonctermi \u00e9lm\u00e9nyek vizsg\u00e1lata\u00a0\u00a0\u00a0\u00a0\u00a0\u00a0\u00a0\u00a0\u00a0\u00a0\u00a0\u00a0\u00a0\u00a0\u00a0\u00a0\u00a0\u00a0\u00a0\u00a0\u00a0\u00a0\u00a0\u00a0\u00a0\u00a0\u00a0\u00a0\u00a0\u00a0\u00a0<\/p>\n<p><strong>Prevenci\u00f3s programok \u00e9s kutat\u00e1s:<\/strong><\/p>\n<ul>\n<li>ProYouth Nemzetk\u00f6zi Prevenci\u00f3s \u00e9s Kutat\u00e1si\u00a0 Program- az ev\u00e9szavarok megel\u0151z\u00e9s\u00e9re ir\u00e1nyul\u00f3\u00a0 program adapt\u00e1l\u00e1sa , koordin\u00e1l\u00e1sa<\/li>\n<\/ul>\n<p>2010-\u00a0\u00a0\u00a0\u00a0 \u00a0\u00a0\u00a0\u00a0\u00a0\u00a0\u00a0\u00a0 Semmelweis Egyetemi NetKarrieriroda \u2013 Ment\u00e1lhigi\u00e9n\u00e9s szolg\u00e1ltat\u00e1sok<\/p>\n<p>\u00a0\u00a0\u00a0\u00a0\u00a0\u00a0\u00a0\u00a0\u00a0\u00a0\u00a0\u00a0\u00a0\u00a0\u00a0\u00a0\u00a0\u00a0\u00a0\u00a0\u00a0\u00a0\u00a0 koordin\u00e1l\u00e1sa<\/p>\n<p>2009-2010\u00a0\u00a0\u00a0\u00a0\u00a0\u00a0 Selye J\u00e1nos Lelki Eg\u00e9szs\u00e9g Program \u00e9s Kutat\u00e1s \u2013 orsz\u00e1gos stresszkezel\u0151\u00a0 tr\u00e9ningsorozat a munkahelyi stressz cs\u00f6kkent\u00e9s\u00e9re\u00a0\u00a0\u00a0<\/p>\n<p><strong><u>Nyelvismeret:<\/u><\/strong> Angol: fels\u0151-k\u00f6z\u00e9pfok<\/p>\n<p>\u00a0\u00a0\u00a0\u00a0\u00a0\u00a0\u00a0\u00a0\u00a0\u00a0\u00a0\u00a0\u00a0\u00a0\u00a0\u00a0\u00a0\u00a0\u00a0\u00a0\u00a0\u00a0\u00a0\u00a0\u00a0\u00a0\u00a0\u00a0\u00a0\u00a0\u00a0 Rom\u00e1n: fels\u0151fok<\/p>\n<p><strong><u>T\u00e1rsas\u00e1gi tags\u00e1gok:<\/u><\/strong><\/p>\n<p>Magyar Csal\u00e1dter\u00e1pi\u00e1s Egyes\u00fclet<\/p>\n<p>Selye J\u00e1nos Magatart\u00e1studom\u00e1nyi \u00e9s Magatart\u00e1sorvosl\u00e1si T\u00e1rsas\u00e1g-eln\u00f6ks\u00e9gi tag<\/p>\n<p>International Society of Behavioral Medicine<\/p>\n<p><strong><u>Publik\u00e1ci\u00f3k (MTMT azonos\u00edt\u00f3:10024077)<\/u><\/strong><\/p>\n<p>Tudom\u00e1nyos k\u00f6zlem\u00e9nyek sz\u00e1ma: 27<\/p>\n<p>K\u00f6nyvfejezet: 2<\/p>\n<p>Magyar nyelv\u0171 foly\u00f3iratcikk: 9<\/p>\n<p>Angol nyelv\u0171 foly\u00f3iratcikk: 4<\/p>\n<p>IF: 7,23<\/p>\n<p>Hirsch index: 3<\/p>\n<p>Budapest, 2022. szeptember 6.\u00a0\u00a0\u00a0\u00a0\u00a0\u00a0\u00a0\u00a0\u00a0\u00a0\u00a0\u00a0\u00a0\u00a0\u00a0\u00a0\u00a0\u00a0\u00a0\u00a0\u00a0\u00a0\u00a0\u00a0\u00a0\u00a0\u00a0\u00a0\u00a0\u00a0\u00a0\u00a0\u00a0\u00a0\u00a0\u00a0\u00a0\u00a0\u00a0\u00a0\u00a0\u00a0 \u00a0\u00a0\u00a0\u00a0\u00a0\u00a0\u00a0\u00a0\u00a0\u00a0\u00a0\u00a0\u00a0\u00a0\u00a0\u00a0\u00a0S\u00e1ndor Imola<\/p>\n<p>\n\n<\/div><h2 class=\"tabtitle\">Publik\u00e1ci\u00f3<\/h2>\n<div class=\"tabcontent\">\n<br \/>\n<\/div><\/div><\/p>\n","protected":false},"excerpt":{"rendered":"<p><a href=\"https:\/\/semmelweis.hu\/magtud\/files\/2018\/09\/Imolatol_fenykep.jpg\"><\/a> Munkahely: Semmelweis Egyetem Magatart\u00e1studom\u00e1nyi Int\u00e9zet, 1089 Budapest,\u00a0\u00a0 Nagyv\u00e1rad t\u00e9r 4. Email: sandor.imola@med.semmelweis-univ.hu\u00a0\u00a0\u00a0\u00a0\u00a0\u00a0\u00a0\u00a0\u00a0\u00a0 Tanulm\u00e1nyok, v\u00e9gzetts\u00e9g 2017-2022 PhD, SE Ment\u00e1lis Eg\u00e9szs\u00e9gtudom\u00e1nyok Doktori Iskola, \u00a0\u00a0\u00a0\u00a0\u00a0\u00a0\u00a0\u00a0\u00a0\u00a0\u00a0\u00a0\u00a0\u00a0\u00a0\u00a0\u00a0\u00a0\u00a0\u00a0\u00a0\u00a0\u00a0 Klinikai Pszichol\u00f3gia Program 2000-2004 \u00a0\u00a0\u00a0\u00a0 SE \u00c1OK-Klinikai Pszichol\u00f3gia Tansz\u00e9k- Klinikai \u00e9s ment\u00e1lhigi\u00e9niai feln\u0151tt\u00a0 \u00a0\u00a0\u00a0\u00a0\u00a0\u00a0\u00a0\u00a0\u00a0\u00a0\u00a0\u00a0\u00a0\u00a0\u00a0\u00a0\u00a0\u00a0\u00a0\u00a0\u00a0\u00a0\u00a0 szakpszichol\u00f3gus \u00a0 1992-1997\u00a0\u00a0\u00a0\u00a0\u00a0 Babes-Bolyai Tudom\u00e1nyegyetem Kolozsv\u00e1r \u2013 pszichol\u00f3gia szak\u00a0\u00a0\u00a0\u00a0\u00a0\u00a0\u00a0\u00a0\u00a0\u00a0\u00a0\u00a0\u00a0\u00a0\u00a0\u00a0\u00a0\u00a0\u00a0\u00a0\u00a0\u00a0\u00a0\u00a0\u00a0\u00a0\u00a0\u00a0\u00a0\u00a0\u00a0\u00a0\u00a0\u00a0\u00a0\u00a0\u00a0\u00a0\u00a0\u00a0\u00a0\u00a0\u00a0\u00a0\u00a0\u00a0\u00a0\u00a0\u00a0\u00a0\u00a0\u00a0\u00a0\u00a0\u00a0\u00a0\u00a0\u00a0\u00a0\u00a0\u00a0\u00a0\u00a0\u00a0 Egy\u00e9b k\u00e9pes\u00edt\u00e9sek\u00a0\u00a0 \u00a02007-2008 \u00a0\u00a0\u00a0\u00a0 Williams \u00c9letk\u00e9szs\u00e9gek Stresszkezel\u0151 \u00e9s Kommunik\u00e1ci\u00f3s tr\u00e9ning &hellip;<\/p>\n","protected":false},"author":110,"featured_media":0,"parent":2035,"menu_order":30,"comment_status":"closed","ping_status":"closed","template":"","meta":{"_acf_changed":false,"footnotes":""},"categories":[],"tags":[],"class_list":["post-11692","page","type-page","status-publish","hentry"],"acf":[],"_links":{"self":[{"href":"https:\/\/semmelweis.hu\/magtud\/wp-json\/wp\/v2\/pages\/11692","targetHints":{"allow":["GET"]}}],"collection":[{"href":"https:\/\/semmelweis.hu\/magtud\/wp-json\/wp\/v2\/pages"}],"about":[{"href":"https:\/\/semmelweis.hu\/magtud\/wp-json\/wp\/v2\/types\/page"}],"author":[{"embeddable":true,"href":"https:\/\/semmelweis.hu\/magtud\/wp-json\/wp\/v2\/users\/110"}],"replies":[{"embeddable":true,"href":"https:\/\/semmelweis.hu\/magtud\/wp-json\/wp\/v2\/comments?post=11692"}],"version-history":[{"count":4,"href":"https:\/\/semmelweis.hu\/magtud\/wp-json\/wp\/v2\/pages\/11692\/revisions"}],"predecessor-version":[{"id":13441,"href":"https:\/\/semmelweis.hu\/magtud\/wp-json\/wp\/v2\/pages\/11692\/revisions\/13441"}],"up":[{"embeddable":true,"href":"https:\/\/semmelweis.hu\/magtud\/wp-json\/wp\/v2\/pages\/2035"}],"wp:attachment":[{"href":"https:\/\/semmelweis.hu\/magtud\/wp-json\/wp\/v2\/media?parent=11692"}],"wp:term":[{"taxonomy":"category","embeddable":true,"href":"https:\/\/semmelweis.hu\/magtud\/wp-json\/wp\/v2\/categories?post=11692"},{"taxonomy":"post_tag","embeddable":true,"href":"https:\/\/semmelweis.hu\/magtud\/wp-json\/wp\/v2\/tags?post=11692"}],"curies":[{"name":"wp","href":"https:\/\/api.w.org\/{rel}","templated":true}]}}