{"id":11688,"date":"2023-06-07T08:31:01","date_gmt":"2023-06-07T06:31:01","guid":{"rendered":"https:\/\/semmelweis.hu\/magtud\/?page_id=11688"},"modified":"2026-02-16T13:25:34","modified_gmt":"2026-02-16T12:25:34","slug":"dr-peter-orsolya-marta","status":"publish","type":"page","link":"https:\/\/semmelweis.hu\/magtud\/intezet\/munkatarsak\/dr-peter-orsolya-marta\/","title":{"rendered":"Dr. P\u00e9ter Orsolya M\u00e1rta"},"content":{"rendered":"<p><a href=\"https:\/\/semmelweis.hu\/magtud\/files\/2017\/11\/Peter_Orsolya.jpg\"><img loading=\"lazy\" decoding=\"async\" class=\"alignright wp-image-2308\" src=\"https:\/\/semmelweis.hu\/magtud\/files\/2017\/11\/Peter_Orsolya.jpg\" alt=\"\" width=\"200\" height=\"247\" srcset=\"https:\/\/semmelweis.hu\/magtud\/files\/2017\/11\/Peter_Orsolya.jpg 591w, https:\/\/semmelweis.hu\/magtud\/files\/2017\/11\/Peter_Orsolya-243x300.jpg 243w\" sizes=\"auto, (max-width: 200px) 100vw, 200px\" \/><\/a><div class=\"responsive-tabs\">\n<h2 class=\"tabtitle\">\u00d6n\u00e9letrajz<\/h2>\n<div class=\"tabcontent\">\n<\/p>\n<p><a href=\"https:\/\/semmelweis.hu\/magtud\/files\/2025\/11\/Gyaszjelentes.pdf\">Dr. P\u00e9ter Orsolya M\u00e1rta (1966-2025)<\/a> \u00a0<img loading=\"lazy\" decoding=\"async\" class=\" wp-image-13151\" src=\"https:\/\/semmelweis.hu\/magtud\/files\/2025\/11\/fekete_szalag-400x400.jpg\" alt=\"\" width=\"41\" height=\"41\" srcset=\"https:\/\/semmelweis.hu\/magtud\/files\/2025\/11\/fekete_szalag-400x400.jpg 400w, https:\/\/semmelweis.hu\/magtud\/files\/2025\/11\/fekete_szalag-150x150.jpg 150w, https:\/\/semmelweis.hu\/magtud\/files\/2025\/11\/fekete_szalag.jpg 416w\" sizes=\"auto, (max-width: 41px) 100vw, 41px\" \/><\/p>\n<p><strong>K\u00e9pzetts\u00e9g:<\/strong><\/p>\n<ul>\n<li>1989 \u2013 az \u00e1llam- \u00e9s jogtudom\u00e1ny doktora, \u201c<em>summa cum laude<\/em>\u201cfokozattal (Miskolci Egyetem \u00c1llam- \u00e9s Jogtudom\u00e1nyi Kar).<\/li>\n<li>2012 \u2013 okleveles szakford\u00edt\u00f3, angol-magyar nyelvp\u00e1rban, t\u00e1rsadalomtudom\u00e1nyi (\u00e1ltal\u00e1nos) \u00e9s jogi (speci\u00e1lis) szakter\u00fcleten (ELTE BTK).<\/li>\n<li>2014 \u2013 csal\u00e1di tan\u00e1csad\u00f3 (Magyar Csal\u00e1dter\u00e1pi\u00e1s Egyes\u00fclet, k\u00e9pz\u00e9s folyamatban)<\/li>\n<li>2017 \u2013 eg\u00e9szs\u00e9g\u00fcgyi szakjog\u00e1sz (ELTE JOTOKI, k\u00e9pz\u00e9s folyamatban)<\/li>\n<\/ul>\n<p><strong>Nyelvismeret:<\/strong><\/p>\n<p>Angol nyelv \u2013 okleveles szakford\u00edt\u00f3 t\u00e1rsadalomtudom\u00e1nyi (\u00e1ltal\u00e1nos) \u00e9s jogi (speci\u00e1lis) szakter\u00fcleten<br \/>\nOlasz \u00e9s angol nyelv \u2013 fels\u0151fok\u00fa nyelvvizsga<br \/>\nFrancia \u00e9s orosz nyelv \u2013 k\u00f6z\u00e9pfok\u00fa nyelvvizsga<br \/>\nN\u00e9met, spanyol \u00e9s latin nyelv \u2013 kommunik\u00e1ci\u00f3s, \u00edr\u00e1si \u00e9s olvas\u00e1si szinten<\/p>\n<p><strong>Munkahelyek:<\/strong><\/p>\n<ul>\n<li>1989-1994: Miskolci Egyetem \u00c1llam- \u00e9s Jogtudom\u00e1nyi Kar, Jogt\u00f6rt\u00e9neti \u00e9s Jogelm\u00e9leti Int\u00e9zet, R\u00f3mai Jogi Tansz\u00e9k, egyetemi tan\u00e1rseg\u00e9d.<\/li>\n<li>1994-1997: ugyanitt egyetemi adjunktus.<\/li>\n<li>1997-2012: ugyanitt egyetemi docens, 2004-2012 k\u00f6z\u00f6tt tansz\u00e9kvezet\u0151.<\/li>\n<li>2012- : Semmelweis Egyetem \u00c1ltal\u00e1nos Orvostudom\u00e1nyi Kar, Magatart\u00e1studom\u00e1nyi Int\u00e9zet, egyetemi adjunktus.<\/li>\n<\/ul>\n<p><strong>Oktat\u00e1s:<\/strong><\/p>\n<ul>\n<li>A Miskolci Egyetem \u00c1llam- \u00e9s Jogtudom\u00e1nyi Kar\u00e1n (t\u00e1rgyjegyz\u0151k\u00e9nt \u00e9s oktat\u00f3k\u00e9nt):<\/li>\n<\/ul>\n<p>R\u00f3mai jog I-II. ; R\u00f3mai jogi gyakorlat I-II; R\u00f3mai jogi repetit\u00f3rium I-II; A civilisztika r\u00f3mai jogi alapjai; A civilisztika r\u00f3mai jogi alapjai gyakorlat; <em>Women in Ancient Law and Society<\/em>; A r\u00f3mai csal\u00e1djog alapjai; A r\u00f3mai h\u00e1zass\u00e1g \u00e9s csal\u00e1d jogi szervez\u0151d\u00e9se, valamint t\u00e1rsadalmi val\u00f3s\u00e1ga (szociol\u00f3gushallgat\u00f3knak); Az \u00e1llami n\u00e9pesed\u00e9s- \u00e9s szoci\u00e1lpolitika t\u00f6rt\u00e9neti kezdetei.<\/p>\n<p>2004-2012: h\u00e9t TDK-dolgozat konzulense.<\/p>\n<ul>\n<li>A Semmelweis Egyetem \u00c1ltal\u00e1nos Orvostudom\u00e1nyi Kar\u00e1n:<\/li>\n<\/ul>\n<p>Orvosi etika\/bioetika oktat\u00e1sa orvos-, fogorvos- \u00e9s gy\u00f3gyszer\u00e9szhallgat\u00f3knak, valamint rezidenseknek, magyar \u00e9s angol nyelven<\/p>\n<p>\u201eSzike \u00e9s paragrafus: az orvosi tev\u00e9kenys\u00e9g speci\u00e1lis probl\u00e9m\u00e1i a jog t\u00fckr\u00e9ben\u201d \u2013 szabadon v\u00e1laszthat\u00f3 tant\u00e1rgy magyar nyelven<\/p>\n<p>\u201eThe Scalpel and The Paragraph: Special Issues of Medical Practice in Light of the Law\u201d\u00a0 \u2013 szabadon v\u00e1laszthat\u00f3 tant\u00e1rgy angol nyelven<\/p>\n<p><strong>Kutat\u00e1si ter\u00fcletek, tudom\u00e1nyos fokozat:<\/strong><\/p>\n<ul>\n<li>Az ember \u00e9s az emberi \u00e9let a jog t\u00fckr\u00e9ben; a fogantat\u00e1s, a magzati \u00e9let \u00e9s a sz\u00fclet\u00e9s probl\u00e9m\u00e1i; a r\u00f3mai csal\u00e1d jogi \u00e9s szociol\u00f3giai strukt\u00far\u00e1ja; a r\u00f3mai n\u0151k a jog \u00e9s a t\u00e1rsadalom ter\u00fclet\u00e9n (<em>Ancient Gender Studies<\/em>); szexu\u00e1letika \u00e9s prostit\u00faci\u00f3; orvosl\u00e1s, orvosi etika \u00e9s felel\u0151ss\u00e9g a r\u00e9gi R\u00f3m\u00e1ban.<\/li>\n<li>1996: az \u00e1llam- \u00e9s jogtudom\u00e1ny kandid\u00e1tusa,\u00a0\u201c<em>A csal\u00e1dtervez\u00e9s, a magzati \u00e9let \u00e9s a sz\u00fclet\u00e9s t\u00e1rsadalmi \u00e9s jogi aspektusai az antik R\u00f3m\u00e1ban<\/em>\u201d c\u00edm\u0171 disszert\u00e1ci\u00f3val.<\/li>\n<\/ul>\n<p><strong>K\u00fclf\u00f6ldi kutat\u00f3utak:<\/strong><\/p>\n<ul>\n<li>1989: n\u00e9gy h\u00f3nap a R\u00f3mai \u201cLa Sapienza\u201d Egyetem R\u00f3mai Jogi Int\u00e9zet\u00e9ben, tudom\u00e1nyos kutat\u00e1sok v\u00e9gz\u00e9se, valamint a \u201c<em>Corso di perfezionamento in diritto romano<\/em>\u201d c\u00edm\u0171 posztgradu\u00e1lis tanfolyam elv\u00e9gz\u00e9se.<\/li>\n<li>1990\/91. akad\u00e9miai \u00e9v: DAAD-\u00f6szt\u00f6nd\u00edjas tudom\u00e1nyos kutat\u00e1sok a K\u00f6lni Egyetem R\u00f3mai Jogi Int\u00e9zet\u00e9ben.<\/li>\n<li>1992\/93. akad\u00e9miai \u00e9vt\u0151l 1998-ig: \u00e9vente 5 h\u00f3nap a N\u00e1polyi \u201cFederico II\u201d Egyetem R\u00f3mai Jogi Int\u00e9zet\u00e9ben.<\/li>\n<\/ul>\n<p>Vend\u00e9gel\u0151ad\u00f3 a n\u00e1polyi Vincenzo Arangio-Ruizr\u00f3l elnevezett r\u00f3mai jogi tudom\u00e1nyos kutat\u00f3k\u00f6zpontban, valamint a Leccei Egyetemen. El\u0151ad\u00e1si t\u00e9mak\u00f6r\u00f6k: a szem\u00e9lyek joga, a m\u00e9hmagzat jog\u00e1ll\u00e1sa, a testi rendelleness\u00e9ggel sz\u00fcletett gyermekek t\u00e1rsadalmi \u00e9s jogi meg\u00edt\u00e9l\u00e9se, a cs\u00e1sz\u00e1rmetsz\u00e9s \u00e1ltal felvetett saj\u00e1tos jogi probl\u00e9m\u00e1k.<\/p>\n<ul>\n<li>1994 \u2013 1997: el\u0151ad\u00f3 a Messina-i \u00e9s a Catania-i Tudom\u00e1nyegyetem \u00e1ltal m\u0171k\u00f6dtetett\u00a0<em>Centro Romanistico Internazionale di Copanello<\/em>\u00a0kutat\u00e1si k\u00f6zpont k\u00e9t\u00e9vente megtartott tudom\u00e1nyos szemin\u00e1riumsorozat\u00e1n. El\u0151ad\u00e1si t\u00e9mak\u00f6r\u00f6k: a m\u00e9hmagzat joghelyzete, a cs\u00e1sz\u00e1rmetsz\u00e9s \u00e1ltal felvetett saj\u00e1tos jogi probl\u00e9m\u00e1k.<\/li>\n<li>2003: r\u00e9sztvev\u0151 \u00e9s korreferens a Pavia-i Tudom\u00e1nyegyetem \u00e1ltal m\u0171k\u00f6dtetett\u00a0<em>Centro di studi e ricerche sui diritti antichi<\/em>\u00a0kutat\u00e1si k\u00f6zpont szemin\u00e1riumsorozat\u00e1n. T\u00e9mak\u00f6r: gy\u00f3gy\u00edt\u00e1s \u00e9s \u201em\u00e9regkever\u00e9s\u201d az \u00f3kori r\u00f3mai gyakorlatban.<\/li>\n<\/ul>\n<p><strong>K\u00fcl- \u00e9s belf\u00f6ldi kutat\u00e1si t\u00e1mogat\u00e1sok:<\/strong><\/p>\n<ul>\n<li>1997: a <em>Consiglio Nazionale per le Ricerche<\/em> kutat\u00e1si \u00f6szt\u00f6nd\u00edja, Prof. Dr. Felice Costabile (Universit\u00e0 di Reggio Calabria) szakmai vezet\u00e9s\u00e9vel, t\u00e9mak\u00f6r: a sz\u00fclet\u00e9ssel \u00f6sszef\u00fcgg\u0151 \u00e9lettani probl\u00e9m\u00e1k megjelen\u00e9se a r\u00f3mai jog \u00e9s irodalom forr\u00e1saiban (1,8 milli\u00f3 olasz l\u00edra).<\/li>\n<li>2001-2003: OTKA T37356 sz\u00e1m\u00fa p\u00e1ly\u00e1zat, \u201e<em>A r\u00f3mai gyermek \u2013 fogantat\u00e1s, sz\u00fclet\u00e9s, \u00e9let \u00e9s hal\u00e1l a klasszikus r\u00f3mai jog \u00e9s irodalom forr\u00e1saiban<\/em>\u201d c\u00edmmel (1,5 M Ft).<\/li>\n<\/ul>\n\n<\/div><h2 class=\"tabtitle\">Publik\u00e1ci\u00f3<\/h2>\n<div class=\"tabcontent\">\n\n<\/div><\/div>\n","protected":false},"excerpt":{"rendered":"<p><a href=\"https:\/\/semmelweis.hu\/magtud\/files\/2017\/11\/Peter_Orsolya.jpg\"><\/a> <a href=\"https:\/\/semmelweis.hu\/magtud\/files\/2025\/11\/Gyaszjelentes.pdf\">Dr. P\u00e9ter Orsolya M\u00e1rta (1966-2025)<\/a> \u00a0 K\u00e9pzetts\u00e9g: 1989 \u2013 az \u00e1llam- \u00e9s jogtudom\u00e1ny doktora, \u201csumma cum laude\u201cfokozattal (Miskolci Egyetem \u00c1llam- \u00e9s Jogtudom\u00e1nyi Kar). 2012 \u2013 okleveles szakford\u00edt\u00f3, angol-magyar nyelvp\u00e1rban, t\u00e1rsadalomtudom\u00e1nyi (\u00e1ltal\u00e1nos) \u00e9s jogi (speci\u00e1lis) szakter\u00fcleten (ELTE BTK). 2014 \u2013 csal\u00e1di tan\u00e1csad\u00f3 (Magyar Csal\u00e1dter\u00e1pi\u00e1s Egyes\u00fclet, k\u00e9pz\u00e9s folyamatban) 2017 \u2013 eg\u00e9szs\u00e9g\u00fcgyi szakjog\u00e1sz (ELTE JOTOKI, k\u00e9pz\u00e9s folyamatban) Nyelvismeret: Angol nyelv \u2013 okleveles szakford\u00edt\u00f3 &hellip;<\/p>\n","protected":false},"author":110,"featured_media":0,"parent":2035,"menu_order":26,"comment_status":"closed","ping_status":"closed","template":"","meta":{"_acf_changed":false,"footnotes":""},"categories":[],"tags":[],"class_list":["post-11688","page","type-page","status-publish","hentry"],"acf":[],"_links":{"self":[{"href":"https:\/\/semmelweis.hu\/magtud\/wp-json\/wp\/v2\/pages\/11688","targetHints":{"allow":["GET"]}}],"collection":[{"href":"https:\/\/semmelweis.hu\/magtud\/wp-json\/wp\/v2\/pages"}],"about":[{"href":"https:\/\/semmelweis.hu\/magtud\/wp-json\/wp\/v2\/types\/page"}],"author":[{"embeddable":true,"href":"https:\/\/semmelweis.hu\/magtud\/wp-json\/wp\/v2\/users\/110"}],"replies":[{"embeddable":true,"href":"https:\/\/semmelweis.hu\/magtud\/wp-json\/wp\/v2\/comments?post=11688"}],"version-history":[{"count":7,"href":"https:\/\/semmelweis.hu\/magtud\/wp-json\/wp\/v2\/pages\/11688\/revisions"}],"predecessor-version":[{"id":13152,"href":"https:\/\/semmelweis.hu\/magtud\/wp-json\/wp\/v2\/pages\/11688\/revisions\/13152"}],"up":[{"embeddable":true,"href":"https:\/\/semmelweis.hu\/magtud\/wp-json\/wp\/v2\/pages\/2035"}],"wp:attachment":[{"href":"https:\/\/semmelweis.hu\/magtud\/wp-json\/wp\/v2\/media?parent=11688"}],"wp:term":[{"taxonomy":"category","embeddable":true,"href":"https:\/\/semmelweis.hu\/magtud\/wp-json\/wp\/v2\/categories?post=11688"},{"taxonomy":"post_tag","embeddable":true,"href":"https:\/\/semmelweis.hu\/magtud\/wp-json\/wp\/v2\/tags?post=11688"}],"curies":[{"name":"wp","href":"https:\/\/api.w.org\/{rel}","templated":true}]}}