{"id":11685,"date":"2023-06-07T08:28:40","date_gmt":"2023-06-07T06:28:40","guid":{"rendered":"https:\/\/semmelweis.hu\/magtud\/?page_id=11685"},"modified":"2026-02-16T13:26:30","modified_gmt":"2026-02-16T12:26:30","slug":"mezei-agnes","status":"publish","type":"page","link":"https:\/\/semmelweis.hu\/magtud\/intezet\/munkatarsak\/mezei-agnes\/","title":{"rendered":"Mezei \u00c1gnes"},"content":{"rendered":"<p><a href=\"https:\/\/semmelweis.hu\/magtud\/files\/2017\/11\/mezei_agnes.jpg\"><img loading=\"lazy\" decoding=\"async\" class=\"size-full wp-image-2307 alignright\" src=\"https:\/\/semmelweis.hu\/magtud\/files\/2017\/11\/mezei_agnes.jpg\" alt=\"\" width=\"228\" height=\"262\" \/><\/a><div class=\"responsive-tabs\">\n<h2 class=\"tabtitle\">\u00d6n\u00e9letrajz<\/h2>\n<div class=\"tabcontent\">\n<\/p>\n<p><strong>MUNKAHELYEK<\/strong><\/p>\n<p>2013 \u2013<\/p>\n<p>Semmelweis Egyetem, Magatart\u00e1studom\u00e1nyi Int\u00e9zet<\/p>\n<p>1089 Budapest, Nagyv\u00e1rad t\u00e9r 4.<\/p>\n<p>Egyetemi tan\u00e1rseg\u00e9d, klinikai szakpszichol\u00f3gus<\/p>\n<p>2013 \u2013 2023<\/p>\n<p>Orsz\u00e1gos Gerincgy\u00f3gy\u00e1szati K\u00f6zpont, a Budai Eg\u00e9szs\u00e9gk\u00f6zpont Szakk\u00f3rh\u00e1za<\/p>\n<p>1126 Budapest, Kir\u00e1lyh\u00e1g\u00f3 utca 1-3.<\/p>\n<p>Pszichol\u00f3gus<\/p>\n<p>2010 \u2013 2013<\/p>\n<p>F\u0151v\u00e1rosi \u00d6nkorm\u00e1nyzat Ny\u00edr\u0151 Gyula K\u00f3rh\u00e1z, Addiktol\u00f3giai Oszt\u00e1ly \u00e9s Kij\u00f3zan\u00edt\u00f3 \u00c1llom\u00e1s<\/p>\n<p>1135 Budapest, Lehel u. 59.<\/p>\n<p>Pszichol\u00f3gus<\/p>\n<p>2010 \u2013 2013<\/p>\n<p>Semmelweis Egyetem, Magatart\u00e1studom\u00e1nyi Int\u00e9zet<\/p>\n<p>1089 Budapest, Nagyv\u00e1rad t\u00e9r 4.<\/p>\n<p>PhD-hallgat\u00f3<\/p>\n<p>&nbsp;<\/p>\n<p><strong>V\u00c9GZETTS\u00c9G<\/strong><\/p>\n<p>2012<\/p>\n<p>Csal\u00e1dter\u00e1pi\u00e1s k\u00e9pz\u00e9s<\/p>\n<p>Magyar Csal\u00e1dter\u00e1pi\u00e1s Egyes\u00fclet<\/p>\n<p>Kik\u00e9pz\u0151 csal\u00e1dterapeuta: Dr T\u00fary Ferenc<\/p>\n<p>&nbsp;<\/p>\n<p>2010 \u2013<\/p>\n<p>Ment\u00e1lis Eg\u00e9szs\u00e9gtudom\u00e1nyok Doktori Iskola<\/p>\n<p>4\/2 A t\u00e1pl\u00e1lkoz\u00e1si magatart\u00e1s pszichoszoci\u00e1lis t\u00e9nyez\u0151i<\/p>\n<p>T\u00e9mavezet\u0151: T\u00fary Ferenc<\/p>\n<p>T\u00e9ma: Ev\u00e9szavarosok sz\u00e1m\u00e1ra kifejlesztett online ut\u00f3kezel\u00e9ses program chat-sz\u00f6vegeinek tartalomelemz\u00e9se<\/p>\n<p>Semmelweis Egyetem, Magatart\u00e1studom\u00e1nyi Int\u00e9zet<\/p>\n<p>&nbsp;<\/p>\n<p>2010 \u2013 2014<\/p>\n<p>Debreceni Egyetem,<\/p>\n<p>N\u00e9peg\u00e9szs\u00e9g\u00fcgyi Kar<\/p>\n<p>Feln\u0151tt klinikai \u00e9s ment\u00e1lhigi\u00e9niai szakpszichol\u00f3gus k\u00e9pz\u00e9s<\/p>\n<p>&nbsp;<\/p>\n<p>2009 \u2013 2010<\/p>\n<p>Hum\u00e1n Tudom\u00e1nyok Doktori Iskola<\/p>\n<p>T\u00e9mavezet\u0151: Szab\u00f3 P\u00e1l<\/p>\n<p>T\u00e9ma: Az ev\u00e9szavarok gyakoris\u00e1g\u00e1nak felm\u00e9r\u00e9se, illetve az \u00e9szlelt sz\u00fcl\u0151i viselked\u00e9s \u00e9s az ev\u00e9szavarok \u00f6sszef\u00fcgg\u00e9sei k\u00f6z\u00e9piskol\u00e1sok k\u00f6r\u00e9ben<\/p>\n<p>Debreceni Egyetem, Pszichol\u00f3gia Int\u00e9zet<\/p>\n<p>&nbsp;<\/p>\n<p>2008 \u2013 2009<\/p>\n<p>Csal\u00e1d- \u00e9s p\u00e1rter\u00e1pi\u00e1s alapk\u00e9pz\u00e9s<\/p>\n<p>Magyar Csal\u00e1dter\u00e1pi\u00e1s Egyes\u00fclet<\/p>\n<p>Kik\u00e9pz\u0151 csal\u00e1dterapeuta: Balogh Kl\u00e1ra<\/p>\n<p>&nbsp;<\/p>\n<p>2004 \u2013 2009<\/p>\n<p>Pszichol\u00f3gia<\/p>\n<p>Debreceni Egyetem, B\u00f6lcs\u00e9szettudom\u00e1nyi Kar<\/p>\n<p><strong>SZAKMAI TAPASZTALAT<\/strong><\/p>\n<p>2011 \u2013<\/p>\n<p>Az \u201cOrvosi pszichol\u00f3gia\u201d c\u00edm\u0171 t\u00e1rgy szemin\u00e1rium\u00e1n oktat\u00f3i tev\u00e9kenys\u00e9g (orvostanhallgat\u00f3k sz\u00e1m\u00e1ra)<\/p>\n<p>2010 \u2013<\/p>\n<p>(klinikai) pszichol\u00f3giai betegell\u00e1t\u00e1s<\/p>\n<p><strong>ISKOL\u00c1N K\u00cdV\u00dcLI TEV\u00c9KENYS\u00c9GEK<\/strong><\/p>\n<p>zen\u00e9l\u00e9s<\/p>\n<p>terepfut\u00e1s<\/p>\n\n<\/div><h2 class=\"tabtitle\">Publik\u00e1ci\u00f3<\/h2>\n<div class=\"tabcontent\">\n\n<p>K\u00f6nyvfejezetek<\/p>\n<ol>\n<li>Purebl Gy., G\u00fcle\u00e7, H., Mezei \u00c1.: Telemedicina. In: Unoka Zs., Purebl Gy., T\u00fary F., Bitter I. szerk.: Pszichoter\u00e1pia az orvosi gyakorlatban. Semmelweis Kiad\u00f3, Budapest, 256-260. old., 2012.<\/li>\n<li>T\u00fary F., G\u00e1ti \u00c1., Mezei \u00c1., Szab\u00f3 P.: A t\u00e1pl\u00e1l\u00e9kfelv\u00e9tel \u00e9s zavarai \u2013 genetikai \u00e9s biol\u00f3giai mechanizmusok. In: Bereczkei T., Hoffman Gy. szerk.: G\u00e9nek, gondolkod\u00e1s, szem\u00e9lyis\u00e9g. Bevezet\u00e9s a hum\u00e1n viselked\u00e9sgenetik\u00e1ba. Akad\u00e9miai Kiad\u00f3, Budapest, 2012, 305-325. old.<\/li>\n<li>T\u00fary F., L\u00e1z\u00e1r I., Zsink\u00f3-Szab\u00f3 Z., Mezei \u00c1.: Az \u00e9tel \u00e9rt\u00e9ke az ev\u00e9szavarok h\u00e1tter\u00e9ben \u2013 spiritu\u00e1lis szempontok. In: Ittz\u00e9s G. szerk.: Cura mentis \u2013 salus populi. Ment\u00e1lhigi\u00e9n\u00e9 a t\u00e1rsadalom szolg\u00e1lat\u00e1ban. Semmelweis Egyetem Eg\u00e9szs\u00e9g\u00fcgyi K\u00f6zszolg\u00e1lati Kar, Ment\u00e1lhigi\u00e9n\u00e9 Int\u00e9zet, Budapest, 2013, 133-141. old.<\/li>\n<li>T\u00fary F., Czegl\u00e9di E., Papp I., Dukay-Szab\u00f3 Sz., Babusa B., G\u00fcle\u00e7, H., Mezei \u00c1., Szab\u00f3 K., Varga M., Szumska I.: A t\u00e1pl\u00e1lkoz\u00e1si magatart\u00e1s zavarainak felm\u00e9r\u00e9se reprezentat\u00edv hazai minta alapj\u00e1n \u2013 k\u00fcl\u00f6n\u00f6s tekintettel a h\u00e1tt\u00e9rt\u00e9nyez\u0151kre. In: Sus\u00e1nszky \u00c9., Sz\u00e1nt\u00f3 Zs. szerk.: Magyar lelki\u00e1llapot 2013. Semmelweis, Budapest, 147-160. old.<\/li>\n<li>T\u00fary F., Mezei \u00c1., Leindler M.: A modern inform\u00e1ci\u00f3s technol\u00f3gia megjelen\u00e9se az orvostudom\u00e1nyban \u2013 csal\u00e1dter\u00e1pi\u00e1s vonatkoz\u00e1sok. In: Spannraft M., Sepsi E., Bagdy E., Koml\u00f3si P., Grezsa F. szerk.: Ki l\u00e1tott engem? Buda B\u00e9la 75. K\u00e1roli G\u00e1sp\u00e1r Reform\u00e1tus Egyetem, Budapest, 2014, 348-355. old.<\/li>\n<\/ol>\n<p>&nbsp;<\/p>\n<p>Foly\u00f3iratokban megjelent lektor\u00e1lt k\u00f6zlem\u00e9nyek idegen nyelven<\/p>\n<ol>\n<li>G\u00fcle\u00e7, H., Moessner, M., Mezei \u00c1., Kohls, E., T\u00fary F., Bauer, S.: Internet-based maintenance treatment for patients with eating disorders. Professional Psychology: Research and Practice 42:479-486, 2011. IF: <em>1,342<\/em>.<\/li>\n<li>G\u00fcle<em>\u00e7<\/em>, H., Moessner, M., T\u00fary F., Mezei \u00c1., Bauer, S.: A randomized controlled trial of an internet-based post-treatment care for patients with eating disorders. Telemedicine and e-Health (in press). <em>IF: 1,400. <\/em><\/li>\n<li>Mezei \u00c1., G\u00fcle<em>\u00e7<\/em>, H., Czegl\u00e9di E., Fritz A., T\u00fary F.: Linguistic characteristics of patients with bulimic symptomatology in an online post-treatment program. EWD (in press). <em>IF: 0,527. <\/em><\/li>\n<li>Mezei \u00c1., Kar\u00e1csony I., T\u00fary F.: Why are they unwilling to grow up? Family therapy with anorectic males. Psychiatry Today. 2014\/46\/1\/37-47<\/li>\n<\/ol>\n<p>&nbsp;<\/p>\n<p>Foly\u00f3iratokban megjelent lektor\u00e1lt k\u00f6zlem\u00e9nyek magyar nyelven<\/p>\n<ol>\n<li>T\u00fary F., Mezei \u00c1., G\u00fcle\u00e7, H.: Az ev\u00e9szavarok kezel\u00e9s\u00e9ben haszn\u00e1lt \u00faj pszichoter\u00e1pi\u00e1s m\u00f3dszerek. Pszichoter\u00e1pia 21:76-84, 2012.<\/li>\n<li>Mezei \u00c1., Kar\u00e1csony I., T\u00fary F.: Peter Pan szindr\u00f3ma \u2013 egy anorexi\u00e1s f\u00e9rfi csal\u00e1dter\u00e1pi\u00e1ja. Esetismertet\u00e9s. Ment\u00e1lhigi\u00e9n\u00e9 \u00e9s Pszichoszomatika 13:397-410, 2012.<\/li>\n<li>T\u00fary F., Mezei \u00c1., Leindler M.: A multiplex csal\u00e1dter\u00e1pia megjelen\u00e9se \u2013 k\u00fcl\u00f6n\u00f6s tekintettel az ev\u00e9szavarok \u00e9s az addikci\u00f3k kezel\u00e9s\u00e9re. In memoriam Buda B\u00e9la. Kapocs 13:24-30, 2014.<\/li>\n<li>T\u00fary F., G\u00fcle\u00e7, H., Mezei \u00c1.: Az ev\u00e9s \u00e9s a testk\u00e9p zavarai a 21. sz\u00e1zad elej\u00e9n \u2013 mit hoz a j\u00f6v\u0151? Lege Artis Medicinae 24:229\u2013233, 2014.<\/li>\n<\/ol>\n<p>&nbsp;<\/p>\n<p>Egy\u00e9b k\u00f6zlem\u00e9nyek<\/p>\n<ol>\n<li>T\u00fary F., Szab\u00f3 K., Mezei \u00c1., Kohls E.,G\u00fcle\u00e7 H.: Modern m\u00f3dszerek az ev\u00e9szavarok ut\u00f3kezel\u00e9s\u00e9ben: seg\u00edts\u00e9gny\u00fajt\u00e1s Interneten. Mindennapi Pszichol\u00f3gia 3(6):50-51, 2011\/2012.<\/li>\n<\/ol>\n<p>&nbsp;<\/p>\n<\/div><\/div>\n","protected":false},"excerpt":{"rendered":"<p><a href=\"https:\/\/semmelweis.hu\/magtud\/files\/2017\/11\/mezei_agnes.jpg\"><\/a> MUNKAHELYEK 2013 \u2013 Semmelweis Egyetem, Magatart\u00e1studom\u00e1nyi Int\u00e9zet 1089 Budapest, Nagyv\u00e1rad t\u00e9r 4. Egyetemi tan\u00e1rseg\u00e9d, klinikai szakpszichol\u00f3gus 2013 \u2013 2023 Orsz\u00e1gos Gerincgy\u00f3gy\u00e1szati K\u00f6zpont, a Budai Eg\u00e9szs\u00e9gk\u00f6zpont Szakk\u00f3rh\u00e1za 1126 Budapest, Kir\u00e1lyh\u00e1g\u00f3 utca 1-3. Pszichol\u00f3gus 2010 \u2013 2013 F\u0151v\u00e1rosi \u00d6nkorm\u00e1nyzat Ny\u00edr\u0151 Gyula K\u00f3rh\u00e1z, Addiktol\u00f3giai Oszt\u00e1ly \u00e9s Kij\u00f3zan\u00edt\u00f3 \u00c1llom\u00e1s 1135 Budapest, Lehel u. 59. Pszichol\u00f3gus 2010 \u2013 2013 Semmelweis &hellip;<\/p>\n","protected":false},"author":110,"featured_media":0,"parent":2035,"menu_order":24,"comment_status":"closed","ping_status":"closed","template":"","meta":{"_acf_changed":false,"footnotes":""},"categories":[],"tags":[],"class_list":["post-11685","page","type-page","status-publish","hentry"],"acf":[],"_links":{"self":[{"href":"https:\/\/semmelweis.hu\/magtud\/wp-json\/wp\/v2\/pages\/11685","targetHints":{"allow":["GET"]}}],"collection":[{"href":"https:\/\/semmelweis.hu\/magtud\/wp-json\/wp\/v2\/pages"}],"about":[{"href":"https:\/\/semmelweis.hu\/magtud\/wp-json\/wp\/v2\/types\/page"}],"author":[{"embeddable":true,"href":"https:\/\/semmelweis.hu\/magtud\/wp-json\/wp\/v2\/users\/110"}],"replies":[{"embeddable":true,"href":"https:\/\/semmelweis.hu\/magtud\/wp-json\/wp\/v2\/comments?post=11685"}],"version-history":[{"count":3,"href":"https:\/\/semmelweis.hu\/magtud\/wp-json\/wp\/v2\/pages\/11685\/revisions"}],"predecessor-version":[{"id":12094,"href":"https:\/\/semmelweis.hu\/magtud\/wp-json\/wp\/v2\/pages\/11685\/revisions\/12094"}],"up":[{"embeddable":true,"href":"https:\/\/semmelweis.hu\/magtud\/wp-json\/wp\/v2\/pages\/2035"}],"wp:attachment":[{"href":"https:\/\/semmelweis.hu\/magtud\/wp-json\/wp\/v2\/media?parent=11685"}],"wp:term":[{"taxonomy":"category","embeddable":true,"href":"https:\/\/semmelweis.hu\/magtud\/wp-json\/wp\/v2\/categories?post=11685"},{"taxonomy":"post_tag","embeddable":true,"href":"https:\/\/semmelweis.hu\/magtud\/wp-json\/wp\/v2\/tags?post=11685"}],"curies":[{"name":"wp","href":"https:\/\/api.w.org\/{rel}","templated":true}]}}