{"id":11680,"date":"2023-06-07T08:25:15","date_gmt":"2023-06-07T06:25:15","guid":{"rendered":"https:\/\/semmelweis.hu\/magtud\/?page_id=11680"},"modified":"2026-02-16T13:27:01","modified_gmt":"2026-02-16T12:27:01","slug":"dr-major-janos","status":"publish","type":"page","link":"https:\/\/semmelweis.hu\/magtud\/intezet\/munkatarsak\/dr-major-janos\/","title":{"rendered":"Dr. Major J\u00e1nos"},"content":{"rendered":"<p><a href=\"https:\/\/semmelweis.hu\/magtud\/files\/2022\/09\/MajorJanos_1-scaled.jpg\"><img loading=\"lazy\" decoding=\"async\" class=\"wp-image-11027 alignright\" src=\"https:\/\/semmelweis.hu\/magtud\/files\/2022\/09\/MajorJanos_1-scaled.jpg\" alt=\"\" width=\"200\" height=\"267\" srcset=\"https:\/\/semmelweis.hu\/magtud\/files\/2022\/09\/MajorJanos_1-scaled.jpg 1920w, https:\/\/semmelweis.hu\/magtud\/files\/2022\/09\/MajorJanos_1-225x300.jpg 225w, https:\/\/semmelweis.hu\/magtud\/files\/2022\/09\/MajorJanos_1-768x1024.jpg 768w, https:\/\/semmelweis.hu\/magtud\/files\/2022\/09\/MajorJanos_1-1152x1536.jpg 1152w, https:\/\/semmelweis.hu\/magtud\/files\/2022\/09\/MajorJanos_1-1536x2048.jpg 1536w\" sizes=\"auto, (max-width: 200px) 100vw, 200px\" \/><\/a><\/p>\n<div class=\"responsive-tabs\">\n<h2 class=\"tabtitle\">\u00d6n\u00e9letrajz<\/h2>\n<div class=\"tabcontent\">\n\n<p><strong>Dr. Major, J\u00e1nos PhD \u2013\u00a0 Curriculum Vitae<\/strong><\/p>\n<p><a href=\"https:\/\/www.researchgate.net\/profile\/Major-Janos-2\"><strong>ResearchGate profil<\/strong><\/a><\/p>\n<p><strong>Szem\u00e9lyes adatok<\/strong><\/p>\n<p>C\u00edm: 1089 Budapest, Nagyv\u00e1rad t\u00e9r 4. XX.em.<\/p>\n<p>Phone: +36 1 210 2953<\/p>\n<p>E-mail: major [PONT] janos [KUKAC] semmelweis [PONT] hu<\/p>\n<p><strong>Tanulm\u00e1nyok:<\/strong><\/p>\n<ul>\n<li>eg\u00e9szs\u00e9g\u00fcgyi szakmenedzser k\u00e9pz\u00e9s (MSc) 2023<\/li>\n<\/ul>\n<p>Semmelweis Egyetem, Eg\u00e9szs\u00e9g\u00fcgyi Menedzserk\u00e9pz\u0151 K\u00f6zpont<\/p>\n<ul>\n<li>Doktori fokozat (PhD) 2021 \u2013 Semmelweis Egyetem, Ment\u00e1lis Eg\u00e9szs\u00e9gtudom\u00e1nyok Doktori Iskola<\/li>\n<li>F\u00e1jdalomkezel\u0151 szakorvos 2019 \u2013 Vesztf\u00e1lia-Lippe Orvosi Kamara, N\u00e9metorsz\u00e1g<\/li>\n<li>Gyermek-gasztroenterol\u00f3gus 2014 \u2013 Semmelweis Egyetem<\/li>\n<li>Csecsem\u0151- \u00e9s gyermekgy\u00f3gy\u00e1szat 2012 \u2013 Semmelweis Egyetem<\/li>\n<li>Csal\u00e1dterapeuta 2008 \u2013 Magyar Csal\u00e1dter\u00e1pi\u00e1s Egyes\u00fclet<\/li>\n<li>\u00c1ltal\u00e1nos orvos 2007 \u2013 Semmelweis Egyetem<\/li>\n<\/ul>\n<p>&nbsp;<\/p>\n<p><strong>Kutat\u00e1si ter\u00fclet<\/strong><\/p>\n<ul>\n<li><strong><em>akut f\u00e1jdalom kezel\u00e9se\u00a0<\/em><\/strong><strong>\u2013\u00a0<\/strong>k\u00f3rh\u00e1zi f\u00e1jdalomkezel\u0151 ell\u00e1t\u00f3rendszer kialak\u00edt\u00e1sa, virtu\u00e1lis realit\u00e1s alkalmaz\u00e1sa az akut f\u00e1jdalom kezel\u00e9s\u00e9ben<\/li>\n<li><strong><em>kr\u00f3nikus f\u00e1jdalom \u00e9s funkcion\u00e1lis b\u00e9lrendszeri zavarok epidemiol\u00f3gi\u00e1ja<\/em><\/strong>\u2013 a szociodemogr\u00e1fiai faktorok, kr\u00f3nikus f\u00e1jdalom \u00e9s funkcion\u00e1lis gasztrointesztin\u00e1lis zavarok \u00f6sszef\u00fcgg\u00e9sei<\/li>\n<li><strong><em>a f\u00e1jdalom \u00e9s m\u00e1s pszichoszomatikus k\u00f3rk\u00e9pek multidiszciplin\u00e1ris kezel\u00e9se<\/em><\/strong>\u2013 az ambul\u00e1ns \u00e9s bentfekv\u0151 kezel\u00e9s hat\u00e9konys\u00e1g\u00e1nak m\u00e9r\u00e9se<\/li>\n<\/ul>\n<p>&nbsp;<\/p>\n<p><strong>Szakmai tev\u00e9kenys\u00e9gek<\/strong><\/p>\n<ul>\n<li><strong><em>F\u00e1jdalom- \u00e9s funkcion\u00e1lis gasztrointesztin\u00e1lis k\u00f3rk\u00e9pek kutat\u00e1sa<\/em><\/strong>\u2013 epidemiol\u00f3gia \u00e9s kezel\u00e9s hat\u00e9konys\u00e1g\u00e1nak m\u00e9r\u00e9se (Semmelweis Egyetem, Bethesda Gyermekk\u00f3rh\u00e1z)<\/li>\n<li><strong><em>Oktat\u00e1s\u00a0<\/em><\/strong>\u2013 P\u00e1lyaszocializ\u00e1ci\u00f3 (Hum\u00e1nia), Orvosi kommunik\u00e1ci\u00f3, Orvosi pszichol\u00f3gia, F\u00e1jdalomkezel\u00e9s, Pszichoszomatika egyetemi kurzusokon, valamint m\u00e1s posztgradu\u00e1lis tov\u00e1bbk\u00e9pz\u0151 tanfolyamokon el\u0151ad\u00e1s, gyakorlat magyar, n\u00e9met \u00e9s angol nyelven orvostanhallgat\u00f3k, szakorvosok, n\u0151v\u00e9rek, gy\u00f3gyszer\u00e9szek \u00e9s m\u00e1s eg\u00e9szs\u00e9g\u00fcgyi szakemberek r\u00e9sz\u00e9re<\/li>\n<li><strong><em>R\u00e9szv\u00e9tel orvostanhallgat\u00f3k \u00e9s szakorvosjel\u00f6ltek k\u00e9pz\u00e9s\u00e9ben 2007 \u00f3ta<\/em><\/strong><\/li>\n<li><strong><em>Klinikai munka<\/em><\/strong>\u2013 gyermekgy\u00f3gy\u00e1szat, gyermekgasztroenterol\u00f3gia (diagnosztikus endoszk\u00f3pos vizsg\u00e1latok), f\u00e1jdalomter\u00e1pi\u00e1s szakrendel\u00e9s (Bethesda Gyermekk\u00f3rh\u00e1z, Budapest)<\/li>\n<\/ul>\n<p>&nbsp;<\/p>\n<p><strong>Munkahely<\/strong><\/p>\n<ul>\n<li><strong><em>Semmelweis Egyetem, Magatart\u00e1studom\u00e1nyi Int\u00e9zet\u00a0<\/em><\/strong>\u2013 r\u00e9sz\u00e1ll\u00e1s\u00fa kutat\u00f3 2022\u2013<\/li>\n<li><strong><em>Vesztf\u00e1liai Gyermekklinika, Datteln, N\u00e9metorsz\u00e1g<\/em><\/strong> \u2013 2018-2019:<\/li>\n<li><strong><em>Csal\u00e1di Szolg\u00e1latok Lig\u00e1ja Alap\u00edtv\u00e1ny \u2013<\/em><\/strong>2007-2012<\/li>\n<li><strong><em>Bethesda Gyermekk\u00f3rh\u00e1z\u00a0<\/em><\/strong>\u2013gyermekgy\u00f3gy\u00e1sz, gyermek-gasztroenterol\u00f3gus, f\u00e1jdalomterapeuta f\u0151orvos 2007\u2013<\/li>\n<\/ul>\n<p>&nbsp;<\/p>\n<p><strong>Kutat\u00e1si \u00f6szt\u00f6nd\u00edjak:<\/strong><\/p>\n<ul>\n<li><strong><em>Semmelweis Egyetem, Doktori Iskola\u2013 \u00f6szt\u00f6nd\u00edjas PhD hallgat\u00f3<\/em><\/strong>\u2013 2015-2018<\/li>\n<\/ul>\n<p>&nbsp;<\/p>\n<p><strong>Nyelvvizsg\u00e1k:<\/strong><\/p>\n<ul>\n<li><em>Angol k\u00f6z\u00e9pfok\u00fa \u00e1llamilag elismert k\u00e9tnyelv\u0171 nyelvvizsga C t\u00edpus<\/em><\/li>\n<li><em>N\u00e9met fels\u0151fok\u00fa \u00e1llamilag elismert egynyelv\u0171 nyelvvizsga C t\u00edpus<\/em><\/li>\n<\/ul>\n<p>&nbsp;<\/p>\n<p><strong>Publik\u00e1ci\u00f3s aktivit\u00e1s <\/strong><\/p>\n<ul>\n<li>Tank\u00f6nyvfejezet: 1<\/li>\n<li>Publik\u00e1ci\u00f3 szakmai foly\u00f3iratban: 14<\/li>\n<li>Hirsch-index: 4<\/li>\n<li>F\u00fcggetlen id\u00e9zetts\u00e9g: 66<\/li>\n<li>Teljes publik\u00e1ci\u00f3s jegyz\u00e9k (MTMT):\u00a0<a href=\"https:\/\/m2.mtmt.hu\/gui2\/?type=authors&amp;mode=browse&amp;sel=authors10053875\">kattints ide<\/a><\/li>\n<\/ul>\n<p><strong>Konferencia szervez\u00e9s<\/strong><\/p>\n<ul>\n<li>International Symposium on Pediatric Pain: 2023. okt\u00f3ber 1-5. Halifax, Kanada<\/li>\n<li>Dattelni F\u00e1jdalomnapok, 2024. m\u00e1rcius 14.-16. Recklinghausen, N\u00e9metorsz\u00e1g<\/li>\n<\/ul>\n<p><strong>Szervezeti tags\u00e1g:<\/strong><\/p>\n<ul>\n<li>Magyarorsz\u00e1gi B\u00e1lint Mih\u00e1ly Pszichoszomatikus T\u00e1rsas\u00e1g 2006- (2007-2012 k\u00f6z\u00f6tt titk\u00e1r)<\/li>\n<li>Magyar Csal\u00e1dter\u00e1pi\u00e1s Egyes\u00fclet 2006-<\/li>\n<li>Magyar Gyermekorvosok T\u00e1rsas\u00e1ga 2007-<\/li>\n<li>Magyar Gyermekgasztroenterol\u00f3giai T\u00e1rsas\u00e1g 2012-<\/li>\n<li>Eur\u00f3pai Gyermekgasztroenterol\u00f3giai-, hepatol\u00f3giai- \u00e9s t\u00e1pl\u00e1l\u00e1si T\u00e1rsas\u00e1g (ESPGHAN) 2014-<\/li>\n<li>ESPGHAN Motility Working Group 2020\u2013<\/li>\n<li>Magyarorsz\u00e1gi F\u00e1jdalomt\u00e1rsas\u00e1g 2015-<\/li>\n<li>Nemzetk\u00f6zi F\u00e1jdalomt\u00e1rsas\u00e1g (IASP) Gyermekszekci\u00f3 2016-<\/li>\n<li>N\u00e9met F\u00e1jdalomt\u00e1rsas\u00e1g, Gyermekf\u00e1jdalom munkacsoport 2019-<\/li>\n<li>Magyar Fejf\u00e1j\u00e1s T\u00e1rsas\u00e1g 2023-<\/li>\n<\/ul>\n<p><strong>Szakmai d\u00edjak:<\/strong><\/p>\n<ul>\n<li>2013 Peth\u00e9nyi G\u00e9za-d\u00edj III. helyezett az \u00e9v legjobb gyermekgy\u00f3gy\u00e1szati k\u00f6zlem\u00e9ny\u00e9\u00e9rt<\/li>\n<li>2013 Henri Nestl\u00e9-d\u00edj III. helyez\u00e9se a legjobb el\u0151ad\u00e1s\u00e9rt a Gyermek-gasztroenterol\u00f3giai T\u00e1rsas\u00e1g Kongresszus\u00e1n<\/li>\n<li>2013 Zugl\u00f3i Orvosok T\u00e1rsas\u00e1ga az \u00e9v tudom\u00e1nyos k\u00f6zlem\u00e9nye d\u00edj<\/li>\n<li>ESPGHAN International Exchange Award 2017<\/li>\n<\/ul>\n\n<\/div><h2 class=\"tabtitle\">Publik\u00e1ci\u00f3<\/h2>\n<div class=\"tabcontent\">\n\n<\/div><\/div>\n","protected":false},"excerpt":{"rendered":"<p><a href=\"https:\/\/semmelweis.hu\/magtud\/files\/2022\/09\/MajorJanos_1-scaled.jpg\"><\/a> Dr. Major, J\u00e1nos PhD \u2013\u00a0 Curriculum Vitae <a href=\"https:\/\/www.researchgate.net\/profile\/Major-Janos-2\">ResearchGate profil<\/a> Szem\u00e9lyes adatok C\u00edm: 1089 Budapest, Nagyv\u00e1rad t\u00e9r 4. XX.em. Phone: +36 1 210 2953 E-mail: major [PONT] janos [KUKAC] semmelweis [PONT] hu Tanulm\u00e1nyok: eg\u00e9szs\u00e9g\u00fcgyi szakmenedzser k\u00e9pz\u00e9s (MSc) 2023 Semmelweis Egyetem, Eg\u00e9szs\u00e9g\u00fcgyi Menedzserk\u00e9pz\u0151 K\u00f6zpont Doktori fokozat (PhD) 2021 \u2013 Semmelweis Egyetem, Ment\u00e1lis Eg\u00e9szs\u00e9gtudom\u00e1nyok Doktori Iskola F\u00e1jdalomkezel\u0151 szakorvos 2019 \u2013 &hellip;<\/p>\n","protected":false},"author":110,"featured_media":0,"parent":2035,"menu_order":23,"comment_status":"closed","ping_status":"closed","template":"","meta":{"_acf_changed":false,"footnotes":""},"categories":[],"tags":[],"class_list":["post-11680","page","type-page","status-publish","hentry"],"acf":[],"_links":{"self":[{"href":"https:\/\/semmelweis.hu\/magtud\/wp-json\/wp\/v2\/pages\/11680","targetHints":{"allow":["GET"]}}],"collection":[{"href":"https:\/\/semmelweis.hu\/magtud\/wp-json\/wp\/v2\/pages"}],"about":[{"href":"https:\/\/semmelweis.hu\/magtud\/wp-json\/wp\/v2\/types\/page"}],"author":[{"embeddable":true,"href":"https:\/\/semmelweis.hu\/magtud\/wp-json\/wp\/v2\/users\/110"}],"replies":[{"embeddable":true,"href":"https:\/\/semmelweis.hu\/magtud\/wp-json\/wp\/v2\/comments?post=11680"}],"version-history":[{"count":5,"href":"https:\/\/semmelweis.hu\/magtud\/wp-json\/wp\/v2\/pages\/11680\/revisions"}],"predecessor-version":[{"id":12798,"href":"https:\/\/semmelweis.hu\/magtud\/wp-json\/wp\/v2\/pages\/11680\/revisions\/12798"}],"up":[{"embeddable":true,"href":"https:\/\/semmelweis.hu\/magtud\/wp-json\/wp\/v2\/pages\/2035"}],"wp:attachment":[{"href":"https:\/\/semmelweis.hu\/magtud\/wp-json\/wp\/v2\/media?parent=11680"}],"wp:term":[{"taxonomy":"category","embeddable":true,"href":"https:\/\/semmelweis.hu\/magtud\/wp-json\/wp\/v2\/categories?post=11680"},{"taxonomy":"post_tag","embeddable":true,"href":"https:\/\/semmelweis.hu\/magtud\/wp-json\/wp\/v2\/tags?post=11680"}],"curies":[{"name":"wp","href":"https:\/\/api.w.org\/{rel}","templated":true}]}}