{"id":11673,"date":"2023-06-07T08:14:31","date_gmt":"2023-06-07T06:14:31","guid":{"rendered":"https:\/\/semmelweis.hu\/magtud\/?page_id=11673"},"modified":"2026-02-16T13:28:27","modified_gmt":"2026-02-16T12:28:27","slug":"dr-lajtai-laszlo","status":"publish","type":"page","link":"https:\/\/semmelweis.hu\/magtud\/intezet\/munkatarsak\/dr-lajtai-laszlo\/","title":{"rendered":"Dr. Lajtai L\u00e1szl\u00f3"},"content":{"rendered":"<p><img loading=\"lazy\" decoding=\"async\" class=\"alignright wp-image-10297\" src=\"https:\/\/semmelweis.hu\/magtud\/files\/2021\/10\/DSC2727.jpg\" alt=\"\" width=\"200\" height=\"300\" srcset=\"https:\/\/semmelweis.hu\/magtud\/files\/2021\/10\/DSC2727.jpg 1001w, https:\/\/semmelweis.hu\/magtud\/files\/2021\/10\/DSC2727-200x300.jpg 200w, https:\/\/semmelweis.hu\/magtud\/files\/2021\/10\/DSC2727-683x1024.jpg 683w, https:\/\/semmelweis.hu\/magtud\/files\/2021\/10\/DSC2727-768x1151.jpg 768w\" sizes=\"auto, (max-width: 200px) 100vw, 200px\" \/><\/p>\n<div class=\"responsive-tabs\">\n<h2 class=\"tabtitle\">\u00d6n\u00e9letrajz<\/h2>\n<div class=\"tabcontent\">\n\n<p><strong>Szem\u00e9lyi adatok<\/strong><\/p>\n<p>N\u00e9v: Dr. Lajtai L\u00e1szl\u00f3<\/p>\n<p>Sz\u00fclet\u00e9si id\u0151:\u00a0\u00a0\u00a0 1964.11.15.<\/p>\n<p>El\u00e9rhet\u0151s\u00e9gek: Semmelweis Egyetem, Magatart\u00e1studom\u00e1nyi Int\u00e9zet, 1089 Budapest, Nagyv\u00e1rad t\u00e9r 4., tel.: +36-1-210-2930\/6119,\u00a0 fax: +36-1-2102953, e-mail: lajtai.laszlo\u00a0 [KUKAC] med \u00a0[PONT] semmelweis-iniv\u00a0 [PONT] hu.<\/p>\n<p><strong>K\u00e9pzetts\u00e9g<\/strong><\/p>\n<p>\u00c9retts\u00e9gi: 1982<\/p>\n<p><strong>Diplom\u00e1k:<\/strong><\/p>\n<p>\u2013\u00a0\u00a0\u00a0 \u00c1ltal\u00e1nos orvos: Semmelweis Orvostudom\u00e1nyi Egyetem 1989<\/p>\n<p>\u2013\u00a0\u00a0\u00a0 Kultur\u00e1lis antropol\u00f3gus: E\u00f6tv\u00f6s L\u00f3r\u00e1nd Tudom\u00e1nyegyetem 1998<\/p>\n<p><strong>Szakvizsg\u00e1k:<\/strong><\/p>\n<p>\u2013\u00a0\u00a0\u00a0 Pszichi\u00e1tria: 1993<\/p>\n<p>\u2013\u00a0\u00a0\u00a0 Pszichoter\u00e1pia: 1995<\/p>\n<p>\u2013\u00a0\u00a0\u00a0 Gyermekpszichi\u00e1tria: 1997<\/p>\n<p><strong>Nyelvismeret<\/strong><\/p>\n<p>Fels\u0151fok\u00fa nyelvvizsga: angol, n\u00e9met, spanyol, olasz<\/p>\n<p>K\u00f6z\u00e9pfok\u00fa nyelvvizsga: portug\u00e1l<\/p>\n<p><strong>Munkahelyek<\/strong><\/p>\n<p>1989-1997: Orsz\u00e1gos Pszichi\u00e1triai \u00e9s Neurol\u00f3giai Int\u00e9zet<\/p>\n<p>1997-t\u0151l: Semmelweis Egyetem, Magatart\u00e1studom\u00e1nyi Int\u00e9zet<\/p>\n<p>2008-2015: University of Edinburgh (PhD hallgat\u00f3)<\/p>\n<p>2016-t\u00f3l: E\u00f6tv\u00f6s L\u00f3r\u00e1nd Tudom\u00e1nyegyetem<\/p>\n<p><strong>Oktat\u00e1s<\/strong><\/p>\n<p>Orvosi antropol\u00f3gia, orvosi pszichol\u00f3gia, pszichoter\u00e1pia \u00e9s pszichoszomatika t\u00e1rgyak oktat\u00e1sa<\/p>\n<p><strong>Kutat\u00e1si ter\u00fclet<\/strong><\/p>\n<p>T\u00f6bbnyelv\u0171s\u00e9g \u00e9s pszichi\u00e1tria<\/p>\n<p>K\u00f3ros szerhaszn\u00e1lat kock\u00e1zati \u00e9s protekt\u00edv t\u00e9nyez\u0151i<\/p>\n<p>Orvostanhallgat\u00f3k p\u00e1lyaszocializ\u00e1ci\u00f3ja<\/p>\n\n<\/div><h2 class=\"tabtitle\">Publik\u00e1ci\u00f3<\/h2>\n<div class=\"tabcontent\">\n\n<p><strong>Magyar nyelv\u0171 publik\u00e1ci\u00f3k<\/strong><br \/>\n<em>K\u00f6nyvfejezetek:<\/em><br \/>\n1.\u00a0\u00a0 \u00a0Lajtai L\u00e1szl\u00f3 (1998): Gyermekkori magatart\u00e1szavarok kezel\u00e9s\u00e9nek n\u00e9h\u00e1ny fontosabb szempontja. In: Magatart\u00e1szavarok a gyermekkorban (Gyakorlati gyermekgy\u00f3gy\u00e1szat jegyzet). Semmelweis Orvostudom\u00e1nyi Egyetem I. sz. Gyermekgy\u00f3gy\u00e1szati Klinika \u00e9s Medicom Glaxo Wellcome, Budapest, 26-28.<br \/>\n2.\u00a0\u00a0 \u00a0Lajtai L\u00e1szl\u00f3 (2000): N\u00e1rcisztikus jelens\u00e9gek az aktu\u00e1lisan jellemz\u0151 drogfogyaszt\u00f3 magatart\u00e1sokban. In: Demetrovics Zsolt (szerk.): A szintetikus drogok vil\u00e1ga. Diszk\u00f3drogok, drogfogyaszt\u00f3k, szubkult\u00far\u00e1k. Animula, Budapest. 183-198.<br \/>\n3.\u00a0\u00a0 \u00a0Lajtai L\u00e1szl\u00f3 (2000): \u201cP\u00e1rbesz\u00e9d orvos \u00e9s beteg k\u00f6z\u00f6tt\u201d \u2013 A k\u00e9pz\u00e9s tanuls\u00e1gai. In: P\u00e1rbesz\u00e9d orvos \u00e9s beteg k\u00f6z\u00f6tt. Az Optimum \u2013 \u00d6sszefog\u00e1s a fogyaszt\u00f3k\u00e9rt Alap\u00edtv\u00e1ny kiadv\u00e1nya, Budapest, 29-33.<br \/>\n4.\u00a0\u00a0 \u00a0Lajtai L\u00e1szl\u00f3, Csoboth Csilla \u00e9s Kopp M\u00e1ria (2006): Az \u00e9letmin\u0151s\u00e9g jav\u00edt\u00e1s\u00e1nak nem adapt\u00edv k\u00eds\u00e9rletei: illeg\u00e1lis szerfogyaszt\u00e1s \u00e9s alkoholab\u00fazus. In: Kopp M\u00e1ria \u00e9s Kov\u00e1cs M\u00f3nika (szerk.): A magyar n\u00e9pess\u00e9g \u00e9letmin\u0151s\u00e9ge az ezredfordul\u00f3n. Semelweis Kiad\u00f3, Budapest, 194-202.<br \/>\n5.\u00a0\u00a0 \u00a0Lajtai L\u00e1szl\u00f3 (2007): Alkoholhaszn\u00e1lat \u00e9s alkoholf\u00fcgg\u0151s\u00e9g. Mi\u00e9rt \u00e9ppen alkohol? In: Demetrovics Zsolt (szerk.): Az addiktol\u00f3giai alapjai I.. ELTE E\u00f6tv\u00f6s Kiad\u00f3, Budapest, 73-106.<br \/>\n6.\u00a0\u00a0 \u00a0Lajtai L\u00e1szl\u00f3 (2008): Kapcsolat roma (cig\u00e1ny) p\u00e1ciensekkel. In: Pilling J\u00e1nos (szerk.): Orvosi kommunik\u00e1ci\u00f3. \u00e1tdolg. kiad.\u00a0 Medicina, Budapest, 335-350,<br \/>\n7.\u00a0\u00a0 \u00a0F\u00fcredi J\u00e1nos, Harmatta J\u00e1nos, Lajtai L\u00e1szl\u00f3 (2009): A pszichi\u00e1tria t\u00e1rsadalmi vonatkoz\u00e1sai. In: F\u00fcredi J\u00e1nos, N\u00e9meth Attila, Tariska P\u00e9ter, Bels\u0151 N\u00f3ra (szerk.): A pszichi\u00e1tria magyar k\u00e9zik\u00f6nyve. 4., \u00e1tdolgozott. kiad\u00e1s. Medicina, Budapest, 122-131.<br \/>\n8.\u00a0\u00a0 \u00a0Harmathy \u00c9va, Lajtai L\u00e1szl\u00f3, Sztan\u00f3 Fl\u00f3ra (2009): A B\u00e1lint-csoportok aktualit\u00e1sa. In: In: F\u00fcredi J\u00e1nos, N\u00e9meth Attila, Tariska P\u00e9ter, Bels\u0151 N\u00f3ra (szerk.): A pszichi\u00e1tria magyar k\u00e9zik\u00f6nyve. 4., \u00e1tdolgozott. kiad\u00e1s. Medicina, Budapest, 768-771.<br \/>\n9.\u00a0\u00a0 \u00a0Osv\u00e1th P\u00e9ter, Kov\u00e1cs Attila, Lajtai L\u00e1szl\u00f3 (2009): A transzkultur\u00e1lis pszichi\u00e1tria. In: In: F\u00fcredi J\u00e1nos, N\u00e9meth Attila, Tariska P\u00e9ter, Bels\u0151 N\u00f3ra (szerk.): A pszichi\u00e1tria magyar k\u00e9zik\u00f6nyve. 4., \u00e1tdolgozott. kiad\u00e1s. Medicina, Budapest, 803-816.<br \/>\n10.\u00a0\u00a0 \u00a0T\u00fary Ferenc, Lajtai L\u00e1szl\u00f3 (2009): Hivat\u00e1s \u00e9s szem\u00e9lyis\u00e9g. Az orvostanhallgat\u00f3k \u00e9s orvosok pszichol\u00f3giai probl\u00e9m\u00e1i. In: Kopp M\u00e1ria, Berghammer Rita (szerk.): Orvosi Pszichol\u00f3gia \u00e9s Magatart\u00e1sorvosl\u00e1s.\u00a0 Medicina, Budapest, 215-224.<br \/>\n11.\u00a0\u00a0 \u00a0Lajtai L\u00e1szl\u00f3: Pszichi\u00e1triai antropol\u00f3gia. In: L\u00e1z\u00e1r Imre, Pik\u00f3 Bernadett (szerk.): Orvosi antropol\u00f3gia. (in press)<\/p>\n<p><em>Tanulm\u00e1nyok:<\/em><br \/>\n1.\u00a0\u00a0 \u00a0Lajtai L\u00e1szl\u00f3, S\u00e1ntha Istv\u00e1n (1997): Medve \u201cA foltosh\u00e1t\u00fa sir\u00e1ly\u201d-ban. Medve szimb\u00f3lumok gilj\u00e1k n\u00e9pmes\u00e9kben. Selyem\u00fat. 1 (2): 35-37.<br \/>\n2.\u00a0\u00a0 \u00a0Lajtai, L\u00e1szl\u00f3 (1999): Drogok a kultur\u00e1lis \u00e9s pszichi\u00e1triai antropol\u00f3gia szemsz\u00f6g\u00e9b\u0151l. Bel\u00fcgyi Szemle 15 (6): 37-47.<br \/>\n3.\u00a0\u00a0 \u00a0Lajtai L\u00e1szl\u00f3, Eisler Olga (1999): Orvosok \u00e9s s\u00e1m\u00e1nok Nep\u00e1lban. Tabula 2 (2): 121-128.<br \/>\n4.\u00a0\u00a0 \u00a0Eisler Olga, Lajtai L\u00e1szl\u00f3 (2000): A Vipassana \u00e9s a pszichoter\u00e1pia. Pszichoter\u00e1pia. 9 (1): 33-34.<br \/>\n5.\u00a0\u00a0 \u00a0Eisler Olga, Lajtai L\u00e1szl\u00f3 (2000): Eg\u00e9szs\u00e9g\u00fcgy Nep\u00e1lban. Orvosi Hetilap 141 (24): 1355-1359.<br \/>\n6.\u00a0\u00a0 \u00a0Eisler Olga, Lajtai L\u00e1szl\u00f3 (2000): Epilepsziaell\u00e1t\u00e1s Nep\u00e1lban. Ideggy\u00f3gy\u00e1szati Szemle 53 (11-12): 414-423.<br \/>\n7.\u00a0\u00a0 \u00a0Lajtai, L\u00e1szl\u00f3 (2000): N\u00e9h\u00e1ny antropol\u00f3giai szeml\u00e9let\u0171 kieg\u00e9sz\u00edt\u00e9s az \u00c9letmin\u0151s\u00e9g (Quality of Life) k\u00e9rd\u00e9s\u00e9hez. Ment\u00e1lhigi\u00e9n\u00e9 \u00e9s Pszichoszomatika\u00a0 2.[11] ( 3-4): 63-67.<br \/>\n8.\u00a0\u00a0 \u00a0Lajtai L\u00e1szl\u00f3 (2001): Az \u201cacting-out\u201d szakkifejez\u00e9s \u00e9rt\u00e9kkonnot\u00e1ci\u00f3inak antropol\u00f3giai elemz\u00e9se. Pszichoter\u00e1pia 10 (5): 358-364.<br \/>\n9.\u00a0\u00a0 \u00a0Lajtai L\u00e1szl\u00f3 (2001): Szuperv\u00edzi\u00f3, avagy a budai modell dilemm\u00e1ja. Reflexi\u00f3 Sz\u0151nyi G\u00e1bor: \u201cSzuperv\u00edzi\u00f3 a pszichoanal\u00edzisben. A Budapesti Modell dilemm\u00e1ja\u201d c\u00edm\u0171 cikk\u00e9re. Pszichoter\u00e1pia 10 (5): 365-367.<br \/>\n10.\u00a0\u00a0 \u00a0Lajtai L\u00e1szl\u00f3 (2002): Az interperszon\u00e1lis pszichoter\u00e1pia bemutat\u00e1sa. Pszichoter\u00e1pia 11 (3): 199-207<br \/>\n11.\u00a0\u00a0 \u00a0Lajtai L\u00e1szl\u00f3 (2003): V\u00e1lasz Botond Gyula hozz\u00e1sz\u00f3l\u00e1s\u00e1ra. Pszichoter\u00e1pia 12 (1): 49-50<br \/>\n12.\u00a0\u00a0 \u00a0Lajtai L\u00e1szl\u00f3 (2003): A minangkabau dukun orvos antropol\u00f3giai szemsz\u00f6gb\u0151l. Tabula 6 (1): 117-134.<br \/>\n13.\u00a0\u00a0 \u00a0Lajtai L\u00e1szl\u00f3, Hoyer M\u00e1ria (2003): Korok \u00e9s korszakok, avagy k\u00f3r ok \u00e9s fejl\u0151d\u00e9si korszakok.<br \/>\n14.\u00a0\u00a0 \u00a0Az indualtkontroll nagy korszakai az eur\u00f3pai kult\u00far\u00e1ban. Psychiatria Hungarica 18 (2): 68-82.<br \/>\n15.\u00a0\u00a0 \u00a0Lajtai Laszlo, Simon Maria, Csoboth Csilla, Kopp Maria (2004): Miert fontos a nem? Vagy miert nem? Az illegalis szerfogyasztasban felmerulo kulonbsegek elemzese egy orszagos reprezentativ felmeres kapcsan. Addiktologia 3 (4): 543-554<br \/>\n16.\u00a0\u00a0 \u00a0Lajtai L\u00e1szl\u00f3 (2006): A kasztrendszerr\u0151l: mechanizmusok \u00e9s hiedelmek. Tabula 9 (2): 223-240.<\/p>\n<p><em>El\u0151ad\u00e1sok:<\/em><br \/>\n1.\u00a0\u00a0 \u00a0Lajtai L\u00e1szl\u00f3 (1998): A pszichoterapeut\u00e1k t\u00e9rbeli elhelyezked\u00e9se Budapesten. Poszter. Magyar Pszichi\u00e1triai T\u00e1rsas\u00e1g, IV. Nemzeti Kongresszus, 1998. 01.28-31., Budapest.<br \/>\n2.\u00a0\u00a0 \u00a0Szendi G\u00e1bor, Lajtai L\u00e1szl\u00f3, Szedm\u00e1k S\u00e1ndor, Kopp M\u00e1ria (1999): A p\u00e1nik alt\u00edpusai. Poszter. Magyar Pszichi\u00e1triai T\u00e1rsas\u00e1g VII. V\u00e1ndorgy\u0171l\u00e9se, 1999. 01. 28-31., Debrecen.<br \/>\n3.\u00a0\u00a0 \u00a0Lajtai L\u00e1szl\u00f3 (1999): A drogok t\u00e1rsadalmi \u00e9s kultur\u00e1lis \u00f6sszef\u00fcgg\u00e9sei. Magyar Addiktol\u00f3giai T\u00e1rsas\u00e1g III. Kongresszus, 1999. 10. 14-16., Balatonf\u00fcred.<br \/>\n4.\u00a0\u00a0 \u00a0Lajtai L\u00e1szl\u00f3 (2000): A kultur\u00e1lis antropol\u00f3gia \u00e9s a pszichoter\u00e1pia m\u00f3dszer\u00e9nek \u00e9s gyakorlat\u00e1nak \u00f6sszehasonl\u00edt\u00e1sa. Magyar Pszichi\u00e1triai T\u00e1rsas\u00e1g VIII. V\u00e1ndorgy\u0171l\u00e9se. 2000. 01. 26-29., Gy\u0151r.<br \/>\n5.\u00a0\u00a0 \u00a0Lajtai L\u00e1szl\u00f3 (2000): Az \u00e1lom kult\u00farantropol\u00f3giai megk\u00f6zel\u00edt\u00e9se. Magyar Pszichol\u00f3giai T\u00e1rsas\u00e1g XIV. Orsz\u00e1gos Tudom\u00e1nyos Nagygy\u0171l\u00e9s. Pszichol\u00f3gia 2000 konferencia. 2000. 05.30-06.02., Budapest.<br \/>\n6.\u00a0\u00a0 \u00a0Lajtai L\u00e1szl\u00f3 (2001): Az \u201cacting-out\u201d szakkifejez\u00e9s \u00e9rt\u00e9kkonnot\u00e1ci\u00f3inak antropol\u00f3giai elemz\u00e9se.\u00a0 Magyar Pszichi\u00e1triai T\u00e1rsas\u00e1g IX. V\u00e1ndorgy\u0171l\u00e9se. 2001. 01. 24-27., Miskolc.<br \/>\n7.\u00a0\u00a0 \u00a0Lajtai L\u00e1szl\u00f3, M\u00e9sz\u00e1ros Eszter (2004): Az illeg\u00e1lis szerhaszn\u00e1lat f\u0151bb jellemz\u0151i ma, Magyarorsz\u00e1gon egy orsz\u00e1gos, reprezentat\u00edv felm\u00e9r\u00e9s kapcs\u00e1n. Poszter. Magyar Pszichi\u00e1triai T\u00e1rsas\u00e1g XI. V\u00e1ndorgy\u0171l\u00e9s, 2004.01.28-31., Szeged<br \/>\n8.\u00a0\u00a0 \u00a0Lajtai, L\u00e1szl\u00f3 (2004): Csoport \u00e9s kult\u00fara \u2013 etol\u00f3giai \u00e9s antropol\u00f3giai kitekint\u00e9s; tanuls\u00e1gok a m\u00e1ra vonatkoz\u00f3lag. El\u0151ad\u00e1s a Magyar Csoport-pszichoter\u00e1pi\u00e1s Egyes\u00fclet, K\u00d6Z\u00d6S NYELV\u00dcNK A CSOPORT, 2004 okt\u00f3ber 15., Budapest.<br \/>\n9.\u00a0\u00a0 \u00a0Lajtai, L\u00e1szl\u00f3 \u00e9s Kopp, M\u00e1ria (2004): Nemi k\u00fcl\u00f6nbs\u00e9gek \u00e9s egyes pszichol\u00f3giai h\u00e1tt\u00e9rt\u00e9nyez\u0151k a drog kipr\u00f3b\u00e1l\u00e1s\u00e1ban (HUNGAROSTUDY reprezentat\u00edv felm\u00e9r\u00e9s).\u00a0 Magyar Addiktol\u00f3giai T\u00e1rsas\u00e1g V. Orsz\u00e1gos Kongresszusa. 2004, okt\u00f3ber 21-23., Balatonf\u00fcred.<br \/>\n10.\u00a0\u00a0 \u00a0Lajtai, L\u00e1szl\u00f3 (2007): Asperger szindr\u00f3ma: \u00faj j\u00e1rv\u00e1ny a l\u00e1that\u00e1ron?\u00a0 Magyar Pszichi\u00e1triai T\u00e1rsas\u00e1g XIII. v\u00e1ndorgy\u0171l\u00e9se. 2007. janu\u00e1r 24-27, Miskolc.<\/p>\n<p><strong>Idegen nyelv\u0171 publik\u00e1ci\u00f3k<\/strong><br \/>\n<em>Tanulm\u00e1nyok:<\/em><br \/>\n1.\u00a0\u00a0 \u00a0Eisler, Olga and Lajtai, L\u00e1szl\u00f3 (1999): Epilepsy in Nepal. Epicadec News 13: 5-7<\/p>\n<p>2.\u00a0\u00a0 \u00a0Oravecz, Robert, Oravecz, Julianna and Lajtai, L\u00e1szl\u00f3 (2003): Thanatological Dimensions of Refugees. Revista International de Tanatologia y Suicidio 3 (1) pp. 59-65<\/p>\n<p><em>El\u0151ad\u00e1s:<\/em><br \/>\n1.\u00a0\u00a0 \u00a0Lajtai, L\u00e1szl\u00f3 (2000): Balint Group for professionals working with chronically ill children patients. 31th Annual Conference of the European Working Group on Psychosocial Aspects of Children with Chronic Renal Failure. 2000. 05. 24-27., Budapest.<\/p>\n<\/div><\/div>\n","protected":false},"excerpt":{"rendered":"<p>Szem\u00e9lyi adatok N\u00e9v: Dr. Lajtai L\u00e1szl\u00f3 Sz\u00fclet\u00e9si id\u0151:\u00a0\u00a0\u00a0 1964.11.15. El\u00e9rhet\u0151s\u00e9gek: Semmelweis Egyetem, Magatart\u00e1studom\u00e1nyi Int\u00e9zet, 1089 Budapest, Nagyv\u00e1rad t\u00e9r 4., tel.: +36-1-210-2930\/6119,\u00a0 fax: +36-1-2102953, e-mail: lajtai.laszlo\u00a0 [KUKAC] med \u00a0[PONT] semmelweis-iniv\u00a0 [PONT] hu. K\u00e9pzetts\u00e9g \u00c9retts\u00e9gi: 1982 Diplom\u00e1k: \u2013\u00a0\u00a0\u00a0 \u00c1ltal\u00e1nos orvos: Semmelweis Orvostudom\u00e1nyi Egyetem 1989 \u2013\u00a0\u00a0\u00a0 Kultur\u00e1lis antropol\u00f3gus: E\u00f6tv\u00f6s L\u00f3r\u00e1nd Tudom\u00e1nyegyetem 1998 Szakvizsg\u00e1k: \u2013\u00a0\u00a0\u00a0 Pszichi\u00e1tria: 1993 \u2013\u00a0\u00a0\u00a0 Pszichoter\u00e1pia: &hellip;<\/p>\n","protected":false},"author":110,"featured_media":0,"parent":2035,"menu_order":20,"comment_status":"closed","ping_status":"closed","template":"","meta":{"_acf_changed":false,"footnotes":""},"categories":[],"tags":[],"class_list":["post-11673","page","type-page","status-publish","hentry"],"acf":[],"_links":{"self":[{"href":"https:\/\/semmelweis.hu\/magtud\/wp-json\/wp\/v2\/pages\/11673","targetHints":{"allow":["GET"]}}],"collection":[{"href":"https:\/\/semmelweis.hu\/magtud\/wp-json\/wp\/v2\/pages"}],"about":[{"href":"https:\/\/semmelweis.hu\/magtud\/wp-json\/wp\/v2\/types\/page"}],"author":[{"embeddable":true,"href":"https:\/\/semmelweis.hu\/magtud\/wp-json\/wp\/v2\/users\/110"}],"replies":[{"embeddable":true,"href":"https:\/\/semmelweis.hu\/magtud\/wp-json\/wp\/v2\/comments?post=11673"}],"version-history":[{"count":4,"href":"https:\/\/semmelweis.hu\/magtud\/wp-json\/wp\/v2\/pages\/11673\/revisions"}],"predecessor-version":[{"id":12092,"href":"https:\/\/semmelweis.hu\/magtud\/wp-json\/wp\/v2\/pages\/11673\/revisions\/12092"}],"up":[{"embeddable":true,"href":"https:\/\/semmelweis.hu\/magtud\/wp-json\/wp\/v2\/pages\/2035"}],"wp:attachment":[{"href":"https:\/\/semmelweis.hu\/magtud\/wp-json\/wp\/v2\/media?parent=11673"}],"wp:term":[{"taxonomy":"category","embeddable":true,"href":"https:\/\/semmelweis.hu\/magtud\/wp-json\/wp\/v2\/categories?post=11673"},{"taxonomy":"post_tag","embeddable":true,"href":"https:\/\/semmelweis.hu\/magtud\/wp-json\/wp\/v2\/tags?post=11673"}],"curies":[{"name":"wp","href":"https:\/\/api.w.org\/{rel}","templated":true}]}}