{"id":11669,"date":"2023-06-06T14:58:36","date_gmt":"2023-06-06T12:58:36","guid":{"rendered":"https:\/\/semmelweis.hu\/magtud\/?page_id=11669"},"modified":"2026-03-11T10:32:10","modified_gmt":"2026-03-11T09:32:10","slug":"balog-piroska","status":"publish","type":"page","link":"https:\/\/semmelweis.hu\/magtud\/intezet\/munkatarsak\/balog-piroska\/","title":{"rendered":"Dr. Balog Piroska"},"content":{"rendered":"<p><a href=\"https:\/\/semmelweis.hu\/magtud\/files\/2017\/11\/balpir_w-1.jpg\"><img loading=\"lazy\" decoding=\"async\" class=\"size-full wp-image-3495 alignright\" src=\"https:\/\/semmelweis.hu\/magtud\/files\/2017\/11\/balpir_w-1.jpg\" alt=\"\" width=\"150\" height=\"232\" \/><\/a><\/p>\n<div class=\"responsive-tabs\">\n<h2 class=\"tabtitle\">\u00d6n\u00e9letrajz<\/h2>\n<div class=\"tabcontent\">\n\n<p><strong>Szem\u00e9lyi adatok<\/strong><\/p>\n<p>Dr. Balog Piroska<\/p>\n<p>Semmelweis Egyetem \u00c1OK Magatart\u00e1studom\u00e1nyi Int\u00e9zet<\/p>\n<p>1089 Budapest, Nagyv\u00e1rad t\u00e9r 4.<\/p>\n<p>E-mail: <a href=\"mailto:balog.piroska@med.semmelweis-univ.hu\">balog.piroska@med.semmelweis-univ.hu<\/a><\/p>\n<p>&nbsp;<\/p>\n<p><strong>V\u00e9gzetts\u00e9g<\/strong><\/p>\n<p>2007 \u00a0PhD, Semmelweis Egyetem, Ment\u00e1lis Eg\u00e9szs\u00e9gtudom\u00e1nyok Doktori Iskola, pszichol\u00f3gia tudom\u00e1nyok doktora, summa cum laude<\/p>\n<p>2006\u00a0\u00a0 Klinikai \u00e9s Ment\u00e1lhigi\u00e9niai Feln\u0151tt Szakpszichol\u00f3gus K\u00e9pz\u00e9s, P\u00e9cs, kiv\u00e1l\u00f3an megfelelt<\/p>\n<p>1996 \u00a0okleveles pszichol\u00f3gus \u00e9s pszichol\u00f3gia szakos tan\u00e1r (P 0044420\/370, Babes-Bolyai Tudom\u00e1nyegyetem, Kolozsv\u00e1r, 1996, MEIK \u2013 3539\/2005, 2005.02.09.)<\/p>\n<p><strong>\u00a0<\/strong><\/p>\n<p><strong>Egy\u00e9b k\u00e9pzetts\u00e9g\u00a0\u00a0\u00a0\u00a0\u00a0\u00a0\u00a0\u00a0\u00a0\u00a0\u00a0\u00a0\u00a0\u00a0\u00a0\u00a0\u00a0 <\/strong><\/p>\n<p>2025\u00a0 \u00a0 \u00a0 \u00a0 \u00a0 \u00a0 \u00a0 \u00a0 S\u00e9materapeuta (Certified Individual Schema Therapist)<br \/>\n\u00a0 \u00a0 \u00a0 \u00a0 \u00a0 \u00a0 \u00a0 \u00a0 \u00a0 \u00a0 \u00a0 \u00a0 (IND-3958, ISST membership no: HU 82765986)<br \/>\n\u00a0 \u00a0 \u00a0 \u00a0 \u00a0 \u00a0 \u00a0 \u00a0 \u00a0 \u00a0 \u00a0 \u00a0 International Society of Schema Therapy<\/p>\n<p>2020\u00a0 \u00a0\u00a0\u00a0\u00a0\u00a0\u00a0\u00a0\u00a0\u00a0\u00a0\u00a0\u00a0\u00a0 Az eg\u00e9szs\u00e9ges szem\u00e9lyis\u00e9gm\u0171k\u00f6d\u00e9s fejleszt\u00e9se \u2013 s\u00e9mater\u00e1pi\u00e1s workshop<\/p>\n<p>2019 \u2013 2023 \u00a0\u00a0 S\u00e9mater\u00e1pia k\u00e9pz\u00e9s I., II., III A \u00e9s III B modulok<\/p>\n<p>2019\u00a0\u00a0\u00a0\u00a0\u00a0\u00a0\u00a0\u00a0\u00a0\u00a0\u00a0\u00a0\u00a0\u00a0\u00a0 Interperszon\u00e1lis pszichoterapeuta alapk\u00e9pz\u00e9s \u00e9s workshop<\/p>\n<p>2005 \u2013 2010 \u00a0\u00a0 Medit\u00e1ci\u00f3s \u00e9s Szimb\u00f3lumter\u00e1pi\u00e1s K\u00e9pz\u00e9s<\/p>\n<p>2002 \u2013 2008 \u00a0\u00a0 Csal\u00e1dterapeuta k\u00e9pz\u00e9s \u00e9s szuperv\u00edzi\u00f3<\/p>\n<p>2004\u00a0\u00a0\u00a0\u00a0\u00a0\u00a0\u00a0\u00a0\u00a0 \u00a0\u00a0\u00a0\u00a0\u00a0 Williams \u00c9letk\u00e9szs\u00e9gek pszichoszoci\u00e1lis k\u00e9szs\u00e9gfejleszt\u0151 tr\u00e9ning okleveles facilit\u00e1tor<\/p>\n<p>1999 \u2013 2000\u00a0\u00a0\u00a0 K\u00e9pz\u00e9s seg\u00edt\u0151 foglalkoz\u00e1s\u00faaknak<\/p>\n<p>1999 \u2013 2000\u00a0\u00a0\u00a0 Transzperszon\u00e1lis Szemin\u00e1riumok<\/p>\n<p>1997 \u2013 1999\u00a0\u00a0\u00a0 Hipn\u00f3zis elm\u00e9let \u00e9s gyakorlat<\/p>\n<p>1996 \u2013 1999\u00a0\u00a0\u00a0 Posztgradu\u00e1lis Ment\u00e1lhigi\u00e9n\u00e9s Szakos\u00edt\u00f3 K\u00e9pz\u00e9s<\/p>\n<p>1997 \u2013 1998\u00a0\u00a0\u00a0 Csal\u00e1dter\u00e1pi\u00e1s elm\u00e9leti \u00e9s gyakorlati k\u00e9pz\u00e9s, szuperv\u00edzi\u00f3<em> (<\/em>t\u00e1rgykapcsolat &#8211;\u00a0 elm\u00e9leti)<\/p>\n<p>1995 \u2013 1997 \u00a0\u00a0 Autog\u00e9n tr\u00e9ning \u00e9s relax\u00e1ci\u00f3<\/p>\n<p>1997 \u00a0\u00a0\u00a0\u00a0\u00a0\u00a0\u00a0\u00a0\u00a0\u00a0\u00a0\u00a0\u00a0\u00a0 F\u00f3kuszter\u00e1pi\u00e1s alapk\u00e9pz\u00e9s<\/p>\n<p>1994 \u2013 1997 \u00a0\u00a0\u00a0Pszichodr\u00e1ma<\/p>\n<p><strong>\u00a0<\/strong><\/p>\n<p><strong>Nyelvismeret:<\/strong><\/p>\n<p>Rom\u00e1n fels\u0151fok (rom\u00e1n nyelven \u00e9retts\u00e9gi E 31005\/35\/1988)<\/p>\n<p>Angol k\u00f6z\u00e9pfok (egyetemi vizsga P 0044420\/370\/1996)<\/p>\n<p>&nbsp;<\/p>\n<p><strong>Szakmai tapasztalat<\/strong><\/p>\n<p>2021 \u2013 \u00a0\u00a0\u00a0\u00a0\u00a0\u00a0\u00a0\u00a0\u00a0\u00a0\u00a0 Semmelweis Egyetem, Magatart\u00e1studom\u00e1nyi Int\u00e9zet, <em>egyetemi docens<\/em><\/p>\n<p>2009 \u2013 \u00a0\u00a0\u00a0\u00a0\u00a0\u00a0\u00a0\u00a0\u00a0\u00a0\u00a0 Semmelweis Egyetem, Ment\u00e1lis Eg\u00e9szs\u00e9gtudom\u00e1nyok Doktori Iskola, 4\/2-es program, <em>PhD t\u00e9mavezet\u0151<\/em><\/p>\n<p>2008 \u2013 2021 \u00a0\u00a0 Semmelweis Egyetem, Magatart\u00e1studom\u00e1nyi Int\u00e9zet, <em>egyetemi adjunktus<\/em><\/p>\n<p>2006 \u2013 \u00a0\u00a0\u00a0\u00a0\u00a0\u00a0\u00a0\u00a0\u00a0\u00a0\u00a0 Semmelweis Egyetem, Pszichoszomatikus Szakrendel\u0151, <em>klinikai szakpszichol\u00f3gus<\/em><\/p>\n<p>2004 \u2013 \u00a0\u00a0\u00a0\u00a0\u00a0\u00a0\u00a0\u00a0\u00a0\u00a0\u00a0 Semmelweis Egyetem Magatart\u00e1studom\u00e1nyi Int\u00e9zet, Di\u00e1ktan\u00e1csad\u00f3<em>, hallgat\u00f3i tan\u00e1csad\u00e1s magyar \u00e9s angol nyelven<\/em><\/p>\n<p>2004 \u2013 2008 \u00a0\u00a0 Semmelweis Egyetem, Magatart\u00e1studom\u00e1nyi Int\u00e9zet, <em>egyetemi<\/em> <em>tan\u00e1rseg\u00e9d<\/em><\/p>\n<p>2003 \u2013 2004 \u00a0\u00a0 Semmelweis Egyetem, Magatart\u00e1studom\u00e1nyi Int\u00e9zet<em>, pszichol\u00f3gus, kutat\u00e1si p\u00e1ly\u00e1zatokban val\u00f3 r\u00e9szv\u00e9tel<\/em><\/p>\n<p>2000 \u2013 2003 \u00a0\u00a0 Semmelweis Egyetem, Magatart\u00e1studom\u00e1nyi Int\u00e9zet, Budapest, <em>\u00f6szt\u00f6nd\u00edjas PhD hallgat\u00f3 <\/em><\/p>\n<p>2001 \u00a0\u00a0\u00a0\u00a0\u00a0\u00a0\u00a0\u00a0\u00a0\u00a0\u00a0\u00a0\u00a0\u00a0 Karolinska Int\u00e9zet Stockholm, PhD hallgat\u00f3, <em>Erasmus \u00f6szt\u00f6nd\u00edj\u00a0 <\/em><\/p>\n<p>2001 \u2013 2006\u00a0\u00a0\u00a0 Magatart\u00e1studom\u00e1nyi Int\u00e9zet, Pszichoszomatikus Szakrendel\u0151, <em>pszichol\u00f3gus<\/em><\/p>\n<p>2000\u00a0\u00a0\u00a0\u00a0\u00a0\u00a0\u00a0\u00a0\u00a0\u00a0\u00a0\u00a0\u00a0\u00a0\u00a0 Napsug\u00e1r Alap\u00edtv\u00e1ny, Bukarest, <em>hivat\u00e1sos nevel\u0151sz\u00fcl\u0151knek alkalmass\u00e1gi pszichodiagnosztika, oktat\u00f3, tr\u00e9ningvezet\u0151<\/em><\/p>\n<p>1998 \u2013 1999 \u00a0\u00a0 Csib\u00e9sz Alap\u00edtv\u00e1ny, Cs\u00edksomly\u00f3, <em>Gyermekotthonb\u00f3l kiker\u00fclt fiatalok nevel\u0151inek esetmegbesz\u00e9l\u0151 csoport vezet\u00e9se<\/em><\/p>\n<p>1998 \u2013 2000 \u00a0\u00a0 SOS Lelkiseg\u00e9ly Telefonszolg\u00e1lat, Cs\u00edkszereda, <em>szakmai vezet\u0151, kik\u00e9pz\u0151<\/em><\/p>\n<p>1997 \u2013 1998\u00a0\u00a0\u00a0 Csal\u00e1dter\u00e1pi\u00e1s Int\u00e9zet, P\u00e9cs, <em>koterapeuta p\u00e1r- \u00e9s csal\u00e1dter\u00e1pi\u00e1kban<\/em><\/p>\n<p>1997 \u2013 1998\u00a0\u00a0\u00a0 SOS \u00c9let Telefonszolg\u00e1lat \u00e9s Kr\u00edzisambulancia, P\u00e9cs, <em>k\u00e9pz\u00e9sen, esetmegbesz\u00e9l\u0151<\/em><em> csoporton val\u00f3 r\u00e9szv\u00e9tel<\/em><\/p>\n<p>1996.09. \u2013 2000. 09. Megyei K\u00f3rh\u00e1z, Cs\u00edkszereda, <em>pszichol\u00f3gus <\/em><\/p>\n<p><strong>\u00a0<\/strong><\/p>\n<p><strong>Oktat\u00f3i tapasztalat<\/strong><\/p>\n<p>2020 \u2013 \u00a0\u00a0\u00a0\u00a0\u00a0\u00a0\u00a0\u00a0\u00a0\u00a0\u00a0 Pszichi\u00e1tria \u00e9s pszichoter\u00e1pia gyakorlatok angol nyelven<\/p>\n<p>2020 \u2013 \u00a0\u00a0\u00a0\u00a0\u00a0\u00a0\u00a0\u00a0\u00a0\u00a0\u00a0 Mentor program oktat\u00f3ja<\/p>\n<p>2016\u00a0 \u2013 \u00a0\u00a0\u00a0\u00a0\u00a0\u00a0\u00a0\u00a0\u00a0\u00a0 Orvosi kommunik\u00e1ci\u00f3 \u00e9s Pszichoter\u00e1pia az orvosi gyakorlatban magyar nyelven<\/p>\n<p>2016 \u2013 \u00a0\u00a0\u00a0\u00a0\u00a0\u00a0\u00a0\u00a0\u00a0\u00a0\u00a0 Hum\u00e1nia P\u00e1lyaszocializ\u00e1ci\u00f3s M\u0171hely oktat\u00e1si vezet\u0151je<\/p>\n<p>2002 \u2013 2012 \u00a0\u00a0 Orvosi pszichol\u00f3gia oktat\u00e1sa magyar \u00e9s angol nyelven<\/p>\n<p>2005 \u2013 2012 \u00a0\u00a0 Orvosi pszichol\u00f3gia angol nyelv\u0171 oktat\u00e1s\u00e1nak vezet\u0151je<\/p>\n<p>2005 \u2013 2012 \u00a0\u00a0 Fogorvosi pszichol\u00f3gia angol nyelv\u0171 oktat\u00e1s\u00e1nak vezet\u0151je<\/p>\n<p>2010 \u2013 2012\u00a0\u00a0\u00a0 Fogorvosi pszichol\u00f3gia tantermi el\u0151ad\u00e1s magyar \u00e9s angol nyelven<\/p>\n<p>2009 \u2013 \u00a0\u00a0\u00a0\u00a0\u00a0\u00a0\u00a0\u00a0\u00a0\u00a0\u00a0 PhD el\u0151ad\u00e1s (Ment\u00e1lis Eg\u00e9szs\u00e9gtudom\u00e1nyok Doktori Iskola)<\/p>\n<p>2002\u20132008\u00a0 \u00a0\u00a0\u00a0 Kr\u00edzisintervenci\u00f3 kurzus \u00e9s szem\u00e9lyis\u00e9gfejleszt\u0151 tr\u00e9ningek vezet\u00e9se (Apor Vilmos Katolikus F\u0151iskola, Zs\u00e1mb\u00e9k \u00e9s V\u00e1c)<\/p>\n<p><em>(2012 \u00e9s 2015 k\u00f6z\u00f6tt GYED\/GYES)<\/em><\/p>\n<p><strong>\u00a0<\/strong><\/p>\n<p><strong>Kutat\u00e1si ter\u00fclet<\/strong><\/p>\n<p>A sz\u00edv-\u00e9s \u00e9rrendszeri betegs\u00e9gek pszichoszoci\u00e1lis rizik\u00f3t\u00e9nyez\u0151i<\/p>\n<p>A reprodukci\u00f3s zavarok\/medd\u0151s\u00e9g pszichoszoci\u00e1lis \u00f6sszef\u00fcgg\u00e9sei<\/p>\n<p>A csal\u00e1di kapcsolatok min\u0151s\u00e9ge \u00e9s az eg\u00e9szs\u00e9gi \u00e1llapot \u00f6sszef\u00fcgg\u00e9sei<\/p>\n<p><strong>\u00a0<\/strong><\/p>\n<p><strong>Publik\u00e1ci\u00f3k <\/strong><\/p>\n<p>K\u00f6zlem\u00e9nyek sz\u00e1ma: 125<\/p>\n<p>K\u00f6zlem\u00e9nyek \u00f6sszes\u00edtett IF: 33,369<\/p>\n<p>45 k\u00f6zlem\u00e9ny lektor\u00e1lt foly\u00f3iratban<\/p>\n<p>Idegen nyelv\u0171: 18, ebb\u0151l 5 els\u0151 szerz\u0151s, 3 utols\u00f3 szerz\u0151s<\/p>\n<p>Magyar nyelv\u0171: 27, ebb\u0151l 7 els\u0151 szerz\u0151s, 5 utols\u00f3 szerz\u0151s<\/p>\n<p>Az utols\u00f3 5 \u00e9v k\u00f6zlem\u00e9nyeinek sz\u00e1ma: 6 angol, 7 magyar<\/p>\n<p>K\u00f6nyvfejezet magyar nyelven: 16, ebb\u0151l 5 egyed\u00fcli, 3 els\u0151-, \u00e9s 8 utols\u00f3 szerz\u0151s<\/p>\n<p>Az utols\u00f3 5 \u00e9v \u00f6sszes\u00edtett IF: 16,532<\/p>\n<p>hivatkoz\u00e1sok sz\u00e1ma \u00f6sszes 735<\/p>\n<p>H-index = 11;<\/p>\n<p>&nbsp;<\/p>\n<p><strong>R\u00e9szv\u00e9tel tudom\u00e1nyos p\u00e1ly\u00e1zatokban<\/strong><\/p>\n<p>2022 Semmelweis Study<\/p>\n<p>2020 &#8211; Horizon 2020 Framework Programme\/ Project: 945377 \u2014 ESCAPE<\/p>\n<p>2020 &#8211; Good Practices Symposium on Student Wellbeing<\/p>\n<p>2008-2012 Az MTA-SE Ment\u00e1lis Eg\u00e9szs\u00e9gtudom\u00e1nyok T\u00e1rsult Kutat\u00f3csoport tagja (a z\u00e1r\u00f3 szakmai besz\u00e1mol\u00f3t \u00e9n \u00edrtam meg, 2012.05.30.)<\/p>\n<p>2009 &#8211; OTKA K73754 \u00e9s INNOTCSE OMFB\/2009<\/p>\n<p>2006 &#8211; OTKA K73754, ETT 100\/2006<\/p>\n<p>2004 &#8211; TS-049785 (2004), NKFP 1b\/020\/2004, OTKA T 035169<\/p>\n<p>2002 &#8211; OTKA TS-40889 (2002),<\/p>\n<p>2001 &#8211; NKFP 1\/002\/2001<\/p>\n<p>2000 &#8211; OTKA T32974 (2000), T-29067\/1999\/T-32374\/2000<\/p>\n<p><strong>\u00a0<\/strong><\/p>\n<p><strong>T\u00e1rsas\u00e1gi tags\u00e1g<\/strong><\/p>\n<ul>\n<li>European Health Psychology Society \u2013 Magyarorsz\u00e1g k\u00e9pvisel\u0151je<\/li>\n<li>International Society of Behavioral Medicine<\/li>\n<li>Magyar Pszichol\u00f3giai T\u00e1rsas\u00e1g<\/li>\n<li>Magyar Pszichofiziol\u00f3giai \u00e9s Eg\u00e9szs\u00e9gpszichol\u00f3giai T\u00e1rsas\u00e1g (vezet\u0151s\u00e9gi tag)<\/li>\n<li>Magyar Kardiol\u00f3gusok T\u00e1rsas\u00e1g\u00e1ban \u2013 a Kardiovaszkul\u00e1ris Prevenci\u00f3s \u00e9s Rehabilit\u00e1ci\u00f3s Munkacsoport tagja<\/li>\n<li>Selye J\u00e1nos Magyar Magatart\u00e1studom\u00e1nyi \u00e9s Magatart\u00e1sorvosl\u00e1si T\u00e1rsas\u00e1g (vezet\u0151s\u00e9gi tag)<\/li>\n<\/ul>\n<p>&nbsp;<\/p>\n<p><strong>Egy\u00e9b szakmai tevek\u00e9nys\u00e9gek:<\/strong><\/p>\n<ul>\n<li>Szakmai lektor a \u201eEuropean Journal of Mental Health\u201d, \u201eOrvosi Hetilap\u201d \u00e9s a \u201eMent\u00e1lhigi\u00e9n\u00e9 \u00e9s Pszichoszomatika\u201d foly\u00f3iratokn\u00e1l<\/li>\n<li>2009-2012 k\u00f6z\u00f6tt Kopp M\u00e1ria professzor asszony megh\u00edv\u00e1s\u00e1ra r\u00e9szt vettem a N\u00e9pesed\u00e9si Kerekasztal munkacsoportjaiban, valamint a 3 Kir\u00e1lyfi 3 Kir\u00e1lyl\u00e1ny Mozgalom kezdeti munk\u00e1j\u00e1ban, GYES ut\u00e1n egy\u00e9b elfoglalts\u00e1gaim miatt nem jutott id\u0151m folytatni ezt a munk\u00e1t<\/li>\n<li>2003-t\u00f3l 73 nemzetk\u00f6zi ill. hazai konferenci\u00e1n adtam el\u0151, illetve mutattam be posztert<\/li>\n<li>2018-t\u00f3l alap\u00edt\u00f3 tagja vagyok Telkiben a Sz\u00fcl\u0151k Akad\u00e9mi\u00e1j\u00e1nak (el\u0151ad\u00e1sokat szerveztem \u00e9s tartottam magam is)<\/li>\n<\/ul>\n<p><strong>\u00a0<\/strong><\/p>\n<p><strong>D\u00edjak<\/strong><\/p>\n<p>2020 \u00a0\u00a0\u00a0\u00a0\u00a0\u00a0\u00a0\u00a0\u00a0\u00a0\u00a0\u00a0\u00a0\u00a0 \u201eKiemelked\u0151 hat\u00e1s\u00fa k\u00f6zlem\u00e9ny\u201d d\u00edja (utols\u00f3 szerz\u0151k\u00e9nt) Semmelweis<\/p>\n<p>Egyetem<\/p>\n<p>2006 \u00a0\u00a0\u00a0\u00a0\u00a0\u00a0\u00a0\u00a0\u00a0\u00a0\u00a0\u00a0\u00a0\u00a0 \u201cEarly Career Award\u201d (\u201cFiatal Kutat\u00f3k D\u00edja\u201d) a Magatart\u00e1sorvosl\u00e1si T\u00e1rsas\u00e1g<\/p>\n<ol start=\"9\">\n<li>Nemzetk\u00f6zi Kongresszusa, Bangkok<strong>.<\/strong><\/li>\n<\/ol>\n<p>2004, 2005 \u00a0\u00a0\u00a0\u00a0 \u201cSzekci\u00f3 Legjobb El\u0151ad\u00f3ja\u201d d\u00edja a Ment\u00e1lis Eg\u00e9szs\u00e9gtudom\u00e1nyok Doktori Iskola konferenci\u00e1in, Budapest<\/p>\n<p>2003 \u00a0\u00a0\u00a0\u00a0\u00a0\u00a0\u00a0\u00a0\u00a0\u00a0\u00a0\u00a0\u00a0\u00a0 \u201cTravel Assistance Award\u201d (\u201cUtaz\u00e1si D\u00edj\u201d) Az Amerikai Pszichoszomatikus T\u00e1rsas\u00e1g 61. Tal\u00e1lkoz\u00f3j\u00e1n, Arizona, Phoenix<strong>.<\/strong><\/p>\n<p>2002 \u00a0\u00a0\u00a0\u00a0\u00a0\u00a0\u00a0\u00a0\u00a0\u00a0\u00a0\u00a0\u00a0\u00a0 \u201cTop Citation Poster Award\u201d (\u201cLegink\u00e1bb Id\u00e9zett Poszter D\u00edja\u201d) Az Amerikai<\/p>\n<p>\u00a0Pszichoter\u00e1pi\u00e1s T\u00e1rsas\u00e1g 60.\u00a0 \u00c9ves Tal\u00e1lkoz\u00f3j\u00e1n, Barcelona.<\/p>\n\n<\/div><h2 class=\"tabtitle\">Publik\u00e1ci\u00f3<\/h2>\n<div class=\"tabcontent\">\n\n<p><a href=\"https:\/\/semmelweis.hu\/magtud\/files\/2023\/09\/2023_Balog_Piroska_publikaciok.pdf\">2023_Balog_Piroska_publik\u00e1ci\u00f3k<\/a><\/p>\n<\/div><\/div>\n","protected":false},"excerpt":{"rendered":"<p><a href=\"https:\/\/semmelweis.hu\/magtud\/files\/2017\/11\/balpir_w-1.jpg\"><\/a> Szem\u00e9lyi adatok Dr. Balog Piroska Semmelweis Egyetem \u00c1OK Magatart\u00e1studom\u00e1nyi Int\u00e9zet 1089 Budapest, Nagyv\u00e1rad t\u00e9r 4. E-mail: <a href=\"mailto:balog.piroska@med.semmelweis-univ.hu\">balog.piroska@med.semmelweis-univ.hu<\/a> &nbsp; V\u00e9gzetts\u00e9g 2007 \u00a0PhD, Semmelweis Egyetem, Ment\u00e1lis Eg\u00e9szs\u00e9gtudom\u00e1nyok Doktori Iskola, pszichol\u00f3gia tudom\u00e1nyok doktora, summa cum laude 2006\u00a0\u00a0 Klinikai \u00e9s Ment\u00e1lhigi\u00e9niai Feln\u0151tt Szakpszichol\u00f3gus K\u00e9pz\u00e9s, P\u00e9cs, kiv\u00e1l\u00f3an megfelelt 1996 \u00a0okleveles pszichol\u00f3gus \u00e9s pszichol\u00f3gia szakos tan\u00e1r (P 0044420\/370, Babes-Bolyai Tudom\u00e1nyegyetem, Kolozsv\u00e1r, 1996, &hellip;<\/p>\n","protected":false},"author":110,"featured_media":0,"parent":2035,"menu_order":6,"comment_status":"closed","ping_status":"closed","template":"","meta":{"_acf_changed":false,"footnotes":""},"categories":[],"tags":[],"class_list":["post-11669","page","type-page","status-publish","hentry"],"acf":[],"_links":{"self":[{"href":"https:\/\/semmelweis.hu\/magtud\/wp-json\/wp\/v2\/pages\/11669","targetHints":{"allow":["GET"]}}],"collection":[{"href":"https:\/\/semmelweis.hu\/magtud\/wp-json\/wp\/v2\/pages"}],"about":[{"href":"https:\/\/semmelweis.hu\/magtud\/wp-json\/wp\/v2\/types\/page"}],"author":[{"embeddable":true,"href":"https:\/\/semmelweis.hu\/magtud\/wp-json\/wp\/v2\/users\/110"}],"replies":[{"embeddable":true,"href":"https:\/\/semmelweis.hu\/magtud\/wp-json\/wp\/v2\/comments?post=11669"}],"version-history":[{"count":8,"href":"https:\/\/semmelweis.hu\/magtud\/wp-json\/wp\/v2\/pages\/11669\/revisions"}],"predecessor-version":[{"id":13005,"href":"https:\/\/semmelweis.hu\/magtud\/wp-json\/wp\/v2\/pages\/11669\/revisions\/13005"}],"up":[{"embeddable":true,"href":"https:\/\/semmelweis.hu\/magtud\/wp-json\/wp\/v2\/pages\/2035"}],"wp:attachment":[{"href":"https:\/\/semmelweis.hu\/magtud\/wp-json\/wp\/v2\/media?parent=11669"}],"wp:term":[{"taxonomy":"category","embeddable":true,"href":"https:\/\/semmelweis.hu\/magtud\/wp-json\/wp\/v2\/categories?post=11669"},{"taxonomy":"post_tag","embeddable":true,"href":"https:\/\/semmelweis.hu\/magtud\/wp-json\/wp\/v2\/tags?post=11669"}],"curies":[{"name":"wp","href":"https:\/\/api.w.org\/{rel}","templated":true}]}}