{"id":11624,"date":"2023-05-31T10:23:13","date_gmt":"2023-05-31T08:23:13","guid":{"rendered":"https:\/\/semmelweis.hu\/magtud\/?page_id=11624"},"modified":"2026-02-16T13:33:39","modified_gmt":"2026-02-16T12:33:39","slug":"dr-kollar-janos","status":"publish","type":"page","link":"https:\/\/semmelweis.hu\/magtud\/intezet\/munkatarsak\/dr-kollar-janos\/","title":{"rendered":"Dr. Koll\u00e1r J\u00e1nos"},"content":{"rendered":"<p><a href=\"https:\/\/semmelweis.hu\/magtud\/files\/2018\/08\/CV-Kollar-Janos-Foto.jpg\"><img loading=\"lazy\" decoding=\"async\" class=\"alignright wp-image-4391\" src=\"https:\/\/semmelweis.hu\/magtud\/files\/2018\/08\/CV-Kollar-Janos-Foto.jpg\" alt=\"\" width=\"200\" height=\"300\" srcset=\"https:\/\/semmelweis.hu\/magtud\/files\/2018\/08\/CV-Kollar-Janos-Foto.jpg 1024w, https:\/\/semmelweis.hu\/magtud\/files\/2018\/08\/CV-Kollar-Janos-Foto-200x300.jpg 200w, https:\/\/semmelweis.hu\/magtud\/files\/2018\/08\/CV-Kollar-Janos-Foto-768x1152.jpg 768w, https:\/\/semmelweis.hu\/magtud\/files\/2018\/08\/CV-Kollar-Janos-Foto-683x1024.jpg 683w\" sizes=\"auto, (max-width: 200px) 100vw, 200px\" \/><\/a><\/p>\n<div class=\"responsive-tabs\">\n<h2 class=\"tabtitle\">\u00d6n\u00e9letrajz<\/h2>\n<div class=\"tabcontent\">\n\n<p><strong>Szem\u00e9lyi adatok<\/strong><\/p>\n<p>Sz\u00fcl.: Debrecen, 1962.<\/p>\n<p><strong>K\u00e9pzetts\u00e9g<\/strong><\/p>\n<p>\u00c9retts\u00e9gi: Debrecen, T\u00f3th \u00c1rp\u00e1d Gimn\u00e1zium (1980);<\/p>\n<p>Debreceni Agr\u00e1rtudom\u00e1nyi Egyetem (1986) (megszerzett c\u00edm: agr\u00e1rm\u00e9rn\u00f6k); Kossuth Lajos Tudom\u00e1nyegyetem, B\u00f6lcs\u00e9szettudom\u00e1nyi Kar, pszichol\u00f3gia \u00e9s tan\u00e1r szak, Debrecen (1996) (megszerzett c\u00edmek: pszichol\u00f3gus, pszichol\u00f3gia szakos k\u00f6z\u00e9piskolai tan\u00e1r);<\/p>\n<p>Magyar Pszichodr\u00e1ma Egyes\u00fclet, Budapest (1993) (megszerzett c\u00edm: pszichodr\u00e1ma asszisztens);<\/p>\n<p>Magyar Szimb\u00f3lum- \u00e9s Relax\u00e1ci\u00f3s Ter\u00e1pi\u00e1s Egyes\u00fclet, Budapest (1996) (megszerzett c\u00edm: relax\u00e1ci\u00f3s terapeuta);<\/p>\n<p>Szakvizsga: Haynal Imre Eg\u00e9szs\u00e9gtudom\u00e1nyi Egyetem, Budapest (1999) (megszerzett c\u00edm: Feln\u0151tt klinikai \u00e9s ment\u00e1lhigi\u00e9niai szakpszichol\u00f3gus);<\/p>\n<p>Magyar Pszichol\u00f3gusok \u00c9rdekv\u00e9delmi Egyes\u00fclete, Budapest (2002) (megszerzett c\u00edm: T-csoportvezet\u0151 tr\u00e9ner);<\/p>\n<p>Doktori c\u00edm: Hochschule f\u00fcr Musik und Theater, Hamburg, N\u00e9metorsz\u00e1g (2003) (megszerzett c\u00edm: Doctor Scientiae Musicae \u2013 magyarorsz\u00e1gi akkredit\u00e1ci\u00f3ja: PhD).<\/p>\n<p><strong>Nyelvismeret<\/strong><\/p>\n<p>Fels\u0151fok\u00fa \u00e1llami nyelvvizsga angol nyelvb\u0151l (1990)<\/p>\n<p><strong>Munkahelyek<\/strong><\/p>\n<p>1986-1990 Biogal Gy\u00f3gyszergy\u00e1r, Debrecen, Mez\u0151gazdas\u00e1gi Kutat\u00e1si Oszt\u00e1ly (kutat\u00f3, agr\u00e1rm\u00e9rn\u00f6k);<\/p>\n<p>1990-1995 Bio-Agro Kft., Debrecen (tolm\u00e1cs, ford\u00edt\u00f3);<\/p>\n<p>1995-1997 Csal\u00e1dseg\u00edt\u0151 Szolg\u00e1lat, Debrecen (pszichol\u00f3gus);<\/p>\n<p>1997-2001 Eg\u00e9szs\u00e9g\u00fcgyi Gyermekotthon, Debrecen (pszichol\u00f3gus);<\/p>\n<p>2001 Koll\u00e1r \u00d6nt\u00f6de (pszichol\u00f3gus);<\/p>\n<p>2001-2002 Id\u0151sek H\u00e1za, Debrecen (klinikai \u00e9s ment\u00e1lhigi\u00e9niai szakpszichol\u00f3gus);<\/p>\n<p>2003-2005 Kommunik\u00e1ci\u00f3s F\u0151iskola, Budapest (pszichol\u00f3gus, tr\u00e9ner \u2013 megb\u00edz\u00e1s alapj\u00e1n);<\/p>\n<p>1999-2012\u00a0Debreceni Egyetem, Orvos- \u00e9s Eg\u00e9szs\u00e9gtudom\u00e1nyi Centrum, N\u00e9peg\u00e9szs\u00e9g\u00fcgyi Kar, Magatart\u00e1studom\u00e1nyi Int\u00e9zet (1999 \u00e9s 2001 k\u00f6z\u00f6tt megb\u00edz\u00e1s alapj\u00e1n, ut\u00e1na f\u0151\u00e1ll\u00e1sban klinikai \u00e9s ment\u00e1lhigi\u00e9niai szakpszichol\u00f3gus, 1999-2004 egyetemi tan\u00e1rseg\u00e9d; 2004 \u2013 egyetemi adjunktus<\/p>\n<p>2012- Semmelweis Egyetem, Magatart\u00e1studom\u00e1nyi Int\u00e9zet, egyetemi adjunktus, 2018- egyetemi docens.<\/p>\n<p><strong>Oktat\u00e1s<\/strong><\/p>\n<p>1999-2012 \u00a0\u00a0\u00a0 Debreceni Egyetem, Orvos- \u00e9s Eg\u00e9szs\u00e9gtudom\u00e1nyi Centrum, N\u00e9peg\u00e9szs\u00e9g\u00fcgyi Kar, Magatart\u00e1studom\u00e1nyi Int\u00e9zet, orvosi kommunik\u00e1ci\u00f3, orvosi pszichol\u00f3gia, zeneter\u00e1pia oktat\u00e1sa angol \u00e9s magyar nyelven.<\/p>\n<p>2003-2005 Kommunik\u00e1ci\u00f3s F\u0151iskola, Budapest, \u00f6nismereti, prezent\u00e1ci\u00f3s, \u00fczleti t\u00e1rgyal\u00e1stechnika \u00e9s kommunik\u00e1ci\u00f3s tr\u00e9ningek.<\/p>\n<p>2009 \u00a0\u00a0\u00a0\u00a0\u00a0\u00a0\u00a0\u00a0\u00a0\u00a0\u00a0\u00a0 Middelburg Center of Transatlantic Studies, Roosevelt Academy, Middelburg, Hollandia, \u201cLearning Is Fun\u201d saj\u00e1t fejleszt\u00e9s\u0171, tanul\u00e1s-\u00e9s tan\u00edt\u00e1stechnikai kurzus oktat\u00e1sa angol nyelven.<\/p>\n<p>2012- Semmelweis Egyetem, Magatart\u00e1studom\u00e1nyi Int\u00e9zet, orvosi kommunik\u00e1ci\u00f3, orvosi pszichol\u00f3gia, pszichoter\u00e1pia oktat\u00e1sa angol \u00e9s magyar nyelven.<\/p>\n<p>2013-\u00a0\u00a0\u00a0\u00a0\u00a0\u00a0\u00a0\u00a0\u00a0\u00a0\u00a0\u00a0 ELTE B\u00e1rczi Guszt\u00e1v Gy\u00f3gypedag\u00f3giai kar, Zeneterapeuta m\u00f3dszerspecifikus szakir\u00e1ny\u00fa tov\u00e1bbk\u00e9pz\u00e9sben oktat\u00e1s.<\/p>\n<p>2014 \u00a0\u00a0\u00a0\u00a0\u00a0\u00a0\u00a0\u00a0\u00a0\u00a0\u00a0\u00a0\u00a0 Megh\u00edvott el\u0151ad\u00f3 a M\u00e1ltai Egyetemen, a KOLL\u00c1R m\u00f3dszer mesterkurzus oktat\u00f3ja, angol nyelven.<\/p>\n<p>2015, 2017, 2019, 2021 \u00a0\u00a0 Megh\u00edvott el\u0151ad\u00f3 a finnorsz\u00e1gi Turku Egyetemen, a KOLL\u00c1R m\u00f3dszer mesterkurzus oktat\u00f3ja, angol nyelven.<\/p>\n<p><strong>Kutat\u00e1si ter\u00fclet<\/strong><\/p>\n<p>Orvosi kommunik\u00e1ci\u00f3, orvosi pszichol\u00f3gia, tanul\u00e1stechnika, tan\u00edt\u00e1stechnika, \u00f6nismeret, prezent\u00e1ci\u00f3s k\u00e9pess\u00e9gek fejleszt\u00e9se, tr\u00e9ningek tart\u00e1sa, zeneter\u00e1pia, VR-alkalmaz\u00e1sok. A 2012-ben Magyarorsz\u00e1gon akkredit\u00e1lt KOLL\u00c1R-m\u00f3dszer (tanul\u00e1s- \u00e9s tan\u00edt\u00e1sseg\u00edt\u0151 program) alap\u00edt\u00f3ja \u00e9s kidolgoz\u00f3ja.<\/p>\n<p><strong>Klinikai munka:<\/strong><\/p>\n<p>2014 \u2013 \u00a0\u00a0\u00a0\u00a0\u00a0\u00a0\u00a0\u00a0\u00a0 Az angol nyelv\u0171 Di\u00e1ktan\u00e1csad\u00f3 (Mental Help Service for English Speaking Students) dolgoz\u00f3ja.<\/p>\n<p><strong>Publik\u00e1ci\u00f3k<\/strong><\/p>\n<p>6 \u00f6n\u00e1ll\u00f3 k\u00f6nyv, 1 t\u00e1rsszerz\u0151k\u00e9nt jegyzett k\u00f6nyv.<\/p>\n\n<\/div><h2 class=\"tabtitle\">Publik\u00e1ci\u00f3<\/h2>\n<div class=\"tabcontent\">\n\n<p><strong><em>Fontosabb publik\u00e1ci\u00f3k:<\/em><\/strong><\/p>\n<p>&nbsp;<\/p>\n<p>Kollar, J.: A virtu\u00e1lis val\u00f3s\u00e1g orvosi alkalmaz\u00e1s\u00e1nak lehet\u0151s\u00e9gei (<strong>Possibilities of medical application of virtual reality<\/strong>) In: Gy\u0151rffy, Zsuzsa (eds.) Digit\u00e1lis eg\u00e9szs\u00e9g a mindennapi orvosi gyakorlatban. Bp, Hungary : Gy\u00f3gy\u00edt\u00f3 N\u0151k\u00e9rt Alap\u00edtv\u00e1ny (2021) pp. 101-113.<\/p>\n<p>&nbsp;<\/p>\n<p>Kollar, J.: <strong>Gamification in education: changing the attitude of medical students towards dementia by using virtual reality (pilot study)<\/strong>. Pupil: International Journal of Teaching Education and Learning 4: 2 pp. 57-67. , 11 p. (2020) DOI: <a href=\"https:\/\/doi.org\/10.20319\/pijtel.2020.42.5767\">https:\/\/doi.org\/10.20319\/pijtel.2020.42.5767<\/a><\/p>\n<p>&nbsp;<\/p>\n<p>Kollar J<strong>.: Virtual reality as a supportive opportunity in treatment patients with anorexia nervosa. Review article<\/strong>. International Journal of Medical Science and Clinical Research 2:2 pp. 18-24. , 7 p. (2020). <a href=\"https:\/\/www.journalofmedical.com\/article\/view\/35\/2-1-18\">2-1-18 (journalofmedical.com)<\/a><\/p>\n<p>&nbsp;<\/p>\n<p>Kollar, J.: A zene gy\u00f3gy\u00e1szati c\u00e9l\u00fa alkalmaz\u00e1sa gyermekek kezel\u00e9se sor\u00e1n (<strong>The use of music for therapeutic purposes in the treatment of children<\/strong>). Lege Artis Medicinae 28 : 4-5 pp. 197-201. , 5 p. (2018) <a href=\"http:\/\/www.scopus.com\/record\/display.url?origin=inward&amp;eid=2-s2.0-85050405620\">http:\/\/www.scopus.com\/record\/display.url?origin=inward&amp;eid=2-s2.0-85050405620<\/a><\/p>\n<p>&nbsp;<\/p>\n<p>Kollar, J. ; Pamula, M. ; Veres, D. ; Beck, A.: <strong>The Use of Photoacoustic Stimulation for reducing Dental Fear in Patients living with Down Syndrome. <\/strong>World Journal of Dentistry 9:4 pp. 255-259. , 5 p. (2018) DOI: <a href=\"https:\/\/doi.org\/10.5005%2FJP-JOURNALS-10015-1544\">https:\/\/doi.org\/10.5005%2FJP-JOURNALS-10015-1544<\/a><\/p>\n<p>&nbsp;<\/p>\n<p>Kollar J: <strong>Applying music as a supplemental treatment in cancer care<\/strong>, Ment\u00e1lhigi\u00e9n\u00e9 \u00e9s Pszichoszomatika 17: (1) pp. 37-59. DOI: <a href=\"http:\/\/dx.doi.org\/10.1556\/0406.17.2016.1.3\">http:\/\/dx.doi.org\/10.1556\/0406.17.2016.1.3<\/a><\/p>\n<p>&nbsp;<\/p>\n<p>Walczak M, Turska-Szybka A, Kollar J, Olczak- Kowalczyk D: <strong>Music in the Dental Office: Preferences of Budapest Inhabitants<\/strong>. Dental And Medical Problems 53: (1) pp. 111-117. DOI: <a href=\"http:\/\/dx.doi.org\/10.17219\/dmp\/60840\">http:\/\/dx.doi.org\/10.17219\/dmp\/60840<\/a><\/p>\n<p>&nbsp;<\/p>\n<p>Kollar J, Babusa B, Stauder A, Pilling J, Cserepes R, Czegl\u00e9di E: <strong>Improving teaching efficiency on Medical Universities \u2013 A comparative study of Hungarian and foreign medical university students\u2019 feedbacks regarding learning by KOLLAR method<\/strong>, Journal of Contemporary Medical Education 4: (1) pp. 1-7. DOI: <a href=\"http:\/\/dx.doi.org\/10.5455\/jcme.20151223090800\">http:\/\/dx.doi.org\/10.5455\/jcme.20151223090800<\/a><\/p>\n<p>&nbsp;<\/p>\n<p>Kollar J: Kommunik\u00e1ci\u00f3 az eg\u00e9szs\u00e9g\u00fcgyi teamen bel\u00fcl: orvosok \u00e9s szakdolgoz\u00f3k [<strong>Communication within the health care team: doctors and nurses<\/strong>], Orvosi Hetilap 157: (17) pp. 659-663. <a href=\"http:\/\/repo.lib.semmelweis.hu\/handle\/123456789\/3356\">http:\/\/repo.lib.semmelweis.hu\/handle\/123456789\/3356<\/a><\/p>\n<p>&nbsp;<\/p>\n<p>Kollar J , K\u0151v\u00e1g\u00f3 P , Czegl\u00e9di E: <strong>Music medicine course for medical students in Hungary<\/strong>, Journal Of Contemporary Medical Education 4: (2) pp. 71-76. DOI: <a href=\"http:\/\/dx.doi.org\/10.5455\/jcme.20160516010926\">http:\/\/dx.doi.org\/10.5455\/jcme.20160516010926<\/a><\/p>\n<p>&nbsp;<\/p>\n<p>Mesko B, Gy\u0151rffy Z, Kollar J: <strong>Digital Literacy in the Medical Curriculum<\/strong>, JMIR Medical Education 1: (2) Paper e6. 9 p. DOI: <a href=\"http:\/\/dx.doi.org\/10.2196\/mededu.4411\">http:\/\/dx.doi.org\/10.2196\/mededu.4411<\/a><\/p>\n<p>&nbsp;<\/p>\n<p><strong>K\u00f6nyvek<\/strong>:<\/p>\n<p><strong>Ugye te vagy az igazi anyuk\u00e1m? <\/strong>Besz\u00e9lget\u00e9sek az \u00f6r\u00f6kbefogad\u00e1sr\u00f3l. Medicina Kiad\u00f3, Budapest, 2004<\/p>\n<p><strong>Megy a csiga hazafel\u00e9.<\/strong> Szem\u00e9lyes napl\u00f3 a Santiago de Compostel\u00e1ba vezet\u0151 zar\u00e1ndok\u00fatr\u00f3l.<\/p>\n<p>Medicina Kiad\u00f3, Budapest, 2006<\/p>\n<p><strong>A val\u00f3s\u00e1g hat\u00e1r\u00e1n<\/strong> (besz\u00e9lget\u00e9sek kvantumfizik\u00e1r\u00f3l, pszichol\u00f3gi\u00e1r\u00f3l \u00e9s m\u00e1s h\u00e9tk\u00f6znapi dolgokr\u00f3l),<\/p>\n<p>T\u00e1rsszerz\u0151. V\u00edzt\u00e9r\u00edt\u0151 Kiad\u00f3, 2010<\/p>\n<p><strong>Angyalsz\u00e1rny<\/strong> (Versek gyermekeknek \u00e9s gyermeksz\u00edv\u0171 feln\u0151tteknek).<\/p>\n<ol start=\"2012\">\n<li>Play Kft., Debrecen, 2012.<\/li>\n<\/ol>\n<p><strong>Vil\u00e1gunk (h)arcai<\/strong> &#8211; Besz\u00e9lget\u00e9sek fogyat\u00e9koss\u00e1ggal \u00e9l\u0151 emberek \u00e9let\u00e9r\u0151l.<\/p>\n<ol>\n<li>Play Kft., Debrecen, 2013<\/li>\n<\/ol>\n<p><strong>A l\u00e9lek humora \u2013<\/strong> 33 vicc, 33 ter\u00e1pi\u00e1s t\u00f6rt\u00e9net. Media Connection Co., Ltd., Budapest, 2018<\/p>\n<p><strong>A h\u00e1zass\u00e1gok h\u00e9t hazugs\u00e1ga. <\/strong>Media Connection Co., Ltd., Budapest, 2020<\/p>\n<p><strong>Teljes publik\u00e1ci\u00f3s jegyz\u00e9k:<\/strong><\/p>\n<p><a href=\"https:\/\/m2.mtmt.hu\/gui2\/?type=authors&amp;mode=browse&amp;sel=10031610\">J\u00e1nos Koll\u00e1r (klinikai \u00e9s ment\u00e1lhigi\u00e9niai szakpszichol\u00f3gus) (MTMT)<\/a><\/p>\n<p>&nbsp;<\/p>\n<p><strong>Szervezeti tags\u00e1gok<\/strong><\/p>\n<p>Magyar Pszichol\u00f3giai T\u00e1rsas\u00e1g (rendes tag)<\/p>\n<p>Magyar Csal\u00e1dter\u00e1pi\u00e1s Egyes\u00fclet (rendes tag)<\/p>\n<p>Selye J\u00e1nos Magyar Magatart\u00e1studom\u00e1nyi \u00e9s Magatart\u00e1sorvosl\u00e1si T\u00e1rsas\u00e1g (rendes tag)<\/p>\n<p>Teaching and Education Research Asssociation (TERA) (tan\u00e1csad\u00f3i test\u00fcleti tag)<\/p>\n<\/div><\/div>\n","protected":false},"excerpt":{"rendered":"<p><a href=\"https:\/\/semmelweis.hu\/magtud\/files\/2018\/08\/CV-Kollar-Janos-Foto.jpg\"><\/a> Szem\u00e9lyi adatok Sz\u00fcl.: Debrecen, 1962. K\u00e9pzetts\u00e9g \u00c9retts\u00e9gi: Debrecen, T\u00f3th \u00c1rp\u00e1d Gimn\u00e1zium (1980); Debreceni Agr\u00e1rtudom\u00e1nyi Egyetem (1986) (megszerzett c\u00edm: agr\u00e1rm\u00e9rn\u00f6k); Kossuth Lajos Tudom\u00e1nyegyetem, B\u00f6lcs\u00e9szettudom\u00e1nyi Kar, pszichol\u00f3gia \u00e9s tan\u00e1r szak, Debrecen (1996) (megszerzett c\u00edmek: pszichol\u00f3gus, pszichol\u00f3gia szakos k\u00f6z\u00e9piskolai tan\u00e1r); Magyar Pszichodr\u00e1ma Egyes\u00fclet, Budapest (1993) (megszerzett c\u00edm: pszichodr\u00e1ma asszisztens); Magyar Szimb\u00f3lum- \u00e9s Relax\u00e1ci\u00f3s Ter\u00e1pi\u00e1s Egyes\u00fclet, Budapest (1996) (megszerzett &hellip;<\/p>\n","protected":false},"author":110,"featured_media":0,"parent":2035,"menu_order":19,"comment_status":"closed","ping_status":"closed","template":"","meta":{"_acf_changed":false,"footnotes":""},"categories":[],"tags":[],"class_list":["post-11624","page","type-page","status-publish","hentry"],"acf":[],"_links":{"self":[{"href":"https:\/\/semmelweis.hu\/magtud\/wp-json\/wp\/v2\/pages\/11624","targetHints":{"allow":["GET"]}}],"collection":[{"href":"https:\/\/semmelweis.hu\/magtud\/wp-json\/wp\/v2\/pages"}],"about":[{"href":"https:\/\/semmelweis.hu\/magtud\/wp-json\/wp\/v2\/types\/page"}],"author":[{"embeddable":true,"href":"https:\/\/semmelweis.hu\/magtud\/wp-json\/wp\/v2\/users\/110"}],"replies":[{"embeddable":true,"href":"https:\/\/semmelweis.hu\/magtud\/wp-json\/wp\/v2\/comments?post=11624"}],"version-history":[{"count":4,"href":"https:\/\/semmelweis.hu\/magtud\/wp-json\/wp\/v2\/pages\/11624\/revisions"}],"predecessor-version":[{"id":12074,"href":"https:\/\/semmelweis.hu\/magtud\/wp-json\/wp\/v2\/pages\/11624\/revisions\/12074"}],"up":[{"embeddable":true,"href":"https:\/\/semmelweis.hu\/magtud\/wp-json\/wp\/v2\/pages\/2035"}],"wp:attachment":[{"href":"https:\/\/semmelweis.hu\/magtud\/wp-json\/wp\/v2\/media?parent=11624"}],"wp:term":[{"taxonomy":"category","embeddable":true,"href":"https:\/\/semmelweis.hu\/magtud\/wp-json\/wp\/v2\/categories?post=11624"},{"taxonomy":"post_tag","embeddable":true,"href":"https:\/\/semmelweis.hu\/magtud\/wp-json\/wp\/v2\/tags?post=11624"}],"curies":[{"name":"wp","href":"https:\/\/api.w.org\/{rel}","templated":true}]}}