{"id":11619,"date":"2023-05-31T10:19:08","date_gmt":"2023-05-31T08:19:08","guid":{"rendered":"https:\/\/semmelweis.hu\/magtud\/?page_id=11619"},"modified":"2026-02-16T13:34:05","modified_gmt":"2026-02-16T12:34:05","slug":"dr-kegye-adrienne","status":"publish","type":"page","link":"https:\/\/semmelweis.hu\/magtud\/intezet\/munkatarsak\/dr-kegye-adrienne\/","title":{"rendered":"Dr. Kegye Adrienne"},"content":{"rendered":"<p><a href=\"https:\/\/semmelweis.hu\/magtud\/files\/2018\/08\/Kegye-Adrienne.jpg\"><img loading=\"lazy\" decoding=\"async\" class=\"alignright wp-image-4361\" src=\"https:\/\/semmelweis.hu\/magtud\/files\/2018\/08\/Kegye-Adrienne.jpg\" alt=\"\" width=\"200\" height=\"211\" \/><\/a><\/p>\n<div class=\"responsive-tabs\">\n<h2 class=\"tabtitle\">\u00d6n\u00e9letrajz<\/h2>\n<div class=\"tabcontent\">\n\n<p><strong>Dr. P\u00e1lfin\u00e9 Dr. Kegye Adrienne PhD<br \/>\n<\/strong><strong>egyetemi adjunktus<\/strong><\/p>\n<p><strong>\u00a0<\/strong><\/p>\n<p><strong>Szem\u00e9lyes adatok<br \/>\n<\/strong>Sz\u00fclet\u00e9si hely, id\u0151: Sz\u00e9kesfeh\u00e9rv\u00e1r, 1968.04.10.<\/p>\n<p>&nbsp;<\/p>\n<p><strong>Szakmai tapasztalat, munkahelyek<\/strong><\/p>\n<p>\u2012 2017.11.01. \u00f3ta Semmelweis Egyetem, Magatart\u00e1studom\u00e1nyi Int\u00e9zet<br \/>\n\u2013 2013-2020. Ny\u00edr\u0151 Gyula Kh.-OPAI\/ Pszichi\u00e1triai Szakambulancia, Pszichoonkol\u00f3giai Ambulancia<br \/>\n\u2013 2012.12.01. \u00f3ta: Gondoskod\u00e1s 2000 Otthon\u00e1pol\u00e1si Szolg\u00e1lat<br \/>\n\u2013 2010 -2015: Vaszary Kolos K\u00f3rh\u00e1z,Hospice\/Rehabilit\u00e1ci\u00f3s Oszt\u00e1ly<br \/>\n\u2013 2008-2009: Orsz\u00e1gos Onkol\u00f3giai Int\u00e9zet\/ N\u0151gy\u00f3gy\u00e1szati Oszt\u00e1ly<br \/>\n\u2013 2001-2008: Fl\u00f3r Ferenc K\u00f3rh\u00e1z\/ Onkol\u00f3giai oszt\u00e1ly<br \/>\n\u2013 1993-2001: Uzsoki utcai K\u00f3rh\u00e1z Onkoradiol\u00f3giai K\u00f6zpontja<\/p>\n<p><strong>K\u00e9pzetts\u00e9g<br \/>\n<\/strong>\u2013 1987-1993: Semmelweis Orvostudom\u00e1nyi Egyetem, \u00c1ltal\u00e1nos Orvosi Kar<\/p>\n<p><strong>Szakk\u00e9pes\u00edt\u00e9s<\/strong><br \/>\n\u2013 2016: Palliat\u00edv Orvosl\u00e1s Licenc vizsga<br \/>\n\u2013 2009: Pszichoterapeuta Szakvizsga<br \/>\n\u2013 1997: Sug\u00e1rter\u00e1pia Szakvizsga<\/p>\n<p><strong>\u00a0<\/strong><\/p>\n<p><strong>Tudom\u00e1nyos fokozat:<\/strong>\u00a0Ph.D (2021. j\u00falius 19.)<\/p>\n<p>&nbsp;<\/p>\n<p><strong>Nyelvismeret:<br \/>\n<\/strong>K\u00f6z\u00e9pfok\u00fa n\u00e9met ( EUR Ref. B2)<br \/>\nAlapfok\u00fa angol (EUR Ref. B1)<\/p>\n<p>&nbsp;<\/p>\n<p><strong>Tanulm\u00e1nyutak:<\/strong><strong><br \/>\n<\/strong>\u2013 S\u00e4chsisches Radioonkologisches Stipendium, Zentrum f\u00fcr Radiologie, Klinik und Poliklinik f\u00fcr Strahlentherapie und Radioonkologie, Lipcse 1998.10.26-12.04.<br \/>\n\u2013 Albert Ludwig Egyetem, Pszichoszomatikus \u00e9s Pszichoter\u00e1pi\u00e1s Klinika, Freiburg, 2016.07.11-22.<\/p>\n<p>\u2013 Asklepios Klinik Nord \u2013 Psychiatrie Ochsenzoll, Klinik f\u00fcr Gerontopsychiatrie, Hamburg, 2024.09.18-22.<\/p>\n<p>&nbsp;<\/p>\n<p><strong>Tags\u00e1g szakmai szervezetekn\u00e9l:<\/strong><br \/>\n\u2013 Magyar Pszichoonkol\u00f3giai T\u00e1rsas\u00e1g (2004 \u00f3ta vezet\u0151s\u00e9gi tag)<br \/>\n\u2013 Magyar Hospice Palliat\u00edv Egyes\u00fcletnek (2011-2021. vezet\u0151s\u00e9gi tag)<br \/>\n\u2013 Magyar Onkol\u00f3gus T\u00e1rsas\u00e1g <br \/>\n\u2013 Selye J\u00e1nos T\u00e1rsas\u00e1g<\/p>\n<p>&nbsp;<\/p>\n<p><strong>Publik\u00e1ci\u00f3k:<\/strong> 36 (r\u00e9szletezve MTMT-ben)<\/p>\n<ul>\n<li>1 szakk\u00f6nyv<\/li>\n<li>7\u00a0k\u00f6nyvfejezet<\/li>\n<li>13\u00a0foly\u00f3iratcikk<\/li>\n<li>1 konferencia k\u00f6zlem\u00e9ny<\/li>\n<li>14\u00a0tov\u00e1bbi tudom\u00e1nyos m\u0171<\/li>\n<\/ul>\n<p>Hirsch index:4<\/p>\n<p>Budapest, 2024. okt\u00f3ber 08.<\/p>\n\n<\/div><h2 class=\"tabtitle\">Publik\u00e1ci\u00f3<\/h2>\n<div class=\"tabcontent\">\n\n<p><strong>Kiemelt k\u00f6zlem\u00e9nyek<\/strong><\/p>\n<p>Kegye A, Czegl\u00e9di E, Zana \u00c1, Csikai EL, Heged\u0171s K. Influential factors of well-being among Hungarian female hospice workers examined through structural equation modelling. Health &amp; Social Care in the Community 00:1-9. (2020)<\/p>\n<p>Kegye A, Tak\u00e1cs Sz, Riesz B, Zana \u00c1, Heged\u0171s K. A szakmai \u00e9let min\u0151s\u00e9g\u00e9t m\u00e9r\u0151 k\u00e9rd\u0151\u00edv (Professional Quality of Life Scale) magyar v\u00e1ltozat\u00e1nak valid\u00e1l\u00e1sa. ORVOSI HETILAP 159: pp. 1442-1450. (2018)<\/p>\n<p>Zana Agnes, Czegledi Edit, Kegye Adrienne, Hegedus Katalin. Differences in Well-being and Fear of Death of Hospice Employees and Volunteers in Hungary. PALLIATIVE MEDICINE 32:(Suppl 1) p. 265. (2018) 10th World Research Congress of the European Association for Palliative Care (EAPC). Bern, Sv\u00e1jc: 2018.05.24 -2018.05.26.<\/p>\n<p>Adrienne Kegye, \u00c1gnes Zana, Katalin Heged\u0171s. How does the suffering of cancer patients affect us? Reviewing the physical and mental wellbeing of hospice workers. MEDYCYNA PALIATYWNA W PRAKTYCE 10:(4) pp. 174-184. (2016)<\/p>\n<p>R\u00e9vay E, Kegye A, Zana \u00c1, Heged\u0171s K. A t\u00fal\u00e9l\u0151k mindennapjai. A hospice ell\u00e1t\u00e1sban dolgoz\u00f3k \u00e9letmin\u0151s\u00e9ge. ORVOSI HETILAP 157:(25) pp. 1000-1006. (2016)<\/p>\n<p>Kegye Adrienne, Zana \u00c1gnes, R\u00e9vay Edit, Heged\u0171s Katalin. A s\u00falyos betegek ell\u00e1t\u00e1s\u00e1nak igazi \u00e1ra \u2013 az egy\u00fctt\u00e9rz\u00e9sb\u0151l fakad\u00f3 f\u00e1radts\u00e1g vagy el\u00e9gedetts\u00e9g. LEGE ARTIS MEDICINAE 25:(3) pp. 129-136. (2015)<\/p>\n<p>Kegye A, P\u00e1di \u00c9, Heged\u0171s K. Rehabilitation model program for seriously ill patients. HEALTH PSYCHOLOGY REPORT 2:(4) pp. 263-268. (2014)<\/p>\n<p>Kegye A, Padi E. A csoport-pszichoter\u00e1pia lehet\u0151s\u00e9ge a hospice-palliat\u00edv ell\u00e1t\u00e1sban: Egy modellprogram eredm\u00e9nyei. ORVOSI HETILAP 154:(28) pp. 1102-1105. (2013)<\/p>\n<p><strong>K\u00f6nyvfejezetek<\/strong><\/p>\n<p>Prezenszki Zs, Kegye A, Moln\u00e1r M. Pszichoonkol\u00f3gia In: F\u00fcredi J, N\u00e9meth A (szerk.) A pszichi\u00e1tria magyar k\u00e9zik\u00f6nyve. 947 p. Budapest: Medicina K\u00f6nyvkiad\u00f3 Zrt., 2015. pp. 768-780. (ISBN:978 963 226 520 9)<\/p>\n<p>Roh\u00e1nszky M, Kegye A, Moln\u00e1r M, Boda \u00c9, Kapit\u00e1ny Zs. Pszichoszoci\u00e1lis onkol\u00f3gia. Gyakorlati \u00fatmutat\u00f3 a teljesk\u00f6r\u0171 betegell\u00e1t\u00e1shoz. Budapest: Zaf\u00edr Press, 2014. 254 p.<br \/>\n(ISBN:9786155005299)<\/p>\n<\/div><\/div>\n","protected":false},"excerpt":{"rendered":"<p><a href=\"https:\/\/semmelweis.hu\/magtud\/files\/2018\/08\/Kegye-Adrienne.jpg\"><\/a> Dr. P\u00e1lfin\u00e9 Dr. Kegye Adrienne PhD egyetemi adjunktus \u00a0 Szem\u00e9lyes adatok Sz\u00fclet\u00e9si hely, id\u0151: Sz\u00e9kesfeh\u00e9rv\u00e1r, 1968.04.10. &nbsp; Szakmai tapasztalat, munkahelyek \u2012 2017.11.01. \u00f3ta Semmelweis Egyetem, Magatart\u00e1studom\u00e1nyi Int\u00e9zet \u2013 2013-2020. Ny\u00edr\u0151 Gyula Kh.-OPAI\/ Pszichi\u00e1triai Szakambulancia, Pszichoonkol\u00f3giai Ambulancia \u2013 2012.12.01. \u00f3ta: Gondoskod\u00e1s 2000 Otthon\u00e1pol\u00e1si Szolg\u00e1lat \u2013 2010 -2015: Vaszary Kolos K\u00f3rh\u00e1z,Hospice\/Rehabilit\u00e1ci\u00f3s Oszt\u00e1ly \u2013 2008-2009: Orsz\u00e1gos Onkol\u00f3giai Int\u00e9zet\/ &hellip;<\/p>\n","protected":false},"author":110,"featured_media":0,"parent":2035,"menu_order":17,"comment_status":"closed","ping_status":"closed","template":"","meta":{"_acf_changed":false,"footnotes":""},"categories":[],"tags":[],"class_list":["post-11619","page","type-page","status-publish","hentry"],"acf":[],"_links":{"self":[{"href":"https:\/\/semmelweis.hu\/magtud\/wp-json\/wp\/v2\/pages\/11619","targetHints":{"allow":["GET"]}}],"collection":[{"href":"https:\/\/semmelweis.hu\/magtud\/wp-json\/wp\/v2\/pages"}],"about":[{"href":"https:\/\/semmelweis.hu\/magtud\/wp-json\/wp\/v2\/types\/page"}],"author":[{"embeddable":true,"href":"https:\/\/semmelweis.hu\/magtud\/wp-json\/wp\/v2\/users\/110"}],"replies":[{"embeddable":true,"href":"https:\/\/semmelweis.hu\/magtud\/wp-json\/wp\/v2\/comments?post=11619"}],"version-history":[{"count":6,"href":"https:\/\/semmelweis.hu\/magtud\/wp-json\/wp\/v2\/pages\/11619\/revisions"}],"predecessor-version":[{"id":12661,"href":"https:\/\/semmelweis.hu\/magtud\/wp-json\/wp\/v2\/pages\/11619\/revisions\/12661"}],"up":[{"embeddable":true,"href":"https:\/\/semmelweis.hu\/magtud\/wp-json\/wp\/v2\/pages\/2035"}],"wp:attachment":[{"href":"https:\/\/semmelweis.hu\/magtud\/wp-json\/wp\/v2\/media?parent=11619"}],"wp:term":[{"taxonomy":"category","embeddable":true,"href":"https:\/\/semmelweis.hu\/magtud\/wp-json\/wp\/v2\/categories?post=11619"},{"taxonomy":"post_tag","embeddable":true,"href":"https:\/\/semmelweis.hu\/magtud\/wp-json\/wp\/v2\/tags?post=11619"}],"curies":[{"name":"wp","href":"https:\/\/api.w.org\/{rel}","templated":true}]}}