{"id":11580,"date":"2023-05-30T15:38:01","date_gmt":"2023-05-30T13:38:01","guid":{"rendered":"https:\/\/semmelweis.hu\/magtud\/?page_id=11580"},"modified":"2026-02-16T13:36:00","modified_gmt":"2026-02-16T12:36:00","slug":"dr-gyorffy-zsuzsa","status":"publish","type":"page","link":"https:\/\/semmelweis.hu\/magtud\/intezet\/munkatarsak\/dr-gyorffy-zsuzsa\/","title":{"rendered":"Dr. Gy\u0151rffy Zsuzsa"},"content":{"rendered":"<p><a href=\"https:\/\/semmelweis.hu\/magtud\/files\/2018\/10\/Gy\u0151rffyZs_20180714.jpg\"><img loading=\"lazy\" decoding=\"async\" class=\"alignright wp-image-5689\" src=\"https:\/\/semmelweis.hu\/magtud\/files\/2018\/10\/Gy\u0151rffyZs_20180714.jpg\" alt=\"\" width=\"200\" height=\"300\" srcset=\"https:\/\/semmelweis.hu\/magtud\/files\/2018\/10\/Gy\u0151rffyZs_20180714.jpg 1200w, https:\/\/semmelweis.hu\/magtud\/files\/2018\/10\/Gy\u0151rffyZs_20180714-200x300.jpg 200w, https:\/\/semmelweis.hu\/magtud\/files\/2018\/10\/Gy\u0151rffyZs_20180714-768x1152.jpg 768w, https:\/\/semmelweis.hu\/magtud\/files\/2018\/10\/Gy\u0151rffyZs_20180714-683x1024.jpg 683w\" sizes=\"auto, (max-width: 200px) 100vw, 200px\" \/><\/a><\/p>\n<div class=\"responsive-tabs\">\n<h2 class=\"tabtitle\">\u00d6n\u00e9letrajz<\/h2>\n<div class=\"tabcontent\">\n\n<p><strong>Szakmai \u00f6n\u00e9letrajz<\/strong><\/p>\n<p><em>Dr. Gy\u0151rffy Zsuzsa egyetemi docens, PhD<\/em><\/p>\n<p>Email: <a href=\"http:\/\/web.archive.org\/web\/20181205005645\/mailto:gyorffy.zsuzsa.mail@gmail.com\">gyorffy.zsuzsa.mail@gmail.com<\/a><\/p>\n<p><a href=\"http:\/\/web.archive.org\/web\/20181205005645\/mailto:gyorffy.zsuzsanna@med.semmelweis-univ.hu\">gyorffy.zsuzsanna@med.semmelweis-univ.hu<\/a><\/p>\n<p><strong>\u00a0<\/strong><strong>Tanulm\u00e1nyok, v\u00e9gzetts\u00e9g<\/strong><\/p>\n<p><strong>2018\u00a0<\/strong> Habilit\u00e1ci\u00f3 Eg\u00e9szs\u00e9gtudom\u00e1nyok PTE<\/p>\n<p><strong>2009 <\/strong>Semmelweis Egyetem \u00c1ltal\u00e1nos Orvostudom\u00e1nyi Kar,\u00a0<strong>\u00a0\u00a0 <\/strong>Ment\u00e1lis Eg\u00e9szs\u00e9gtudom\u00e1nyok Doktori Iskola, PhD fokozat pszichol\u00f3gi\u00e1b\u00f3l<\/p>\n<p><strong>1995\u20132000<\/strong> \u00a0\u00a0 E\u00f6tv\u00f6s Lor\u00e1nd Tudom\u00e1nyegyetem, B\u00f6lcs\u00e9szettudom\u00e1nyi Kar, szociol\u00f3gia szak, v\u00e1ltoz\u00e1smenedzsment szakir\u00e1ny<\/p>\n<p><strong>\u00a0<\/strong><strong>Oktat\u00e1si tev\u00e9kenys\u00e9g<\/strong><\/p>\n<p><strong>2001\u2013<\/strong>SE \u00c1OK\u00a0 Magatart\u00e1studom\u00e1nyi Int\u00e9zet orvosi \/ fogorvosi \/ gy\u00f3gyszer\u00e9szi szociol\u00f3gia oktat\u00e1sa magyar \u00e9s angol nyelven, a magyar nyelv\u0171 k\u00e9pz\u00e9s tanulm\u00e1nyi felel\u0151se<strong>\u00a0\u00a0 <\/strong><\/p>\n<p>PhD t\u00e9mavezet\u00e9s: Orvosok \u00e9s orvostanhallgat\u00f3k testi-lelki eg\u00e9szs\u00e9ge, stresszterhel\u00e9se, megk\u00fczd\u00e9si strat\u00e9gi\u00e1i (jelenleg 3 akt\u00edv hallgat\u00f3)<\/p>\n<p><strong>2018- <\/strong>Orvosi szociol\u00f3gia r\u00e9szleg vezet\u0151je <strong><br \/>\n<\/strong><\/p>\n<p><strong>F\u0151bb kutat\u00e1si ter\u00fcletek<\/strong><br \/>\nOrvosok \u00e9s orvostanhallgat\u00f3k testi-lelki eg\u00e9szs\u00e9ge<\/p>\n<p>Ki\u00e9g\u00e9s \u00e9s stresszt\u00e9nyez\u0151k, megk\u00fczd\u00e9s<\/p>\n<p>Digit\u00e1lis eg\u00e9szs\u00e9g\u00fcgy kih\u00edv\u00e1sai<\/p>\n<p>&nbsp;<\/p>\n<p><strong>Legfontosabb kutat\u00e1sok<\/strong><\/p>\n<p><strong>2020-2024\u00a0 <\/strong>Vezet\u0151 kutat\u00f3: OTKA FK 134372: E &#8211; orvosok s e-p\u00e1ciensek Magyarorsz\u00e1gon: a digitaliz\u00e1ci\u00f3 szerepe \u00e9s lehet\u0151s\u00e9gei az eg\u00e9szs\u00e9g\u00fcgyben\u201d<\/p>\n<p><strong>2016\u20132017 <\/strong><em>\u201e<\/em><em>Orvoskutat\u00e1s 2017\u201d<\/em><\/p>\n<p><em>\u00a0<\/em>Orsz\u00e1gos, reprezentat\u00edv vizsg\u00e1lat vezet\u00e9se a Magyar Orvosi Kamara, az SE Magatart\u00e1studom\u00e1nyi Int\u00e9zet, valamint A Gy\u00f3gy\u00edt\u00f3 N\u0151k\u00e9rt Alap\u00edtv\u00e1ny egy\u00fcttm\u0171k\u00f6d\u00e9s\u00e9vel<\/p>\n<p><strong>2016\u20132017 <\/strong><em>Kisebbs\u00e9gi stressz k\u00e9rd\u00e9se az orvostanhallgat\u00f3k k\u00f6r\u00e9ben<\/em><\/p>\n<p>Reprezentat\u00edv, orsz\u00e1gos kutat\u00e1s vezet\u00e9se, SE \u00c1OK Magatart\u00e1studom\u00e1nyi Int\u00e9zet<\/p>\n<p><strong>2015\u2013<\/strong><strong>2016<em>\u00a0 <\/em><\/strong><em>\u201eNyugd\u00edjas orvosok helyzete \u00e9s \u00e9letmin\u0151s\u00e9ge\u201d <\/em><\/p>\n<p>Orsz\u00e1gos, reprezentat\u00edv vizsg\u00e1lat vezet\u00e9se a Magyar Orvosi Kamara, az SE Magatart\u00e1studom\u00e1nyi Int\u00e9zet, valamint A Gy\u00f3gy\u00edt\u00f3 N\u0151k\u00e9rt Alap\u00edtv\u00e1ny egy\u00fcttm\u0171k\u00f6d\u00e9s\u00e9vel<\/p>\n<p><strong>2013\u00a0\u00a0 <\/strong><em>\u201eHungarostudy 2013\u201d T\u00c1MOP5.4.1-12<\/em><\/p>\n<p>Reprezentat\u00edv lakoss\u00e1gi felm\u00e9r\u00e9sben val\u00f3 r\u00e9szv\u00e9tel<\/p>\n<p><strong>2012\u20132013\u00a0 <\/strong><em>\u201eA magyarorsz\u00e1gi orvosok szomatikus \u00e9s ment\u00e1lis eg\u00e9szs\u00e9ge\u201d<\/em> Orsz\u00e1gos, reprezentat\u00edv vizsg\u00e1lat vezet\u00e9se a Magyar Orvosi Kamara \u00e9s az SE \u00c1OK Magatart\u00e1studom\u00e1nyi Int\u00e9zet egy\u00fcttm\u0171k\u00f6d\u00e9s\u00e9vel<\/p>\n<p><strong>2011\u20132013 <\/strong><em>\u201eAz orvostanhallgat\u00f3k szomatikus \u00e9s ment\u00e1lis eg\u00e9szs\u00e9g\u00e9nek, valamint rizik\u00f3magatart\u00e1s\u00e1nak vizsg\u00e1lata\u201d <\/em><\/p>\n<p>Reprezentat\u00edv, orsz\u00e1gos kutat\u00e1s vezet\u00e9se, SE \u00c1OK Magatart\u00e1studom\u00e1nyi Int\u00e9zet<\/p>\n<p><strong>2005\u20132007<\/strong> <em>\u201eAz \u00e9letmin\u0151s\u00e9g demogr\u00e1fiai, t\u00e1rsadalmi \u00e9s region\u00e1lis egyenl\u0151tlens\u00e9geinek pszicho-szoci\u00e1lis meghat\u00e1roz\u00f3i a magyar n\u00e9pess\u00e9g k\u00f6r\u00e9ben \u00e9s a beavatkoz\u00e1s lehet\u0151s\u00e9gei. \u00c9letmin\u0151s\u00e9g \u00e9s es\u00e9lyer\u0151s\u00edt\u00e9s\u201d<\/em>, OTKA TS 049785<\/p>\n<p>OTKA Tudom\u00e1nyos Iskola t\u00e1rsadalomtudom\u00e1nyi kutat\u00e1sban val\u00f3 r\u00e9szv\u00e9tel<\/p>\n<p><strong>2004\u20132006<\/strong>\u00a0 <em>\u201eA legnagyobb n\u00e9peg\u00e9szs\u00e9g\u00fcgyi jelent\u0151s\u00e9g\u0171 megbeteged\u00e9sek bio-pszicho-szoci\u00e1lis rizik\u00f3faktorai \u00e9s az eg\u00e9szs\u00e9gmeg\u0151rz\u00e9s lehet\u0151s\u00e9gei\u201d<\/em>, NKFP -01\/002\/2004<\/p>\n<p>NKPF \u00c9letmin\u0151s\u00e9g p\u00e1ly\u00e1zatban val\u00f3 r\u00e9szv\u00e9tel<\/p>\n<p><strong>\u00a0<\/strong><strong>2003\u20132004<\/strong> <em>\u201eOrvosn\u0151i \u00e9letutak, stresszt\u00e9nyez\u0151k \u00e9s morbidit\u00e1s\u201d,<\/em> OKTK 2003\/149<\/p>\n<p>OKTK kutat\u00e1sban val\u00f3 r\u00e9szv\u00e9tel<\/p>\n<p><strong>2002\u20132004<\/strong>\u00a0 <em>\u201eA magyar n\u00e9pess\u00e9g id\u0151 el\u0151tti eg\u00e9szs\u00e9groml\u00e1s\u00e1nak bio-pszicho-szoci\u00e1lis meghat\u00e1roz\u00f3i \u00e9s a megel\u0151z\u00e9s lehet\u0151s\u00e9gei\u201d<\/em>, NKFP-01\/002\/2001<\/p>\n<p>NKPF \u00c9letmin\u0151s\u00e9g p\u00e1ly\u00e1zatban val\u00f3 r\u00e9szv\u00e9tel<\/p>\n<p><strong>Egy\u00e9b szakmai tev\u00e9kenys\u00e9gek<\/strong><\/p>\n<p><strong>2017\u2013 2019<\/strong> A The Medical Futurist Institute t\u00e1rsalap\u00edt\u00f3ja \u00e9s vezet\u0151 kutat\u00f3ja<\/p>\n<p>A kutat\u00f3int\u00e9zet legf\u0151bb tev\u00e9kenys\u00e9ge a digit\u00e1lis eg\u00e9szs\u00e9ggel kapcsolatos vizsg\u00e1latok kataliz\u00e1l\u00e1sa.<\/p>\n<p><strong>2012\u2013 <\/strong>A Gy\u00f3gy\u00edt\u00f3 N\u0151k\u00e9rt Alap\u00edtv\u00e1ny \u2013 t\u00e1rsalap\u00edt\u00f3 \u00e9s kurat\u00f3riumi tag.<\/p>\n<p>Az Alap\u00edtv\u00e1ny legfontosabb tev\u00e9kenys\u00e9ge a hazai orvosn\u0151k testi-lelki eg\u00e9szs\u00e9g\u00e9nek jav\u00edt\u00e1sa. Egyed\u00fcl\u00e1ll\u00f3 szolg\u00e1ltat\u00e1sa az online tan\u00e1csad\u00e1s kifejezetten orvosn\u0151k sz\u00e1m\u00e1ra<\/p>\n<p><strong>\u00a0<\/strong><strong>Tudom\u00e1nyos \u00f6szt\u00f6nd\u00edj<\/strong><\/p>\n<p><strong>2012\u20132015 <\/strong>Magyar Tudom\u00e1nyos Akad\u00e9mia Bolyai J\u00e1nos Kutat\u00e1si \u00d6szt\u00f6nd\u00edj: \u201e<em>Az orvosn\u0151k helyzete Magyarorsz\u00e1gon\u201d <\/em>A z\u00e1r\u00f3jelent\u00e9s min\u0151s\u00edt\u00e9se: kiemelked\u0151<\/p>\n<p><strong>Tudom\u00e1nyos d\u00edjak, elismer\u00e9sek<\/strong><\/p>\n<p><strong>2017 <\/strong><em>Orvosi Hetilap,<\/em> \u201eMarkusovszky D\u00edj\u201d<\/p>\n<p><strong>2016\u00a0 <\/strong>MTA Bolyai Plakett<\/p>\n<p><strong>2016<\/strong>\u00a0 <em>Ideggy\u00f3gy\u00e1szati Szemle,<\/em> Szerkeszt\u0151s\u00e9gi K\u00fcl\u00f6nd\u00edj<strong>\u00a0 <\/strong><em>\u201e<\/em>Mental health of Physicians \u2013 nationwide, representative study from Hungary\u201d c\u00edm\u0171 cikk<\/p>\n<p><strong>2015\u00a0\u00a0 <\/strong>Semmelweis Egyetem \u201eRektori Dics\u00e9ret\u201d kit\u00fcntet\u00e9s<\/p>\n<p><strong>2015\u00a0\u00a0 <\/strong>Az <em>EConsilium<\/em> internetes orvosi port\u00e1l \u201elegolvasottabb cikk\u00e9nek\u201d d\u00edja<\/p>\n<p><strong>\u00a02013\u00a0\u00a0 <\/strong>Az <em>Elitmed<\/em> \u201eTOP10 legolvasottabb tudom\u00e1nyos k\u00f6zlem\u00e9ny\u00e9nek\u201d egyike a \u201eSzerepkonfliktusok az orvosn\u0151i hivat\u00e1sban\u201d c\u00edm\u0171 cikk<\/p>\n<p><strong>2013\u00a0\u00a0 <\/strong>Magyar Pszichi\u00e1triai T\u00e1rsas\u00e1g XVIII. V\u00e1ndorgy\u0171l\u00e9se, \u201eLegjobb Poszter d\u00edja\u201d<\/p>\n<p><strong>2010<\/strong> \u00a0 Magyar Pszichi\u00e1triai T\u00e1rsas\u00e1g VII. Nemzeti Kongresszusa, \u201eLegjobb Fiatal El\u0151ad\u00f3 d\u00edja\u201d<\/p>\n<p><strong>2005<\/strong>\u00a0 <em>Orvosi Hetilap, <\/em>\u201eMarkusovszky D\u00edj\u201d<\/p>\n<p><strong>2004\u00a0\u00a0 <\/strong>Magyar Pszichi\u00e1triai T\u00e1rsas\u00e1g, \u201eLegjobb Poszter d\u00edja\u201d<\/p>\n<p><strong>Tudom\u00e1nyos publik\u00e1ci\u00f3k sz\u00e1ma (MTMT azonos\u00edt\u00f3:10024073 <\/strong><a href=\"http:\/\/web.archive.org\/web\/20181205005645\/https:\/\/vm.mtmt.hu\/search\/tmtosztaly.php?lang=0&amp;vanlink=1&amp;ponton=&amp;AuthorID=10024073&amp;pub=1\"><strong>https:\/\/vm.mtmt.hu\/search\/tmtosztaly.php?lang=0&amp;vanlink=1&amp;ponton=&amp;AuthorID=10024073&amp;pub=1<\/strong><\/a><strong>)<\/strong><\/p>\n<p><strong>\u00a0<\/strong>Tudom\u00e1nyos k\u00f6zlem\u00e9nyek sz\u00e1ma: 100<\/p>\n<p>K\u00f6nyv: 3<\/p>\n<p>K\u00f6nyvfejezet: 16<\/p>\n<p>Foly\u00f3iratcikk: 81<\/p>\n<p>\u00d6sszes id\u00e9zetts\u00e9g: 1345<\/p>\n<p>F\u00fcggetlen id\u00e9zetts\u00e9g: 1150<\/p>\n<p>IF: 68,991<\/p>\n<p>Hirsch index: 16<\/p>\n<p><strong>\u00a0<\/strong><strong>Budapest, 2023.09.15.<\/strong><\/p>\n\n<\/div><h2 class=\"tabtitle\">Publik\u00e1ci\u00f3<\/h2>\n<div class=\"tabcontent\">\n\n<p><strong>V\u00e1logatott publik\u00e1ci\u00f3k<\/strong><\/p>\n<p><strong>Gy\u0151rffy Zs:<\/strong> Orvosn\u0151k Magyarorsz\u00e1gon. Budapest: Semmelweis Kiad\u00f3, 2015. 220 p.<br \/>\n(ISBN: 978-963-331-369-5)<\/p>\n<p><strong>\u00a0<\/strong><strong>Gy\u0151rffy Zs<\/strong>; Dweik,D; Girasek E: Workload, mental health and burnout indicators among female physicians Human resources for health 2016; 14 (1), 12 <a href=\"http:\/\/web.archive.org\/web\/20181205005645\/https:\/\/human-resources-health.biomedcentral.com\/articles\/10.1186\/s12960-016-0108-9\">https:\/\/human-resources-health.biomedcentral.com\/articles\/10.1186\/s12960-016-0108-9<\/a><\/p>\n<p><strong>\u00a0<\/strong><strong>Gy\u0151rffy Zs;,<\/strong> Birk\u00e1s E; S\u00e1ndor I:\u00a0<a href=\"http:\/\/web.archive.org\/web\/20181205005645\/https:\/\/scholar.google.hu\/scholar?oi=bibs&amp;cluster=17251885745818075530&amp;btnI=1&amp;hl=hu\">Career motivation and burnout among medical students in Hungary-could altruism be a protection factor?<\/a> \u2013 BMC Medical Education, 2016 16:182.<\/p>\n<p><a href=\"http:\/\/web.archive.org\/web\/20181205005645\/https:\/\/bmcmededuc.biomedcentral.com\/articles\/10.1186\/s12909-016-0690-5\">https:\/\/bmcmededuc.biomedcentral.com\/articles\/10.1186\/s12909-016-0690-5<\/a><\/p>\n<p>S\u00e1ndor I, Birk\u00e1s E,<strong> Gy\u0151rffy Zs<\/strong>: The effects of dissection-room experiences and related coping strategies among Hungarian medical students. <em>BMC Medical Education,<\/em> 2015, 15: Paper 73. <a href=\"http:\/\/web.archive.org\/web\/20181205005645\/https:\/\/bmcmededuc.biomedcentral.com\/articles\/10.1186\/s12909-015-0355-9\">https:\/\/bmcmededuc.biomedcentral.com\/articles\/10.1186\/s12909-015-0355-9<\/a><\/p>\n<p><strong>\u00a0<\/strong><strong>Gy\u0151rffy Zs,<\/strong> Dweik D, Girasek E: Reproductive health and burn-out among female physicians: nationwide, representative study from Hungary. <em>BMC Women\u2019s Health<\/em>, 2014, 14 (1): 121 <a href=\"http:\/\/web.archive.org\/web\/20181205005645\/https:\/\/bmcwomenshealth.biomedcentral.com\/articles\/10.1186\/1472-6874-14-121\">https:\/\/bmcwomenshealth.biomedcentral.com\/articles\/10.1186\/1472-6874-14-121<\/a><\/p>\n<p><strong>\u00a0<\/strong><strong>Gy\u0151rffy Zs,<\/strong> Sz\u00e9l Zs, Girasek E: Nyugd\u00edjas orvosok helyzete Magyarorsz\u00e1gon \u2013 orsz\u00e1gos, reprezentat\u00edv felm\u00e9r\u00e9s eredm\u00e9nyei alapj\u00e1n. ORVOSI HETILAP 157:(43) pp. 1729-1736. (2016) <a href=\"http:\/\/web.archive.org\/web\/20181205005645\/http:\/\/real.mtak.hu\/46485\/1\/650.2016.30510.pdf\">http:\/\/real.mtak.hu\/46485\/1\/650.2016.30510.pdf<\/a><\/p>\n<p><strong>Gy\u0151rffy Zs<\/strong>, Girasek E: Mental health of physicians \u2013 Nationwide, representative study from Hungary. <em>Ideggy\u00f3gy\u00e1szati Szemle \u2013 Clinical Neuroscience<\/em>, 2015, 68 (7-8): 258\u2013269.<\/p>\n<p><strong>\u00a0<\/strong><strong>Gy\u0151rffy Zs<\/strong>, Girasek E: Ki\u00e9g\u00e9s a magyarorsz\u00e1gi orvosok k\u00f6r\u00e9ben. Kik a legvesz\u00e9lyeztetettebbek? <em>Orvosi Hetilap<\/em>, 2015, 156 (14): 564\u2013570. <a href=\"http:\/\/web.archive.org\/web\/20181205005645\/https:\/\/repo.lib.semmelweis.hu\/bitstream\/handle\/123456789\/2903\/2872940.pdf?sequence=1\">https:\/\/repo.lib.semmelweis.hu\/bitstream\/handle\/123456789\/2903\/2872940.pdf?sequence=1<\/a><\/p>\n<p>B Mesk\u00f3, G Het\u00e9nyi, <strong>Z Gy\u0151rffy<\/strong>: Will artificial intelligence solve the human resource crisis in healthcare? BMC Health Services Research\u00a0 2018; 18 (1), 545 <a href=\"http:\/\/web.archive.org\/web\/20181205005645\/https:\/\/bmchealthservres.biomedcentral.com\/articles\/10.1186\/s12913-018-3359-4\">https:\/\/bmchealthservres.biomedcentral.com\/articles\/10.1186\/s12913-018-3359-4<\/a><\/p>\n<p>B Mesk\u00f3, Z Drobni, \u00c9 B\u00e9nyei, B Gergely, <strong>Z Gy\u0151rffy<\/strong>: Digital health is a cultural transformation of traditional healthcare. <a href=\"http:\/\/web.archive.org\/web\/20181205005645\/https:\/\/www.ncbi.nlm.nih.gov\/pmc\/articles\/PMC5682364\/\">Mhealth<\/a>. 2017; 3: 38. <a href=\"http:\/\/web.archive.org\/web\/20181205005645\/https:\/\/www.ncbi.nlm.nih.gov\/pmc\/articles\/PMC5682364\/\">https:\/\/www.ncbi.nlm.nih.gov\/pmc\/articles\/PMC5682364\/<\/a><\/p>\n<\/div><\/div>\n","protected":false},"excerpt":{"rendered":"<p><a href=\"https:\/\/semmelweis.hu\/magtud\/files\/2018\/10\/Gy\u0151rffyZs_20180714.jpg\"><\/a> Szakmai \u00f6n\u00e9letrajz Dr. Gy\u0151rffy Zsuzsa egyetemi docens, PhD Email: <a href=\"http:\/\/web.archive.org\/web\/20181205005645\/mailto:gyorffy.zsuzsa.mail@gmail.com\">gyorffy.zsuzsa.mail@gmail.com<\/a> <a href=\"http:\/\/web.archive.org\/web\/20181205005645\/mailto:gyorffy.zsuzsanna@med.semmelweis-univ.hu\">gyorffy.zsuzsanna@med.semmelweis-univ.hu<\/a> \u00a0Tanulm\u00e1nyok, v\u00e9gzetts\u00e9g 2018\u00a0 Habilit\u00e1ci\u00f3 Eg\u00e9szs\u00e9gtudom\u00e1nyok PTE 2009 Semmelweis Egyetem \u00c1ltal\u00e1nos Orvostudom\u00e1nyi Kar,\u00a0\u00a0\u00a0 Ment\u00e1lis Eg\u00e9szs\u00e9gtudom\u00e1nyok Doktori Iskola, PhD fokozat pszichol\u00f3gi\u00e1b\u00f3l 1995\u20132000 \u00a0\u00a0 E\u00f6tv\u00f6s Lor\u00e1nd Tudom\u00e1nyegyetem, B\u00f6lcs\u00e9szettudom\u00e1nyi Kar, szociol\u00f3gia szak, v\u00e1ltoz\u00e1smenedzsment szakir\u00e1ny \u00a0Oktat\u00e1si tev\u00e9kenys\u00e9g 2001\u2013SE \u00c1OK\u00a0 Magatart\u00e1studom\u00e1nyi Int\u00e9zet orvosi \/ fogorvosi \/ gy\u00f3gyszer\u00e9szi szociol\u00f3gia oktat\u00e1sa magyar \u00e9s angol &hellip;<\/p>\n","protected":false},"author":110,"featured_media":0,"parent":2035,"menu_order":14,"comment_status":"closed","ping_status":"closed","template":"","meta":{"_acf_changed":false,"footnotes":""},"categories":[],"tags":[],"class_list":["post-11580","page","type-page","status-publish","hentry"],"acf":[],"_links":{"self":[{"href":"https:\/\/semmelweis.hu\/magtud\/wp-json\/wp\/v2\/pages\/11580","targetHints":{"allow":["GET"]}}],"collection":[{"href":"https:\/\/semmelweis.hu\/magtud\/wp-json\/wp\/v2\/pages"}],"about":[{"href":"https:\/\/semmelweis.hu\/magtud\/wp-json\/wp\/v2\/types\/page"}],"author":[{"embeddable":true,"href":"https:\/\/semmelweis.hu\/magtud\/wp-json\/wp\/v2\/users\/110"}],"replies":[{"embeddable":true,"href":"https:\/\/semmelweis.hu\/magtud\/wp-json\/wp\/v2\/comments?post=11580"}],"version-history":[{"count":7,"href":"https:\/\/semmelweis.hu\/magtud\/wp-json\/wp\/v2\/pages\/11580\/revisions"}],"predecessor-version":[{"id":12086,"href":"https:\/\/semmelweis.hu\/magtud\/wp-json\/wp\/v2\/pages\/11580\/revisions\/12086"}],"up":[{"embeddable":true,"href":"https:\/\/semmelweis.hu\/magtud\/wp-json\/wp\/v2\/pages\/2035"}],"wp:attachment":[{"href":"https:\/\/semmelweis.hu\/magtud\/wp-json\/wp\/v2\/media?parent=11580"}],"wp:term":[{"taxonomy":"category","embeddable":true,"href":"https:\/\/semmelweis.hu\/magtud\/wp-json\/wp\/v2\/categories?post=11580"},{"taxonomy":"post_tag","embeddable":true,"href":"https:\/\/semmelweis.hu\/magtud\/wp-json\/wp\/v2\/tags?post=11580"}],"curies":[{"name":"wp","href":"https:\/\/api.w.org\/{rel}","templated":true}]}}