{"id":11578,"date":"2023-05-30T15:03:29","date_gmt":"2023-05-30T13:03:29","guid":{"rendered":"https:\/\/semmelweis.hu\/magtud\/?page_id=11578"},"modified":"2026-02-16T13:37:46","modified_gmt":"2026-02-16T12:37:46","slug":"dr-girasek-edmond","status":"publish","type":"page","link":"https:\/\/semmelweis.hu\/magtud\/intezet\/munkatarsak\/dr-girasek-edmond\/","title":{"rendered":"Dr. Girasek Edmond"},"content":{"rendered":"<p><a href=\"https:\/\/semmelweis.hu\/magtud\/files\/2019\/07\/GirasekEdmond.jpg\"><img loading=\"lazy\" decoding=\"async\" class=\"alignright wp-image-6777\" src=\"https:\/\/semmelweis.hu\/magtud\/files\/2019\/07\/GirasekEdmond.jpg\" alt=\"\" width=\"200\" height=\"267\" srcset=\"https:\/\/semmelweis.hu\/magtud\/files\/2019\/07\/GirasekEdmond.jpg 2232w, https:\/\/semmelweis.hu\/magtud\/files\/2019\/07\/GirasekEdmond-225x300.jpg 225w, https:\/\/semmelweis.hu\/magtud\/files\/2019\/07\/GirasekEdmond-768x1024.jpg 768w\" sizes=\"auto, (max-width: 200px) 100vw, 200px\" \/><\/a><\/p>\n<div class=\"responsive-tabs\">\n<h2 class=\"tabtitle\">\u00d6n\u00e9letrajz<\/h2>\n<div class=\"tabcontent\">\n\n<p><strong>Munkatapasztalat<\/strong><\/p>\n<p>2024 &#8211; Semmelweis Egyetem \u00c1ltal\u00e1nos Orvostudom\u00e1nyi Kar, Magatart\u00e1studom\u00e1nyi Int\u00e9zet \u2013 Egyetemi docens<\/p>\n<p>2019 \u2013\u00a0 Semmelweis Egyetem \u00c1ltal\u00e1nos Orvostudom\u00e1nyi Kar, Magatart\u00e1studom\u00e1nyi Int\u00e9zet \u2013 Egyetemi adjunktus<br \/>\n\u2013 Oktat\u00e1s, kutat\u00e1s, publik\u00e1ci\u00f3s tev\u00e9kenys\u00e9g orvosi szociol\u00f3gia t\u00e1rgyban, Magyar \u00e9s angol nyelven<br \/>\n\u2013 Tananyag \u00e9s kurzusfejleszt\u00e9s<br \/>\n\u2013 Szakdolgozati \u00e9s TDK t\u00e9mavezet\u00e9s<br \/>\n\u2013 Adatelemz\u00e9s, adatb\u00e1ny\u00e1szat, adatvizualiz\u00e1ci\u00f3<\/p>\n<p>2018 \u2013 2019\u00a0\u00a0\u00a0 Oktat\u00e1si Hivatal, Fels\u0151oktat\u00e1si Elemz\u00e9si F\u0151oszt\u00e1ly<br \/>\nKutat\u00f3 \u2013 szak\u00e9rt\u0151 az Adminisztrat\u00edv Adatintegr\u00e1ci\u00f3 szakmai vezet\u0151<br \/>\n\u2013 Adatb\u00e1zis, adatt\u00e1rh\u00e1z specifik\u00e1ci\u00f3, \u00e9s kapcsol\u00f3d\u00f3 folyamatok kidolgoz\u00e1sa<br \/>\n\u2013 Folyamatos konzult\u00e1ci\u00f3 \u00e9s egy\u00fcttm\u0171k\u00f6d\u00e9s a k\u00fcl\u00f6nb\u00f6z\u0151 szerepl\u0151kkel (adatgazd\u00e1k, informatikai fejleszt\u0151k, szakpolitika, jog\u00e1szok)<br \/>\n\u2013 Adatvizualiz\u00e1ci\u00f3 \u00e9s data-dashboard fejleszt\u00e9s<br \/>\n\u2013 Adatb\u00e1ny\u00e1szat, adatelemz\u00e9s<\/p>\n<p>2016 \u2013\u00a0 2019\u00a0\u00a0\u00a0 \u00c1llami Eg\u00e9szs\u00e9g\u00fcgyi Ell\u00e1t\u00f3 K\u00f6zpont (\u00c1EEK)<br \/>\nEg\u00e9szs\u00e9ges Budapest Program \u2013 Szak\u00e9rt\u0151, szak\u00e9rt\u0151i munkacsoport tag<br \/>\n\u2013 Eg\u00e9szs\u00e9g\u00fcgyi munkaer\u0151vel kapcsolatos szakpolitikai aj\u00e1nl\u00e1sok kidolgoz\u00e1sa<br \/>\n\u2013 Kapcsolattart\u00e1s a szakmai szervezetekkel (kamar\u00e1k) \u00e9s int\u00e9zm\u00e9nyekkel<br \/>\n\u2013 Az el\u00e9rhet\u0151 adatok elemz\u00e9se, vizualiz\u00e1ci\u00f3ja, adatb\u00e1ny\u00e1szat<\/p>\n<p>Munkahely: \u00a0\u00a0\u00a0 Semmelweis Egyetem Eg\u00e9szs\u00e9g\u00fcgyi Menedzserk\u00e9pz\u0151 K\u00f6zpont<\/p>\n<p>2013 \u2013 2017\u00a0\u00a0\u00a0 Egyetemi adjunktus<br \/>\n\u2013 Kvantitat\u00edv kutat\u00f3i feladatok, statisztikai adatelemz\u00e9s, modellez\u00e9s kutat\u00e1si tan\u00e1csad\u00e1s, adatb\u00e1ny\u00e1szat, adatszolg\u00e1ltat\u00f3kkal val\u00f3 t\u00e1rgyal\u00e1s, egyeztet\u00e9s<br \/>\n\u2013 Kutat\u00e1sok megval\u00f3s\u00edt\u00e1sa hazai \u00e9s nemzetk\u00f6zi kutat\u00e1si programokban \u2013 t\u00e1rgyal\u00e1s, folyamatos egy\u00fcttm\u0171k\u00f6d\u00e9s a partnerszervezetekkel, kutat\u00e1s megval\u00f3s\u00edt\u00e1sa, elemz\u00e9s, publik\u00e1ci\u00f3, prezent\u00e1ci\u00f3<br \/>\n\u2013 Informatikai fejleszt\u00e9s t\u00e1mogat\u00e1sa \u2013 specifik\u00e1ci\u00f3, tesztel\u00e9s, m\u0171k\u00f6dtet\u00e9s, adatb\u00e1zis-tervez\u00e9s, adatvizualiz\u00e1ci\u00f3 tervez\u00e9se<br \/>\n\u2013 Projekt-el\u0151k\u00e9sz\u00edt\u00e9s \u2013 p\u00e1ly\u00e1zatok szakmai anyag\u00e1nak \u00f6ssze\u00e1ll\u00edt\u00e1sa<br \/>\n\u2013 Projektmenedzsment, projektmegval\u00f3s\u00edt\u00e1s<br \/>\n\u2013 Kutat\u00e1svezet\u0151i tev\u00e9kenys\u00e9g<br \/>\n\u2013 Tan\u00e1csad\u00f3i tev\u00e9kenys\u00e9g<br \/>\n\u2013 Oktat\u00e1s \u2013 el\u0151ad\u00e1sok \u00e9s gyakorlatok (egyetemist\u00e1k, \u00e9s rezidens orvosok sz\u00e1m\u00e1ra)<br \/>\n\u2013 Tananyagfejleszt\u00e9s \u2013 tananyagok kidolgoz\u00e1sa a c\u00e9lcsoport tud\u00e1s\u00e1nak \u00e9s ig\u00e9nyeinek figyelembev\u00e9tel\u00e9vel<\/p>\n<p>2009 \u2013 2013\u00a0\u00a0\u00a0 Egyetemi tan\u00e1rseg\u00e9d<\/p>\n<p>2007 \u2013 2009\u00a0\u00a0\u00a0 Junior szakmai munkat\u00e1rs<\/p>\n<p>2012 \u2013 2014\u00a0\u00a0\u00a0 Eg\u00e9szs\u00e9g\u00fcgyi Enged\u00e9lyez\u00e9si \u00e9s K\u00f6zigazgat\u00e1si Hivatal. Eg\u00e9szs\u00e9g\u00fcgyi Hum\u00e1ner\u0151forr\u00e1s Monitoring projekt \u2013 szak\u00e9rt\u0151<br \/>\n\u2013 Adatt\u00e1rh\u00e1z specifik\u00e1ci\u00f3 \u00e9s a kapcsol\u00f3d\u00f3 folyamatok kidolgoz\u00e1sa<br \/>\n\u2013 Adatok alapj\u00e1n eg\u00e9szs\u00e9g\u00fcgyi \u00e9letp\u00e1lyamodell-koncepci\u00f3 fejleszt\u00e9se<br \/>\n\u2013 Folyamatos egy\u00fcttm\u0171k\u00f6d\u00e9s az informatikai fejleszt\u0151 csapattal, megrendel\u0151i ig\u00e9nyek k\u00f6zvet\u00edt\u00e9se<\/p>\n<p>2006 \u2013 \u00a0\u00a0\u00a0\u00a0\u00a0\u00a0\u00a0\u00a0\u00a0\u00a0\u00a0 F\u00fcggetlen kutat\u00f3, tan\u00e1csad\u00f3 \u2013 egyedi megb\u00edz\u00e1sok alapj\u00e1n (jelenleg is)<br \/>\n\u2013 Kvantitat\u00edv kutat\u00f3i feladatok, statisztikai adatelemz\u00e9s, adatvizualiz\u00e1ci\u00f3, kutat\u00e1si tan\u00e1csad\u00e1s, projektmenedzsment<br \/>\n\u2013 Oktat\u00e1s<br \/>\n\u2013 Informatikai fejleszt\u00e9s t\u00e1mogat\u00e1sa \u2013 specifik\u00e1ci\u00f3, tesztel\u00e9s, m\u0171k\u00f6dtet\u00e9s, adatb\u00e1zistervez\u00e9s, adatvizualiz\u00e1ci\u00f3 tervez\u00e9se<\/p>\n<p>2004\u00a0\u00a0\u00a0\u00a0\u00a0\u00a0\u00a0\u00a0\u00a0\u00a0\u00a0\u00a0\u00a0\u00a0\u00a0 NRC Piackutat\u00f3 Kft.<br \/>\nPiackutat\u00e1si gyakornok<\/p>\n<p>&nbsp;<\/p>\n<p><strong>Legf\u0151bb szakmai eredm\u00e9nyek<\/strong><\/p>\n<p>2018 \u2013 \u00a0\u00a0\u00a0\u00a0\u00a0\u00a0\u00a0\u00a0\u00a0\u00a0\u00a0 A Diplom\u00e1s P\u00e1lyak\u00f6vet\u00e9si Rendszer, Adminisztrat\u00edv Adatb\u00e1zisok Egyes\u00edt\u00e9se modul meg\u00faj\u00edt\u00e1sa, az adatok adatt\u00e1rh\u00e1z rendszer\u0171 adatb\u00e1zisban t\u00e1rol\u00e1sa, \u00e9s a hozz\u00e1 kapcsol\u00f3d\u00f3 folyamatok \u00e9s elemz\u00e9sek kialak\u00edt\u00e1sa.<\/p>\n<p>2015 \u2013 2017\u00a0\u00a0\u00a0 Eg\u00e9szs\u00e9g\u00fcgyi adatok m\u00e1sodlagos haszn\u00e1lat\u00e1val kapcsolatos szak\u00e9rt\u0151i, tan\u00e1csad\u00f3i munka Eur\u00f3pai Uni\u00f3s szinten (Joint Action to Support eHealth Network projektben)<\/p>\n<p>2013 \u2013 \u00a0\u00a0\u00a0\u00a0\u00a0\u00a0\u00a0\u00a0\u00a0\u00a0\u00a0 Sz\u00e1mos eg\u00e9szs\u00e9g\u00fcgyi, eg\u00e9szs\u00e9gpolitikai (bigdata) adatelemz\u00e9si munk\u00e1ban (nem felt\u00e9tlen\u00fcl projekthez kapcsol\u00f3d\u00f3an) \u2013 \u00fczleti, megrendel\u0151i ig\u00e9nyek k\u00f6zvet\u00edt\u00e9se, t\u00e1rgyal\u00e1s az adatszolg\u00e1ltat\u00f3kkal, adatgazda szervezetekkel, adatok \u00f6sszekapcsol\u00e1sa, elemz\u00e9s, prezent\u00e1ci\u00f3<\/p>\n<p>2013 \u2013 2016\u00a0\u00a0\u00a0 European Joint Action on Health Workforce Planning and Forecasting projekt \u2013 nemzeti eg\u00e9szs\u00e9g\u00fcgyi hum\u00e1ner\u0151forr\u00e1s adatgy\u0171jt\u00e9si rendszerek fel\u00fclvizsg\u00e1lata, adatkateg\u00f3ri\u00e1k \u00e9s folyamatok \u00e9rtelmez\u00e9se, ezzel kapcsolatos elemz\u00e9s, publik\u00e1ci\u00f3 tan\u00e1csad\u00f3i munka.<\/p>\n<p>2012 \u2013 2014\u00a0\u00a0\u00a0 Eg\u00e9szs\u00e9g\u00fcgyi Hum\u00e1ner\u0151forr\u00e1s Monitoring Rendszer \u2013 adatt\u00e1rh\u00e1z specifik\u00e1ci\u00f3, sikeres k\u00f6zvet\u00edt\u0151 szerep a megrendel\u0151i \u00e9s a fejleszt\u0151i oldal k\u00f6z\u00f6tt, riporting rendszer specifik\u00e1ci\u00f3ja (jogosults\u00e1gokkal egy\u00fctt), t\u00e1rgyal\u00e1s az adatgazd\u00e1kkal, egy\u00fcttm\u0171k\u00f6d\u00e9sek kialak\u00edt\u00e1sa, a megval\u00f3s\u00edt\u00e1s \u00e9s a felmer\u00fcl\u0151 k\u00e9rd\u00e9sek fels\u0151vezet\u0151k fel\u00e9 t\u00f6rt\u00e9n\u0151 prezent\u00e1ci\u00f3ja<\/p>\n<p>2010 \u2013 2012\u00a0\u00a0\u00a0 Eg\u00e9szs\u00e9g\u00fcgyi Hum\u00e1ner\u0151forr\u00e1s Clearing House pilot \u2013 adatt\u00e1rh\u00e1z specifik\u00e1ci\u00f3ja, \u00fczleti ig\u00e9nyek meg\u00e9rt\u00e9se \u00e9s k\u00f6zvet\u00edt\u00e9se a projekt tagok fel\u00e9, adatgazd\u00e1kkal egy\u00fcttm\u0171k\u00f6d\u00e9sek kialak\u00edt\u00e1sa, adatelemz\u00e9s, prezent\u00e1ci\u00f3<\/p>\n<p>2010 \u2013 \u00a0\u00a0\u00a0\u00a0\u00a0\u00a0\u00a0\u00a0\u00a0\u00a0\u00a0 Semmelweis Egyetem Diplom\u00e1s P\u00e1lyak\u00f6vet\u0151 Rendszer\u00e9nek kialak\u00edt\u00e1sa. m\u0171k\u00f6dtet\u00e9se, folyamatos fejleszt\u00e9se<\/p>\n<p>2009 \u2013 2011 \u00a0\u00a0 Health PROMeTHEUS projekben eur\u00f3pai adatgy\u0171jt\u0151 rendszer kidolgoz\u00e1sa, m\u0171k\u00f6dtet\u00e9se, eredm\u00e9nyek elemz\u00e9se, publik\u00e1l\u00e1sa<\/p>\n<p>2008 \u2014\u00a0\u00a0\u00a0\u00a0\u00a0\u00a0\u00a0\u00a0\u00a0\u00a0\u00a0 Sz\u00e1mos statisztikai \u00e9s adatelemz\u00e9si tr\u00e9ning tananyag\u00e1nak \u00f6ssze\u00e1ll\u00edt\u00e1sa, oktat\u00e1sa (k\u00fcl\u00f6nb\u00f6z\u0151 szinteken a kezd\u0151t\u0151l a halad\u00f3ig)<\/p>\n<p>&nbsp;<\/p>\n<p><strong>K\u00e9pzetts\u00e9g<\/strong><\/p>\n<p>2016 \u2013 2018 \u00a0\u00a0 Budapesti Corvinus Egyetem Gazd\u00e1lkod\u00e1studom\u00e1nyi Kar \u2013 \u00dczleti adatelemz\u0151 \/ Data Science<\/p>\n<p>2008 \u2013 2013\u00a0\u00a0\u00a0 Semmelweis Egyetem Doktori Iskola Ph.D. tanulm\u00e1nyok Eg\u00e9szs\u00e9gtudom\u00e1nyok t\u00e9m\u00e1ban.<\/p>\n<p>2001 \u2013 2006 \u00a0\u00a0 E\u00f6tv\u00f6s Lor\u00e1nd Tudom\u00e1nyegyetem T\u00e1rsadalomtudom\u00e1nyi Kar, Szociol\u00f3gia szak \u2013 kommunik\u00e1ci\u00f3 \u00e9s m\u00e9dia szakir\u00e1ny<\/p>\n<p>&nbsp;<\/p>\n<p><strong>Egy\u00e9b k\u00e9pzetts\u00e9g<\/strong><\/p>\n<p>2018 \u00a0\u00a0 SQL ismerek (Oktat\u00e1si Hivatal \u2013 bels\u0151 k\u00e9pz\u00e9s)<\/p>\n<p>2016\u00a0\u00a0\u00a0 T\u00e1rgyal\u00e1stechnika Harvardi alapokon \u2013 tr\u00e9ning<\/p>\n<p>2016\u00a0\u00a0\u00a0 Python \u2013 Codecademy.com, online Python programoz\u00e1s kurzus<\/p>\n<p>2015 \u00a0\u00a0 Python beginner \u2013 DataCamp, online Python programoz\u00e1s kurzus<\/p>\n<p>2015\u00a0\u00a0\u00a0 The Data Scientist\u2019s toolbox \u2013 Johns Hopkins University, online kurzus<\/p>\n<p>2015\u00a0\u00a0\u00a0\u00a0\u00a0\u00a0\u00a0\u00a0\u00a0\u00a0\u00a0\u00a0\u00a0\u00a0\u00a0 Projektmenedzsment m\u00f3dszertani tr\u00e9ning<\/p>\n<p>2013\u00a0\u00a0\u00a0\u00a0\u00a0\u00a0\u00a0\u00a0\u00a0\u00a0\u00a0\u00a0\u00a0\u00a0\u00a0 Semmelweis Egyetem E-learning k\u00e9pz\u0151k k\u00e9pz\u00e9se tanfolyam (e-learning tananyagfejleszt\u00e9s, \u00e9s online eszk\u00f6z\u00f6k az oktat\u00e1sban)<\/p>\n<p>2010\u00a0\u00a0\u00a0\u00a0\u00a0\u00a0\u00a0\u00a0\u00a0\u00a0\u00a0\u00a0\u00a0\u00a0\u00a0 Semmelweis Egyetem \u2013 Pedag\u00f3giai tanfolyam<\/p>\n<p>2003 \u2013 2006\u00a0\u00a0\u00a0 E\u00f6tv\u00f6s Lor\u00e1nd Tudom\u00e1nyegyetem \u2013 T\u00e1rsadalom\u00adtudom\u00e1nyi Szakkoll\u00e9gium (alap\u00edt\u00f3 tag)<\/p>\n<p>&nbsp;<\/p>\n<p><strong>K\u00fclf\u00f6ldi tapasztalat<\/strong><\/p>\n<p>2019 \u2013 Co-chair \u2013 European Expert Group on Graduate Tracking, Taskforce on the pilot exchanging data on migrant graduates<\/p>\n<p>2018 \u2013 Advisory board member (tan\u00e1csad\u00f3 test\u00fcleti tag) \u2013 Eurograduate, az eur\u00f3pai diplom\u00e1s p\u00e1lyak\u00f6vet\u00e9si rendszer kidolgoz\u00e1s\u00e1t c\u00e9lz\u00f3 projektben<\/p>\n<p>2009\u00a0\u00a0\u00a0 Egy h\u00f3nap a WHO European Observatory on Health Systems and Policies int\u00e9zetn\u00e9l Br\u00fcsszelben. A tart\u00f3zkod\u00e1s c\u00e9lja a Health PROMeTHEUS projekt menedzsmentj\u00e9ben val\u00f3 r\u00e9szvel \u00e9s szorosabb kutat\u00e1si egy\u00fcttm\u0171k\u00f6d\u00e9si kialak\u00edt\u00e1sa a partnerekkel.<\/p>\n<p>2008 \u00a0\u00a0 Egyhetes tanulm\u00e1ny\u00fat \u00e9s statisztikai tr\u00e9ning \u2013 Assessment of the impact of health financing reform on financial prtection and equity in finance and service delivery in Hungary projekt keret\u00e9ben a WHO Barcelonai irod\u00e1j\u00e1ban<\/p>\n<p>&nbsp;<\/p>\n<p><strong>Egy\u00e9b tapasztalat<\/strong><\/p>\n<p>2013\u00a0\u00a0\u00a0 R\u00e9szv\u00e9tel a Prezi.com magyarorsz\u00e1gi \/ magyar nyelvi lokaliz\u00e1ci\u00f3j\u00e1nak elk\u00e9sz\u00edt\u00e9s\u00e9ben (angolr\u00f3l magyarra ford\u00edt\u00e1s online k\u00f6rnyezetben)<\/p>\n<p>&nbsp;<\/p>\n<p><strong>Szem\u00e9lyes er\u0151ss\u00e9geim<\/strong><\/p>\n<p>Statisztikai, kvantitat\u00edv, adatelemz\u00e9si \u00e9rdekl\u0151d\u00e9s \u00e9s tapasztalat<br \/>\nEr\u0151s informatikai \u00e9s adatb\u00e1zis alapok \u2013 sz\u00f3t tudok \u00e9rteni a fejleszt\u0151kkel \u00e9s a \u201emegrendel\u0151vel\u201d egyar\u00e1nt<br \/>\nProbl\u00e9ma, megold\u00e1sk\u00f6zpont\u00fa\/megold\u00e1skeres\u0151 megk\u00f6zel\u00edt\u00e9s<br \/>\nNemzetk\u00f6zi tapasztalatok<br \/>\nCsapatj\u00e1t\u00e9kos, egy\u00fcttm\u0171k\u00f6d\u00e9sek kialak\u00edt\u00e1sa, m\u0171k\u00f6dtet\u00e9se<br \/>\nFejl\u0151d\u0151k\u00e9pess\u00e9g \u00e9s folyamatos fejl\u0151d\u00e9sre val\u00f3 ig\u00e9ny<\/p>\n<p>&nbsp;<\/p>\n<p><strong>Nyelvtud\u00e1s<\/strong><\/p>\n<p>Angol\u00a0\u00a0\u00a0\u00a0\u00a0\u00a0\u00a0\u00a0\u00a0\u00a0\u00a0\u00a0\u00a0 K\u00f6z\u00e9pfok\u00fa C tipus\u00fa nyelvvizsga (2002.), t\u00e1rgyal\u00e1si szint\u0171 sz\u00f3beli \u00e9s \u00edr\u00e1sbeli nyelvtud\u00e1s<\/p>\n<p>&nbsp;<\/p>\n<p><strong>Sz\u00e1m\u00edt\u00f3g\u00e9pes ismeretek<\/strong><\/p>\n<p>MS Office alkalmaz\u00e1sok (Word, Excel, Outlook, PowerPoint)<br \/>\nPrezi<br \/>\nSPSS\/IBM Statistics \u2013 statisztikai adatelemz\u0151 szoftver, professzion\u00e1lis felhaszn\u00e1l\u00f3<br \/>\nAdab\u00e1ny\u00e1szati ismeretek \u2013 Rapidminer, Microsoft Azure ML studio<br \/>\nAdatvizualiz\u00e1ci\u00f3s \u00e9s BI megold\u00e1sok \u2013 Tableau, PowerBI<br \/>\nLotus Notes<br \/>\nSQL<br \/>\nPython alapismeretek<\/p>\n<p>&nbsp;<\/p>\n<p><strong>Oktat\u00e1si tapasztalat<\/strong><\/p>\n<p>2018 \u2013\u00a0 Statisztika \u00e9s Gazdas\u00e1gi Matematika \u2013 kurzusvezet\u0151 \u00e9s oktat\u00f3, Eg\u00e9szs\u00e9g\u00fcgyi szervez\u0151 eg\u00e9szs\u00e9gturizmus szakir\u00e1nyon BSc szakos hallgat\u00f3knak<\/p>\n<p>2016 \u2013 2017\u00a0\u00a0\u00a0 magyar \u00e9s angol nyelv\u0171 el\u0151ad\u00e1sok \u00e9s gyakorlatok Eg\u00e9szs\u00e9g\u00fcgyi menedzsment t\u00e9mak\u00f6rb\u0151l angol nyelv\u0171 k\u00e9pz\u00e9sben r\u00e9sztvev\u0151 hallgat\u00f3knak<\/p>\n<p>2013\u00a0\u00a0\u00a0 Eg\u00e9szs\u00fcgyi Menedzsment BSc hallgat\u00f3k sz\u00e1m\u00e1ra: e-learning tananyagfejleszt\u00e9s (e-book szerkeszt\u00e9s, fejezetek meg\u00edr\u00e1sa, e-learning tananyagok elk\u00e9sz\u00edt\u00e9se, online oktat\u00e1si seg\u00e9danyagok k\u00e9sz\u00edt\u00e9se)<\/p>\n<p>2009 \u2013 2018\u00a0\u00a0\u00a0 Eg\u00e9szs\u00e9g\u00fcgyi Menedzsment tant\u00e1rgy oktat\u00f3 \u00e9s tant\u00e1rgyfelel\u0151s, Eg\u00e9szs\u00e9g\u00fcgyi \u00dcgyvitelszervez\u0151 hallgat\u00f3k k\u00e9pz\u00e9s\u00e9ben<\/p>\n<p>2007 \u2013\u00a0 Adatelemz\u00e9s \/ SPSS Oktat\u00e1s t\u00f6bbf\u00e9le szinten (kezd\u0151t\u0151l a professzion\u00e1lis szintig), k\u00fcl\u00f6nb\u00f6z\u0151 int\u00e9zm\u00e9nyeken egyedi felk\u00e9r\u00e9sek alapj\u00e1n<\/p>\n<p>2007\u00a0\u00a0\u00a0 Menedzsment alapjai \u00e9s hum\u00e1ner\u0151forr\u00e1s menedzsment tant\u00e1rgyak oktat\u00e1sa (t\u00f6bbf\u00e9le hallgat\u00f3i c\u00e9lcsoportnak)<\/p>\n<p>2005 \u2013 2006\u00a0 \u00a0 Bevezet\u00e9s a kvantitat\u00edv adatelemz\u00e9sbe \u2013 szemin\u00e1rium szociol\u00f3gus\u00adhalllgat\u00f3knak<\/p>\n<p>2005 \u2013 2007\u00a0\u00a0\u00a0 SPSS M\u0171helytitkok \u2013 szemin\u00e1rium t\u00e1rsadalomtudom\u00e1nyi szakkoll\u00e9gist\u00e1knak<\/p>\n\n<\/div><h2 class=\"tabtitle\">Publik\u00e1ci\u00f3<\/h2>\n<div class=\"tabcontent\">\n\n<p>A teljes publik\u00e1ci\u00f3s lista megtal\u00e1lhat\u00f3 az MTMT adatb\u00e1zis\u00e1ban. (<a href=\"http:\/\/web.archive.org\/web\/20220704050757\/https:\/\/m2.mtmt.hu\/gui2\/?type=authors&amp;mode=browse&amp;sel=10024210\" target=\"_blank\" rel=\"noopener noreferrer\">itt<\/a>)<br \/>\n<\/div><\/div><\/p>\n","protected":false},"excerpt":{"rendered":"<p><a href=\"https:\/\/semmelweis.hu\/magtud\/files\/2019\/07\/GirasekEdmond.jpg\"><\/a> Munkatapasztalat 2024 &#8211; Semmelweis Egyetem \u00c1ltal\u00e1nos Orvostudom\u00e1nyi Kar, Magatart\u00e1studom\u00e1nyi Int\u00e9zet \u2013 Egyetemi docens 2019 \u2013\u00a0 Semmelweis Egyetem \u00c1ltal\u00e1nos Orvostudom\u00e1nyi Kar, Magatart\u00e1studom\u00e1nyi Int\u00e9zet \u2013 Egyetemi adjunktus \u2013 Oktat\u00e1s, kutat\u00e1s, publik\u00e1ci\u00f3s tev\u00e9kenys\u00e9g orvosi szociol\u00f3gia t\u00e1rgyban, Magyar \u00e9s angol nyelven \u2013 Tananyag \u00e9s kurzusfejleszt\u00e9s \u2013 Szakdolgozati \u00e9s TDK t\u00e9mavezet\u00e9s \u2013 Adatelemz\u00e9s, adatb\u00e1ny\u00e1szat, adatvizualiz\u00e1ci\u00f3 2018 \u2013 2019\u00a0\u00a0\u00a0 Oktat\u00e1si Hivatal, &hellip;<\/p>\n","protected":false},"author":110,"featured_media":0,"parent":2035,"menu_order":14,"comment_status":"closed","ping_status":"closed","template":"","meta":{"_acf_changed":false,"footnotes":""},"categories":[],"tags":[],"class_list":["post-11578","page","type-page","status-publish","hentry"],"acf":[],"_links":{"self":[{"href":"https:\/\/semmelweis.hu\/magtud\/wp-json\/wp\/v2\/pages\/11578","targetHints":{"allow":["GET"]}}],"collection":[{"href":"https:\/\/semmelweis.hu\/magtud\/wp-json\/wp\/v2\/pages"}],"about":[{"href":"https:\/\/semmelweis.hu\/magtud\/wp-json\/wp\/v2\/types\/page"}],"author":[{"embeddable":true,"href":"https:\/\/semmelweis.hu\/magtud\/wp-json\/wp\/v2\/users\/110"}],"replies":[{"embeddable":true,"href":"https:\/\/semmelweis.hu\/magtud\/wp-json\/wp\/v2\/comments?post=11578"}],"version-history":[{"count":2,"href":"https:\/\/semmelweis.hu\/magtud\/wp-json\/wp\/v2\/pages\/11578\/revisions"}],"predecessor-version":[{"id":12583,"href":"https:\/\/semmelweis.hu\/magtud\/wp-json\/wp\/v2\/pages\/11578\/revisions\/12583"}],"up":[{"embeddable":true,"href":"https:\/\/semmelweis.hu\/magtud\/wp-json\/wp\/v2\/pages\/2035"}],"wp:attachment":[{"href":"https:\/\/semmelweis.hu\/magtud\/wp-json\/wp\/v2\/media?parent=11578"}],"wp:term":[{"taxonomy":"category","embeddable":true,"href":"https:\/\/semmelweis.hu\/magtud\/wp-json\/wp\/v2\/categories?post=11578"},{"taxonomy":"post_tag","embeddable":true,"href":"https:\/\/semmelweis.hu\/magtud\/wp-json\/wp\/v2\/tags?post=11578"}],"curies":[{"name":"wp","href":"https:\/\/api.w.org\/{rel}","templated":true}]}}