{"id":11562,"date":"2023-05-30T14:22:22","date_gmt":"2023-05-30T12:22:22","guid":{"rendered":"https:\/\/semmelweis.hu\/magtud\/?page_id=11562"},"modified":"2023-08-04T14:12:50","modified_gmt":"2023-08-04T12:12:50","slug":"dr-bognar-virag-katalin","status":"publish","type":"page","link":"https:\/\/semmelweis.hu\/magtud\/intezet\/munkatarsak\/dr-bognar-virag-katalin\/","title":{"rendered":"Dr. Bogn\u00e1r Vir\u00e1g Katalin"},"content":{"rendered":"<p><a href=\"https:\/\/semmelweis.hu\/magtud\/files\/2018\/09\/Bognar-Virag-foto_business-2013.jpg\"><img loading=\"lazy\" decoding=\"async\" class=\"alignright wp-image-5319\" src=\"https:\/\/semmelweis.hu\/magtud\/files\/2018\/09\/Bognar-Virag-foto_business-2013.jpg\" alt=\"\" width=\"200\" height=\"259\" srcset=\"https:\/\/semmelweis.hu\/magtud\/files\/2018\/09\/Bognar-Virag-foto_business-2013.jpg 1584w, https:\/\/semmelweis.hu\/magtud\/files\/2018\/09\/Bognar-Virag-foto_business-2013-231x300.jpg 231w, https:\/\/semmelweis.hu\/magtud\/files\/2018\/09\/Bognar-Virag-foto_business-2013-768x996.jpg 768w, https:\/\/semmelweis.hu\/magtud\/files\/2018\/09\/Bognar-Virag-foto_business-2013-790x1024.jpg 790w\" sizes=\"auto, (max-width: 200px) 100vw, 200px\" \/><\/a><\/p>\n<div class=\"responsive-tabs\">\n<h2 class=\"tabtitle\">\u00d6n\u00e9letrajz<\/h2>\n<div class=\"tabcontent\">\n\n<p><strong>Szakmai p\u00e1lyafut\u00e1s, munkahelyek<\/strong><\/p>\n<p>2006\u2013\u00a0\u00a0\u00a0 Semmelweis Egyetem Magatart\u00e1studom\u00e1nyi Int\u00e9zete<br \/>\n<em>orvosi szociol\u00f3gia (2006-t\u00f3l) \u00e9s bioetika (2015-t\u0151l) oktat\u00e1s n\u00e9met nyelven<\/em><br \/>\n<em>(2006 febru\u00e1r \u00e9s 2018 augusztus k\u00f6z\u00f6tt k\u00fcls\u0151 munkat\u00e1rsk\u00e9nt)<\/em><\/p>\n<p>2014\u20132015\u00a0\u00a0 Fogyat\u00e9kos Szem\u00e9lyek Es\u00e9lyegyenl\u0151s\u00e9g\u00e9\u00e9rt K\u00f6zhaszn\u00fa Nonprofit Kft.<br \/>\n<em>szociol\u00f3gus kutat\u00f3, szak\u00e9rt\u0151, program koordin\u00e1ci\u00f3<\/em><\/p>\n<p>2009\u20132012 \u00a0 KSH N\u00e9pess\u00e9gtudom\u00e1nyi Kutat\u00f3int\u00e9zete<br \/>\n<em>kutat\u00e1si r\u00e9szv\u00e9tel hal\u00e1loz\u00e1ssal kapcsolatos magyarorsz\u00e1gi \u00e9s nemzetk\u00f6zi<\/em><br \/>\n<em>projektekben<\/em><\/p>\n<p>2006\u20132009\u00a0\u00a0\u00a0 ELTE T\u00e1rsadalomtudom\u00e1nyi Kar, Szociol\u00f3gia Doktori Program<br \/>\n<em>\u00f6szt\u00f6nd\u00edjas PhD-hallgat\u00f3, r\u00e9szv\u00e9tel kutat\u00e1si projektekben<\/em><\/p>\n<p>1997\u20132006\u00a0\u00a0\u00a0\u00a0 K\u00f6zponti Statisztikai Hivatal (KSH)<br \/>\n<em>elemz\u0151 statisztikus<\/em><\/p>\n<p><strong>K\u00e9pzetts\u00e9g, \u00f6szt\u00f6nd\u00edjak<br \/>\n<\/strong><\/p>\n<p>2023<br \/>\n<em>ELTE PPK Pszichol\u00f3gia MA diploma, okleveles pszichol\u00f3gus<\/em><\/p>\n<p>2020<br \/>\n<em>KRE, Pszichol\u00f3gia BA diploma, viselked\u00e9selemz\u0151<br \/>\n<\/em><\/p>\n<p>2012. j\u00falius 17.<br \/>\n<em>ELTE, doktori oklev\u00e9l szociol\u00f3gia szakter\u00fcleten.<\/em><br \/>\n<em>Disszert\u00e1ci\u00f3 c\u00edme:\u00a0 \u201cA sz\u00fcl\u0151s\u00e9g \u00e9rtelmez\u00e9se. Autista szem\u00e9lyek t\u00e1mogat\u00e1sa a csal\u00e1dban\u201d<\/em><\/p>\n<p>2005<br \/>\n<em>1 h\u00f3napos \u00f6szt\u00f6nd\u00edj, INED (Institut National d\u2019Etudes\u00a0 D\u00e9mographiques), P\u00e1rizs<\/em><\/p>\n<p>1992\u20131993<br \/>\n<em>10 h\u00f3napos \u00f6szt\u00f6nd\u00edj, Bielefeldi Egyetem, T\u00e1rsadalomtud. Kar, N\u00e9metorsz\u00e1g<\/em><\/p>\n<p>1988\u20131995\/1996<br \/>\n<em>ELTE BTK, n\u00e9met nyelv \u00e9s irodalom el\u0151ad\u00f3i diploma<\/em><br \/>\n<em>ELTE Szociol\u00f3giai Int\u00e9zet, szociol\u00f3gus diploma<\/em><\/p>\n<p><strong>Fontosabb projektek<\/strong><\/p>\n<p>2015. <em>\u201eS\u00falyosan \u00e9s halmozottan fogyat\u00e9kos szem\u00e9lyek \u00e9lethelyzete \u00e9s ell\u00e1t\u00e1s\u00e1nak fejleszt\u00e9se\u201d<\/em> c\u00edm\u0171 pilot projekt (Fogyat\u00e9kos Szem\u00e9lyek Es\u00e9lyegyenl\u0151s\u00e9g\u00e9\u00e9rt K\u00f6zhaszn\u00fa (FSZK) Nonprofit Kft.). Projektkoordin\u00e1ci\u00f3, kutat\u00e1s.<\/p>\n<p>2014\u20132015. T\u00c1MOP 5.4.11-12\/1-2012-0001 azonos\u00edt\u00f3sz\u00e1m\u00fa <em>\u201eNyolc Pont \u2013 Az autista szem\u00e9lyek ell\u00e1t\u00f3rendszer\u00e9nek orsz\u00e1gos szint\u0171, komplex innov\u00e1ci\u00f3ja szakmai tan\u00e1csad\u00f3 h\u00e1l\u00f3zat \u00e9s koordin\u00e1ci\u00f3s k\u00f6zpont kialak\u00edt\u00e1s\u00e1val\u201d<\/em> kiemelt projekt (Fogyat\u00e9kos Szem\u00e9lyek Es\u00e9lyegyenl\u0151s\u00e9g\u00e9\u00e9rt K\u00f6zhaszn\u00fa (FSZK) Nonprofit Kft.). Szak\u00e9rt\u0151i r\u00e9szv\u00e9tel.<\/p>\n<p>2009\u20132012. <em>INEQ-CITIES projekt a szocio-\u00f6kon\u00f3miai hal\u00e1loz\u00e1si egyenl\u0151tlens\u00e9gekr\u0151l az eur\u00f3pai nagyv\u00e1rosokban<\/em> (INEQ-CITIES (Socio-economic inequalities in mortality: Evidence and policies in cities of Europe, https:\/\/www.ucl.ac.uk\/ineqcities\/): Dr. Kov\u00e1cs Katalin, KSH N\u00e9pess\u00e9gtudom\u00e1nyi Kutat\u00f3int\u00e9zet. Kutat\u00f3i k\u00f6zrem\u0171k\u00f6d\u00e9s.<\/p>\n<p>2009\u20132011. <em>T\u00e1rsadalmi egyenl\u0151tlens\u00e9gek a mortalit\u00e1sban Magyarorsz\u00e1gon (1978-2008) \u00e9s az epidemiol\u00f3giai \u00e1tmenet elm\u00e9lete<\/em> (69031. nyilv\u00e1ntart\u00e1si sz\u00e1m\u00fa OTKA kutat\u00e1s) , Dr. Kov\u00e1cs Katalin, KSH N\u00e9pess\u00e9gtudom\u00e1nyi Kutat\u00f3int\u00e9zet. Kutat\u00f3i k\u00f6zrem\u0171k\u00f6d\u00e9s.<\/p>\n<p>2008\u20132009. <em>Orsz\u00e1gos Autizmus Kutat\u00e1s<\/em>, Autist\u00e1k Orsz\u00e1gos Sz\u00f6vets\u00e9ge. Kutat\u00f3i r\u00e9szv\u00e9tel.<\/p>\n<p><strong>Fontosabb szakmai tanfolyamok<\/strong><\/p>\n<p>Autizmus Alap\u00edtv\u00e1ny \u00e1ltal szervezett, OKM-1\/110\/2010. enged\u00e9lysz\u00e1m\u00fa <em>Autizmussal \u00e9l\u0151 gyermekek szoci\u00e1lis \u00e9s kommunik\u00e1ci\u00f3s k\u00e9szs\u00e9geinek fejleszt\u00e9se<\/em> (Budapest, 2014. 12. 1-5.)<\/p>\n<p>Certificate of Attendance of the 5th European Course on <em>Biotechnology Ethics<\/em> (Budapest, June 22-29, 2008)<\/p>\n<p>Certificate of Attendance of the course <em>Living Conditions, Systems of Social Statistics, Social Indicators and Social Reporting<\/em> (October 18-22, 1999)<\/p>\n<p><strong>Seg\u00edt\u0151 alap\u00edtv\u00e1nyi, \u00f6nk\u00e9ntes, egy\u00e9ni v\u00e1llalkoz\u00f3i \u00a0tev\u00e9kenys\u00e9g<\/strong><\/p>\n<p>Egy\u00e9ni n\u00e9met nyelvoktat\u00e1s kommunik\u00e1ci\u00f3s neh\u00e9zs\u00e9ggel k\u00fczd\u0151knek (2011- )<br \/>\nSalva Vita Alap\u00edtv\u00e1ny, kutat\u00f3, szak\u00e9rt\u0151, 2006\u2013<br \/>\nAutist\u00e1k Orsz\u00e1gos Sz\u00f6vets\u00e9ge (AOSZ), \u00f6szt\u00f6nd\u00edjas, 2008\u20132009<br \/>\nEgyh\u00e1zi k\u00f3rh\u00e1zi betegl\u00e1togat\u00f3 (2004\u20132006)<\/p>\n<p><strong>Nyelvtud\u00e1s<br \/>\n<\/strong>n\u00e9met \u00a0\u00a0 fels\u0151fok\u00fa nyelvvizsga<br \/>\nangol\u00a0\u00a0\u00a0\u00a0\u00a0 k\u00f6z\u00e9pfok\u00fa nyelvvizsga<br \/>\nfrancia\u00a0\u00a0\u00a0 k\u00f6z\u00e9pfok\u00fa nyelvvizsga<\/p>\n<p><strong>D\u00edjak, elismer\u00e9s<\/strong><\/p>\n<p>Semmelweis Egyetem Mag\u00e1ntan\u00e1r c\u00edm (2017)<\/p>\n<p>K\u00f6zponti Statisztikai Hivatal t\u00e1rsadalomstatisztikai p\u00e1ly\u00e1zat, I. helyez\u00e9s (\u2019A kult\u00fara k\u00f6z\u00f6ns\u00e9gt\u00edpusai\u2019) (2001)<\/p>\n<p>Budapest, 2020. j\u00falius<\/p>\n\n<\/div><h2 class=\"tabtitle\">Publik\u00e1ci\u00f3<\/h2>\n<div class=\"tabcontent\">\n\n<p><strong>V\u00e1logatott publik\u00e1ci\u00f3k \u00a0(dr. Bogn\u00e1r Vir\u00e1g Katalin)<br \/>\n<\/strong><br \/>\n<strong>Magyar nyelv\u0171 foly\u00f3iratokban k\u00f6z\u00f6lt v\u00e1logatott cikkek:<\/strong><\/p>\n<p>Bogn\u00e1r, Vir\u00e1g Katalin (2017). Partnerek \u2013 t\u00e1mogat\u00e1si sz\u00fcks\u00e9gletek felm\u00e9r\u00e9se feln\u0151tt s\u00falyos \u00e9s halmozott fogyat\u00e9koss\u00e1ggal \u00e9l\u0151 f\u00e9rfiak k\u00f6r\u00e9ben. Biogr\u00e1fiai megk\u00f6zel\u00edt\u00e9s. <em>Es\u00e9ly<\/em> <em>(k\u00fcl\u00f6nsz\u00e1m),<\/em> <em>29<\/em>(2), 55\u201376. http:\/\/www.esely.org\/kiadvanyok\/2017_2\/Esely_2017-2_4_Bognar_Partnerek.pdf<\/p>\n<p>Bogn\u00e1r, Vir\u00e1g (2008). Gyermekv\u00e1llal\u00e1si tervek \u2013 munkaer\u0151-piaci helyzet. <em>Demogr\u00e1fia, 51<\/em>(4). 356\u2013376. http:\/\/demografia.hu\/kiadvanyokonline\/index.php\/demografia\/article\/view\/534\/518<\/p>\n<p>Bogn\u00e1r, Vir\u00e1g &amp; Faluv\u00e9gi, Albert (2005). A v\u00e1rosi statisztika \u2013 az Urban Audit \u2013 \u00e9s f\u0151bb eredm\u00e9nyei. <em>Gazdas\u00e1g \u00e9s Statisztika, 56<\/em>(5), 3\u201320. http:\/\/www.ksh.hu\/docs\/files\/424337.PDF<\/p>\n<p>Bogn\u00e1r, Vir\u00e1g (2004). T\u00e1rsadalmi norm\u00e1k \u00e9s \u00e9letst\u00edlusok. <em>Statisztikai Szemle, \u00a082<\/em>(3), 237\u2013263. http:\/\/www.ksh.hu\/statszemle_archive\/2004\/2004_03\/2004_03_237.pdf<\/p>\n<p>Bogn\u00e1r , Vir\u00e1g (2002). A kult\u00fara k\u00f6z\u00f6ns\u00e9gt\u00edpusai Budapesten. <em>Statisztikai Szemle, 80<\/em>(5-6), 537\u2013556. http:\/\/www.ksh.hu\/statszemle_archive\/2002\/2002_05-06\/2002_05-06_537.pdf<\/p>\n<p>Bogn\u00e1r, Vir\u00e1g (1996). Az Ideol\u00f3gia \u00e9s ut\u00f3pia haj\u00f3t\u00f6r\u00e9se. Mannheim K\u00e1roly Ideol\u00f3gia \u00e9s Ut\u00f3pia c\u00edm\u0171 m\u0171ve n\u00e9met \u00e9s angol v\u00e1ltozat\u00e1nak \u00f6sszevet\u00e9se. <em>Szociol\u00f3giai Szemle, 6<\/em>(2), 21\u201355. http:\/\/www.szociologia.hu\/dynamic\/9602bognar.htm<\/p>\n<p><strong>Magyar nyelv\u0171\u00a0 v\u00e1logatott konferencia prezent\u00e1ci\u00f3k:<\/strong><\/p>\n<p>A sz\u00fcl\u0151s\u00e9g \u00e9rtelmez\u00e9se autista gyermeket nevel\u0151 csal\u00e1dokban. <em>\u2019Hat\u00e1rok \u00e9s kapcsolatok \/ Borders and connections\u2019<\/em> c\u00edm\u0171 konferencia,\u00a0 P\u00e9csi Tudom\u00e1ny Egyetem (PTE), P\u00e9cs, 2012. m\u00e1rcius 27.<\/p>\n<p>A j\u00f3 csal\u00e1di m\u0171k\u00f6d\u00e9s \u00e9rz\u00e9kel\u00e9se \u00e9s az \u00e1tkeretez\u00e9s. Autista csal\u00e1dtagot gondoz\u00f3 sz\u00fcl\u0151k vizsg\u00e1lata. <em>\u2019A stresszt\u0151l a boldogs\u00e1gig\u2019<\/em> <em>XI. Magatart\u00e1studom\u00e1nyi Napok<\/em>, G\u00f6d\u00f6ll\u0151, 2011, j\u00fanius 28\u201329.<\/p>\n<p>Megk\u00fczd\u00e9s \u00e9s sz\u00fcl\u0151-szerep \u00e9rtelmez\u00e9s a csal\u00e1dokban. <em>Autizmus Nap 2009<\/em>. AOSZ, Budapest, 2009. november 14.<\/p>\n<p><strong>Angol nyelv\u0171 foly\u00f3iratokban k\u00f6z\u00f6lt tanulm\u00e1nyok:<\/strong><\/p>\n<p>D\u00f6br\u00f6ssy, B., Girasek, E., Sus\u00e1nszky, A., Koncz, Z., Gy\u0151rffy, Z., Bogn\u00e1r, V. K. (2020). \u201cClicks, likes, shares and comments\u201d a systematic review of breast cancer screening discourse in social media<em>. PLoS ONE<\/em> <em>15<\/em>(4): e0231422. https:\/\/doi.org\/10.1371\/journal.pone.0231422<\/p>\n<p><strong>\u00a0<\/strong><strong>Publik\u00e1lt absztrakt:<\/strong><\/p>\n<p>Bogn\u00e1r, Vir\u00e1g Katalin (2012). Parental perception of autistic symptoms in children and parental life satisfaction. <em>International Journal of Behavioral Medicine, 19<\/em> (Suppl 1), 128\u2013129.<\/p>\n<p><strong>Angol nyelv\u0171 \u00a0v\u00e1logatott konferencia prezent\u00e1ci\u00f3k:<\/strong><\/p>\n<p>Parenting stories \u2013 and service needs in families raising a child with ASD. (with coauthor: Dr. Sarkadi, Anna, Uppsala Universitet, Sweden) Poster presentation on the International <em>Conference on Cerebral Palsy and other Childhood-onset Disabilities<\/em>,\u00a0 Stockholm 1\u20134 June, 2016.<\/p>\n<p>Should we follow the dreams of students living with autism? Case studies on foreign language learning and teaching. Poster presentation on the <em>XI. Autism Europe International Congress<\/em>, Edinburgh, 16\u201318 September, 2016.<\/p>\n<p>Parental and professional views and competences: Involving each other. (with coathor: Szelecki, Istv\u00e1n) Oral poster presentation on the <em>XI. Autism Europe International Congress<\/em>, Edinburgh, 16\u201318 September, 2016.<\/p>\n<p>Sleep disturbances predict behavioural symptom severity in autism: As primary caregivers report. (with coauthors: Dr. Alpar S. Lazar; dr. Sim\u00f3, Judit) Poster presentation on the <em>X. Autism Europe Congress<\/em>, Budapest, 26\u201328 September 2013.<\/p>\n<p>Parental management of social denial. Oral presentation on the <em>X. Autism Europe Congress<\/em>, Budapest, 26\u201328 September 2013.<\/p>\n<p><strong>Teljes publik\u00e1ci\u00f3s lista a Magyar Tudom\u00e1nyos M\u0171vek T\u00e1r\u00e1ban (MTMT) el\u00e9rhet\u0151<\/strong>: <a href=\"http:\/\/web.archive.org\/web\/20220704064925\/https:\/\/m2.mtmt.hu\/gui2\/?type=authors&amp;mode=browse&amp;sel=10064465\" target=\"_blank\" rel=\"noopener noreferrer\">itt<\/a><\/p>\n<\/div><\/div>\n","protected":false},"excerpt":{"rendered":"<p><a href=\"https:\/\/semmelweis.hu\/magtud\/files\/2018\/09\/Bognar-Virag-foto_business-2013.jpg\"><\/a> Szakmai p\u00e1lyafut\u00e1s, munkahelyek 2006\u2013\u00a0\u00a0\u00a0 Semmelweis Egyetem Magatart\u00e1studom\u00e1nyi Int\u00e9zete orvosi szociol\u00f3gia (2006-t\u00f3l) \u00e9s bioetika (2015-t\u0151l) oktat\u00e1s n\u00e9met nyelven (2006 febru\u00e1r \u00e9s 2018 augusztus k\u00f6z\u00f6tt k\u00fcls\u0151 munkat\u00e1rsk\u00e9nt) 2014\u20132015\u00a0\u00a0 Fogyat\u00e9kos Szem\u00e9lyek Es\u00e9lyegyenl\u0151s\u00e9g\u00e9\u00e9rt K\u00f6zhaszn\u00fa Nonprofit Kft. szociol\u00f3gus kutat\u00f3, szak\u00e9rt\u0151, program koordin\u00e1ci\u00f3 2009\u20132012 \u00a0 KSH N\u00e9pess\u00e9gtudom\u00e1nyi Kutat\u00f3int\u00e9zete kutat\u00e1si r\u00e9szv\u00e9tel hal\u00e1loz\u00e1ssal kapcsolatos magyarorsz\u00e1gi \u00e9s nemzetk\u00f6zi projektekben 2006\u20132009\u00a0\u00a0\u00a0 ELTE T\u00e1rsadalomtudom\u00e1nyi Kar, Szociol\u00f3gia &hellip;<\/p>\n","protected":false},"author":110,"featured_media":0,"parent":2035,"menu_order":7,"comment_status":"closed","ping_status":"closed","template":"","meta":{"_acf_changed":false,"footnotes":""},"categories":[],"tags":[],"class_list":["post-11562","page","type-page","status-publish","hentry"],"acf":[],"_links":{"self":[{"href":"https:\/\/semmelweis.hu\/magtud\/wp-json\/wp\/v2\/pages\/11562","targetHints":{"allow":["GET"]}}],"collection":[{"href":"https:\/\/semmelweis.hu\/magtud\/wp-json\/wp\/v2\/pages"}],"about":[{"href":"https:\/\/semmelweis.hu\/magtud\/wp-json\/wp\/v2\/types\/page"}],"author":[{"embeddable":true,"href":"https:\/\/semmelweis.hu\/magtud\/wp-json\/wp\/v2\/users\/110"}],"replies":[{"embeddable":true,"href":"https:\/\/semmelweis.hu\/magtud\/wp-json\/wp\/v2\/comments?post=11562"}],"version-history":[{"count":2,"href":"https:\/\/semmelweis.hu\/magtud\/wp-json\/wp\/v2\/pages\/11562\/revisions"}],"predecessor-version":[{"id":11952,"href":"https:\/\/semmelweis.hu\/magtud\/wp-json\/wp\/v2\/pages\/11562\/revisions\/11952"}],"up":[{"embeddable":true,"href":"https:\/\/semmelweis.hu\/magtud\/wp-json\/wp\/v2\/pages\/2035"}],"wp:attachment":[{"href":"https:\/\/semmelweis.hu\/magtud\/wp-json\/wp\/v2\/media?parent=11562"}],"wp:term":[{"taxonomy":"category","embeddable":true,"href":"https:\/\/semmelweis.hu\/magtud\/wp-json\/wp\/v2\/categories?post=11562"},{"taxonomy":"post_tag","embeddable":true,"href":"https:\/\/semmelweis.hu\/magtud\/wp-json\/wp\/v2\/tags?post=11562"}],"curies":[{"name":"wp","href":"https:\/\/api.w.org\/{rel}","templated":true}]}}