{"id":11560,"date":"2023-05-30T14:16:26","date_gmt":"2023-05-30T12:16:26","guid":{"rendered":"https:\/\/semmelweis.hu\/magtud\/?page_id=11560"},"modified":"2026-02-16T13:44:52","modified_gmt":"2026-02-16T12:44:52","slug":"dr-birkas-emma","status":"publish","type":"page","link":"https:\/\/semmelweis.hu\/magtud\/intezet\/munkatarsak\/dr-birkas-emma\/","title":{"rendered":"Dr. Birk\u00e1s Emma"},"content":{"rendered":"<p><a href=\"https:\/\/semmelweis.hu\/magtud\/files\/2017\/11\/emma.jpg\"><img loading=\"lazy\" decoding=\"async\" class=\"alignright wp-image-2300\" src=\"https:\/\/semmelweis.hu\/magtud\/files\/2017\/11\/emma.jpg\" alt=\"\" width=\"200\" height=\"272\" srcset=\"https:\/\/semmelweis.hu\/magtud\/files\/2017\/11\/emma.jpg 896w, https:\/\/semmelweis.hu\/magtud\/files\/2017\/11\/emma-221x300.jpg 221w, https:\/\/semmelweis.hu\/magtud\/files\/2017\/11\/emma-768x1043.jpg 768w, https:\/\/semmelweis.hu\/magtud\/files\/2017\/11\/emma-754x1024.jpg 754w\" sizes=\"auto, (max-width: 200px) 100vw, 200px\" \/><\/a><\/p>\n<div class=\"responsive-tabs\">\n<h2 class=\"tabtitle\">\u00d6n\u00e9letrajz<\/h2>\n<div class=\"tabcontent\">\n\n<p><strong>Beoszt\u00e1s:<br \/>\n<\/strong>Adjunktus<\/p>\n<p><strong>Tanulm\u00e1nyok:<br \/>\n<\/strong>1995-2001 ELTE BTK Pszichol\u00f3gia Szak, Fejl\u0151d\u00e9sl\u00e9lektan \u00e9s Tan\u00e1csad\u00e1s Szakir\u00e1ny (diploma sz\u00e1m: 682\/2001)<\/p>\n<p>2001-2004 SE 4. sz. Interdiszciplin\u00e1ris Doktori Iskola, \u00f6szt\u00f6nd\u00edjas PhD k\u00e9pz\u00e9s, SE Predoktori \u00d6szt\u00f6nd\u00edj (oklev\u00e9l sz\u00e1m: 1006\/2007)<\/p>\n<p><strong>Kor\u00e1bbi munkahelyek<\/strong>:<br \/>\n2005-2006 SE Orvosi Vegytani Molekul\u00e1ris Biol\u00f3giai \u00e9s Pathobiok\u00e9miai Int\u00e9zet<\/p>\n<p>2006-2011 MTA Pszichol\u00f3giai Kutat\u00f3int\u00e9zet, Szoci\u00e1lis Fejl\u0151d\u00e9sl\u00e9lektani Csoport (2009-2011 GyED)<\/p>\n<p>&nbsp;<\/p>\n<p><strong>Oktat\u00e1si tev\u00e9kenys\u00e9g:<br \/>\n<\/strong>SE \u00c1OK gradu\u00e1lis magyar \u00e9vfolyam \u2013 Orvosi pszichol\u00f3gia \u00e9s Pszichoter\u00e1pia az orvosi gyakorlatban oktat\u00e1s<\/p>\n<p>Oktat\u00e1sszervez\u00e9s a n\u00e9met nyelv\u0171 \u00e9vfolyamon<\/p>\n<p><strong>Klinikai tev\u00e9kenys\u00e9g:<br \/>\n<\/strong>SE Di\u00e1ktan\u00e1csad\u00f3<\/p>\n<p><strong>Sz\u0171kebb \u00e9rdekl\u0151d\u00e9si ter\u00fclet<\/strong>:<br \/>\nGyullad\u00e1sos b\u00e9lbetegs\u00e9gek pszichoszomatik\u00e1ja<\/p>\n\n<\/div><h2 class=\"tabtitle\">Publik\u00e1ci\u00f3<\/h2>\n<div class=\"tabcontent\">\n\n<\/div><\/div>\n","protected":false},"excerpt":{"rendered":"<p><a href=\"https:\/\/semmelweis.hu\/magtud\/files\/2017\/11\/emma.jpg\"><\/a> Beoszt\u00e1s: Adjunktus Tanulm\u00e1nyok: 1995-2001 ELTE BTK Pszichol\u00f3gia Szak, Fejl\u0151d\u00e9sl\u00e9lektan \u00e9s Tan\u00e1csad\u00e1s Szakir\u00e1ny (diploma sz\u00e1m: 682\/2001) 2001-2004 SE 4. sz. Interdiszciplin\u00e1ris Doktori Iskola, \u00f6szt\u00f6nd\u00edjas PhD k\u00e9pz\u00e9s, SE Predoktori \u00d6szt\u00f6nd\u00edj (oklev\u00e9l sz\u00e1m: 1006\/2007) Kor\u00e1bbi munkahelyek: 2005-2006 SE Orvosi Vegytani Molekul\u00e1ris Biol\u00f3giai \u00e9s Pathobiok\u00e9miai Int\u00e9zet 2006-2011 MTA Pszichol\u00f3giai Kutat\u00f3int\u00e9zet, Szoci\u00e1lis Fejl\u0151d\u00e9sl\u00e9lektani Csoport (2009-2011 GyED) &nbsp; Oktat\u00e1si tev\u00e9kenys\u00e9g: SE &hellip;<\/p>\n","protected":false},"author":110,"featured_media":0,"parent":2035,"menu_order":7,"comment_status":"closed","ping_status":"closed","template":"","meta":{"_acf_changed":false,"footnotes":""},"categories":[],"tags":[],"class_list":["post-11560","page","type-page","status-publish","hentry"],"acf":[],"_links":{"self":[{"href":"https:\/\/semmelweis.hu\/magtud\/wp-json\/wp\/v2\/pages\/11560","targetHints":{"allow":["GET"]}}],"collection":[{"href":"https:\/\/semmelweis.hu\/magtud\/wp-json\/wp\/v2\/pages"}],"about":[{"href":"https:\/\/semmelweis.hu\/magtud\/wp-json\/wp\/v2\/types\/page"}],"author":[{"embeddable":true,"href":"https:\/\/semmelweis.hu\/magtud\/wp-json\/wp\/v2\/users\/110"}],"replies":[{"embeddable":true,"href":"https:\/\/semmelweis.hu\/magtud\/wp-json\/wp\/v2\/comments?post=11560"}],"version-history":[{"count":1,"href":"https:\/\/semmelweis.hu\/magtud\/wp-json\/wp\/v2\/pages\/11560\/revisions"}],"predecessor-version":[{"id":11561,"href":"https:\/\/semmelweis.hu\/magtud\/wp-json\/wp\/v2\/pages\/11560\/revisions\/11561"}],"up":[{"embeddable":true,"href":"https:\/\/semmelweis.hu\/magtud\/wp-json\/wp\/v2\/pages\/2035"}],"wp:attachment":[{"href":"https:\/\/semmelweis.hu\/magtud\/wp-json\/wp\/v2\/media?parent=11560"}],"wp:term":[{"taxonomy":"category","embeddable":true,"href":"https:\/\/semmelweis.hu\/magtud\/wp-json\/wp\/v2\/categories?post=11560"},{"taxonomy":"post_tag","embeddable":true,"href":"https:\/\/semmelweis.hu\/magtud\/wp-json\/wp\/v2\/tags?post=11560"}],"curies":[{"name":"wp","href":"https:\/\/api.w.org\/{rel}","templated":true}]}}