{"id":11558,"date":"2023-05-30T14:12:43","date_gmt":"2023-05-30T12:12:43","guid":{"rendered":"https:\/\/semmelweis.hu\/magtud\/?page_id=11558"},"modified":"2026-03-11T10:32:47","modified_gmt":"2026-03-11T09:32:47","slug":"barkasz-helena","status":"publish","type":"page","link":"https:\/\/semmelweis.hu\/magtud\/intezet\/munkatarsak\/barkasz-helena\/","title":{"rendered":"Bark\u00e1sz Hel\u00e9na"},"content":{"rendered":"<p><a href=\"https:\/\/semmelweis.hu\/magtud\/files\/2020\/10\/BarkaszHelena_uj.jpg\"><img loading=\"lazy\" decoding=\"async\" class=\"alignright wp-image-9462\" src=\"https:\/\/semmelweis.hu\/magtud\/files\/2020\/10\/BarkaszHelena_uj.jpg\" alt=\"\" width=\"200\" height=\"376\" srcset=\"https:\/\/semmelweis.hu\/magtud\/files\/2020\/10\/BarkaszHelena_uj.jpg 545w, https:\/\/semmelweis.hu\/magtud\/files\/2020\/10\/BarkaszHelena_uj-160x300.jpg 160w\" sizes=\"auto, (max-width: 200px) 100vw, 200px\" \/><\/a><\/p>\n<div class=\"responsive-tabs\">\n<h2 class=\"tabtitle\">\u00d6n\u00e9letrajz<\/h2>\n<div class=\"tabcontent\">\n\n<p><strong><u>Szentkuti- Bark\u00e1sz Hel\u00e9na <\/u><\/strong><\/p>\n<p><u>e-mail c\u00edm: <\/u>barkasz.helena@med.semmelweis-univ.hu<\/p>\n<p><u>tel.:<\/u> 30\/ 977-38-59<\/p>\n<p><strong>Sz\u00fclet\u00e9si id\u0151:<\/strong> 1988.06.16.<\/p>\n<p><strong>V\u00e9gzetts\u00e9g: <\/strong>egyetem, <u>pszichoterapeuta<\/u><\/p>\n<p>\u00a0\u00a0\u00a0\u00a0\u00a0\u00a0\u00a0\u00a0\u00a0\u00a0\u00a0\u00a0\u00a0 \u00a0\u00a0\u00a0\u00a0\u00a0\u00a0\u00a0klinikai szakpszichol\u00f3gus (feln\u0151tt szakir\u00e1ny)<\/p>\n<p>\u00a0\u00a0 \u00a0\u00a0\u00a0\u00a0\u00a0\u00a0\u00a0\u00a0\u00a0\u00a0\u00a0\u00a0\u00a0\u00a0\u00a0\u00a0\u00a0\u00a0k\u00e9pz\u00e9sben l\u00e9v\u0151 csal\u00e1d- \u00e9s p\u00e1rterapeuta<\/p>\n<p><strong><u>EGYETEMI TANULM\u00c1NYOK:<\/u><\/strong><\/p>\n<ol start=\"2017\">\n<li><strong> m\u00e1jus 24.: <\/strong>Semmelweis Egyetem, <em>Pszichoterapeuta <\/em>szakvizsga.<\/li>\n<li><strong> szeptember \u2013 2019. j\u00fanius: <\/strong>T\u00fcnd\u00e9rhegyi Eur\u00f3pai Pszichoterapeuta K\u00e9pz\u00e9s, Semmelweis Egyetem, <em>elm\u00e9leti k\u00e9pz\u00e9s teljes\u00edt\u00e9se, Klinikai I.-II.<\/em><\/li>\n<\/ol>\n<p><em>Gyakorlati k\u00e9pz\u00e9s: <\/em>2021. j\u00falius (3 h\u00f3nap)<\/p>\n<p><strong>2012.-2016: <\/strong><em>Klinikai Szakpszichol\u00f3gus (Klinikai \u00e9s ment\u00e1lhigi\u00e9niai <u>feln\u0151tt <\/u>szakpszichol\u00f3gus).<\/em><\/p>\n<p>Klinikai \u00e9s Ment\u00e1lhigi\u00e9niai Szakpszichol\u00f3gusi K\u00e9pz\u00e9s, Debreceni Egyetem, Magatart\u00e1studom\u00e1nyi Int\u00e9zet, Klinikai-\u00e9s Eg\u00e9szs\u00e9gpszichol\u00f3giai Tansz\u00e9k<\/p>\n<p><strong>2012- 2015:<\/strong> <em>Ph.D. k\u00e9pz\u00e9s<\/em> (levelez\u0151 tagozat).<\/p>\n<p>Debreceni Egyetem, N\u00e9peg\u00e9szs\u00e9g\u00fcgyi Kar, Magatart\u00e1studom\u00e1nyi Int\u00e9zet, Eg\u00e9szs\u00e9gtudom\u00e1nyok Doktori Iskola.<\/p>\n<p><strong>\u00a0<\/strong><strong>2010- 2012:<\/strong> <em>Eg\u00e9szs\u00e9gpszichol\u00f3gus <\/em>(MSc k\u00e9pz\u00e9s, Pszichol\u00f3gia szak).\u00a0<\/p>\n<p>Debreceni Egyetem, Orvos \u00e9s Eg\u00e9szs\u00e9gtudom\u00e1nyi Centrum, N\u00e9peg\u00e9szs\u00e9g\u00fcgyi Kar.<\/p>\n<p><strong>2007-2010:<\/strong> <em>Viselked\u00e9selemz\u0151<\/em> (BA k\u00e9pz\u00e9s, Pszichol\u00f3gia szak).\u00a0<\/p>\n<p>Debreceni Egyetem, B\u00f6lcs\u00e9szettudom\u00e1nyi Kar.<\/p>\n<p><strong><u>KIEG\u00c9SZ\u00cdT\u0150 M\u00d3DSZERSPECIFIKUS TANULM\u00c1NYOK:<\/u><\/strong><\/p>\n<ol start=\"2023\">\n<li><strong><u> febru\u00e1r<\/u>: <\/strong><em>EMDR elm\u00e9leti k\u00e9pz\u00e9s, I. blokk.<\/em><em> <br \/>\n<\/em><\/li>\n<\/ol>\n<ol start=\"2022\">\n<li><strong><u> november \u2013(jelenleg is):<\/u><\/strong><em> Pszichodr\u00e1ma Asszisztensi k\u00e9pz\u00e9s (Kik\u00e9pz\u0151k: \u00d3nody Sarolta, Tatai Kl\u00e1ra).<\/em><strong><u> <br \/>\n<\/u><\/strong><\/li>\n<\/ol>\n<ol start=\"2021\">\n<li><strong><u> szeptember \u2013 2022. j\u00fanius: <\/u><\/strong><em>Csal\u00e1d- \u00e9s p\u00e1rterapeuta 80 \u00f3r\u00e1s szuperv\u00edzi\u00f3s k\u00e9pz\u00e9s<\/em> II. (Magyar Csal\u00e1dter\u00e1pi\u00e1s Egyes\u00fclet)<strong> <br \/>\n<\/strong><\/li>\n<\/ol>\n<ol start=\"2019\">\n<li><strong> \u00e1prilis \u2013 (2020. m\u00e1rcius 2.): <\/strong><em>Csal\u00e1d- \u00e9s p\u00e1rterapeuta 80 \u00f3r\u00e1s szuperv\u00edzi\u00f3s k\u00e9pz\u00e9s<\/em> I. (Magyar Csal\u00e1dter\u00e1pi\u00e1s Egyes\u00fclet)<strong> <br \/>\n<\/strong><\/li>\n<\/ol>\n<ol start=\"2017\">\n<li><strong> febru\u00e1r \u2013 2018. december: <\/strong><em>Csal\u00e1d- \u00e9s p\u00e1rterapeuta 200 \u00f3r\u00e1s alapk\u00e9pz\u00e9s. <\/em>(Magyar Csal\u00e1dter\u00e1pi\u00e1s Egyes\u00fclet)<strong> <br \/>\n<\/strong><\/li>\n<\/ol>\n<ol start=\"2017\">\n<li><strong> febru\u00e1r 3.- augusztus 5. <\/strong>&#8211; <em>SZIGET Fesztiv\u00e1l Ambulancia, Helper kr\u00edzisintervenci\u00f3s k\u00e9pz\u00e9s<\/em>, 70 \u00f3r\u00e1s elm\u00e9leti \u00e9s gyakorlati k\u00e9pz\u00e9s.<strong> <br \/>\n<\/strong><\/li>\n<\/ol>\n<ol start=\"2012\">\n<li><strong> m\u00e1jus \u2013 <\/strong><em>Hum\u00e1nia K\u00e9pz\u00e9s, B\u00e1lint-csoport.<\/em><\/li>\n<\/ol>\n<p>&nbsp;<\/p>\n<p><strong><u>\u00d6NISMERETI K\u00c9PZ\u00c9S:<\/u><\/strong><\/p>\n<ol start=\"2020\">\n<li><strong><br \/>\nm\u00e1rcius \u2013 jelenleg is \u2013 <\/strong><em>Egy\u00e9ni \u00f6nismereti \u00e9lm\u00e9ny, <\/em>pszichoanalitikusan orient\u00e1lt pszichoter\u00e1pi\u00e1s m\u00f3dszerben.<\/p>\n<p>\n<\/li>\n<\/ol>\n<ol start=\"2019\">\n<li><strong> szeptember \u2013 2020. janu\u00e1r<\/strong> \u2013 <em>Egy\u00e9ni \u00f6nismereti \u00e9lm\u00e9ny,<\/em> Magyar Hospice Alap\u00edtv\u00e1ny.<strong> <br \/>\n<\/strong><\/li>\n<\/ol>\n<ol start=\"2019\">\n<li><strong> m\u00e1rcius \u2013 2019. augusztus. <\/strong><em>Egy\u00e9ni \u00f6nismereti \u00e9lm\u00e9ny<\/em>, pszichoanalitkus pszichoter\u00e1pi\u00e1s m\u00f3dszerben, kik\u00e9pz\u0151 analitikus pszichoterapeuta mellett.<strong> <br \/>\n<\/strong><\/li>\n<\/ol>\n<ol start=\"2016\">\n<li><strong> szeptember 3.- 2019. december \u2013 <\/strong><em>Egy\u00e9ni \u00f6nismereti \u00e9lm\u00e9ny, <\/em>pszichoterapeuta mellett.<strong> <br \/>\n<\/strong><\/li>\n<\/ol>\n<ol start=\"2014\">\n<li><strong> febru\u00e1r 19.- 2016. j\u00fanius 12. &#8211; <\/strong><em>Pszichodr\u00e1ma \u00f6nismereti csoport, 250 \u00f3ra saj\u00e1t \u00e9lm\u00e9ny. (Dr. Bug\u00e1n Antal, Kazim\u00edr \u00c1gnes csoportja).<\/em><strong> <br \/>\n<\/strong><\/li>\n<\/ol>\n<ol start=\"2014\">\n<li><strong> j\u00falius 27. \u2013 2015. augusztus 1. \u2013 <\/strong><em>Egy\u00e9ni \u00f6nismereti \u00e9lm\u00e9ny<\/em>, pszichodinamikus szeml\u00e9let\u0171 klinikai szakpszichol\u00f3gus mellett.<\/li>\n<\/ol>\n<p><strong><u>\u00a0<\/u><\/strong><strong><u>EGY\u00c9B FELS\u0150FOK\u00da TANULM\u00c1NYOK:<\/u><\/strong><\/p>\n<p><strong>2010-2012:<\/strong> <em>Grafol\u00f3gus \u00e9s \u00edr\u00e1sszak\u00e9rt\u0151<\/em> (OKJ k\u00e9pz\u00e9s). Interakt\u00edv Grafol\u00f3gusk\u00e9pz\u0151 \u00e9s Grafom\u00e9diai Int\u00e9zet, Budapest. Debreceni Egyetemi csoport.<\/p>\n<p><strong><u>SZAKMAI EREDM\u00c9NYESS\u00c9G:<\/u><\/strong><\/p>\n<p><strong>2011\/2012-es tan\u00e9v: <\/strong>K\u00f6zt\u00e1rsas\u00e1gi \u00f6szt\u00f6nd\u00edj<\/p>\n<p><strong><u>SZAKMAI TAPASZTALAT:<br \/>\n<\/u><\/strong><\/p>\n<ol start=\"2020\">\n<li><strong> okt\u00f3ber 19.- \/jelenleg is\/: <\/strong>Semmelweis Egyetem, Magatart\u00e1studom\u00e1nyi Int\u00e9zet \u2013 Di\u00e1ktan\u00e1csad\u00f3, Pszichoszomatikus Ambulancia, <em>klinikai szakpszichol\u00f3gus munkak\u00f6r<\/em><\/li>\n<\/ol>\n<p><strong>2020.janu\u00e1r 10.- 2021. m\u00e1rcius: <\/strong>T\u00f3th Ilona Eg\u00e9szs\u00e9g\u00fcgyi Szolg\u00e1lat Csepel, Ideggondoz\u00f3 &#8211; Pszichi\u00e1triai Szakrendel\u00e9s<strong>, <\/strong><em>pszichol\u00f3gus, csal\u00e1d- \u00e9s p\u00e1rterapeuta munkak\u00f6r <\/em><strong><\/p>\n<p>2019. okt\u00f3ber 5. &#8211; \/jelenleg is\/: <\/strong>P\u00e1zm\u00e1ny P\u00e9ter Katolikus Egyetem, Szem\u00e9lyis\u00e9gl\u00e9lektan Tansz\u00e9k, <em>\u00f3raad\u00f3 tan\u00e1ri munkak\u00f6r<\/p>\n<p><\/em><\/p>\n<ol start=\"2018\">\n<li><strong> augusztus 8.- 2020. okt\u00f3ber 16.: <\/strong>K\u00e1rolyi S\u00e1ndor K\u00f3rh\u00e1z, I. sz. Mozg\u00e1sszervi Rehabilit\u00e1ci\u00f3s Oszt\u00e1ly, <em>klinikai szakpszichol\u00f3gusi munkak\u00f6r<\/em><strong> <br \/>\n<\/strong><\/li>\n<\/ol>\n<ol start=\"2017\">\n<li><strong> janu\u00e1r 2.- 2018. j\u00falius 31.: <\/strong>F\u0151v\u00e1rosi XII. ker\u00fcleti Pedag\u00f3giai Szakszolg\u00e1lat, <em>pszichol\u00f3gus munkak\u00f6r<\/em><em> <br \/>\n<\/em><\/li>\n<\/ol>\n<ol start=\"2016\">\n<li><strong> szeptember \u2013 2018. november 1.:<\/strong> Pszichof\u00e9szek Mag\u00e1nrendel\u0151<em>, pszichol\u00f3gus munkak\u00f6r.\u00a0 <\/em><strong><em><br \/>\n<\/em><\/strong><\/li>\n<\/ol>\n<ol start=\"2016\">\n<li><strong> augusztus 10.- 2017. febru\u00e1r 28<em>.<\/em><\/strong><em> \u2013 KK Moves Eg\u00e9szs\u00e9gk\u00f6zpont, r\u00e9szmunkaid\u0151s helyettes\u00edt\u0151i pszichol\u00f3gus munkak\u00f6r<\/em><strong> <br \/>\n<\/strong><\/li>\n<\/ol>\n<ol start=\"2015\">\n<li><strong> j\u00falius 7.- 2019. janu\u00e1r 1.: <\/strong>Pszichocentrum Mag\u00e1nrendel\u0151, <em>pszichol\u00f3gus munkak\u00f6r.<\/em><strong> <br \/>\n<\/strong><\/li>\n<\/ol>\n<ol start=\"2015\">\n<li><strong> j\u00falius 7.- 2017. janu\u00e1r 2.: <\/strong>Pest Megyei Pedag\u00f3giai Szakszolg\u00e1lat Monori Tagint\u00e9zm\u00e9nye, <em>pszichol\u00f3gus munkak\u00f6r.<\/em> (2017. janu\u00e1r 2.-t\u0151l \u00e1thelyez\u00e9si szerz\u0151d\u00e9s).<strong> <br \/>\n<\/strong><\/li>\n<\/ol>\n<ol start=\"2013\">\n<li><strong> m\u00e1jus 1.- \/2015. j\u00falius 6.\/: <\/strong>Eg\u00e9szs\u00e9g\u00fcgyi \u00e9s J\u00e1r\u00f3beteg Ell\u00e1t\u00f3 K\u00f6zpont Csenger, <em>pszichol\u00f3gus munkak\u00f6r<\/em><strong> <br \/>\n<\/strong><\/li>\n<\/ol>\n<ol start=\"2013\">\n<li><strong> okt\u00f3ber 15.- \/2015. j\u00falius 6.\/: <\/strong>Csenger Kist\u00e9rs\u00e9gi Szoci\u00e1lis Szolg\u00e1ltat\u00f3 K\u00f6zpont, Csal\u00e1dseg\u00edt\u0151 \u00e9s Gyermekj\u00f3l\u00e9ti Szolg\u00e1lat,<em> pszichol\u00f3gus \u00e9s csal\u00e1dgondoz\u00f3 munkak\u00f6r.<\/em><strong> <br \/>\n<\/strong><\/li>\n<\/ol>\n<ol start=\"2012\">\n<li><strong> j\u00fanius 18.- 2013. okt\u00f3ber 14.:<\/strong> Debreceni \u00e9s Ny\u00edrs\u00e9gi G\u00f6r\u00f6gkatolikus Gyermekv\u00e9delmi K\u00f6zpont, p<em>szichol\u00f3gus munkak\u00f6r<\/em>.\n<\/li>\n<\/ol>\n<p><strong><u>SZAKMAI \u00d6NK\u00c9NTESS\u00c9G: <\/u><\/strong><\/p>\n<p><strong>\u00a0<\/strong><\/p>\n<ol start=\"2016\">\n<li><strong> december 1. \u2013 2018.janu\u00e1r 1.: <\/strong>Semmelweis Egyetem K\u00f6z\u00f6ss\u00e9gi Pszichi\u00e1triai Centrum, \u00c9bred\u00e9sek Alap\u00edtv\u00e1ny \u2013 <em>klinikai szakpszichol\u00f3gus, \u00f6nk\u00e9ntes.\u00a0 <\/em><em><br \/>\n<\/em><\/li>\n<\/ol>\n<ol start=\"2017\">\n<li><strong> augusztus 11.-18.- <\/strong>SZIGET Fesztiv\u00e1l, Eg\u00e9szs\u00e9g\u00fcgyi Ambulancia<strong>,<\/strong> pszichol\u00f3gusi tev\u00e9kenys\u00e9g<strong> <br \/>\n<\/strong><\/li>\n<\/ol>\n<ol start=\"2017\">\n<li><strong> j\u00falius 5.-j\u00falius 10.- <\/strong>BALATON SOUND Fesztiv\u00e1l, Eg\u00e9szs\u00e9g\u00fcgyi Ambulancia<strong>, <\/strong><em>helper, pszichol\u00f3gusi tev\u00e9kenys\u00e9g.<\/em><strong> <br \/>\n<\/strong><\/li>\n<\/ol>\n<ol start=\"2017\">\n<li><strong> j\u00fanius 26.- j\u00falius 1.- <\/strong>VOLT Fesztiv\u00e1l Eg\u00e9szs\u00e9g\u00fcgyi Ambulancia<strong>, <\/strong><em>helper, klinikai pszichol\u00f3gusi tev\u00e9kenys\u00e9g.<\/em><strong> <br \/>\n<\/strong><\/li>\n<\/ol>\n<ol start=\"2016\">\n<li><strong> j\u00falius 5.-11.- <\/strong>BALATON SOUND Fesztiv\u00e1l Eg\u00e9szs\u00e9g\u00fcgyi Ambulancia<strong>, <\/strong><em>helper,<\/em> <em>pszichol\u00f3gusi munkak\u00f6r.<\/em><em> <br \/>\n<\/em><\/li>\n<\/ol>\n<ol start=\"2012\">\n<li><strong> \u00e1prilis 2 \u2013 2012. m\u00e1jus 4.: <\/strong>Debreceni Egyetem Orvos \u00e9s Eg\u00e9szs\u00e9gtudom\u00e1nyi Centrum Gyermekgy\u00f3gy\u00e1szati Int\u00e9zet: <em>Pszichol\u00f3gus gyakornok<\/em>.\n<\/li>\n<\/ol>\n<ol start=\"2012\">\n<li><strong> m\u00e1rcius &#8211; \/2014. febru\u00e1r\/:<\/strong> Debreceni Egyetem Orvos \u00e9s Eg\u00e9szs\u00e9gtudom\u00e1nyi Centrum, Gyermekgy\u00f3gy\u00e1szati Int\u00e9zet, Pulmonol\u00f3giai- \u00e9s belgy\u00f3gy\u00e1szati oszt\u00e1ly, Mosolyg\u00f3 K\u00f3rh\u00e1z Alap\u00edtv\u00e1ny: <em>\u00f6nk\u00e9ntes<\/em>.\n<\/li>\n<\/ol>\n<ol start=\"2010\">\n<li><strong> febru\u00e1r- 2010. j\u00fanius<\/strong>: Debreceni Egyetem Orvos \u00e9s Eg\u00e9szs\u00e9gtudom\u00e1nyi Centrum, Gyermekonkol\u00f3gia: <em>pszichol\u00f3gus \u00f6nk\u00e9ntes.<\/em><\/li>\n<\/ol>\n<p><strong><u>SZAKMAI \u00a0TEV\u00c9KENYS\u00c9G:<\/u><\/strong><\/p>\n<p><strong>\u00a0<\/strong><\/p>\n<ol start=\"2019\">\n<li><strong> febru\u00e1r 1. \u2013 \/jelenleg is\/ \u2013 \u201e<\/strong>Pszichoforyou\u201d online pszichol\u00f3gai port\u00e1l \u2013 <em>\u00e1lland\u00f3 szerz\u0151, \u00fajs\u00e1g\u00edr\u00f3.<\/em><strong><em> <br \/>\n<\/em><\/strong><\/li>\n<\/ol>\n<ol start=\"2016\">\n<li><strong> m\u00e1jus \u2013 \/jelenleg is\/<\/strong> \u2013 Mindennapi Pszichol\u00f3gia, <em>\u00fajs\u00e1g\u00edr\u00f3..<\/em><strong> <br \/>\n<\/strong><\/li>\n<\/ol>\n<ol start=\"2019\">\n<li><strong> szeptember- <\/strong>Szegedi Tudom\u00e1nyegyetem, Pszichol\u00f3giai Napok &#8211; el\u0151ad\u00e1s<strong> <br \/>\n<\/strong><\/li>\n<\/ol>\n<ol start=\"2019\">\n<li><strong> \u00e1prilis 7. \u2013 <\/strong>Pszinapszis Konferencia \u2013 el\u0151ad\u00e1s<strong><em>.<\/em><\/strong><strong> <br \/>\n<\/strong><\/li>\n<\/ol>\n<ol start=\"2019\">\n<li><strong> m\u00e1rcius 4. \u2013 <\/strong>\u201eN\u00e1rcisz\u201d Kov\u00e1cs Judit fotogr\u00e1fus ki\u00e1ll\u00edt\u00e1s\u00e1nak megnyit\u00e1sa<em>, <\/em>el\u0151ad\u00e1s.<strong> <br \/>\n<\/strong><\/li>\n<\/ol>\n<ol start=\"2018\">\n<li><strong> febru\u00e1r 14.- <\/strong>SlowHow Hungary \u2013 el\u0151ad\u00e1s<strong><em>.<\/em><\/strong><strong><em> <br \/>\n<\/em><\/strong><\/li>\n<li><strong> janu\u00e1r 11.- <\/strong>Be Smart Club \u2013 el\u0151ad\u00e1s.<\/li>\n<li><strong> m\u00e1jus 29<\/strong>. \u2013 Psychoforyou Est \u2013 Grecs\u00f3 Kriszti\u00e1nnal. T\u00e9ma: Szenved\u00e9ly<\/li>\n<li><strong> \u00e1prilis 13.<\/strong> \u2013Pszinapszis Konferencia \u2013 el\u0151ad\u00e1s. T\u00e9ma: Szem\u00e9lyis\u00e9gzavarok p\u00e1rkapcsolatban.<\/li>\n<li><strong> febru\u00e1r:<\/strong> HaverVAgy K\u00f6z\u00f6ss\u00e9gi Oldal \u2013 el\u0151ad\u00e1s. T\u00e9ma: F\u00fcgg\u0151s\u00e9gek pszichol\u00f3gi\u00e1ja.<\/li>\n<li><strong> febru\u00e1r:<\/strong> SzegedMA H\u00edrport\u00e1l \u2013 interj\u00fa: Iskolai b\u00e1ntalmaz\u00e1s.<\/li>\n<li><strong> febru\u00e1r:<\/strong> Be Smart Club \u2013 el\u0151ad\u00e1s. T\u00e9ma: Az \u00f6nbecs\u00fcl\u00e9s fejleszt\u00e9se.<\/li>\n<li><strong> december:<\/strong> Be Smart Club \u2013 el\u0151ad\u00e1s. T\u00e9ma: N\u00e1rcisztikus szem\u00e9lyis\u00e9g a p\u00e1rkapcsolatokban.<\/li>\n<li><strong> november 24.<\/strong> \u2013 Ferencv\u00e1rosi \u00d3vod\u00e1k Szakmai Napja. Kiemelt figyelmet ig\u00e9nyl\u0151 gyerekek integr\u00e1l\u00e1sa. \u2013 el\u0151ad\u00e1s. T\u00e9ma: Saj\u00e1tos nevel\u00e9si ig\u00e9ny\u0171 gyerekek beilleszked\u00e9s\u00e9nek megseg\u00edt\u00e9se.<\/li>\n<\/ol>\n<ol start=\"2016\">\n<li><strong> m\u00e1jus:<\/strong> Mindennapi Pszichol\u00f3gia Foly\u00f3irat, VII. \u00e9vfolyam 7. sz\u00e1m. T\u00e9ma: A mag\u00e1ny paradoxona.<\/li>\n<\/ol>\n<ol start=\"2016\">\n<li><strong> febru\u00e1r 17.: <em>V\u00edrus Klub<\/em><\/strong> \u2013 A gondolat fert\u0151z \u2013 el\u0151ad\u00e1s. T\u00e9ma: A b\u00e1ntalmaz\u00f3 kapcsolatok renesz\u00e1nsza; megjelen\u00e9se a 21. sz\u00e1zadban.<\/li>\n<\/ol>\n<ol start=\"2015\">\n<li><strong> okt\u00f3ber: <\/strong>Mindennapi Pszichol\u00f3gia Foly\u00f3irat, VII. \u00e9vfolyam, 5. sz\u00e1m. 16. oldal, \u201eKapcsolataink\u201d rovat. T\u00e9ma: A b\u00e1ntalmaz\u00f3 kapcsolatok renesz\u00e1nsza.<\/li>\n<\/ol>\n<ol start=\"2012\">\n<li><strong> november 1.- \/2015. j\u00falius 6. \/: <\/strong>Gyerekes\u00e9ly Program, Biztos Kezdet H\u00e1z, Csenger \u2013 pszichol\u00f3gus munkak\u00f6r, szakel\u0151ad\u00f3.<\/li>\n<li><strong> november 26.- 2014. febru\u00e1r 1. \u2013 <\/strong>SZAK-MA Szakk\u00e9pz\u0151 Iskola, <em>Pszichol\u00f3giai Ismeretek tant\u00e1rgy oktat\u00f3<\/em><\/li>\n<li><strong> okt\u00f3ber 5.<\/strong>: El\u0151ad\u00e1s, ELTE BTK \u2013 Fiatal Tud\u00f3sok Estje, Doktoranduszok Orsz\u00e1gos Sz\u00f6vets\u00e9ge. T\u00e9ma: Az obestias team-szeml\u00e9let\u0171 megk\u00f6zel\u00edt\u00e9se: a pszichol\u00f3giai aspektus.<\/li>\n<li><strong> m\u00e1jus:<\/strong> Magyar Pszichol\u00f3giai T\u00e1rsas\u00e1g XXI. Orsz\u00e1gos Tudom\u00e1nyos Nagygy\u0171l\u00e9se &#8211; el\u0151ad\u00e1s. T\u00e9ma: A cs\u00e1sz\u00e1rmetsz\u00e9s \u00e9s a korasz\u00fcl\u00e9s pszichoszoci\u00e1lis k\u00f6vetkezm\u00e9nyei az anya-gyerek kapcsolatra.<\/li>\n<li><strong> \u00e1prilis 14.:<\/strong> Magyar Csal\u00e1dter\u00e1pi\u00e1s Egyes\u00fclet XXVI. V\u00e1ndorgy\u0171l\u00e9se \u2013 poszter bemutat\u00f3. T\u00e9ma: A cs\u00e1sz\u00e1rmetsz\u00e9s \u00e9s a korasz\u00fcl\u00e9s pszichoszoci\u00e1lis k\u00f6vetkezm\u00e9nyei az anya-gyerek kapcsolatra.<\/li>\n<li><strong> febru\u00e1r:<\/strong> TDK \u2013 Tudom\u00e1nyos Di\u00e1kk\u00f6ri Konferencia \u2013 el\u0151ad\u00e1s, els\u0151szerz\u0151s p\u00e1lyamunka. T\u00e9ma: A cs\u00e1sz\u00e1rmetsz\u00e9s \u00e9s a korasz\u00fcl\u00e9s pszichoszoci\u00e1lis k\u00f6vetkezm\u00e9nyei az anya-gyerek kapcsolatra. T\u00e9mavezet\u0151: Dr. habil Nagy Be\u00e1ta Erika<\/li>\n<\/ol>\n<p><strong><u>EGY\u00c9B SZAKMAI \u00a0TEV\u00c9KENYS\u00c9G:<\/u><\/strong><\/p>\n<p><strong>\u00a0<\/strong><\/p>\n<ol start=\"2023\">\n<li><strong> szeptember \u2013 BENU Gy\u00f3gyszert\u00e1r- <\/strong>k\u00fcls\u0151 pszichol\u00f3gus szak\u00e9rt\u0151<\/li>\n<\/ol>\n<p><strong>2022 m\u00e1rcius \u2013 Csal\u00e1di Lap \u2013 <\/strong>k\u00fcls\u0151 pszichol\u00f3gus szak\u00e9rt\u0151<\/p>\n<ol start=\"2021\">\n<li><strong> \u00e1prilis \u2013 Glamour<\/strong> \u2013 k\u00fcls\u0151 pszichol\u00f3gus szak\u00e9rt\u0151<\/li>\n<li><strong> j\u00falius 14. \u2013 Magyar H\u00edrlap \u2013 <\/strong>k\u00fcls\u0151 pszichol\u00f3gus szak\u00e9rt\u0151<\/li>\n<li><strong> j\u00falius 2. \u2013 Akutszakaszpro.com \u2013 <\/strong>k\u00fcls\u0151 pszichol\u00f3gus szak\u00e9rt\u0151<\/li>\n<li><strong> j\u00fanius 2. \u2013 H\u00e1zipatika.com- <\/strong>eg\u00e9szs\u00e9g\u00fcgyi dolgoz\u00f3k ment\u00e1lis leterhelts\u00e9ge \u00e9s ennek vesz\u00e9lyei a koronav\u00edrus j\u00e1rv\u00e1ny idej\u00e9n<strong> \u2013 <\/strong>k\u00fcls\u0151 pszichol\u00f3gus szak\u00e9rt\u0151<strong><br \/>\n2018. december \u2013 SzegedMa H\u00edrport\u00e1l \u2013 <\/strong>k\u00fcls\u0151 pszichol\u00f3gus szak\u00e9rt\u0151<strong>&#8211; <\/strong>\u00dcnnepek mag\u00e1nyosan, \u201eHazak\u00eds\u00e9r\u0151 telefon\u201d jelens\u00e9g, T\u00e9li depresszi\u00f3 t\u00e9mak\u00f6r, cikkek.<\/li>\n<li><strong> december \u2013 Apapara.hu \u2013 <\/strong>pszichol\u00f3gus k\u00fcls\u0151 szak\u00e9rt\u0151, cikk.<\/li>\n<li><strong> november \u2013 P\u00e1tria R\u00e1di\u00f3, Pozsony \u2013 <\/strong>r\u00e1di\u00f3interj\u00fa, k\u00fcls\u0151 pszichol\u00f3gus szak\u00e9rt\u0151<\/li>\n<li><strong> m\u00e1rcius \u2013 H\u00edrTV, Riaszt\u00e1s c. m\u0171sor \u2013 <\/strong>k\u00fcls\u0151 pszichol\u00f3gus szak\u00e9rt\u0151<\/li>\n<li><strong> febru\u00e1r \u2013 RTL Klub telev\u00edzi\u00f3, <\/strong>k\u00fcls\u0151 pszichol\u00f3gus szak\u00e9rt\u0151<\/li>\n<li><strong> febru\u00e1r \u2013 SzegedMa H\u00edrport\u00e1l, <\/strong>interj\u00fa az iskolai b\u00e1ntalmaz\u00e1s t\u00e9m\u00e1j\u00e1ban.<\/li>\n<li><strong> okt\u00f3ber: Pesti Bulv\u00e1r<\/strong> \u2013 cikk: A t\u00e9li depresszi\u00f3, \u0151szi hangulatingadoz\u00e1s okai<\/li>\n<li><strong> febru\u00e1r. \u2013 2018. febru\u00e1r \u2013 \u00c9lj Okosabban.hu Blog<em>, <\/em><\/strong>\u00fajs\u00e1g\u00edr\u00f3.<\/li>\n<li><strong> szeptember \u2013 2016. december<\/strong> \u2013 <strong>\u201eA pszichol\u00f3gus v\u00e1laszol\u201d TV m\u0171sor<\/strong> &#8211; tan\u00e1csad\u00e1s.<\/li>\n<\/ol>\n<p><strong>2010.november- 2015. j\u00falius<\/strong> \u2013 <strong>Medikus Lap<\/strong>. \u201ePszichol\u00f3gia rovat\u201d, \u00fajs\u00e1g\u00edr\u00f3.<\/p>\n<ol start=\"2008\">\n<li><strong> szeptember<\/strong> <strong>\u2013 2012. j\u00falius<\/strong> \u2013 <strong>Egyetemi \u00c9let<\/strong>, \u00fajs\u00e1g\u00edr\u00f3.<\/li>\n<li><strong> szeptember<\/strong> \u2013 <strong>Vizsgadrukk.hu<\/strong>, Cikk\u00edr\u00f3.<\/li>\n<\/ol>\n<p><strong><u>NYELVTUD\u00c1S:<\/u><\/strong><\/p>\n<p><strong>Angol nyelvb\u0151l szerzett nyelvvizsga:<\/strong> fels\u0151fok (A), k\u00f6z\u00e9pfok (C), alapfok (C).<\/p>\n<p><strong>N\u00e9met nyelvb\u0151l szerzett nyelvvizsga:<\/strong> k\u00f6z\u00e9pfok (C).<\/p>\n\n<\/div><h2 class=\"tabtitle\">Publik\u00e1ci\u00f3<\/h2>\n<div class=\"tabcontent\">\n\n<\/div><\/div>\n","protected":false},"excerpt":{"rendered":"<p><a href=\"https:\/\/semmelweis.hu\/magtud\/files\/2020\/10\/BarkaszHelena_uj.jpg\"><\/a> Szentkuti- Bark\u00e1sz Hel\u00e9na e-mail c\u00edm: barkasz.helena@med.semmelweis-univ.hu tel.: 30\/ 977-38-59 Sz\u00fclet\u00e9si id\u0151: 1988.06.16. V\u00e9gzetts\u00e9g: egyetem, pszichoterapeuta \u00a0\u00a0\u00a0\u00a0\u00a0\u00a0\u00a0\u00a0\u00a0\u00a0\u00a0\u00a0\u00a0 \u00a0\u00a0\u00a0\u00a0\u00a0\u00a0\u00a0klinikai szakpszichol\u00f3gus (feln\u0151tt szakir\u00e1ny) \u00a0\u00a0 \u00a0\u00a0\u00a0\u00a0\u00a0\u00a0\u00a0\u00a0\u00a0\u00a0\u00a0\u00a0\u00a0\u00a0\u00a0\u00a0\u00a0\u00a0k\u00e9pz\u00e9sben l\u00e9v\u0151 csal\u00e1d- \u00e9s p\u00e1rterapeuta EGYETEMI TANULM\u00c1NYOK: m\u00e1jus 24.: Semmelweis Egyetem, Pszichoterapeuta szakvizsga. szeptember \u2013 2019. j\u00fanius: T\u00fcnd\u00e9rhegyi Eur\u00f3pai Pszichoterapeuta K\u00e9pz\u00e9s, Semmelweis Egyetem, elm\u00e9leti k\u00e9pz\u00e9s teljes\u00edt\u00e9se, Klinikai I.-II. Gyakorlati k\u00e9pz\u00e9s: 2021. j\u00falius (3 h\u00f3nap) &hellip;<\/p>\n","protected":false},"author":110,"featured_media":0,"parent":2035,"menu_order":6,"comment_status":"closed","ping_status":"closed","template":"","meta":{"_acf_changed":false,"footnotes":""},"categories":[],"tags":[],"class_list":["post-11558","page","type-page","status-publish","hentry"],"acf":[],"_links":{"self":[{"href":"https:\/\/semmelweis.hu\/magtud\/wp-json\/wp\/v2\/pages\/11558","targetHints":{"allow":["GET"]}}],"collection":[{"href":"https:\/\/semmelweis.hu\/magtud\/wp-json\/wp\/v2\/pages"}],"about":[{"href":"https:\/\/semmelweis.hu\/magtud\/wp-json\/wp\/v2\/types\/page"}],"author":[{"embeddable":true,"href":"https:\/\/semmelweis.hu\/magtud\/wp-json\/wp\/v2\/users\/110"}],"replies":[{"embeddable":true,"href":"https:\/\/semmelweis.hu\/magtud\/wp-json\/wp\/v2\/comments?post=11558"}],"version-history":[{"count":4,"href":"https:\/\/semmelweis.hu\/magtud\/wp-json\/wp\/v2\/pages\/11558\/revisions"}],"predecessor-version":[{"id":12072,"href":"https:\/\/semmelweis.hu\/magtud\/wp-json\/wp\/v2\/pages\/11558\/revisions\/12072"}],"up":[{"embeddable":true,"href":"https:\/\/semmelweis.hu\/magtud\/wp-json\/wp\/v2\/pages\/2035"}],"wp:attachment":[{"href":"https:\/\/semmelweis.hu\/magtud\/wp-json\/wp\/v2\/media?parent=11558"}],"wp:term":[{"taxonomy":"category","embeddable":true,"href":"https:\/\/semmelweis.hu\/magtud\/wp-json\/wp\/v2\/categories?post=11558"},{"taxonomy":"post_tag","embeddable":true,"href":"https:\/\/semmelweis.hu\/magtud\/wp-json\/wp\/v2\/tags?post=11558"}],"curies":[{"name":"wp","href":"https:\/\/api.w.org\/{rel}","templated":true}]}}