{"id":11540,"date":"2023-05-30T13:48:02","date_gmt":"2023-05-30T11:48:02","guid":{"rendered":"https:\/\/semmelweis.hu\/magtud\/?page_id=11540"},"modified":"2025-09-09T10:31:55","modified_gmt":"2025-09-09T08:31:55","slug":"dr-bodizs-robert-kutatasi-igazgatohelyettes","status":"publish","type":"page","link":"https:\/\/semmelweis.hu\/magtud\/intezet\/munkatarsak\/dr-bodizs-robert-kutatasi-igazgatohelyettes\/","title":{"rendered":"Dr. B\u00f3dizs R\u00f3bert, kutat\u00e1si igazgat\u00f3helyettes"},"content":{"rendered":"<p><a href=\"https:\/\/semmelweis.hu\/magtud\/files\/2017\/11\/bodrob.png\"><img loading=\"lazy\" decoding=\"async\" class=\"wp-image-2337 alignright\" src=\"https:\/\/semmelweis.hu\/magtud\/files\/2017\/11\/bodrob.png\" alt=\"\" width=\"200\" height=\"301\" srcset=\"https:\/\/semmelweis.hu\/magtud\/files\/2017\/11\/bodrob.png 250w, https:\/\/semmelweis.hu\/magtud\/files\/2017\/11\/bodrob-199x300.png 199w\" sizes=\"auto, (max-width: 200px) 100vw, 200px\" \/><\/a><\/p>\n<div class=\"responsive-tabs\">\n<h2 class=\"tabtitle\">\u00d6n\u00e9letrajz<\/h2>\n<div class=\"tabcontent\">\n\n<p><strong>V\u00c9GZETTS\u00c9G \/ FOKOZATOK<\/strong><\/p>\n<ul>\n<li>2025 &#8211; <strong><em>Egyetemi tan\u00e1r<\/em><\/strong> &#8211; Semmelweis Egyetem, Budapest<\/li>\n<li>2014 &#8211; <strong>Habilit\u00e1ci\u00f3<\/strong> Orvosi pszichol\u00f3gi\u00e1b\u00f3l &#8211; Semmelweis Egyetem, Budapest<\/li>\n<li>2002 &#8211; <strong><em>PhD &#8211; Elm\u00e9leti Orvostudom\u00e1nyok<\/em><\/strong> \u2013 Idegtudom\u00e1nyok Doktori Iskola, Semmelweis Egyetem<\/li>\n<li>1997 &#8211; <strong><em>Okleveles pszichol\u00f3gus<\/em><\/strong> \u2013 Pszichol\u00f3gia \u00e9s Nevel\u00e9studom\u00e1nyi Kar, Babes-Bolyai Tudom\u00e1nyegyetem, Kolozsv\u00e1r<\/li>\n<\/ul>\n<p><strong>\u00a0<\/strong><strong>TUDOM\u00c1NYOS \u00c9RDEKL\u0150D\u00c9S<\/strong><\/p>\n<ul>\n<li><strong><em>alv\u00e1s \u00e9s kogn\u00edci\u00f3<\/em><\/strong> \u2013 \u00f6sszef\u00fcgg\u00e9sek \u00e9s kapcsolatok az intelligencia \u00e9s az alv\u00e1s vonatkoz\u00e1s\u00e1ban<\/li>\n<li><strong><em>kronobiol\u00f3gia <\/em><\/strong>\u2013 a r\u00e9m\u00e1lmod\u00f3k pszichol\u00f3giai \u00e9s elektrofiziol\u00f3giai jellemz\u00e9se<\/li>\n<li><strong>alv\u00e1s \u00e9s elektrofiziol\u00f3gia<\/strong> &#8211; az alv\u00e1s-\u00e9brenl\u00e9t \u00e1llapotok elektrofiziol\u00f3gi\u00e1ja<\/li>\n<\/ul>\n<p><strong>SZAKMAI TAPASZTALATOK<\/strong><strong>\u00a0<\/strong><\/p>\n<ul>\n<li><strong><em>Alv\u00e1skutat\u00e1s<\/em><\/strong> &#8211; az alv\u00e1s \u00e9s a kogn\u00edci\u00f3 \u00f6sszef\u00fcgg\u00e9sei, modern EEG-elemz\u00e9si elj\u00e1r\u00e1sok (OPNI-Epilepszia Centrum, Semmelweis Egyetem, Budapesti M\u0171szaki \u00e9s Gazdas\u00e1gtudom\u00e1nyi Egyetem, P\u00e1zm\u00e1ny P\u00e9ter Katolikus Egyetem, Orsz\u00e1gos Klinikai Idegtudom\u00e1nyi Int\u00e9zet)<\/li>\n<li><strong><em>Oktat\u00e1s<\/em><\/strong> &#8211; Orvosi pszichol\u00f3gia magyarul \u00e9s angolul, PhD kurzusok, speci\u00e1lkoll\u00e9giumok (Semmelweis Egyetem, Budapesti M\u0171szaki \u00e9s gazdas\u00e1gtudom\u00e1nyi Egyetem, K\u00e1roli G\u00e1sp\u00e1r Reform\u00e1tus Egyetem)<\/li>\n<li><strong><em>PhD \u00e9s gradu\u00e1lis hallgat\u00f3k t\u00e9mavezet\u00e9se<\/em><\/strong><\/li>\n<li><strong><em>Klinikai munka<\/em><\/strong> &#8211; ikt\u00e1lis- \u00e9s interikt\u00e1lis neuropszichol\u00f3giai tesztel\u00e9s, hossz\u00fa t\u00e1v\u00fa video-EEG monitoroz\u00e1s (OPNI-Epilepszia Centrum)<\/li>\n<\/ul>\n<p><strong>MUNKAHELYEK<\/strong><\/p>\n<ul>\n<li><strong><em>Semmelweis Egyetem, Magatart\u00e1studom\u00e1nyi Int\u00e9zet<\/em><\/strong>\u2013 2025 \u00f3ta egyetemi tan\u00e1r<\/li>\n<li><strong><em>Semmelweis Egyetem, Magatart\u00e1studom\u00e1nyi Int\u00e9zet<\/em><\/strong>\u2013 2002 \u00f3ta tudom\u00e1nyos (f\u0151)munkat\u00e1rs<\/li>\n<li><strong><em>Orsz\u00e1gos Klinikai Idegtudom\u00e1nyi Int\u00e9zet <\/em><\/strong>\u2013 2016 \u00f3ta r\u00e9sz\u00e1ll\u00e1s\u00fa megb\u00edzott kutat\u00f3<\/li>\n<li><strong><em>P\u00e1zm\u00e1ny P\u00e9ter Katolikus Egyetem, \u00c1ltal\u00e1nos Pszichol\u00f3gia Tansz\u00e9k \u2013\u00a0<\/em><\/strong>2013-2016 r\u00e9sz\u00e1ll\u00e1s\u00fa tudom\u00e1nyos f\u0151munkat\u00e1rs<\/li>\n<li><strong><em>Budapesti M\u0171szaki \u00e9s Gazdas\u00e1gtudom\u00e1nyi Egyetem, Kognit\u00edv Tudom\u00e1nyi Tansz\u00e9k<\/em><\/strong>\u2013 2012-ben tudom\u00e1nyos f\u0151munkat\u00e1rs<\/li>\n<li><strong><em>MTA-BME Kognit\u00edv Tudom\u00e1nyi Kutat\u00f3csoport<\/em><\/strong>\u2013 2009-2011: r\u00e9sz\u00e1ll\u00e1s\u00fa tudom\u00e1nyos f\u0151munkat\u00e1rs,<\/li>\n<li><strong><em>Orsz\u00e1gos Pszichi\u00e1triai \u00e9s Neurol\u00f3giai Int\u00e9zet, Epilepszia Centrum<\/em><\/strong>\u2013 1998-2002: Pszichol\u00f3gus,<\/li>\n<\/ul>\n<p><strong>\u00d6SZT\u00d6ND\u00cdJAK<\/strong><\/p>\n<ul>\n<li><strong><em>Bolyai J\u00e1nos Kutat\u00f3i \u00d6szt\u00f6nd\u00edj<\/em><\/strong> &#8211; 2005-2008<\/li>\n<li><strong><em>Magyar \u00c1llami PhD \u00d6szt\u00f6nd\u00edj<\/em><\/strong> &#8211; 1998-2001<\/li>\n<\/ul>\n<p><strong>P\u00c1LY\u00c1ZATOK T\u00c9MAVEZET\u0150K\u00c9NT<\/strong><strong>\u00a0<\/strong><\/p>\n<ul>\n<li><strong><em>NKFI-K128117<\/em><\/strong> 2018-2022: Alv\u00e1si oszcill\u00e1ci\u00f3k az emberi agyk\u00e9regben \u00e9s thalamus magokban<\/li>\n<li><strong><em>OTKA-K105367<\/em><\/strong> 2012\u20142014: Az emberi agy \u00e9rzelmi \u00e9s kognit\u00edv fejl\u0151d\u00e9s\u00e9nek ideg\u00e9lettani mutat\u00f3i a gyerekkori \u00e1lmod\u00e1s kialakul\u00e1s\u00e1nak \u00e9s ontogenezis\u00e9nek t\u00fckr\u00e9ben<\/li>\n<li><strong><em>Bial Foundation Research Grant (55\/10)<\/em><\/strong> 2011\u20142013: The developmental and psychophysiological emergence of dreams and nightmares<\/li>\n<\/ul>\n<ul>\n<li><em>DreamScience Foundation &amp; IASD grant <\/em>2009\u20142011: Dreaming style and cognitive performance: sleep and emotional information processing from a neuropsychological and quantitative EEG perspective<\/li>\n<\/ul>\n<ul>\n<li><strong><em>OTKA-T048927<\/em><\/strong> 2005 \u2013 2007: Az autizmus kognit\u00edv neuropszichol\u00f3giai t\u00e9nyez\u0151inek alv\u00e1s\u00e9lettani vizsg\u00e1lata<\/li>\n<li><strong><em>ETT-162\/2003<\/em><\/strong> 2003 \u2013 2005: A kognit\u00edv teljes\u00edtm\u00e9ny \u00e9s a hangulat \u00f6sszef\u00fcgg\u00e9sei az alv\u00e1s elektrofiziol\u00f3giai mutat\u00f3ival<\/li>\n<li><strong><em>European Sleep Research Society \u2013 Sanofi-Synthelabo Grant<\/em><\/strong> 2002 \u2013 2004: A parahippocampal electrocorticographic analysis of the transition from wakefulness to sleep: are REM features present?<\/li>\n<\/ul>\n<p><strong>PUBLIK\u00c1CI\u00d3S TEV\u00c9KENYS\u00c9G<\/strong><\/p>\n<ul>\n<li>Monogr\u00e1fi\u00e1k: 2<\/li>\n<li>K\u00f6nyvr\u00e9szletek: 24<\/li>\n<li>Foly\u00f3irat-cikkek: 127<\/li>\n<li>H-index: 34<\/li>\n<li>F\u00fcggetlen id\u00e9z\u0151k sz\u00e1ma: 2568<\/li>\n<li>\u00d6sszes\u00edtett impakt faktor: 385<\/li>\n<li>Publik\u00e1ci\u00f3s lista: <a href=\"https:\/\/m2.mtmt.hu\/gui2\/?type=authors&amp;mode=browse&amp;sel=10002059\">https:\/\/m2.mtmt.hu\/gui2\/?type=authors&amp;mode=browse&amp;sel=10002059<\/a><\/li>\n<\/ul>\n<p><strong>REPREZENTAT\u00cdV PUBLIK\u00c1CI\u00d3K<\/strong><\/p>\n<ul>\n<li>R\u00f3bert B\u00f3dizs, Bence Schneider, P\u00e9ter P Ujma, Csenge G Horv\u00e1th, Martin Dresler, Yevgenia Rosenblum: Fundamentals of sleep regulation: Model and benchmark values for fractal and oscillatory neurodynamics. Prog Neurobiol. Volume 234, March 2024, 102589.\u00a0 <span class=\"citation-doi\">https:\/\/doi.org\/10.1016\/j.pneurobio.2024.102589\u00a0<\/span><\/li>\n<li>B\u00f3dizs R. Kis A, G\u00e1csi M, Top\u00e1l J. Sleep in the dog: comparative, behavioral and translational relevance. Curr Opin Behav Sci 2020;33:25-33. <a href=\"https:\/\/doi.org\/10.1016\/j.cobeha.2019.12.006\">https:\/\/doi.org\/10.1016\/j.cobeha.2019.12.006<\/a><\/li>\n<li>P\u00f3t\u00e1ri A, Ujma PP, Konrad BN, Genzel L, Simor P, K\u00f6rmendi J, Gombos F, Steiger A, Dresler M, B\u00f3dizs R. Age-related changes in sleep EEG are attenuated in highly intelligent individuals. Neuroimage 2017;146:554-560. <a href=\"http:\/\/dx.doi.org\/10.1016\/j.neuroimage.2016.09.039\">http:\/\/dx.doi.org\/10.1016\/j.neuroimage.2016.09.039<\/a><\/li>\n<li>B\u00f3dizs R, Kis T, L\u00e1z\u00e1r AS, Havr\u00e1n L, Rig\u00f3 P, Clemens Z, Hal\u00e1sz P. Prediction of general mental ability based on neural oscillation measures of sleep. J Sleep Res 2005;14:285-292. <a href=\"http:\/\/dx.doi.org\/10.1111\/j.1365-2869.2005.00472.x\">http:\/\/dx.doi.org\/10.1111\/j.1365-2869.2005.00472.x<\/a><\/li>\n<li>B\u00f3dizs R, K\u00e1ntor S, Szab\u00f3 G, Sz\u00fbcs A, Er\u00f5ss L, Hal\u00e1sz P. Rhythmic hippocampal slow oscillation characterizes REM sleep in humans. Hippocampus 2001;11:747-753. <a href=\"http:\/\/dx.doi.org\/10.1002\/hipo.1090\">http:\/\/dx.doi.org\/10.1002\/hipo.1090<\/a><\/li>\n<\/ul>\n<p><strong>\u00a0<\/strong><strong>TAGS\u00c1GOK<\/strong><\/p>\n<ul>\n<li><strong><em>European Sleep Research Society<\/em><\/strong><\/li>\n<li><strong><em>European Biological Rhythms Society<\/em><\/strong><\/li>\n<li><strong><em>Magyar Klinikai Neurofiziol\u00f3giai T\u00e1rsas\u00e1g<\/em><\/strong><\/li>\n<li><strong><em>K\u00f6z\u00e9p-Eur\u00f3pai Magatart\u00e1sorvosl\u00e1si T\u00e1rsas\u00e1g<\/em><\/strong><\/li>\n<li><strong><em>T\u00f6rzstag<\/em><\/strong>: Ment\u00e1lis Eg\u00e9szs\u00e9gtudom\u00e1nyok Doktori tagozat, Semmelweis Egyetem<\/li>\n<\/ul>\n<p><strong>D\u00cdJAK \/ KIT\u00dcNTET\u00c9SEK<\/strong><\/p>\n<ul>\n<li><strong><em>Merit-d\u00edj 2012, 2014, 2018, 2021, 2025<\/em><\/strong>: Semmelweis Egyetem, \u00c1OK<\/li>\n<li><strong><em>Semmelweis Egyetem Kiv\u00e1l\u00f3 Dolgoz\u00f3ja 2013<\/em><\/strong>: Semmelweis Egyetem<\/li>\n<li><strong><em>Kutat\u00e1si P\u00e1ly\u00e1zati D\u00edj 2009<\/em><\/strong>\u2013 DreamScience Alap\u00edtv\u00e1ny<\/li>\n<li><strong><em>Helgi Kristbjarnarson D\u00edj 2004<\/em><\/strong>\u2013 Eur\u00f3pai Alv\u00e1skutat\u00e1si T\u00e1rsas\u00e1g<\/li>\n<li><strong><em>Publik\u00e1ci\u00f3s d\u00edj 2002<\/em><\/strong>\u2013 Doktoranduszok Orsz\u00e1gos Sz\u00f6vets\u00e9ge<\/li>\n<\/ul>\n\n<\/div><h2 class=\"tabtitle\">Publik\u00e1ci\u00f3<\/h2>\n<div class=\"tabcontent\">\n\n<p>A teljes publik\u00e1ci\u00f3s lista megtal\u00e1lhat\u00f3 az MTMT adatb\u00e1zis\u00e1ban. (<a href=\"http:\/\/web.archive.org\/web\/20181205005823\/https:\/\/m2.mtmt.hu\/gui2\/?type=authors&amp;mode=browse&amp;sel=10002059&amp;paging=1;5000\" target=\"_blank\" rel=\"noopener\">itt<\/a>)<\/p>\n<p><strong>Kiemelt k\u00f6zlem\u00e9nyek<\/strong><\/p>\n<p>P\u00f3t\u00e1ri A, Ujma PP, Konrad BN, Genzel L, Simor P, K\u00f6rmendi J, Gombos F, Steiger A, Dresler M, B\u00f3dizs R. Age-related changes in sleep EEG are attenuated in highly intelligent individuals. NEUROIMAGE 146: pp. 554-560. (2017). <a href=\"http:\/\/web.archive.org\/web\/20181205005823\/https:\/\/doi.org\/10.1016\/j.neuroimage.2016.09.039\">https:\/\/doi.org\/10.1016\/j.neuroimage.2016.09.039<\/a><\/p>\n<p>S\u00e1ndor P, Szakad\u00e1t S, B\u00f3dizs R. Ontogeny of dreaming: a review of empirical studies. SLEEP MEDICINE REVIEWS 18:(5) pp. 435-449. (2014). <a href=\"http:\/\/web.archive.org\/web\/20181205005823\/http:\/\/dx.doi.org\/10.1016\/j.smrv.2014.02.001\">http:\/\/dx.doi.org\/10.1016\/j.smrv.2014.02.001<\/a><\/p>\n<p>Hal\u00e1sz P, B\u00f3dizs R. Dynamic Structure of NREM Sleep London: Springer-Verlag London Ltd, 2013. <a href=\"http:\/\/web.archive.org\/web\/20181205005823\/http:\/\/dx.doi.org\/10.1007\/978-1-4471-4333-8\">http:\/\/dx.doi.org\/10.1007\/978-1-4471-4333-8<\/a><\/p>\n<p>B\u00f3dizs R, Kis T, L\u00e1z\u00e1r A S, Havr\u00e1n L, Rig\u00f3 P, Clemens Z, Hal\u00e1sz P. Prediction of general mental ability based on neural oscillation measures of sleep. JOURNAL OF SLEEP RESEARCH 14:(3) pp. 285-292. (2005). <a href=\"http:\/\/web.archive.org\/web\/20181205005823\/http:\/\/dx.doi.org\/10.1111\/j.1365-2869.2005.00472.x\">http:\/\/dx.doi.org\/10.1111\/j.1365-2869.2005.00472.x<\/a><\/p>\n<p>B\u00f3dizs R, K\u00e1ntor S, Szab\u00f3 G, Sz\u00fbcs A, Er\u00f5ss L, Hal\u00e1sz P. Rhythmic hippocampal slow oscillation characterizes REM sleep in humans. HIPPOCAMPUS 11:(6) pp. 747-753. (2001). <a href=\"http:\/\/web.archive.org\/web\/20181205005823\/http:\/\/dx.doi.org\/10.1002\/hipo.1090\">http:\/\/dx.doi.org\/10.1002\/hipo.1090<\/a><\/p>\n<p>&nbsp;<\/p>\n<\/div><\/div>\n","protected":false},"excerpt":{"rendered":"<p><a href=\"https:\/\/semmelweis.hu\/magtud\/files\/2017\/11\/bodrob.png\"><\/a> V\u00c9GZETTS\u00c9G \/ FOKOZATOK 2025 &#8211; Egyetemi tan\u00e1r &#8211; Semmelweis Egyetem, Budapest 2014 &#8211; Habilit\u00e1ci\u00f3 Orvosi pszichol\u00f3gi\u00e1b\u00f3l &#8211; Semmelweis Egyetem, Budapest 2002 &#8211; PhD &#8211; Elm\u00e9leti Orvostudom\u00e1nyok \u2013 Idegtudom\u00e1nyok Doktori Iskola, Semmelweis Egyetem 1997 &#8211; Okleveles pszichol\u00f3gus \u2013 Pszichol\u00f3gia \u00e9s Nevel\u00e9studom\u00e1nyi Kar, Babes-Bolyai Tudom\u00e1nyegyetem, Kolozsv\u00e1r \u00a0TUDOM\u00c1NYOS \u00c9RDEKL\u0150D\u00c9S alv\u00e1s \u00e9s kogn\u00edci\u00f3 \u2013 \u00f6sszef\u00fcgg\u00e9sek \u00e9s kapcsolatok az intelligencia &hellip;<\/p>\n","protected":false},"author":110,"featured_media":0,"parent":2035,"menu_order":3,"comment_status":"closed","ping_status":"closed","template":"","meta":{"_acf_changed":false,"footnotes":""},"categories":[],"tags":[],"class_list":["post-11540","page","type-page","status-publish","hentry"],"acf":[],"_links":{"self":[{"href":"https:\/\/semmelweis.hu\/magtud\/wp-json\/wp\/v2\/pages\/11540","targetHints":{"allow":["GET"]}}],"collection":[{"href":"https:\/\/semmelweis.hu\/magtud\/wp-json\/wp\/v2\/pages"}],"about":[{"href":"https:\/\/semmelweis.hu\/magtud\/wp-json\/wp\/v2\/types\/page"}],"author":[{"embeddable":true,"href":"https:\/\/semmelweis.hu\/magtud\/wp-json\/wp\/v2\/users\/110"}],"replies":[{"embeddable":true,"href":"https:\/\/semmelweis.hu\/magtud\/wp-json\/wp\/v2\/comments?post=11540"}],"version-history":[{"count":10,"href":"https:\/\/semmelweis.hu\/magtud\/wp-json\/wp\/v2\/pages\/11540\/revisions"}],"predecessor-version":[{"id":13011,"href":"https:\/\/semmelweis.hu\/magtud\/wp-json\/wp\/v2\/pages\/11540\/revisions\/13011"}],"up":[{"embeddable":true,"href":"https:\/\/semmelweis.hu\/magtud\/wp-json\/wp\/v2\/pages\/2035"}],"wp:attachment":[{"href":"https:\/\/semmelweis.hu\/magtud\/wp-json\/wp\/v2\/media?parent=11540"}],"wp:term":[{"taxonomy":"category","embeddable":true,"href":"https:\/\/semmelweis.hu\/magtud\/wp-json\/wp\/v2\/categories?post=11540"},{"taxonomy":"post_tag","embeddable":true,"href":"https:\/\/semmelweis.hu\/magtud\/wp-json\/wp\/v2\/tags?post=11540"}],"curies":[{"name":"wp","href":"https:\/\/api.w.org\/{rel}","templated":true}]}}