{"id":11526,"date":"2023-05-30T13:26:32","date_gmt":"2023-05-30T11:26:32","guid":{"rendered":"https:\/\/semmelweis.hu\/magtud\/?page_id=11526"},"modified":"2023-09-19T14:27:10","modified_gmt":"2023-09-19T12:27:10","slug":"dr-dosa-agnes-altalanos-igazgatohelyettes","status":"publish","type":"page","link":"https:\/\/semmelweis.hu\/magtud\/intezet\/munkatarsak\/dr-dosa-agnes-altalanos-igazgatohelyettes\/","title":{"rendered":"Dr. D\u00f3sa \u00c1gnes, \u00e1ltal\u00e1nos igazgat\u00f3helyettes"},"content":{"rendered":"<p><a href=\"https:\/\/semmelweis.hu\/magtud\/files\/2019\/09\/igazolvanykep_DA.jpg\"><img loading=\"lazy\" decoding=\"async\" class=\"wp-image-7133 alignright\" src=\"https:\/\/semmelweis.hu\/magtud\/files\/2019\/09\/igazolvanykep_DA.jpg\" alt=\"\" width=\"200\" height=\"239\" srcset=\"https:\/\/semmelweis.hu\/magtud\/files\/2019\/09\/igazolvanykep_DA.jpg 728w, https:\/\/semmelweis.hu\/magtud\/files\/2019\/09\/igazolvanykep_DA-251x300.jpg 251w\" sizes=\"auto, (max-width: 200px) 100vw, 200px\" \/><\/a><\/p>\n<div class=\"responsive-tabs\">\n<h2 class=\"tabtitle\">\u00d6n\u00e9letrajz<\/h2>\n<div class=\"tabcontent\">\n\n<p><em>El\u00e9rhet\u0151s\u00e9g<\/em>: Semmelweis Egyetem Magatart\u00e1studom\u00e1nyi Int\u00e9zet,<br \/>\n1089 Budapest, Nagyv\u00e1rad t\u00e9r 4. XX. emelet<br \/>\nTel.: (+36-20) 6663029<br \/>\nE-mail: dosa.agnes[kukac]med.semmelweis-univ.hu<\/p>\n<p><strong><em>ISKOL\u00c1K<\/em><\/strong><\/p>\n<p><strong><em>\u00a0<\/em><\/strong>1978-82 ELTE Radn\u00f3ti Mikl\u00f3s Gyakorl\u00f3 Gimn\u00e1zium, angol-biol\u00f3gia tagozat<br \/>\n1983-89\u00a0 SOTE \u00c1ltal\u00e1nos Orvostudom\u00e1nyi Kar, diploma min\u0151s\u00edt\u00e9s: summa cum laude tudom\u00e1nyos di\u00e1kk\u00f6ri tev\u00e9kenys\u00e9g, d\u00edjas demonstr\u00e1tor az Igazs\u00e1g\u00fcgyi Orvostani Int\u00e9zetben<\/p>\n<p>1988-93 ELTE \u00c1llam \u00e9s Jogtudom\u00e1nyi Kar, diploma min\u0151s\u00edt\u00e9s: cum laude<\/p>\n<p>1996\u00a0 jogi szakvizsga<\/p>\n<p>2003\u00a0 igazs\u00e1g\u00fcgyi orvostan szakvizsga SE<\/p>\n<p>2004\u00a0 PhD, ELTE \u00c1llam- \u00e9s Jogtudom\u00e1nyi Kar, Polg\u00e1ri Jogi Tansz\u00e9k, konzulens: dr. Harmathy Attila dolgozat c\u00edme: Az eg\u00e9szs\u00e9g\u00fcgyi szolg\u00e1ltat\u00f3k k\u00e1rt\u00e9r\u00edt\u00e9si felel\u0151ss\u00e9ge a hazai b\u00edr\u00f3i gyakorlat \u00e9s a jog\u00f6sszehasonl\u00edt\u00e1s t\u00fckr\u00e9ben min\u0151s\u00edt\u00e9s: summa cum laude<\/p>\n<p>2010 \u00a0 eg\u00e9szs\u00e9gbiztos\u00edt\u00e1s szakvizsga SE<\/p>\n<p>2013\u00a0 habilit\u00e1ci\u00f3, Sz\u00e9chenyi Istv\u00e1n Egyetem, Gy\u0151r<\/p>\n<p>2017\u00a0 foglalkoz\u00e1s-orvostan szakvizsga SE<\/p>\n<p>2018\u00a0\u00a0 eg\u00e9szs\u00e9g\u00fcgyi szakjog\u00e1sz, ELTE<\/p>\n<p><strong><em>MUNKAHELY<\/em><\/strong><\/p>\n<p>1990. m\u00e1jus 1- Magyar Tudom\u00e1nyos Akad\u00e9mia, \u00c1llam \u00e9s Jogtudom\u00e1nyi Int\u00e9zet,<\/p>\n<p>\n1995-2010 tudom\u00e1nyos munkat\u00e1rs, majd tudom\u00e1nyos f\u0151munkat\u00e1rs kutat\u00e1si ter\u00fclet: eg\u00e9szs\u00e9g\u00fcgyi jog, \u00f6sszehasonl\u00edt\u00f3 k\u00e1rt\u00e9r\u00edt\u00e9si jog Semmelweis Egyetem Magatart\u00e1studom\u00e1nyi Int\u00e9zet Bioetika Csoport egyetemi tan\u00e1rseg\u00e9d, majd 2001-t\u0151l egyetemi adjunktus, r\u00e9sz\u00e1ll\u00e1sban<\/p>\n<p>\n2000-2010 Orsz\u00e1gos Igazs\u00e1g\u00fcgyi Orvostani Int\u00e9zet, munkat\u00e1rs, r\u00e9sz\u00e1ll\u00e1sban<\/p>\n<p>\n1998-2010 Igazs\u00e1g\u00fcgyi Miniszt\u00e9rium, szak\u00e9rt\u0151 eg\u00e9szs\u00e9g\u00fcgyi jogi ter\u00fcleten<\/p>\n<p>2010- 2018.08.31. Semmelweis Egyetem Igazs\u00e1g\u00fcgyi \u00e9s Biztos\u00edt\u00e1s-orvostani Int\u00e9zet, egyetemi adjunktus majd docens, igazgat\u00f3 helyettes<\/p>\n<p>\n2018.09.01- Semmelweis Egyetem Magatart\u00e1studom\u00e1nyi Int\u00e9zet, habilit\u00e1lt egy. docens, 2021.09.01-t\u0151l \u00e1ltal\u00e1nos igazgat\u00f3helyettes<\/p>\n<p>&nbsp;<\/p>\n<p><strong><em>JELENLEGI OKTAT\u00c1SI TEV\u00c9KENYS\u00c9G<\/em><\/strong><\/p>\n<p>Semmelweis Egyetem Magatart\u00e1studom\u00e1nyi Int\u00e9zet: orvosi etika oktat\u00e1sa magyar, angol \u00e9s n\u00e9met nyelven eg\u00e9szs\u00e9g\u00fcgyi jog oktat\u00e1sa (\u00fcgyvitelszervez\u0151 \u00e9s digit\u00e1lis fogtechnikus gradu\u00e1lis k\u00e9pz\u00e9s, rezidens k\u00e9pz\u00e9s \u00e9s PhD k\u00e9pz\u00e9s keret\u00e9ben)<\/p>\n<p>&nbsp;<\/p>\n<p><strong><em>K\u00dcLF\u00d6LDI TANULM\u00c1NYUTAK<\/em><\/strong><\/p>\n<p>1991. szept-okt. Institute of Comparative Law, Lausanne, Switzerland, az int\u00e9zet kutat\u00e1si \u00f6szt\u00f6nd\u00edja, kutat\u00e1si t\u00e9ma: a pszichi\u00e1triai betegekkel kapcsolatos jogi k\u00e9rd\u00e9sek;<br \/>\n1995. jan-j\u00fal. Saint Louis University, Missouri \u2013 egy szemeszter hallgat\u00e1sa: health law, bioethics;<br \/>\n1997. szept-dec. \u00c1llami E\u00f6tv\u00f6s \u00d6szt\u00f6nd\u00edj, Universit\u00e4t Wien \u2013 Institut f\u00fcr Verwaltungsrecht und Medizinrecht, kutat\u00e1si \u00f6szt\u00f6nd\u00edj:, kutat\u00e1si t\u00e9ma: beleegyez\u00e9s a gy\u00f3gykezel\u00e9sbe;<br \/>\n2001. m\u00e1jus, augusztus Institute of Comparative Law, Lausanne, Switzerland,<br \/>\n2002. augusztus kutat\u00e1si \u00f6szt\u00f6nd\u00edj a Research Support Scheme keret\u00e9ben, kutat\u00e1si t\u00e9ma: a gondnoks\u00e1ggal \u00e9s cselekv\u0151k\u00e9pess\u00e9ggel kapcsolatos jogi szab\u00e1lyoz\u00e1s Kelet- \u00e9s K\u00f6z\u00e9p Eur\u00f3p\u00e1ban Institute of Comparative Law, Lausanne, Switzerland, kutat\u00e1si \u00f6szt\u00f6nd\u00edj, kutat\u00e1si t\u00e9ma: az eg\u00e9szs\u00e9g\u00fcgyi szolg\u00e1ltat\u00f3k k\u00e1rt\u00e9r\u00edt\u00e9si felel\u0151ss\u00e9ge a t\u00e1j\u00e9koztat\u00e1s elmulaszt\u00e1sa miatt<\/p>\n<p><em><strong>NYELVISMERET<\/strong><\/em><br \/>\nAngol fels\u0151fok\u00fa, eg\u00e9szs\u00e9g\u00fcgyi szakmai anyaggal b\u0151v\u00edtett \u00e1llami nyelvvizsga<br \/>\nN\u00e9met fels\u0151fok\u00fa, eg\u00e9szs\u00e9g\u00fcgyi szakmai anyaggal b\u0151v\u00edtett \u00e1llami nyelvvizsga<br \/>\nOrosz k\u00f6z\u00e9pfok\u00fa, eg\u00e9szs\u00e9g\u00fcgyi szakmai anyaggal b\u0151v\u00edtett \u00e1llami nyelvvizsga<\/p>\n<p><em><strong>P\u00c1LY\u00c1ZATOK<\/strong> <\/em><\/p>\n<p>2006 \u2013 2008\u00a0\u00a0 Bolyai \u00f6szt\u00f6nd\u00edj, t\u00e9ma: \u00d6sszehasonl\u00edt\u00f3 eg\u00e9szs\u00e9g\u00fcgyi jog<\/p>\n<p>2006 \u2013 2008\u00a0\u00a0 \u201eA biotechnol\u00f3gia fejl\u0151d\u00e9s\u00e9nek etikai k\u00e9rd\u00e9sei\u201d c. az Eg\u00e9szs\u00e9g\u00fcgyi Miniszt\u00e9rium (ETT)\u00a0 153\/2006 sz\u00e1m\u00fa t\u00e1rcaszint\u0171 kutat\u00e1si t\u00e9m\u00e1j\u00e1ban a kutat\u00f3csoport tagja voltam. A kutat\u00e1si eredm\u00e9nyek publik\u00e1ci\u00f3j\u00e1nak el\u0151k\u00e9sz\u00edt\u00e9se a Semmelweis Kiad\u00f3ban folyamatban van, e-book form\u00e1j\u00e1ban.<\/p>\n<p>&nbsp;<\/p>\n<p><em><strong>DOKTORI ISKOL\u00c1BAN K\u00d6ZREM\u0170K\u00d6D\u00c9S<\/strong> <\/em><\/p>\n<p>Semmelweis Egyetem Doktori Iskola,<br \/>\nPatol\u00f3giai tudom\u00e1nyok (Multidiszciplin\u00e1ris orvostudom\u00e1nyok), 8\/4 N\u00e9p- \u00e9s\u00a0 k\u00f6zeg\u00e9szs\u00e9gtudom\u00e1nyok<br \/>\nrendszeres el\u0151ad\u00e1sok tart\u00e1sa els\u0151sorban kutat\u00e1setikai, az orvostudom\u00e1nyi kutat\u00e1sok jogi szab\u00e1lyoz\u00e1sa t\u00e9mak\u00f6r\u00e9ben<\/p>\n<p>&nbsp;<\/p>\n<p><em><strong>TUDOM\u00c1NYOS K\u00d6Z\u00c9LETI TEV\u00c9KENYS\u00c9G<\/strong> <\/em><\/p>\n<p>Eg\u00e9szs\u00e9g\u00fcgyi Tudom\u00e1nyos Tan\u00e1cs, Eg\u00e9szs\u00e9g\u00fcgyi Ter\u00fcleten M\u0171k\u00f6d\u0151 Szak\u00e9rt\u0151i Test\u00fclet, tag \u00e9s titk\u00e1r, 2006 \u00f3ta jelenleg is<\/p>\n<p>Eg\u00e9szs\u00e9g\u00fcgyi Tudom\u00e1nyos Tan\u00e1cs, Hum\u00e1n Reprodukci\u00f3s Bizotts\u00e1g, tag, 2000 \u00f3ta<\/p>\n<p>Eg\u00e9szs\u00e9g\u00fcgyi Tudom\u00e1nyos Tan\u00e1cs, Tudom\u00e1nyos \u00e9s Kutat\u00e1setikai Bizotts\u00e1g, tag, 2000-2010<\/p>\n<p>G\u00e9ntechnol\u00f3giai Elj\u00e1r\u00e1sokat V\u00e9lem\u00e9nyez\u0151 Bizotts\u00e1g, tag 2009-2016<\/p>\n<p>Semmelweis Egyetem Tudom\u00e1nyos \u00e9s Kutat\u00e1setikai Bizotts\u00e1g, tag \u00e9s titk\u00e1r 1998 \u00f3ta<\/p>\n<p>Semmelweis Egyetem Transzplant\u00e1ci\u00f3s Etikai Bizotts\u00e1g, tag \u00e9s titk\u00e1r 1998 \u00f3ta<\/p>\n<p>Lege Artis Medicinae szakfoly\u00f3irat \u2013 szerkeszt\u0151bizotts\u00e1gi tags\u00e1g 1999-2006 k\u00f6z\u00f6tt, rendszeres lektori tev\u00e9kenys\u00e9g<\/p>\n\n<\/div><h2 class=\"tabtitle\">Publik\u00e1ci\u00f3<\/h2>\n<div class=\"tabcontent\">\n\n<p>A teljes publik\u00e1ci\u00f3s lista megtal\u00e1lhat\u00f3 az MTMT adatb\u00e1zis\u00e1ban. (<a href=\"http:\/\/web.archive.org\/web\/20220702112930\/https:\/\/m2.mtmt.hu\/gui2\/?type=authors&amp;mode=browse&amp;sel=10012862\" target=\"_blank\" rel=\"noopener noreferrer\">itt<\/a>)<\/p>\n<\/div><\/div>\n","protected":false},"excerpt":{"rendered":"<p><a href=\"https:\/\/semmelweis.hu\/magtud\/files\/2019\/09\/igazolvanykep_DA.jpg\"><\/a> El\u00e9rhet\u0151s\u00e9g: Semmelweis Egyetem Magatart\u00e1studom\u00e1nyi Int\u00e9zet, 1089 Budapest, Nagyv\u00e1rad t\u00e9r 4. XX. emelet Tel.: (+36-20) 6663029 E-mail: dosa.agnes[kukac]med.semmelweis-univ.hu ISKOL\u00c1K \u00a01978-82 ELTE Radn\u00f3ti Mikl\u00f3s Gyakorl\u00f3 Gimn\u00e1zium, angol-biol\u00f3gia tagozat 1983-89\u00a0 SOTE \u00c1ltal\u00e1nos Orvostudom\u00e1nyi Kar, diploma min\u0151s\u00edt\u00e9s: summa cum laude tudom\u00e1nyos di\u00e1kk\u00f6ri tev\u00e9kenys\u00e9g, d\u00edjas demonstr\u00e1tor az Igazs\u00e1g\u00fcgyi Orvostani Int\u00e9zetben 1988-93 ELTE \u00c1llam \u00e9s Jogtudom\u00e1nyi Kar, diploma min\u0151s\u00edt\u00e9s: cum laude &hellip;<\/p>\n","protected":false},"author":110,"featured_media":0,"parent":2035,"menu_order":1,"comment_status":"closed","ping_status":"closed","template":"","meta":{"_acf_changed":false,"footnotes":""},"categories":[],"tags":[],"class_list":["post-11526","page","type-page","status-publish","hentry"],"acf":[],"_links":{"self":[{"href":"https:\/\/semmelweis.hu\/magtud\/wp-json\/wp\/v2\/pages\/11526","targetHints":{"allow":["GET"]}}],"collection":[{"href":"https:\/\/semmelweis.hu\/magtud\/wp-json\/wp\/v2\/pages"}],"about":[{"href":"https:\/\/semmelweis.hu\/magtud\/wp-json\/wp\/v2\/types\/page"}],"author":[{"embeddable":true,"href":"https:\/\/semmelweis.hu\/magtud\/wp-json\/wp\/v2\/users\/110"}],"replies":[{"embeddable":true,"href":"https:\/\/semmelweis.hu\/magtud\/wp-json\/wp\/v2\/comments?post=11526"}],"version-history":[{"count":9,"href":"https:\/\/semmelweis.hu\/magtud\/wp-json\/wp\/v2\/pages\/11526\/revisions"}],"predecessor-version":[{"id":12085,"href":"https:\/\/semmelweis.hu\/magtud\/wp-json\/wp\/v2\/pages\/11526\/revisions\/12085"}],"up":[{"embeddable":true,"href":"https:\/\/semmelweis.hu\/magtud\/wp-json\/wp\/v2\/pages\/2035"}],"wp:attachment":[{"href":"https:\/\/semmelweis.hu\/magtud\/wp-json\/wp\/v2\/media?parent=11526"}],"wp:term":[{"taxonomy":"category","embeddable":true,"href":"https:\/\/semmelweis.hu\/magtud\/wp-json\/wp\/v2\/categories?post=11526"},{"taxonomy":"post_tag","embeddable":true,"href":"https:\/\/semmelweis.hu\/magtud\/wp-json\/wp\/v2\/tags?post=11526"}],"curies":[{"name":"wp","href":"https:\/\/api.w.org\/{rel}","templated":true}]}}