{"id":11520,"date":"2023-05-30T13:06:13","date_gmt":"2023-05-30T11:06:13","guid":{"rendered":"https:\/\/semmelweis.hu\/magtud\/?page_id=11520"},"modified":"2023-09-13T15:14:56","modified_gmt":"2023-09-13T13:14:56","slug":"dr-purebl-gyorgy-igazgato","status":"publish","type":"page","link":"https:\/\/semmelweis.hu\/magtud\/intezet\/munkatarsak\/dr-purebl-gyorgy-igazgato\/","title":{"rendered":"Dr. Purebl Gy\u00f6rgy, igazgat\u00f3"},"content":{"rendered":"<div class=\"responsive-tabs\">\n<h2 class=\"tabtitle\">\u00d6n\u00e9letrajz<\/h2>\n<div class=\"tabcontent\">\n\n<p><strong><a href=\"https:\/\/semmelweis.hu\/magtud\/files\/2023\/05\/pgy.jpg\"><img loading=\"lazy\" decoding=\"async\" class=\"alignright wp-image-11523\" src=\"https:\/\/semmelweis.hu\/magtud\/files\/2023\/05\/pgy-150x150.jpg\" alt=\"\" width=\"200\" height=\"202\" srcset=\"https:\/\/semmelweis.hu\/magtud\/files\/2023\/05\/pgy-397x400.jpg 397w, https:\/\/semmelweis.hu\/magtud\/files\/2023\/05\/pgy-298x300.jpg 298w, https:\/\/semmelweis.hu\/magtud\/files\/2023\/05\/pgy-90x90.jpg 90w, https:\/\/semmelweis.hu\/magtud\/files\/2023\/05\/pgy.jpg 716w\" sizes=\"auto, (max-width: 200px) 100vw, 200px\" \/><\/a><\/strong><\/p>\n<p><strong>Dr. Purebl Gy\u00f6rgy szakmai \u00f6n\u00e9letrajza<\/strong><\/p>\n<p>&nbsp;<\/p>\n<p>&nbsp;<\/p>\n<p><strong><u>Tanulm\u00e1nyai: <\/u><\/strong><\/p>\n<p>1982-1986\u00a0\u00a0\u00a0\u00a0\u00a0 I. Istv\u00e1n Gimn\u00e1zium<\/p>\n<p>1986-1993\u00a0\u00a0\u00a0\u00a0\u00a0 Semmelweis Orvostudom\u00e1nyi Egyetem \u00c1ltal\u00e1nos Orvosi Kar \u2013 \u00e1ltal\u00e1nos orvos<\/p>\n<ul>\n<li>Haynal Imre Eg\u00e9szs\u00e9gtudom\u00e1nyi Egyetem \u2013 pszichi\u00e1tria szakvizsga<\/li>\n<li>Semmelweis Egyeten Doktori Iskola, PhD k\u00e9pz\u00e9s<\/li>\n<li>Semmelweis E\/VIKOTE pszichoter\u00e1pi\u00e1s k\u00e9pz\u00e9s \u2013 pszichoter\u00e1pia szakvizsga<\/li>\n<\/ul>\n<p>2011-t\u0151l\u00a0\u00a0\u00a0\u00a0\u00a0\u00a0\u00a0\u00a0\u00a0 Magyar Csal\u00e1dter\u00e1pi\u00e1s E \u2013 csal\u00e1dterapeuta k\u00e9pz\u00e9s (szuperv\u00edzi\u00f3s szakaszban)<\/p>\n<p>&nbsp;<\/p>\n<p><strong><u>Munkahelyek: <\/u><\/strong><\/p>\n<p>1993-1995\u00a0\u00a0\u00a0\u00a0\u00a0 Jahn Ferenc D\u00e9lpesti Kh. Pszichi\u00e1triai Betegfelv\u00e9teli Oszt\u00e1ly<\/p>\n<p>1995-2006\u00a0 \u00a0\u00a0\u00a0 \u00a0Semmelweis Egyetem Magatart\u00e1studom\u00e1nyi Int\u00e9zet egyetemi gyakornok<\/p>\n<p>2006-2013\u00a0\u00a0\u00a0\u00a0\u00a0 Semmelweis Egyetem Magatart\u00e1studom\u00e1nyi Int\u00e9zet egyetemi adjunktus, a Pszichoszomatikus Szakrendel\u0151 vezet\u0151je<\/p>\n<p>2013-2020 \u00a0\u00a0\u00a0\u00a0 Semmelweis Egyetem Magatart\u00e1studom\u00e1nyi Int\u00e9zet egyetemi, docens, klinikai, majd \u00e1ltal\u00e1nos (2019-t\u0151l) igazgat\u00f3helyettes<\/p>\n<p>2020-t\u00f3l\u00a0\u00a0\u00a0\u00a0\u00a0\u00a0\u00a0\u00a0\u00a0 Egyetemi tan\u00e1r, a Magatart\u00e1studm\u00e1nyi Int\u00e9zet igazgat\u00f3ja<\/p>\n<p>&nbsp;<\/p>\n<p><strong><u>Egy\u00e9b tev\u00e9kenys\u00e9g<\/u><\/strong><\/p>\n<p>1998-2000\u00a0\u00a0\u00a0\u00a0\u00a0 Better Health fot Women (Bristol-Myers Squibb Foundation) magatart\u00e1s-epidemiol\u00f3giai kutat\u00e1s \u00e9s beavatkoz\u00e1si program szakmai koordin\u00e1tora<\/p>\n<p>1995-2021\u00a0\u00a0\u00a0\u00a0\u00a0 R\u00e9szv\u00e9tel a Hungarostudy \u2013 Magyar lelki\u00e1llapot magatart\u00e1s-epidemiol\u00f3giai kutat\u00e1s sorozatban, a 2021-es kutat\u00e1si panel szakmai vezet\u0151je<\/p>\n<p>2004-t\u00f3l\u00a0\u00a0\u00a0\u00a0\u00a0\u00a0\u00a0\u00a0\u00a0 R\u00e9szv\u00e9tel az Eur\u00f3pai Sz\u00f6vets\u00e9g a Depresszi\u00f3 Ellen (European Alliance Against Depression, EAAD) magyar munkacsoportj\u00e1nak munk\u00e1j\u00e1ban, ennek keret\u00e9ben 2008-t\u00f3l az OSPI-Europe vizsg\u00e1latban, 2012-t\u0151l a magyar munkacsoport vezet\u0151je, \u00e9s az OSPI-Europe vizsg\u00e1lat magyar k\u00f6zpontj\u00e1nak kutat\u00e1svezet\u0151je<\/p>\n<p>2011 \u2013 t\u0151l\u00a0\u00a0\u00a0\u00a0\u00a0\u00a0 Predi-Nu (iFightDepression internet alap\u00fa \u00f6nseg\u00edt\u0151 eszk\u00f6z fejleszt\u00e9se) projektben val\u00f3 r\u00e9szv\u00e9tel, 2014 \u2013 t\u0151l a projekt folytat\u00e1s\u00e1nak (iFightDepression magyar verzi\u00f3 m\u0171k\u00f6dtet\u00e9se, tov\u00e1bbfejleszt\u00e9se \u00e9s hat\u00e9konys\u00e1g\u00e1nak vizsg\u00e1lata) szakmai vezet\u0151je<\/p>\n<p>2013-2016\u00a0\u00a0\u00a0\u00a0\u00a0 Joint Action for Mental Health and Well-being) Eur\u00f3pai Uni\u00f3s program 4-es munkacsomagj\u00e1nak (Taking Evidence-based Actions against Depression and Suicide, E-health) munkacsomag-vezet\u0151je<\/p>\n<p>2014-t\u0151l\u00a0\u00a0\u00a0\u00a0\u00a0\u00a0\u00a0\u00a0\u00a0 R\u00e9szv\u00e9tel az European Evidence-based Suicide Prevention Program (EESPP) munk\u00e1j\u00e1ban<\/p>\n<p>2015-t\u0151l \u00a0\u00a0\u00a0\u00a0\u00a0\u00a0\u00a0\u00a0 Egy\u00fcttm\u0171k\u00f6d\u00e9s a WHO Department of Mental Health and Substance Abuse r\u00e9szleg\u00e9vel<\/p>\n<p>2008-2013\u00a0\u00a0\u00a0\u00a0\u00a0 R\u00e9szv\u00e9tel a \u201eMindennapi \u00e9let biol\u00f3gi\u00e1ja\u201d nemzetk\u00f6zi kutat\u00e1si programban (koordin\u00e1tor: University College London, Institute of Epidemiology and Health Care)<\/p>\n<p>2016-17 \u00a0\u00a0\u00a0\u00a0\u00a0\u00a0\u00a0\u00a0 Orsz\u00e1gos Tisztiorvosi Hivatal Norv\u00e9g p\u00e1ly\u00e1zat\u00e1nak keret\u00e9ben a M\u00f3dszertani K\u00f6zpont szak\u00e9rt\u0151i h\u00e1l\u00f3zat\u00e1nak tagja, ment\u00e1lis eg\u00e9szs\u00e9gfejleszt\u00e9s \u00e9s a prevenci\u00f3 t\u00e9mak\u00f6r\u00e9ben<\/p>\n<p>2017 \u2013 t\u0151l\u00a0\u00a0\u00a0\u00a0\u00a0\u00a0 Szenior Szak\u00e9rt\u0151 a Nemzeti N\u00e9peg\u00e9szs\u00e9g\u00fcgyi K\u00f6zpont \u201eEg\u00e9szs\u00e9g\u00fcgyi Ell\u00e1t\u00f3rendszer Szakmai Fejleszt\u00e9se\u201d programj\u00e1ban<\/p>\n<p>2020-t\u00f3l\u00a0\u00a0\u00a0\u00a0\u00a0\u00a0\u00a0\u00a0\u00a0 A Horizon 2020 Mental Health Promotion and Intervention in Occupational Settings (MENTUPP) elnyert p\u00e1ly\u00e1zat 4-es munkacsomagj\u00e1nak (Development of MENTUPP interventions for Stigma Reduction) munkacsomag-vezet\u0151je<\/p>\n<p>&nbsp;<\/p>\n<p><strong><u>Szcientometriai mutat\u00f3k (Magyar Tudom\u00e1nyos M\u0171vek T\u00e1ra alapj\u00e1n, <\/u><\/strong><u>https:\/\/m2.mtmt.hu\/gui2\/?type=authors&amp;mode=browse&amp;sel=10023077<strong>)<\/strong><\/u><\/p>\n<p>Tudom\u00e1nyos k\u00f6zlem\u00e9nyeinek sz\u00e1ma: 88<\/p>\n<p>\u00d6sszes id\u00e9zetek sz\u00e1ma:753<\/p>\n<p>F\u00fcggetlen id\u00e9zetek sz\u00e1ma: 656<\/p>\n<p>Hirsch-index: 13<\/p>\n<p>&nbsp;<\/p>\n<p><strong><u>Szakmai k\u00f6z\u00e9leti tev\u00e9kenys\u00e9g, t\u00e1rsas\u00e1gi tags\u00e1gok<\/u><\/strong><u>: <\/u><\/p>\n<p>&nbsp;<\/p>\n<p><strong><em>Magyar Alv\u00e1st\u00e1rsas\u00e1g<\/em><\/strong>: Alap\u00edt\u00f3 tag<\/p>\n<p>&nbsp;<\/p>\n<p><strong><em>Magyar Pszichi\u00e1triai T\u00e1rsas\u00e1g eln\u00f6ke volt (2016-2018)<\/em><\/strong><\/p>\n<p><strong><em>European Psychiatric Association \u2013 Section of Suicidology<\/em><\/strong> Tag<\/p>\n<p><strong><em>Expert Platform of Mental Health Focus of Depression ESSPP program megh\u00edvott szak\u00e9rt\u0151 <\/em><\/strong><\/p>\n<p><strong><em>Eur\u00f3pai Sz\u00f6vets\u00e9g a Depresszi\u00f3 Ellen<\/em><\/strong> \u2013 a magyar munkacsoport vezet\u0151je (2012-t\u0151l)<\/p>\n<p>S<strong><em>zakmai Koll\u00e9gium Pszichi\u00e1tria \u00e9s Pszichoter\u00e1pia Tagozat Tan\u00e1csad\u00f3 Test\u00fclete<\/em><\/strong><\/p>\n<p>2016-2018 \u00e1lland\u00f3 megh\u00edvott (Magyar Pszichi\u00e1triai T\u00e1rsas\u00e1g eln\u00f6kek\u00e9nt)<\/p>\n<p>2018-2020 rendes tag<\/p>\n<p><strong><em>2020- t\u00f3l Szakmai Koll\u00e9gium Pszichoter\u00e1pia Tagozat rendes tagja<\/em><\/strong><\/p>\n<p><strong><em>Semmelweis Egyetem Alv\u00e1smedicina Gr\u00e9mium\u00e1nak<\/em><\/strong> eln\u00f6ke (2019-t\u0151l)<\/p>\n<p>&nbsp;<\/p>\n<p><strong><u>Kit\u00fcntet\u00e9sek, elismer\u00e9sek: <\/u><\/strong>Nyir\u0151 Gyula d\u00edj (2013)<\/p>\n<p>&nbsp;<\/p>\n<p><strong><u>Nyelvismeret: <\/u><\/strong>Angol: olvas, \u00edr, besz\u00e9l, el\u0151ad\u00f3k\u00e9pes, spanyol: olvas, besz\u00e9l<\/p>\n<p>&nbsp;<\/p>\n<p>Dr. Purebl Gy\u00f6rgy<\/p>\n\n<\/div><h2 class=\"tabtitle\">Publik\u00e1ci\u00f3<\/h2>\n<div class=\"tabcontent\">\n\n<p><strong><u>Szcientometriai mutat\u00f3k (Magyar Tudom\u00e1nyos M\u0171vek T\u00e1ra alapj\u00e1n, <\/u><\/strong><u>https:\/\/m2.mtmt.hu\/gui2\/?type=authors&amp;mode=browse&amp;sel=10023077<strong>)<\/strong><\/u><\/p>\n<p>Tudom\u00e1nyos k\u00f6zlem\u00e9nyeinek sz\u00e1ma: 88<br \/>\n\u00d6sszes id\u00e9zetek sz\u00e1ma: 753<br \/>\nF\u00fcggetlen id\u00e9zetek sz\u00e1ma: 656<br \/>\nHirsch-index: 13<\/p>\n<p>MTA V. oszt\u00e1ly besorol\u00e1sa alapj\u00e1n tudom\u00e1nyos \u00e9s oktat\u00e1si k\u00f6zlem\u00e9nyek \u00f6sszesen: 98<br \/>\nMTA V. oszt\u00e1ly besorol\u00e1sa alapj\u00e1n id\u00e9zetek sz\u00e1ma: 674<br \/>\nMTA V. oszt\u00e1ly besorol\u00e1sa alapj\u00e1n f\u00fcggetlen id\u00e9zetek sz\u00e1ma: 598<br \/>\nMTA V. oszt\u00e1ly besorol\u00e1sa alapj\u00e1n g-index: 26<br \/>\nMTA V. oszt\u00e1ly besorol\u00e1sa alapj\u00e1n Hirsch-index: 13<\/p>\n<p><strong>Teljes tudom\u00e1nyos p\u00e1lya \u00f6t legfontosabb publik\u00e1ci\u00f3ja, adatokkal<\/strong><\/p>\n<ol>\n<li>Zalsman, G ; Hawton, K ; Wasserman, D ; van Heeringen, K ; Arensman, E ; Sarchiapone, M ; Carli, V ; Hoschl, C ; Barzilay,R ; Balazs, J ; Purebl, G et al. Suicide prevention strategies revisited: 10-year systematic review.LANCET PSYCHIATRY 3 : 7 pp. 646-659. , 14 p. (2016) f\u00fcggetlen id\u00e9z\u00e9sek: 304, \u00f6nid\u00e9z\u00e9s: 24, \u00f6sszes id\u00e9zetts\u00e9g: 328<\/li>\n<li>Sz\u00e9kely, Andr\u00e1s ; Konkol\u00ff Thege, Barna ; Mergl, Roland ; Birk\u00e1s, Emma ; R\u00f3zsa, S\u00e1ndor ; Purebl, Gy\u00f6rgy** ; Hegerl, Ulrich**How to Decrease Suicide Rates in Both Genders? An Effectiveness Study of a Community-Based Intervention (EAAD) PLOS ONE 8 : 9 Paper: e75081 , 5 p. (2013) f\u00fcggetlen id\u00e9z\u00e9sek: 27 \u00f6nid\u00e9z\u00e9s: 7, \u00f6sszes id\u00e9zetts\u00e9g: 34<\/li>\n<li>Kopp, MS ; Thege, BK ; Balog, P ; Stauder, A ; Salavecz, G ; Rozsa, S ; Purebl, G ; Adam, S Measures of stress in epidemiological research.JOURNAL OF PSYCHOSOMATIC RESEARCH 69 : 2 pp. 211-225. , 15 p. (2010) f\u00fcggetlen id\u00e9z\u00e9sek: 33, \u00f6nid\u00e9z\u00e9s: 6, \u00f6sszes id\u00e9zetts\u00e9g: 39<\/li>\n<li>Kopp, MS ; Stauder, A ; Purebl, G ; Janszky, I ; Skrabski, A Work stress and mental health in a changing society EUROPEAN JOURNAL OF PUBLIC HEALTH 18 : 3 pp. 238-244. , 7 p. (2008) f\u00fcggetlen id\u00e9z\u00e9sek: 52 \u00f6nid\u00e9z\u00e9s: 7, \u00f6sszes id\u00e9zetts\u00e9g: 59<\/li>\n<li>Purebl, G ; Birkas, E ; Csoboth, C ; Szumska, I ; Kopp, MS The relationship of biological and psychological risk factors of cardiovascular disorders in a large-scale national representative community survey BEHAVIORAL MEDICINE 31 : 4 pp. 133-139. , 7 p. (2006) f\u00fcggetlen id\u00e9z\u00e9sek 18, \u00f6nid\u00e9z\u00e9s: 0, \u00f6sszes id\u00e9zetts\u00e9g: 18<\/li>\n<\/ol>\n<p>&nbsp;<\/p>\n<p><strong>Az elm\u00falt \u00f6t \u00e9v \u00f6t legfontosabb publik\u00e1ci\u00f3ja, adatokkal<\/strong><\/p>\n<ol>\n<li>Zalsman, G ; Hawton, K ; Wasserman, D ; van Heeringen, K ; Arensman, E ; Sarchiapone, M ; Carli, V ; Hoschl, C ; Barzilay,R ; Balazs, J ; Purebl, G et al. Suicide prevention strategies revisited: 10-year systematic review.LANCET PSYCHIATRY 3 : 7 pp. 646-659. , 14 p. (2016) f\u00fcggetlen id\u00e9z\u00e9sek: 304, \u00f6nid\u00e9z\u00e9s: 24, \u00f6sszes id\u00e9zetts\u00e9g: 328<\/li>\n<li>Szak\u00e1ts, Ildik\u00f3 ; Sebesty\u00e9n, Margit ; N\u00e9meth, J\u00e1nos ; Birk\u00e1s, Emma ; Purebl,\u00a0 Gy\u00f6rgyThe Role of Health Anxiety and Depressive Symptoms in Dry Eye Disease CURRENT EYE RESEARCH 41 : 8 pp. 1044-1049. , 6 p. (2016 f\u00fcggetlen id\u00e9z\u00e9sek: 15, \u00f6nid\u00e9z\u00e9s: 0, \u00f6sszes id\u00e9zetts\u00e9g: 15<\/li>\n<li>Nagy, Tam\u00e1s ; Salavecz, Gy\u00f6ngyv\u00e9r ; Simor, P\u00e9ter ; Purebl, Gy\u00f6rgy ; B\u00f3dizs, R\u00f3bert ; Dockray, Samantha ; Steptoe, Andrew Frequent nightmares are associated with blunted cortisol awakening response in women PHYSIOLOGY &amp; BEHAVIOR 147 pp. 233-237. , 5 p. (2015) f\u00fcggetlen id\u00e9z\u00e9sek: 8, \u00f6nid\u00e9z\u00e9s: 0, \u00f6sszes id\u00e9zetts\u00e9g: 8<\/li>\n<li>Haraszti, R\u00e9ka \u00c1gnes ; Purebl, Gyorgy ; Salavecz, Gyongyver ; Poole, Lydia ; Dockray, Samantha ; Steptoe, Andrew Morningness\u2013eveningness interferes with perceived health, physical activity, diet and stress levels in working women: A crosssectional study CHRONOBIOLOGY INTERNATIONAL 31 : 7 pp. 829-837. , 9 p. (2014) f\u00fcggetlen id\u00e9z\u00e9sek: 23, \u00f6nid\u00e9z\u00e9s: 1. \u00f6sszes id\u00e9zetts\u00e9g 24<\/li>\n<li>Toth, M ; Adam, S ; Birkas, E ; Szekely, A ; Stauder, A ; Purebl, G Gender Differences in Deliberate Self-Poisoning in Hungary: Analyzing the Effect of Precipitating Factors and Their Relation to Depression CRISIS \u2013 THE JOURNAL OF CRISIS INTERVENTION AND SUICIDE PREVENTION 35 : 3 pp. 145-153. , 9 p. (2014) f\u00fcggetlen id\u00e9z\u00e9sek: 3, \u00f6nid\u00e9z\u00e9s: 1, \u00f6sszes id\u00e9zetts\u00e9g: 4<\/li>\n<\/ol>\n<p>&nbsp;<\/p>\n<p><strong>Legjelent\u0151sebbnek tartott k\u00f6zlem\u00e9ny \u00e9s fogadtat\u00e1sa<\/strong><\/p>\n<p><strong>\u00a0<\/strong>Zalsman, G ; Hawton, K ; Wasserman, D ; van Heeringen, K ; Arensman, E ; Sarchiapone, M ; Carli, V ; Hoschl, C ; Barzilay,R ; Balazs, J ; Purebl, G et al. Suicide prevention strategies revisited: 10-year systematic review.LANCET PSYCHIATRY 3 : 7 pp. 646-659. , 14 p. (2016) indep. citations: 304, self-citations: 24, altogheter: 328<\/p>\n<p>A k\u00f6zlem\u00e9nyt egy nemzetk\u00f6zi szak\u00e9rt\u0151kb\u0151l \u00e1ll\u00f3 test\u00fcletk\u00e9nt \u00edrtuk, \u00e9s benne a val\u00f3ban bizony\u00edtottan hat\u00e9kony \u00f6ngyilkoss\u00e1g \u2013megel\u0151z\u0151s strat\u00e9gi\u00e1kat elemezt\u00fck \u00e9s \u00e9rt\u00e9kelt\u00fck, valamint tett\u00fcnk aj\u00e1nl\u00e1st alkalmaz\u00e1sukra valamint a t\u00e9m\u00e1ban tov\u00e1bb kutatand\u00f3 ter\u00fcletekre. A k\u00f6zlem\u00e9ny 304 f\u00fcggetlen id\u00e9zetts\u00e9get \u00e9rt el 2 \u00e9v alatt, \u00e9s ezzel a ter\u00fcleten a legnagyobb hat\u00e1s\u00fa k\u00f6zlem\u00e9nny\u00e9 v\u00e1lt. Szak\u00e9rt\u0151k\u00e9nt val\u00f3 megh\u00edv\u00e1som ebbe a szakter\u00fclet szempontj\u00e1b\u00f3l nagyon fontos \u00e1ttekint\u0151 munk\u00e1ba fontos elismer\u00e9se volt munkacsoportunk kor\u00e1bbi, kisebb visszhangot kiv\u00e1lt\u00f3 tudom\u00e1nyos eredm\u00e9nyeinek, a cikkben egy\u00e9bk\u00e9nt feladatom a direkt \u00f6ngyilkoss\u00e1g-megel\u0151z\u0151 hat\u00e1s\u00fa pszichoter\u00e1pi\u00e1k hat\u00e9konys\u00e1g\u00e1nak \u00e1ttekint\u00e9se volt. A sz\u00e1mos id\u00e9z\u0151 k\u00f6z\u00f6tt a pszichi\u00e1triai \u00e9s pszichoter\u00e1pi\u00e1s szakma legnagyobb preszt\u00edzs\u0171 lapjai szerepelnek (JAMA Psychiatry, Biritish J of Psychiatry, Am J of Psychiatry). A cikkben \u00f6sszefoglalt meg\u00e1llap\u00edt\u00e1sok a vil\u00e1g legt\u00f6bb orsz\u00e1g\u00e1ban az \u00f6ngyilkoss\u00e1gi- megel\u0151z\u00e9si strat\u00e9gi\u00e1k alapjaiv\u00e1 v\u00e1ltak. A cikket \u00edr\u00f3 munkacsoport t\u00f6bb tagja (velem egy\u00fctt) folyamatosan r\u00e9szt vesz a WHO \u00f6ngyilkoss\u00e1g-megel\u0151z\u0151 szak\u00e9rt\u0151i anyagainak fejleszt\u00e9s\u00e9ben.<\/p>\n<p>&nbsp;<\/p>\n<\/div><\/div>\n","protected":false},"excerpt":{"rendered":"<p><a href=\"https:\/\/semmelweis.hu\/magtud\/files\/2023\/05\/pgy.jpg\"><\/a> Dr. Purebl Gy\u00f6rgy szakmai \u00f6n\u00e9letrajza &nbsp; &nbsp; Tanulm\u00e1nyai: 1982-1986\u00a0\u00a0\u00a0\u00a0\u00a0 I. Istv\u00e1n Gimn\u00e1zium 1986-1993\u00a0\u00a0\u00a0\u00a0\u00a0 Semmelweis Orvostudom\u00e1nyi Egyetem \u00c1ltal\u00e1nos Orvosi Kar \u2013 \u00e1ltal\u00e1nos orvos Haynal Imre Eg\u00e9szs\u00e9gtudom\u00e1nyi Egyetem \u2013 pszichi\u00e1tria szakvizsga Semmelweis Egyeten Doktori Iskola, PhD k\u00e9pz\u00e9s Semmelweis E\/VIKOTE pszichoter\u00e1pi\u00e1s k\u00e9pz\u00e9s \u2013 pszichoter\u00e1pia szakvizsga 2011-t\u0151l\u00a0\u00a0\u00a0\u00a0\u00a0\u00a0\u00a0\u00a0\u00a0 Magyar Csal\u00e1dter\u00e1pi\u00e1s E \u2013 csal\u00e1dterapeuta k\u00e9pz\u00e9s (szuperv\u00edzi\u00f3s szakaszban) &nbsp; Munkahelyek: 1993-1995\u00a0\u00a0\u00a0\u00a0\u00a0 Jahn &hellip;<\/p>\n","protected":false},"author":110,"featured_media":0,"parent":2035,"menu_order":0,"comment_status":"closed","ping_status":"closed","template":"","meta":{"_acf_changed":false,"footnotes":""},"categories":[],"tags":[],"class_list":["post-11520","page","type-page","status-publish","hentry"],"acf":[],"_links":{"self":[{"href":"https:\/\/semmelweis.hu\/magtud\/wp-json\/wp\/v2\/pages\/11520","targetHints":{"allow":["GET"]}}],"collection":[{"href":"https:\/\/semmelweis.hu\/magtud\/wp-json\/wp\/v2\/pages"}],"about":[{"href":"https:\/\/semmelweis.hu\/magtud\/wp-json\/wp\/v2\/types\/page"}],"author":[{"embeddable":true,"href":"https:\/\/semmelweis.hu\/magtud\/wp-json\/wp\/v2\/users\/110"}],"replies":[{"embeddable":true,"href":"https:\/\/semmelweis.hu\/magtud\/wp-json\/wp\/v2\/comments?post=11520"}],"version-history":[{"count":8,"href":"https:\/\/semmelweis.hu\/magtud\/wp-json\/wp\/v2\/pages\/11520\/revisions"}],"predecessor-version":[{"id":12065,"href":"https:\/\/semmelweis.hu\/magtud\/wp-json\/wp\/v2\/pages\/11520\/revisions\/12065"}],"up":[{"embeddable":true,"href":"https:\/\/semmelweis.hu\/magtud\/wp-json\/wp\/v2\/pages\/2035"}],"wp:attachment":[{"href":"https:\/\/semmelweis.hu\/magtud\/wp-json\/wp\/v2\/media?parent=11520"}],"wp:term":[{"taxonomy":"category","embeddable":true,"href":"https:\/\/semmelweis.hu\/magtud\/wp-json\/wp\/v2\/categories?post=11520"},{"taxonomy":"post_tag","embeddable":true,"href":"https:\/\/semmelweis.hu\/magtud\/wp-json\/wp\/v2\/tags?post=11520"}],"curies":[{"name":"wp","href":"https:\/\/api.w.org\/{rel}","templated":true}]}}