{"id":11479,"date":"2023-05-15T13:50:34","date_gmt":"2023-05-15T11:50:34","guid":{"rendered":"https:\/\/semmelweis.hu\/magtud\/?page_id=11479"},"modified":"2023-11-15T09:22:35","modified_gmt":"2023-11-15T08:22:35","slug":"media-podcast","status":"publish","type":"page","link":"https:\/\/semmelweis.hu\/magtud\/media-podcast\/","title":{"rendered":"M\u00e9dia"},"content":{"rendered":"<h2>Podcast<\/h2>\n<div class=\"keretes w-100\">\n<p><strong>Kov\u00e1cs Eszterrel besz\u00e9lget Dr. Gy\u0151rffy Zsuzsa arr\u00f3l, hogy mik\u00e9nt indult, m\u0171k\u00f6dik \u00e9s fejl\u0151dik a Semmelweis Egyetem t\u00fcnetellen\u0151rz\u0151 applik\u00e1ci\u00f3ja.<\/strong><a href=\"https:\/\/semmelweis.hu\/magtud\/files\/2023\/11\/3-epizod_Kovacs-Eszter-scaled.jpg\"><img loading=\"lazy\" decoding=\"async\" class=\"alignright wp-image-12160 size-medium\" src=\"https:\/\/semmelweis.hu\/magtud\/files\/2023\/11\/3-epizod_Kovacs-Eszter-400x400.jpg\" alt=\"\" width=\"400\" height=\"400\" srcset=\"https:\/\/semmelweis.hu\/magtud\/files\/2023\/11\/3-epizod_Kovacs-Eszter-400x400.jpg 400w, https:\/\/semmelweis.hu\/magtud\/files\/2023\/11\/3-epizod_Kovacs-Eszter-1024x1024.jpg 1024w, https:\/\/semmelweis.hu\/magtud\/files\/2023\/11\/3-epizod_Kovacs-Eszter-150x150.jpg 150w, https:\/\/semmelweis.hu\/magtud\/files\/2023\/11\/3-epizod_Kovacs-Eszter-768x768.jpg 768w, https:\/\/semmelweis.hu\/magtud\/files\/2023\/11\/3-epizod_Kovacs-Eszter-1536x1536.jpg 1536w, https:\/\/semmelweis.hu\/magtud\/files\/2023\/11\/3-epizod_Kovacs-Eszter-2048x2048.jpg 2048w, https:\/\/semmelweis.hu\/magtud\/files\/2023\/11\/3-epizod_Kovacs-Eszter-753x753.jpg 753w\" sizes=\"auto, (max-width: 400px) 100vw, 400px\" \/><\/a><\/p>\n<p>A Semmelweis Egyetem kommunik\u00e1ci\u00f3ja nagyon sok ter\u00fcleten alakult \u00e1t az ut\u00f3bbi \u00e9vtizedben \u2013 \u00f6sszhangban a digitaliz\u00e1ci\u00f3 kih\u00edv\u00e1saival. A honlap-, k\u00f6z\u00f6ss\u00e9gim\u00e9dia-fejleszt\u00e9s \u00e9s az oktat\u00f3vide\u00f3k ut\u00e1n most \u00faj fejezet ny\u00edlt: ny\u00e1ron deb\u00fct\u00e1lt a Semmelweis HELP applik\u00e1ci\u00f3, amely a sz\u00fcl\u0151knek igyekszik seg\u00edts\u00e9get ny\u00fajtani<strong>, <\/strong>hogy gyermekeik betegs\u00e9ge, balesete eset\u00e9n milyen esetben kell elindulniuk az \u00fcgyeletre, k\u00f3rh\u00e1zba, illetve otthon hogyan enyh\u00edthet\u0151k az \u00e9szlelt t\u00fcnetek. A hazai szinten egyed\u00fcl\u00e1ll\u00f3 fejleszt\u00e9s az egyetem gyermekorvosai \u00e9s kommunik\u00e1ci\u00f3s szakemberei \u00e1ltal l\u00e9trehozott tud\u00e1sb\u00e1zison alapul, amely t\u00f6bb mint 220 gyermekbetegs\u00e9get tartalmaz.<\/p>\n<p>Hogyan t\u00f6rt\u00e9nik egy ilyen alkalmaz\u00e1s fejleszt\u00e9se? Mi\u00e9rt j\u00f3, ha minden sz\u00fcl\u0151 telefonj\u00e1n ott van ez az eszk\u00f6z? Milyen visszajelz\u00e9sek \u00e9rkeztek szakmai, orvosi oldalr\u00f3l? Mik az ismertet\u0151jegyei egy szakmailag megb\u00edzhat\u00f3 appnak? Mik a legfontosabb digit\u00e1lis eg\u00e9szs\u00e9gkommunik\u00e1ci\u00f3s alapszab\u00e1lyok, melyekkel mind a p\u00e1cienseknek, mind az ell\u00e1t\u00f3knak \u00e9rdemes tiszt\u00e1ban lenni\u00fck? Ezekr\u0151l a k\u00e9rd\u00e9sekr\u0151l besz\u00e9lgett\u00fcnk Kov\u00e1cs Eszterrel, a Semmelweis Egyetem Marketing \u00e9s Kommunik\u00e1ci\u00f3s F\u0151igazgat\u00f3s\u00e1g\u00e1nak igazgat\u00f3helyettes\u00e9vel, a Semmelweis HELP projektvezet\u0151j\u00e9vel.<\/p>\n<!--[if lt IE 9]><script>document.createElement('audio');<\/script><![endif]-->\n<audio class=\"wp-audio-shortcode\" id=\"audio-11479-1\" preload=\"none\" style=\"width: 100%;\" controls=\"controls\"><source type=\"audio\/mpeg\" src=\"https:\/\/semmelweis.hu\/magtud\/files\/2023\/11\/gyorffy4.mp3?_=1\" \/><a href=\"https:\/\/semmelweis.hu\/magtud\/files\/2023\/11\/gyorffy4.mp3\">https:\/\/semmelweis.hu\/magtud\/files\/2023\/11\/gyorffy4.mp3<\/a><\/audio>\n<\/div>\n<div class=\"keretes w-100\">\n<p><strong>Lehet-e a fogorvosl\u00e1s digit\u00e1lis?<a href=\"https:\/\/semmelweis.hu\/magtud\/files\/2023\/10\/Spotify_Epizod-2-boritokep11-scaled.jpg\"><img loading=\"lazy\" decoding=\"async\" class=\"alignright wp-image-12116 size-medium\" src=\"https:\/\/semmelweis.hu\/magtud\/files\/2023\/10\/Spotify_Epizod-2-boritokep11-400x400.jpg\" alt=\"\" width=\"400\" height=\"400\" srcset=\"https:\/\/semmelweis.hu\/magtud\/files\/2023\/10\/Spotify_Epizod-2-boritokep11-400x400.jpg 400w, https:\/\/semmelweis.hu\/magtud\/files\/2023\/10\/Spotify_Epizod-2-boritokep11-1024x1024.jpg 1024w, https:\/\/semmelweis.hu\/magtud\/files\/2023\/10\/Spotify_Epizod-2-boritokep11-150x150.jpg 150w, https:\/\/semmelweis.hu\/magtud\/files\/2023\/10\/Spotify_Epizod-2-boritokep11-768x768.jpg 768w, https:\/\/semmelweis.hu\/magtud\/files\/2023\/10\/Spotify_Epizod-2-boritokep11-1536x1536.jpg 1536w, https:\/\/semmelweis.hu\/magtud\/files\/2023\/10\/Spotify_Epizod-2-boritokep11-2048x2048.jpg 2048w, https:\/\/semmelweis.hu\/magtud\/files\/2023\/10\/Spotify_Epizod-2-boritokep11-753x753.jpg 753w\" sizes=\"auto, (max-width: 400px) 100vw, 400px\" \/><\/a><\/strong><\/p>\n<p><strong>Dr. N\u00e9meth Orsoly\u00e1val besz\u00e9lget Dr. Gy\u0151rffy Zsuzsa a fogorvosl\u00e1s \u00e9s a digit\u00e1lis vil\u00e1g kapcsolat\u00e1r\u00f3l: arr\u00f3l, hogy mik\u00e9nt tal\u00e1lkozhat egy manu\u00e1lis szakma \u00e9s a digitaliz\u00e1ci\u00f3 a mindennapi fogorvosi gyakorlatban.<\/strong><\/p>\n<p><em>\u201eA fogorvos-beteg kapcsolat sokkal jobban kialak\u00edthat\u00f3 \u00e9s fenntarthat\u00f3, ha haszn\u00e1ljuk ezeket a technol\u00f3gi\u00e1kat.\u201d<\/em><\/p>\n<p>Mit jelent a teledentistry, a telefog\u00e1szat? Hogyan hatott a COVID-19 a fogorvosl\u00e1s vil\u00e1g\u00e1ra \u00e9s milyen utakat nyitott a digit\u00e1lis megold\u00e1sok fel\u00e9? Hogyan fogadj\u00e1k a p\u00e1ciensek \u00e9s a koll\u00e9g\u00e1k az \u00faj lehet\u0151s\u00e9geket? 2023-ban melyek a legizgalmasabb digit\u00e1lis trendek a fogorvosl\u00e1sban idehaza \u00e9s a nemzetk\u00f6zi porondon? \u00c9s v\u00e9g\u00fcl: milyen digit\u00e1lis technik\u00e1kr\u00f3l tanulhat egy fogorvostanhallgat\u00f3 a Semmelweis Egyetemen?<\/p>\n<p>A fenti k\u00e9rd\u00e9seket j\u00e1rtuk k\u00f6r\u00fcl Dr. N\u00e9meth Orsoly\u00e1val, a Semmelweis Egyetem Fog\u00e1szati \u00e9s Sz\u00e1jseb\u00e9szeti Oktat\u00f3 Int\u00e9zet\u00e9nek igazgat\u00f3j\u00e1val, a Fogorvostudom\u00e1nyi Kar oktat\u00e1si d\u00e9k\u00e1nhelyettes\u00e9vel, budapesti szakfel\u00fcgyel\u0151 f\u0151orvossal.<\/p>\n<audio class=\"wp-audio-shortcode\" id=\"audio-11479-2\" preload=\"none\" style=\"width: 100%;\" controls=\"controls\"><source type=\"audio\/mpeg\" src=\"https:\/\/semmelweis.hu\/magtud\/files\/2023\/10\/gyorffy_digitalis_fogorvoslas.mp3?_=2\" \/><a href=\"https:\/\/semmelweis.hu\/magtud\/files\/2023\/10\/gyorffy_digitalis_fogorvoslas.mp3\">https:\/\/semmelweis.hu\/magtud\/files\/2023\/10\/gyorffy_digitalis_fogorvoslas.mp3<\/a><\/audio>\n<\/div>\n<div class=\"keretes w-100\">\n<p><strong>Dr. ChatGPT m\u00e1r a sp\u00e1jzban van? <\/strong><\/p>\n<p><em>Dr. Horv\u00e1th Tam\u00e1ssal besz\u00e9lget Dr. Gy\u0151rffy Zsuzsa a ChatGPT lehets\u00e9ges felhaszn\u00e1l\u00e1si lehet\u0151s\u00e9geir\u0151l az internetes eg\u00e9szs\u00e9g\u00fcgyi inform\u00e1ci\u00f3keres\u00e9s vil\u00e1g\u00e1ban.<\/em><\/p>\n<p><img loading=\"lazy\" decoding=\"async\" class=\"alignright wp-image-11935 size-medium\" src=\"https:\/\/semmelweis.hu\/magtud\/files\/2023\/06\/Spotify_Epizod--400x400.jpg\" alt=\"\" width=\"400\" height=\"400\" srcset=\"https:\/\/semmelweis.hu\/magtud\/files\/2023\/06\/Spotify_Epizod--400x400.jpg 400w, https:\/\/semmelweis.hu\/magtud\/files\/2023\/06\/Spotify_Epizod--1024x1024.jpg 1024w, https:\/\/semmelweis.hu\/magtud\/files\/2023\/06\/Spotify_Epizod--150x150.jpg 150w, https:\/\/semmelweis.hu\/magtud\/files\/2023\/06\/Spotify_Epizod--768x768.jpg 768w, https:\/\/semmelweis.hu\/magtud\/files\/2023\/06\/Spotify_Epizod--1536x1536.jpg 1536w, https:\/\/semmelweis.hu\/magtud\/files\/2023\/06\/Spotify_Epizod--2048x2048.jpg 2048w, https:\/\/semmelweis.hu\/magtud\/files\/2023\/06\/Spotify_Epizod--753x753.jpg 753w\" sizes=\"auto, (max-width: 400px) 100vw, 400px\" \/>V\u00e1ltoznak-e az internetes inform\u00e1ci\u00f3keres\u00e9si szok\u00e1sok a p\u00e1ciensek k\u00f6r\u00e9ben? Mire haszn\u00e1lja most \u00e9s mire haszn\u00e1lhatja majd n\u00e9h\u00e1ny \u00e9v m\u00falva egy \u201e\u00e1tlagos\u201d beteg a ChatGPT-t?<br \/>\nElk\u00e9pzelhet\u0151-e, hogy a kr\u00f3nikus betegek eg\u00e9szs\u00e9gmenedzsmentj\u00e9ben (pl. diabetes) komoly szerepet kap a ChatGPT, mint virtu\u00e1lis orvosi asszisztens? Milyen t\u00e9nyez\u0151k, skillek sz\u00fcks\u00e9gesek a sikeres haszn\u00e1lathoz? Mire haszn\u00e1lja egy orvos ma a saj\u00e1t, mindennapi gyakorlat\u00e1ban?<br \/>\nA fenti k\u00e9rd\u00e9seket j\u00e1rjuk k\u00f6r\u00fcl Dr. Horv\u00e1th Tam\u00e1s f\u00fcl-orr-g\u00e9g\u00e9sszel, az Eg\u00e9szs\u00e9gkommand\u00f3 \u00e9s a Hiteles Eg\u00e9szs\u00e9g Kommunik\u00e1ci\u00f3\u00e9rt Egyes\u00fclet t\u00e1rsalap\u00edt\u00f3j\u00e1val.<\/p>\n<audio class=\"wp-audio-shortcode\" id=\"audio-11479-3\" preload=\"none\" style=\"width: 100%;\" controls=\"controls\"><source type=\"audio\/mpeg\" src=\"https:\/\/semmelweis.hu\/magtud\/files\/2023\/06\/gyorffy_zsuzsa_chatgcp.mp3?_=3\" \/><a href=\"https:\/\/semmelweis.hu\/magtud\/files\/2023\/06\/gyorffy_zsuzsa_chatgcp.mp3\">https:\/\/semmelweis.hu\/magtud\/files\/2023\/06\/gyorffy_zsuzsa_chatgcp.mp3<\/a><\/audio>\n<\/div>\n<p>&nbsp;<\/p>\n<div class=\"keretes w-100\">\n<h6><strong>Mentor\u00e1l\u00e1s a bagi cig\u00e1nytelepen<\/strong> <em>(Mark\u00f3 Csan\u00e1d \u00e9s Csapody Tam\u00e1s podcastja, Budapest, 2023. m\u00e1rcius 31.)<\/em><\/h6>\n<p>Mark\u00f3 Csan\u00e1d a Semmelweis Egyetem \u00c1ltal\u00e1nos Orvosi Kar\u00e1nak m\u00e1sod\u00e9ves hallgat\u00f3jak\u00e9nt k\u00e9t f\u00e9l\u00e9ven kereszt\u00fcl mentori munk\u00e1t v\u00e9gzett a G\u00f6d\u00f6ll\u0151 melletti bagi cig\u00e1nytelepen. \u00d6sszesen 20 alkalommal tal\u00e1lkozott az \u00e1ltala mentor\u00e1lt csal\u00e1ddal 2021 novembere \u00e9s 2022 decembere k\u00f6z\u00f6tt. A nagycsal\u00e1d h\u00e9t tagj\u00e1val v\u00e9gzett eg\u00e9szs\u00e9g\u00fcgyi eduk\u00e1ci\u00f3s munk\u00e1t. Mark\u00f3 Csan\u00e1dot a Magatart\u00e1studom\u00e1nyi Int\u00e9zet tudom\u00e1nyos di\u00e1kk\u00f6ri munk\u00e1j\u00e1ban dr. Csapody Tam\u00e1s egyetemi docens \u00e9s a cig\u00e1nytelepen a BAG\u00e1zs K\u00f6zhaszn\u00fa Egyes\u00fclet seg\u00edtette.<\/p>\n<audio class=\"wp-audio-shortcode\" id=\"audio-11479-4\" preload=\"none\" style=\"width: 100%;\" controls=\"controls\"><source type=\"audio\/mpeg\" src=\"https:\/\/semmelweis.hu\/magtud\/files\/2023\/05\/Mentoralas-a-bagi-ciganytelepen.mp3?_=4\" \/><a href=\"https:\/\/semmelweis.hu\/magtud\/files\/2023\/05\/Mentoralas-a-bagi-ciganytelepen.mp3\">https:\/\/semmelweis.hu\/magtud\/files\/2023\/05\/Mentoralas-a-bagi-ciganytelepen.mp3<\/a><\/audio>\n<\/div>\n<p>&nbsp;<\/p>\n","protected":false},"excerpt":{"rendered":"<p>Podcast Kov\u00e1cs Eszterrel besz\u00e9lget Dr. Gy\u0151rffy Zsuzsa arr\u00f3l, hogy mik\u00e9nt indult, m\u0171k\u00f6dik \u00e9s fejl\u0151dik a Semmelweis Egyetem t\u00fcnetellen\u0151rz\u0151 applik\u00e1ci\u00f3ja. <a href=\"https:\/\/semmelweis.hu\/magtud\/files\/2023\/11\/3-epizod_Kovacs-Eszter-scaled.jpg\"><\/a> A Semmelweis Egyetem kommunik\u00e1ci\u00f3ja nagyon sok ter\u00fcleten alakult \u00e1t az ut\u00f3bbi \u00e9vtizedben \u2013 \u00f6sszhangban a digitaliz\u00e1ci\u00f3 kih\u00edv\u00e1saival. A honlap-, k\u00f6z\u00f6ss\u00e9gim\u00e9dia-fejleszt\u00e9s \u00e9s az oktat\u00f3vide\u00f3k ut\u00e1n most \u00faj fejezet ny\u00edlt: ny\u00e1ron deb\u00fct\u00e1lt a Semmelweis HELP applik\u00e1ci\u00f3, amely a &hellip;<\/p>\n","protected":false},"author":110,"featured_media":0,"parent":0,"menu_order":7,"comment_status":"closed","ping_status":"closed","template":"","meta":{"_acf_changed":false,"footnotes":""},"categories":[],"tags":[],"class_list":["post-11479","page","type-page","status-publish","hentry"],"acf":[],"_links":{"self":[{"href":"https:\/\/semmelweis.hu\/magtud\/wp-json\/wp\/v2\/pages\/11479","targetHints":{"allow":["GET"]}}],"collection":[{"href":"https:\/\/semmelweis.hu\/magtud\/wp-json\/wp\/v2\/pages"}],"about":[{"href":"https:\/\/semmelweis.hu\/magtud\/wp-json\/wp\/v2\/types\/page"}],"author":[{"embeddable":true,"href":"https:\/\/semmelweis.hu\/magtud\/wp-json\/wp\/v2\/users\/110"}],"replies":[{"embeddable":true,"href":"https:\/\/semmelweis.hu\/magtud\/wp-json\/wp\/v2\/comments?post=11479"}],"version-history":[{"count":11,"href":"https:\/\/semmelweis.hu\/magtud\/wp-json\/wp\/v2\/pages\/11479\/revisions"}],"predecessor-version":[{"id":12163,"href":"https:\/\/semmelweis.hu\/magtud\/wp-json\/wp\/v2\/pages\/11479\/revisions\/12163"}],"wp:attachment":[{"href":"https:\/\/semmelweis.hu\/magtud\/wp-json\/wp\/v2\/media?parent=11479"}],"wp:term":[{"taxonomy":"category","embeddable":true,"href":"https:\/\/semmelweis.hu\/magtud\/wp-json\/wp\/v2\/categories?post=11479"},{"taxonomy":"post_tag","embeddable":true,"href":"https:\/\/semmelweis.hu\/magtud\/wp-json\/wp\/v2\/tags?post=11479"}],"curies":[{"name":"wp","href":"https:\/\/api.w.org\/{rel}","templated":true}]}}