{"id":11031,"date":"2022-09-23T11:52:57","date_gmt":"2022-09-23T09:52:57","guid":{"rendered":"https:\/\/semmelweis.hu\/magtud\/?page_id=11031"},"modified":"2025-04-30T13:24:59","modified_gmt":"2025-04-30T11:24:59","slug":"dr-janos-major","status":"publish","type":"page","link":"https:\/\/semmelweis.hu\/magtud\/en\/institute\/staff\/dr-janos-major\/","title":{"rendered":"Dr. J\u00e1nos Major"},"content":{"rendered":"<p><img loading=\"lazy\" decoding=\"async\" class=\"alignnone size-medium wp-image-11033 alignright\" src=\"https:\/\/semmelweis.hu\/magtud\/files\/2022\/09\/MajorJanos_1-1-225x300.jpg\" alt=\"\" width=\"225\" height=\"300\" srcset=\"https:\/\/semmelweis.hu\/magtud\/files\/2022\/09\/MajorJanos_1-1-225x300.jpg 225w, https:\/\/semmelweis.hu\/magtud\/files\/2022\/09\/MajorJanos_1-1-768x1024.jpg 768w, https:\/\/semmelweis.hu\/magtud\/files\/2022\/09\/MajorJanos_1-1-1152x1536.jpg 1152w, https:\/\/semmelweis.hu\/magtud\/files\/2022\/09\/MajorJanos_1-1-1536x2048.jpg 1536w, https:\/\/semmelweis.hu\/magtud\/files\/2022\/09\/MajorJanos_1-1-scaled.jpg 1920w\" sizes=\"auto, (max-width: 225px) 100vw, 225px\" \/><\/p>\n<div class=\"responsive-tabs\">\n<h2 class=\"tabtitle\">Curriculum Vitae<\/h2>\n<div class=\"tabcontent\">\n\n<p><strong>Dr. J\u00e1nos Major, PhD \u2013\u00a0 Curriculum Vitae<\/strong><\/p>\n<p>&nbsp;<\/p>\n<p><a href=\"https:\/\/www.researchgate.net\/profile\/Major-Janos-2\"><strong>ResearchGate profile<\/strong><\/a><\/p>\n<p>&nbsp;<\/p>\n<p><strong>Personal data<\/strong><\/p>\n<p>Office Address: Semmelweis University, Institute of Behavioural Sciences, H-1089 Budapest, Nagyv\u00e1rad t\u00e9r 4., Hungary<\/p>\n<p>Phone: +36 1 210 2953<\/p>\n<p>E-mail: major [POINT] janos [AT] semmelweis [POINT] hu<\/p>\n<p><strong>Education \/ Degrees<\/strong><\/p>\n<ul>\n<li>Healthcare manager MSc\u00a0 2023 \u2013 Semmelweis University, <a href=\"https:\/\/semmelweis.hu\/emk\/en\/\">Health Services Management Training Centre<\/a><\/li>\n<li>Doctoral (PhD) degree 2021 \u2013 Semmelweis University, Mental Health Sciences Doctoral School, Budapest, Hungary<\/li>\n<li>Pain therapist 2019 \u2013 German Paediatric Pain Centre, Datteln, Germany<\/li>\n<li>Paediatric Gastroenterologist 2014 \u2013 Semmelweis University, Budapest, Hungary<\/li>\n<li>Paediatrician 2012 \u2013 Semmelweis University, Budapest, Hungary<\/li>\n<li>Family therapist 2008 \u2013 Hungarian Family Therapy Association<\/li>\n<li>Doctor of Medicine 2007 \u2013 Semmelweis University, Budapest, Hungary<\/li>\n<\/ul>\n<p>&nbsp;<\/p>\n<p><strong>Research interests<\/strong><\/p>\n<ul>\n<li><strong><em>acute pain management\u00a0<\/em><\/strong><strong>\u2013\u00a0<\/strong>setting up pain management programs, virtual reality in pain management<\/li>\n<li><strong><em>epidemiology of chronic pain and functional gastrointestinal disorders<\/em><\/strong>\u2013 associations between sociodemographic factors chronic pain and functional gastrointestinal disorders<\/li>\n<li><strong><em>multidisciplinary treatment of chronic pain\u00a0and other medically unexplained symptoms<\/em><\/strong>\u2013 effectivity of in- and out-patient treatment<\/li>\n<\/ul>\n<p>&nbsp;<\/p>\n<p><strong>Professional experience<\/strong><\/p>\n<ul>\n<li><strong><em>Pain and functional gastrointestinal disorders research<\/em><\/strong>\u2013 epidemiology and treatment effectiveness (Semmelweis University, Bethesda Children\u2019s Hospital)<\/li>\n<li><strong><em>Teaching\u00a0<\/em><\/strong>\u2013 Occupational Socialization, Medical Communication, Medical Psychology, Pain medicine, Psychosomatics and other post gradual courses in Hungarian, German and English for medical students, specialists, nurses, pharmacists and other healthcare professionals (Semmelweis University and other medical associations)<\/li>\n<li><strong><em>Tutoring gradual students and trainees since 2007<\/em><\/strong><\/li>\n<li><strong><em>Clinical work<\/em><\/strong>\u2013 paediatrician, paediatric gastroenterologist, pain therapist consultant (Bethesda Children\u2019s Hospital, Budapest)<\/li>\n<\/ul>\n<p>&nbsp;<\/p>\n<p><strong>Employment History<\/strong><\/p>\n<ul>\n<li><strong><em>Semmelweis University, Institute of Behavioural Sciences\u00a0<\/em><\/strong>\u2013 part time research fellow since 2022<\/li>\n<li><strong><em>German Paediatric Pain Centre, Datteln, Germany<\/em><\/strong> \u2013 2018-2019:<\/li>\n<li><strong><em>Family Services League Foundation<\/em><\/strong> \u20132007-2012<\/li>\n<li><strong><em>Bethesda Children\u2019s Hospital\u00a0<\/em><\/strong>\u2013paediatrician, paediatric gastroenterolgist, pain therapist since 2007<\/li>\n<\/ul>\n<p>&nbsp;<\/p>\n<p><strong>Research fellowships:<\/strong><\/p>\n<ul>\n<li><strong><em>Semmelweis University, Doctoral School \u2013 PhD fellowship<\/em><\/strong>\u2013 2015-2018<\/li>\n<\/ul>\n<p>&nbsp;<\/p>\n<p><strong>Publication activity<\/strong><\/p>\n<ul>\n<li>Book chapters: 1<\/li>\n<li>Articles in scientific journals: 14<\/li>\n<li>Hirsch-index: 4<\/li>\n<li>Independent citations: 66<\/li>\n<li>Full list of publications:\u00a0<a href=\"https:\/\/m2.mtmt.hu\/gui2\/?type=authors&amp;mode=browse&amp;sel=authors10053875\">click here<\/a><\/li>\n<\/ul>\n<p>&nbsp;<\/p>\n<p><strong>Conference Organization<\/strong><\/p>\n<ul>\n<li>International Symposium on Pediatric Pain: October 1-5. 2023. Halifax, Canada<\/li>\n<li>The 11<sup>st<\/sup> Datteln Pain Conference, March 14.-16. 2024. Recklinghausen, Germany<\/li>\n<\/ul>\n<p>&nbsp;<\/p>\n<p><strong>Membership:<\/strong><\/p>\n<ul>\n<li>International Association for the Study of Pain (IASP), Pain in Childhood SIG 2016-<\/li>\n<li>German Pain Society, Pain in Childhood Workgroup 2019-<\/li>\n<li>Hungarian Pain Society 2015-<\/li>\n<li>European Society of Paediatric Gastroenterology, Hepatology and Nutrition (ESPGHAN) 2014-<\/li>\n<li>ESPGHAN Motility Working Group 2020\u2013<\/li>\n<li>Hungarian Association of Paediatric Gastroenterology 2012-<\/li>\n<li>Hungarian Paediatric Association 2007-<\/li>\n<li>Hungarian Family Therapy Association 2006-<\/li>\n<li>Hungarian Michael Balint Psychosomatic Association 2006- (2007-2012 also general secretary)<\/li>\n<\/ul>\n<p>&nbsp;<\/p>\n<p><strong>Awards received:<\/strong><\/p>\n<ul>\n<li>Peth\u00e9nyi G\u00e9za III. Award for the best paediatric publication of the year (Hungarian Paediatric Association) 2013<\/li>\n<li>Henri Nestl\u00e9 III. Award for the best lecture of the Annual Conference of the Hungarian Association of Paediatric Gastroenterology 2013<\/li>\n<li>ESPGHAN International Exchange Award 2017<\/li>\n<\/ul>\n<p>&nbsp;<\/p>\n\n<\/div><h2 class=\"tabtitle\">Publications<\/h2>\n<div class=\"tabcontent\">\n\n<p>The full list of publication can be found in the data-base of MTMT. (<a href=\"https:\/\/m2.mtmt.hu\/gui2\/?type=authors&amp;mode=browse&amp;sel=authors10053875\">click here<\/a>)<\/p>\n<p><strong>Selected publications<\/strong><\/p>\n<p><strong>\u00a0<\/strong><\/p>\n<p><strong>Major J<\/strong> <em>et al.<\/em> A two-week inpatient programme with a booster improved long-term management of severe chronic paediatric pain. <em>J Child Heal Care<\/em> 2017;21:171\u2013180.<\/p>\n<p><strong>Major J, <\/strong>S \u00c1d\u00e1m. A gyermek-feln\u0151tt \u00e1tmenet modern felfog\u00e1sa \u2013 tranz\u00edci\u00f3 kr\u00f3nikus betegs\u00e9gekben (The modern approach of child- adult transition in chronic diseases. Article in Hungarian). <em>Lege Artis Med<\/em> 2018;28:48\u201352.<\/p>\n<p>Charbit-Henrion F, Parlato M, Hanein S, Duclaux-Loras R, Nowak J, Begue B, <strong>Major J<\/strong> et al. Diagnostic yield of next-generation sequencing in very early-onset inflammatory bowel diseases: A multicentre study. <em>J Crohn\u2019s Colitis<\/em> 2018;12:1104\u201312.<\/p>\n<p><strong>Major J,<\/strong> \u00c1d\u00e1m S. Self-reported specific learning disorders and risk factors among Hungarian adolescents with functional abdominal pain disorders: a cross sectional study. <em>BMC Pediatr<\/em> 2020;20(1):281.\u00a0<\/p>\n<p>Forg\u00e1cs-Krist\u00f3f K, <strong>Major J,<\/strong> \u00c1d\u00e1m S. Diagnostic and treatment recommendations from international guidelines for chronic low back pain. <em>Orv Hetil<\/em> 2021;162:1951\u201361.<\/p>\n<p>Claus BB, Stahlschmidt L, Dunford E, <strong>Major J<\/strong> et al. Intensive interdisciplinary pain treatment for children and adolescents with chronic noncancer pain: a preregistered systematic review and individual patient data meta-analysis. <em>Pain<\/em> 2022;Publish Ah. <a href=\"https:\/\/doi.org\/10.1097\/j.pain.0000000000002636\">https:\/\/doi.org\/10.1097\/j.pain.0000000000002636<\/a>.<\/p>\n<p>&nbsp;<\/p>\n<\/div><\/div>\n","protected":false},"excerpt":{"rendered":"<p>Dr. J\u00e1nos Major, PhD \u2013\u00a0 Curriculum Vitae &nbsp; <a href=\"https:\/\/www.researchgate.net\/profile\/Major-Janos-2\">ResearchGate profile<\/a> &nbsp; Personal data Office Address: Semmelweis University, Institute of Behavioural Sciences, H-1089 Budapest, Nagyv\u00e1rad t\u00e9r 4., Hungary Phone: +36 1 210 2953 E-mail: major [POINT] janos [AT] semmelweis [POINT] hu Education \/ Degrees Healthcare manager MSc\u00a0 2023 \u2013 Semmelweis University, <a href=\"https:\/\/semmelweis.hu\/emk\/en\/\">Health Services Management Training Centre<\/a> Doctoral (PhD) degree 2021 \u2013 Semmelweis University, &hellip;<\/p>\n","protected":false},"author":101277,"featured_media":0,"parent":3356,"menu_order":23,"comment_status":"closed","ping_status":"closed","template":"","meta":{"_acf_changed":false,"footnotes":""},"categories":[],"tags":[],"class_list":["post-11031","page","type-page","status-publish","hentry"],"acf":[],"_links":{"self":[{"href":"https:\/\/semmelweis.hu\/magtud\/wp-json\/wp\/v2\/pages\/11031","targetHints":{"allow":["GET"]}}],"collection":[{"href":"https:\/\/semmelweis.hu\/magtud\/wp-json\/wp\/v2\/pages"}],"about":[{"href":"https:\/\/semmelweis.hu\/magtud\/wp-json\/wp\/v2\/types\/page"}],"author":[{"embeddable":true,"href":"https:\/\/semmelweis.hu\/magtud\/wp-json\/wp\/v2\/users\/101277"}],"replies":[{"embeddable":true,"href":"https:\/\/semmelweis.hu\/magtud\/wp-json\/wp\/v2\/comments?post=11031"}],"version-history":[{"count":5,"href":"https:\/\/semmelweis.hu\/magtud\/wp-json\/wp\/v2\/pages\/11031\/revisions"}],"predecessor-version":[{"id":12797,"href":"https:\/\/semmelweis.hu\/magtud\/wp-json\/wp\/v2\/pages\/11031\/revisions\/12797"}],"up":[{"embeddable":true,"href":"https:\/\/semmelweis.hu\/magtud\/wp-json\/wp\/v2\/pages\/3356"}],"wp:attachment":[{"href":"https:\/\/semmelweis.hu\/magtud\/wp-json\/wp\/v2\/media?parent=11031"}],"wp:term":[{"taxonomy":"category","embeddable":true,"href":"https:\/\/semmelweis.hu\/magtud\/wp-json\/wp\/v2\/categories?post=11031"},{"taxonomy":"post_tag","embeddable":true,"href":"https:\/\/semmelweis.hu\/magtud\/wp-json\/wp\/v2\/tags?post=11031"}],"curies":[{"name":"wp","href":"https:\/\/api.w.org\/{rel}","templated":true}]}}