{"id":10755,"date":"2022-05-31T15:35:24","date_gmt":"2022-05-31T13:35:24","guid":{"rendered":"https:\/\/semmelweis.hu\/magtud\/?page_id=10755"},"modified":"2025-07-09T11:40:34","modified_gmt":"2025-07-09T09:40:34","slug":"fajdalom-es-pszichoszocialis-stressz-kutatocsoport","status":"publish","type":"page","link":"https:\/\/semmelweis.hu\/magtud\/kutatas\/kutatasi-teruletek\/fajdalom-es-pszichoszocialis-stressz-kutatocsoport\/","title":{"rendered":"F\u00e1jdalom \u00e9s pszichoszoci\u00e1lis stressz kutat\u00f3csoport"},"content":{"rendered":"<p><strong>F\u00e1jdalom \u00e9s pszichoszoci\u00e1lis stressz kutat\u00f3csoport<\/strong><\/p>\n<p>Vezet\u0151: Dr. \u00c1d\u00e1m Szilvia, egyetemi adjunktus, Dr. Major J\u00e1nos, egyetemi tan\u00e1rseg\u00e9d<\/p>\n<p>E-mail: <a href=\"mailto:adam.szilvia@med.semmelweis-univ.hu%20\">adam.szilvia@med.semmelweis-univ.hu <\/a>; <a href=\"mailto:major.janos@med.semmelweis-univ.hu\">major.janos@med.semmelweis-univ.hu<\/a><\/p>\n<p>Tagok:<\/p>\n<ol>\n<li>\u00c1d\u00e1m Szilvia, PhD, egyetemi adjunktus<\/li>\n<li>Major J\u00e1nos, PhD, egyetemi tan\u00e1rseg\u00e9d<\/li>\n<li>Bencsik Alexandra S\u00e1ra, TDK-hallgat\u00f3<\/li>\n<li>Forg\u00e1cs-Krist\u00f3f Katalin, PhD-hallgat\u00f3<\/li>\n<li>Gedeonn\u00e9 Dallos Rita, PhD -hallgat\u00f3<\/li>\n<li>Svraka Bernadett, PhD, tudom\u00e1nyos munkat\u00e1rs<\/li>\n<\/ol>\n<p><strong>Kutat\u00e1si ter\u00fclet<\/strong><\/p>\n<p>A f\u00e1jdalom \u00e9s pszichoszoci\u00e1lis stressz kutat\u00f3csoport a pszichol\u00f3gia \u00e9s az eg\u00e9szs\u00e9g k\u00f6z\u00f6tti \u00f6sszef\u00fcgg\u00e9sek felt\u00e1r\u00e1s\u00e1val foglalkozik.<\/p>\n<p>A kutat\u00f3csoport egyik kiemelt t\u00e9m\u00e1ja az akut \u00e9s kr\u00f3nikus f\u00e1jdalom epidemiol\u00f3gi\u00e1j\u00e1nak, kialakul\u00e1s\u00e1nak \u00e9s komorbidit\u00e1sainak vizsg\u00e1lata. A fentiek mellett a f\u00e1jdalom multidiszciplin\u00e1ris kezel\u00e9s\u00e9t, valamint f\u00e1jdalommenedzsment rendszerek kialak\u00edt\u00e1s\u00e1t kutatja.<\/p>\n<p>Csoportunk m\u00e1sik kiemelt kutat\u00e1si ter\u00fclete a ment\u00e1lis \u00e9s a testi megbeteged\u00e9sek, valamint a specifikus tanul\u00e1si zavarok bio-pszicho-szoci\u00e1lis \u00e9s kultur\u00e1lis h\u00e1tt\u00e9rt\u00e9nyez\u0151inek, \u00f6sszef\u00fcgg\u00e9s\u00e9nek \u00e9s esetleges k\u00f6vetkezm\u00e9nyeinek a felt\u00e1r\u00e1sa, valamint a ki\u00e9g\u00e9s m\u00e9r\u00e9s\u00e9nek metodikai fejleszt\u00e9se, a ki\u00e9g\u00e9s \u00e9s a depresszi\u00f3 differenci\u00e1ldiagnosztik\u00e1ja.<\/p>\n<p><strong>Fontosabb k\u00f6zlem\u00e9nyek:<\/strong><\/p>\n<ol>\n<li>Major J, Varga ZK, Gyimesi-Szikszai A, \u00c1d\u00e1m S. A two-week inpatient programme with a booster improved long-term management of severe chronic paediatric pain. J Child Heal Care 2017;21:171\u201380.<\/li>\n<li>\u00c1d\u00e1m Sz, Dombr\u00e1di V, M\u00e9sz\u00e1ros V, B\u00e1nyai G, Nostor A, B\u00edr\u00f3 K. Az Oldenburg Ki\u00e9g\u00e9s K\u00e9rd\u0151\u00edv \u00e9s r\u00f6vid\u00edtett v\u00e1ltozat\u00e1snak \u00f6sszehasonl\u00edt\u00f3 elemz\u00e9se. Ideggy\u00f3gy\u00e1szati Szemle\/Clinical Neuroscience, 2020; 231-240.<\/li>\n<li>God\u00f3 K, Major J, Gyimesi-Szikszai A, \u00c1d\u00e1m S. A kro\u0301nikus fa\u0301jdalom lehetse\u0301ges riziko\u0301te\u0301nyezo\u030bi e\u0301s ko\u0308vetkezme\u0301nyei a magyar tizene\u0301vesek ko\u0308re\u0301ben. Orv Hetil 2020;161:502\u2013509.<\/li>\n<li>Major J, \u00c1d\u00e1m S. Self-reported specific learning disorders and risk factors among Hungarian adolescents with functional abdominal pain disorders: a cross sectional study. BMC Pediatr 2020;20:281.<\/li>\n<li>Forg\u00e1cs-Krist\u00f3f K, Major J, \u00c1d\u00e1m S. A kr\u00f3nikus der\u00e9kf\u00e1jdalom korszer\u0171 diagnosztik\u00e1ja \u00e9s kezel\u00e9se a nemzetk\u00f6zi ir\u00e1nyelvek t\u00fckr\u00e9ben. Orv Hetil 2021;162:1951\u201361.<\/li>\n<li>\u00c1d\u00e1m Sz, Nistor A, Nistor K, Cserh\u00e1ti Z, M\u00e9sz\u00e1ros V. A ki\u00e9g\u00e9s \u00e9s depresszi\u00f3 diagnosztiz\u00e1l\u00e1s\u00e1nak el\u0151seg\u00edt\u00e9se demogr\u00e1fiai \u00e9s munkahelyi v\u00e9d\u0151- \u00e9s kock\u00e1zati t\u00e9nyez\u0151ik felt\u00e1r\u00e1s\u00e1val eg\u00e9szs\u00e9g\u00fcgyi szakdolgoz\u00f3k k\u00f6r\u00e9ben. Orvosi Hetilap 2015, 1288-1297.<\/li>\n<li>\u00c1d\u00e1m Sz, M\u00e9sz\u00e1ros V. A hum\u00e1n szolg\u00e1ltat\u00f3 szektorban dolgoz\u00f3k ki\u00e9g\u00e9s\u00e9nek m\u00e9r\u00e9s\u00e9re szolg\u00e1l\u00f3 Masclach Ki\u00e9g\u00e9s Lelt\u00e1r magyar v\u00e1ltozat\u00e1nak pszichometriai jellemz\u0151i \u00e9s eg\u00e9szs\u00e9g\u00fcgyi korrel\u00e1tumai orvosok k\u00f6r\u00e9ben. Ment\u00e1lhigi\u00e9n\u00e9 \u00e9s Pszichoszomatika 13, 2012, 127-144.<\/li>\n<\/ol>\n<p>&nbsp;<\/p>\n","protected":false},"excerpt":{"rendered":"<p>F\u00e1jdalom \u00e9s pszichoszoci\u00e1lis stressz kutat\u00f3csoport Vezet\u0151: Dr. \u00c1d\u00e1m Szilvia, egyetemi adjunktus, Dr. Major J\u00e1nos, egyetemi tan\u00e1rseg\u00e9d E-mail: <a href=\"mailto:adam.szilvia@med.semmelweis-univ.hu%20\">adam.szilvia@med.semmelweis-univ.hu <\/a> ; <a href=\"mailto:major.janos@med.semmelweis-univ.hu\">major.janos@med.semmelweis-univ.hu<\/a> Tagok: \u00c1d\u00e1m Szilvia, PhD, egyetemi adjunktus Major J\u00e1nos, PhD, egyetemi tan\u00e1rseg\u00e9d Bencsik Alexandra S\u00e1ra, TDK-hallgat\u00f3 Forg\u00e1cs-Krist\u00f3f Katalin, PhD-hallgat\u00f3 Gedeonn\u00e9 Dallos Rita, PhD -hallgat\u00f3 Svraka Bernadett, PhD, tudom\u00e1nyos munkat\u00e1rs Kutat\u00e1si ter\u00fclet A f\u00e1jdalom \u00e9s pszichoszoci\u00e1lis stressz kutat\u00f3csoport a &hellip;<\/p>\n","protected":false},"author":101277,"featured_media":0,"parent":2059,"menu_order":18,"comment_status":"closed","ping_status":"closed","template":"","meta":{"_acf_changed":false,"footnotes":""},"categories":[],"tags":[],"class_list":["post-10755","page","type-page","status-publish","hentry"],"acf":[],"_links":{"self":[{"href":"https:\/\/semmelweis.hu\/magtud\/wp-json\/wp\/v2\/pages\/10755","targetHints":{"allow":["GET"]}}],"collection":[{"href":"https:\/\/semmelweis.hu\/magtud\/wp-json\/wp\/v2\/pages"}],"about":[{"href":"https:\/\/semmelweis.hu\/magtud\/wp-json\/wp\/v2\/types\/page"}],"author":[{"embeddable":true,"href":"https:\/\/semmelweis.hu\/magtud\/wp-json\/wp\/v2\/users\/101277"}],"replies":[{"embeddable":true,"href":"https:\/\/semmelweis.hu\/magtud\/wp-json\/wp\/v2\/comments?post=10755"}],"version-history":[{"count":5,"href":"https:\/\/semmelweis.hu\/magtud\/wp-json\/wp\/v2\/pages\/10755\/revisions"}],"predecessor-version":[{"id":12883,"href":"https:\/\/semmelweis.hu\/magtud\/wp-json\/wp\/v2\/pages\/10755\/revisions\/12883"}],"up":[{"embeddable":true,"href":"https:\/\/semmelweis.hu\/magtud\/wp-json\/wp\/v2\/pages\/2059"}],"wp:attachment":[{"href":"https:\/\/semmelweis.hu\/magtud\/wp-json\/wp\/v2\/media?parent=10755"}],"wp:term":[{"taxonomy":"category","embeddable":true,"href":"https:\/\/semmelweis.hu\/magtud\/wp-json\/wp\/v2\/categories?post=10755"},{"taxonomy":"post_tag","embeddable":true,"href":"https:\/\/semmelweis.hu\/magtud\/wp-json\/wp\/v2\/tags?post=10755"}],"curies":[{"name":"wp","href":"https:\/\/api.w.org\/{rel}","templated":true}]}}