{"id":10603,"date":"2022-03-18T11:36:38","date_gmt":"2022-03-18T10:36:38","guid":{"rendered":"https:\/\/semmelweis.hu\/magtud\/?page_id=10603"},"modified":"2025-11-12T11:56:40","modified_gmt":"2025-11-12T10:56:40","slug":"betegjogi-kepviselo","status":"publish","type":"page","link":"https:\/\/semmelweis.hu\/magtud\/gyogyitas\/betegjogi-kepviselo\/","title":{"rendered":"Betegjogi k\u00e9pvisel\u0151"},"content":{"rendered":"<p>A Magatart\u00e1studom\u00e1nyi Int\u00e9zet Szakrendel\u0151j\u00e9nek betegjogi k\u00e9pvisel\u0151je:<\/p>\n<p style=\"text-align: center\"><strong>Dr. Mina Andr\u00e1s<\/strong><br \/>\nbetegjogi k\u00e9pvisel\u0151<\/p>\n<p style=\"text-align: center\">Telefon: <a href=\"tel:\/\/+36204899577\/\">+36 20\/489-9577<\/a><\/p>\n<p style=\"text-align: center\">e-mail c\u00edm: <a href=\"mailto:andras.mina@ijb.emmi.gov.hu\">andras.mina@ijb.emmi.gov.hu<\/a><\/p>\n<p style=\"text-align: center\"><strong>A betegjogi k\u00e9pvisel\u0151 az eg\u00e9szs\u00e9g\u00fcgyi int\u00e9zm\u00e9nyt\u0151l f\u00fcggetlen szem\u00e9ly, az Integr\u00e1lt Jogv\u00e9delmi Szolg\u00e1lat munkat\u00e1rsa.<\/strong><\/p>\n","protected":false},"excerpt":{"rendered":"<p>A Magatart\u00e1studom\u00e1nyi Int\u00e9zet Szakrendel\u0151j\u00e9nek betegjogi k\u00e9pvisel\u0151je:<br \/>\nDr. Mina Andr\u00e1s<br \/>\nbetegjogi k\u00e9pvisel\u0151<br \/>\nTelefon: <a href=\"tel:\/\/+36204899577\/\">+36 20\/489-9577<\/a><br \/>\ne-mail c\u00edm: <a href=\"mailto:andras.mina@ijb.emmi.gov.hu\">andras.mina@ijb.emmi.gov.hu<\/a><br \/>\nA betegjogi k\u00e9pvisel\u0151 az eg\u00e9szs\u00e9g\u00fcgyi int\u00e9zm\u00e9nyt\u0151l f\u00fcggetlen szem\u00e9ly, az Integr\u00e1lt Jogv\u00e9delmi Szolg\u00e1lat munkat\u00e1rsa.<\/p>\n","protected":false},"author":101277,"featured_media":0,"parent":2391,"menu_order":10,"comment_status":"closed","ping_status":"closed","template":"","meta":{"_acf_changed":false,"footnotes":""},"categories":[],"tags":[],"class_list":["post-10603","page","type-page","status-publish","hentry"],"acf":[],"_links":{"self":[{"href":"https:\/\/semmelweis.hu\/magtud\/wp-json\/wp\/v2\/pages\/10603","targetHints":{"allow":["GET"]}}],"collection":[{"href":"https:\/\/semmelweis.hu\/magtud\/wp-json\/wp\/v2\/pages"}],"about":[{"href":"https:\/\/semmelweis.hu\/magtud\/wp-json\/wp\/v2\/types\/page"}],"author":[{"embeddable":true,"href":"https:\/\/semmelweis.hu\/magtud\/wp-json\/wp\/v2\/users\/101277"}],"replies":[{"embeddable":true,"href":"https:\/\/semmelweis.hu\/magtud\/wp-json\/wp\/v2\/comments?post=10603"}],"version-history":[{"count":6,"href":"https:\/\/semmelweis.hu\/magtud\/wp-json\/wp\/v2\/pages\/10603\/revisions"}],"predecessor-version":[{"id":12863,"href":"https:\/\/semmelweis.hu\/magtud\/wp-json\/wp\/v2\/pages\/10603\/revisions\/12863"}],"up":[{"embeddable":true,"href":"https:\/\/semmelweis.hu\/magtud\/wp-json\/wp\/v2\/pages\/2391"}],"wp:attachment":[{"href":"https:\/\/semmelweis.hu\/magtud\/wp-json\/wp\/v2\/media?parent=10603"}],"wp:term":[{"taxonomy":"category","embeddable":true,"href":"https:\/\/semmelweis.hu\/magtud\/wp-json\/wp\/v2\/categories?post=10603"},{"taxonomy":"post_tag","embeddable":true,"href":"https:\/\/semmelweis.hu\/magtud\/wp-json\/wp\/v2\/tags?post=10603"}],"curies":[{"name":"wp","href":"https:\/\/api.w.org\/{rel}","templated":true}]}}