{"id":10292,"date":"2021-10-13T08:51:23","date_gmt":"2021-10-13T06:51:23","guid":{"rendered":"https:\/\/semmelweis.hu\/magtud\/?page_id=10292"},"modified":"2024-11-29T08:55:39","modified_gmt":"2024-11-29T07:55:39","slug":"bildungsanktionsplan","status":"publish","type":"page","link":"https:\/\/semmelweis.hu\/magtud\/de\/lehre\/bildungsanktionsplan\/","title":{"rendered":"Bildungsanktionsplan"},"content":{"rendered":"<p><strong>Aktionsplan basierend auf dem Feedback der Studierenden im Fach <\/strong><strong>Medizinische Psychologie 2. <\/strong>AOKMAG1082_2N<\/p>\n<p>Erste Semester des 2023\/2024 Akademisches Jahr<\/p>\n<p>Abteilung: Institut f\u00fcr Verhaltenswissenschaften<\/p>\n<p>Fakult\u00e4t: Humanmedizin<\/p>\n<p>Die Bewertungen der Praktika liegen etwas \u00fcber dem Fakult\u00e4tsdurchschnitt, und zwar in positiver Richtung. In den R\u00fcckmeldungen hoben die Studierenden besonders die zum Nachdenken anregende und die fachliche Weiterentwicklung unterst\u00fctzende Haltung sowie die Unterrichtsf\u00fchrung der Lehrenden hervor. In der Bewertung des Faches allgemein lagen die Bewertungen leicht unter dem Fakult\u00e4tsdurchschnitt. Wir danken f\u00fcr das Feedback zu den verpflichtenden Referaten der Studierenden und einigen Aufgaben w\u00e4hrend der Praktika. Diese werden wir im Lehrendenteam besprechen und eventuell ge\u00e4ndert. Zudem wird die Anpassung der punktesammelnden Testfragen am Ende der Vorlesungen auf Basis der studentischen Vorschl\u00e4ge \u00fcberdacht.<\/p>\n<p>Der Aktionsplan wurde erstellt von: Judit S\u00fcle<\/p>\n<p>&nbsp;<\/p>\n","protected":false},"excerpt":{"rendered":"<p>Aktionsplan basierend auf dem Feedback der Studierenden im Fach Medizinische Psychologie 2. AOKMAG1082_2N Erste Semester des 2023\/2024 Akademisches Jahr Abteilung: Institut f\u00fcr Verhaltenswissenschaften Fakult\u00e4t: Humanmedizin Die Bewertungen der Praktika liegen etwas \u00fcber dem Fakult\u00e4tsdurchschnitt, und zwar in positiver Richtung. In den R\u00fcckmeldungen hoben die Studierenden besonders die zum Nachdenken anregende und die fachliche Weiterentwicklung unterst\u00fctzende &hellip;<\/p>\n","protected":false},"author":110,"featured_media":0,"parent":4087,"menu_order":4,"comment_status":"closed","ping_status":"closed","template":"","meta":{"_acf_changed":false,"footnotes":""},"categories":[],"tags":[],"class_list":["post-10292","page","type-page","status-publish","hentry"],"acf":[],"_links":{"self":[{"href":"https:\/\/semmelweis.hu\/magtud\/wp-json\/wp\/v2\/pages\/10292","targetHints":{"allow":["GET"]}}],"collection":[{"href":"https:\/\/semmelweis.hu\/magtud\/wp-json\/wp\/v2\/pages"}],"about":[{"href":"https:\/\/semmelweis.hu\/magtud\/wp-json\/wp\/v2\/types\/page"}],"author":[{"embeddable":true,"href":"https:\/\/semmelweis.hu\/magtud\/wp-json\/wp\/v2\/users\/110"}],"replies":[{"embeddable":true,"href":"https:\/\/semmelweis.hu\/magtud\/wp-json\/wp\/v2\/comments?post=10292"}],"version-history":[{"count":5,"href":"https:\/\/semmelweis.hu\/magtud\/wp-json\/wp\/v2\/pages\/10292\/revisions"}],"predecessor-version":[{"id":12659,"href":"https:\/\/semmelweis.hu\/magtud\/wp-json\/wp\/v2\/pages\/10292\/revisions\/12659"}],"up":[{"embeddable":true,"href":"https:\/\/semmelweis.hu\/magtud\/wp-json\/wp\/v2\/pages\/4087"}],"wp:attachment":[{"href":"https:\/\/semmelweis.hu\/magtud\/wp-json\/wp\/v2\/media?parent=10292"}],"wp:term":[{"taxonomy":"category","embeddable":true,"href":"https:\/\/semmelweis.hu\/magtud\/wp-json\/wp\/v2\/categories?post=10292"},{"taxonomy":"post_tag","embeddable":true,"href":"https:\/\/semmelweis.hu\/magtud\/wp-json\/wp\/v2\/tags?post=10292"}],"curies":[{"name":"wp","href":"https:\/\/api.w.org\/{rel}","templated":true}]}}