{"id":10284,"date":"2021-10-13T08:40:36","date_gmt":"2021-10-13T06:40:36","guid":{"rendered":"https:\/\/semmelweis.hu\/magtud\/?page_id=10284"},"modified":"2024-11-29T08:39:54","modified_gmt":"2024-11-29T07:39:54","slug":"oktatasi-intezkedesi-tervek","status":"publish","type":"page","link":"https:\/\/semmelweis.hu\/magtud\/oktatas\/oktatasi-intezkedesi-tervek\/","title":{"rendered":"Oktat\u00e1si int\u00e9zked\u00e9si tervek"},"content":{"rendered":"<h4><strong>Int\u00e9zked\u00e9si terv az <\/strong><strong>OMHV adatai alapj\u00e1n (2023\/2024)<br \/>\n<\/strong><\/h4>\n<p><strong>Szervezeti egys\u00e9g: Magatart\u00e1studom\u00e1nyi Int\u00e9zet<br \/>\n<\/strong><strong>Kar: \u00c1ltal\u00e1nos Orvostudom\u00e1nyi Kar<br \/>\n<\/strong><\/p>\n<p><a href=\"https:\/\/semmelweis.hu\/magtud\/files\/2024\/11\/Orvosi-pszichologia-AOKMAG735_1M.docx\">Orvosi pszichol\u00f3gia AOKMAG735_1M<\/a><\/p>\n<p><a href=\"https:\/\/semmelweis.hu\/magtud\/files\/2024\/11\/Orvos-egeszsegugyi-szociologia-AOKMAG1017_1M.docx\">Orvos-eg\u00e9szs\u00e9g\u00fcgyi szociol\u00f3gia AOKMAG1017_1M<\/a><\/p>\n<p><a href=\"https:\/\/semmelweis.hu\/magtud\/files\/2024\/11\/Orvosi-etika-bioetika-AOKMAG741_1M.docx\">Orvosi etika bioetika-AOKMAG741_1M<\/a><\/p>\n<p><a href=\"https:\/\/semmelweis.hu\/magtud\/files\/2024\/11\/Orvosi-kommunikacio-AOKMAG1018_1M.docx\">Orvosi kommunik\u00e1ci\u00f3 AOKMAG1018_1M<\/a><\/p>\n<p><a href=\"https:\/\/semmelweis.hu\/magtud\/files\/2024\/11\/Fogorvosi-pszichologia-FOKVMAG233_1M.docx\">Fogorvosi pszichol\u00f3gia FOKVMAG233_1M<\/a><\/p>\n<p><a href=\"https:\/\/semmelweis.hu\/magtud\/files\/2024\/11\/Orvosi-szociologia-FOKVMAG235_1M.docx\">Orvosi szociol\u00f3gia FOKVMAG235_1M<\/a><\/p>\n<p><a href=\"https:\/\/semmelweis.hu\/magtud\/files\/2024\/11\/Fogorvosi-etika-FOKVMAG259_1M.docx\">Fogorvosi etika FOKVMAG259_1M<\/a><\/p>\n","protected":false},"excerpt":{"rendered":"<p>Int\u00e9zked\u00e9si terv az OMHV adatai alapj\u00e1n (2023\/2024)<\/p>\n<p>Szervezeti egys\u00e9g: Magatart\u00e1studom\u00e1nyi Int\u00e9zet<br \/>\nKar: \u00c1ltal\u00e1nos Orvostudom\u00e1nyi Kar<\/p>\n<p><a href=\"https:\/\/semmelweis.hu\/magtud\/files\/2024\/11\/Orvosi-pszichologia-AOKMAG735_1M.docx\">Orvosi pszichol\u00f3gia AOKMAG735_1M<\/a><br \/>\n<a href=\"https:\/\/semmelweis.hu\/magtud\/files\/2024\/11\/Orvos-egeszsegugyi-szociologia-AOKMAG1017_1M.docx\">Orvos-eg\u00e9szs\u00e9g\u00fcgyi szociol\u00f3gia AOKMAG1017_1M<\/a><br \/>\n<a href=\"https:\/\/semmelweis.hu\/magtud\/files\/2024\/11\/Orvosi-etika-bioetika-AOKMAG741_1M.docx\">Orvosi etika bioetika-AOKMAG741_1M<\/a><br \/>\n<a href=\"https:\/\/semmelweis.hu\/magtud\/files\/2024\/11\/Orvosi-kommunikacio-AOKMAG1018_1M.docx\">Orvosi kommunik\u00e1ci\u00f3 AOKMAG1018_1M<\/a><br \/>\n<a href=\"https:\/\/semmelweis.hu\/magtud\/files\/2024\/11\/Fogorvosi-pszichologia-FOKVMAG233_1M.docx\">Fogorvosi pszichol\u00f3gia FOKVMAG233_1M<\/a><br \/>\n<a href=\"https:\/\/semmelweis.hu\/magtud\/files\/2024\/11\/Orvosi-szociologia-FOKVMAG235_1M.docx\">Orvosi szociol\u00f3gia FOKVMAG235_1M<\/a><br \/>\n<a href=\"https:\/\/semmelweis.hu\/magtud\/files\/2024\/11\/Fogorvosi-etika-FOKVMAG259_1M.docx\">Fogorvosi etika FOKVMAG259_1M<\/a><\/p>\n","protected":false},"author":110,"featured_media":0,"parent":2383,"menu_order":10,"comment_status":"closed","ping_status":"closed","template":"","meta":{"_acf_changed":false,"footnotes":""},"categories":[],"tags":[],"class_list":["post-10284","page","type-page","status-publish","hentry"],"acf":[],"_links":{"self":[{"href":"https:\/\/semmelweis.hu\/magtud\/wp-json\/wp\/v2\/pages\/10284","targetHints":{"allow":["GET"]}}],"collection":[{"href":"https:\/\/semmelweis.hu\/magtud\/wp-json\/wp\/v2\/pages"}],"about":[{"href":"https:\/\/semmelweis.hu\/magtud\/wp-json\/wp\/v2\/types\/page"}],"author":[{"embeddable":true,"href":"https:\/\/semmelweis.hu\/magtud\/wp-json\/wp\/v2\/users\/110"}],"replies":[{"embeddable":true,"href":"https:\/\/semmelweis.hu\/magtud\/wp-json\/wp\/v2\/comments?post=10284"}],"version-history":[{"count":10,"href":"https:\/\/semmelweis.hu\/magtud\/wp-json\/wp\/v2\/pages\/10284\/revisions"}],"predecessor-version":[{"id":12651,"href":"https:\/\/semmelweis.hu\/magtud\/wp-json\/wp\/v2\/pages\/10284\/revisions\/12651"}],"up":[{"embeddable":true,"href":"https:\/\/semmelweis.hu\/magtud\/wp-json\/wp\/v2\/pages\/2383"}],"wp:attachment":[{"href":"https:\/\/semmelweis.hu\/magtud\/wp-json\/wp\/v2\/media?parent=10284"}],"wp:term":[{"taxonomy":"category","embeddable":true,"href":"https:\/\/semmelweis.hu\/magtud\/wp-json\/wp\/v2\/categories?post=10284"},{"taxonomy":"post_tag","embeddable":true,"href":"https:\/\/semmelweis.hu\/magtud\/wp-json\/wp\/v2\/tags?post=10284"}],"curies":[{"name":"wp","href":"https:\/\/api.w.org\/{rel}","templated":true}]}}