{"id":5,"date":"2021-06-22T15:58:58","date_gmt":"2021-06-22T13:58:58","guid":{"rendered":"https:\/\/semmelweis.hu\/laborallat-tudomany\/?page_id=5"},"modified":"2025-07-31T13:52:33","modified_gmt":"2025-07-31T11:52:33","slug":"laborallat-tudomanyi-koordinacios-kozpont-bemutatasa","status":"publish","type":"page","link":"https:\/\/semmelweis.hu\/ltkk\/","title":{"rendered":"Labor\u00e1llat-tudom\u00e1nyi Koordin\u00e1ci\u00f3s K\u00f6zpont bemutat\u00e1sa"},"content":{"rendered":"<p>&nbsp;<\/p>\n<p><img loading=\"lazy\" decoding=\"async\" class=\"wp-image-376 aligncenter\" src=\"https:\/\/semmelweis.hu\/ltkk\/files\/2025\/07\/ujlogo1.jpg\" alt=\"\" width=\"892\" height=\"168\" srcset=\"https:\/\/semmelweis.hu\/ltkk\/files\/2025\/07\/ujlogo1.jpg 1592w, https:\/\/semmelweis.hu\/ltkk\/files\/2025\/07\/ujlogo1-400x75.jpg 400w, https:\/\/semmelweis.hu\/ltkk\/files\/2025\/07\/ujlogo1-1024x193.jpg 1024w, https:\/\/semmelweis.hu\/ltkk\/files\/2025\/07\/ujlogo1-768x145.jpg 768w, https:\/\/semmelweis.hu\/ltkk\/files\/2025\/07\/ujlogo1-1536x289.jpg 1536w, https:\/\/semmelweis.hu\/ltkk\/files\/2025\/07\/ujlogo1-753x142.jpg 753w\" sizes=\"auto, (max-width: 892px) 100vw, 892px\" \/><\/p>\n<p>Az Egyetem alapfeladataihoz kapcsol\u00f3d\u00f3 k\u00f6zponti szervezeti egys\u00e9g, amelynek feladata az Egyetem oktat\u00e1si \u00e9s kutat\u00e1si tev\u00e9kenys\u00e9g\u00e9ben t\u00f6rt\u00e9n\u0151 akt\u00edv k\u00f6zrem\u0171k\u00f6d\u00e9s minden olyan ter\u00fcleten, amely a laborat\u00f3riumi \u00e1llatok felhaszn\u00e1l\u00e1s\u00e1val kapcsolatos.<\/p>\n<p>M\u0171k\u00f6d\u00e9si k\u00f6r\u00e9be k\u00fcl\u00f6n\u00f6sen beletartoznak adatgy\u0171jt\u00e9si, elemz\u0151i, tervez\u0151i, fejleszt\u0151i, tan\u00e1csad\u00f3i, a strat\u00e9giai d\u00f6nt\u00e9shozatalt t\u00e1mogat\u00f3 tev\u00e9kenys\u00e9gek, amelyek el\u0151seg\u00edtik a laborat\u00f3riumi \u00e1llatok hat\u00e9kony felhaszn\u00e1l\u00e1s\u00e1t \u00e9s azt t\u00e1mogat\u00f3 egys\u00e9ges min\u0151s\u00e9gbiztos\u00edt\u00e1si rendszer m\u0171k\u00f6d\u00e9s\u00e9t, az egyetemi oktat\u00e1si \u00e9s kutat\u00f3i munka eredm\u00e9nyess\u00e9g\u00e9t \u00e9s nemzetk\u00f6zi versenyk\u00e9pess\u00e9g\u00e9nek jav\u00edt\u00e1s\u00e1t.<\/p>\n<p>A Labor\u00e1llat-tudom\u00e1nyi Koordin\u00e1ci\u00f3s K\u00f6zpontot a rektor ir\u00e1ny\u00edtja. A rektor ir\u00e1ny\u00edt\u00e1si jogk\u00f6r\u00e9nek gyakorl\u00e1s\u00e1ban a tudom\u00e1nyos \u00e9s innov\u00e1ci\u00f3s rektorhelyettes k\u00f6zrem\u0171k\u00f6dik. A Labor\u00e1llat-tudom\u00e1nyi Koordin\u00e1ci\u00f3s K\u00f6zpont az igazgat\u00f3 vezeti, akit a rektor b\u00edz meg.\u00a0<\/p>\n<p>A Labor\u00e1llat-tudom\u00e1nyi Koordin\u00e1ci\u00f3s K\u00f6zpont ir\u00e1ny\u00edt\u00e1s\u00e1val \u00f6sszef\u00fcgg\u0151 feladatok ell\u00e1t\u00e1sa sor\u00e1n az igazgat\u00f3 \u00e9s a <a href=\"https:\/\/semmelweis.hu\/tudrh\/altalanos-informaciok\/\">tudom\u00e1nyos-kutat\u00e1si-innov\u00e1ci\u00f3s k\u00f6zponti szervezeti egys\u00e9gek<\/a>, az Egyetem \u00e1llath\u00e1zai, a <a href=\"https:\/\/semmelweis.hu\/allatjoleti-bizottsag\/\">Munkahelyi \u00c1llatj\u00f3l\u00e9ti Bizotts\u00e1g<\/a>, valamint a <a href=\"https:\/\/semmelweis.hu\/kancellaria\/\">kancell\u00e1ri<\/a> ir\u00e1ny\u00edt\u00e1s al\u00e1 tartoz\u00f3 k\u00f6zponti szervezeti egys\u00e9gek egy\u00fcttm\u0171k\u00f6dnek.<\/p>\n<p><strong>A Labor\u00e1llat-tudom\u00e1nyi Koordin\u00e1ci\u00f3s K\u00f6zpont feladatai<\/strong>:<\/p>\n<ol style=\"list-style-type: lower-alpha\">\n<li>az Egyetem \u00e1llath\u00e1zainak racion\u00e1lis m\u0171k\u00f6d\u00e9si rendj\u00e9nek kialak\u00edt\u00e1sa, a min\u0151s\u00e9gbiztos\u00edt\u00e1si rendszer fejleszt\u00e9se, egys\u00e9ges standardok kidolgoz\u00e1sa, az elj\u00e1r\u00e1srendek kialak\u00edt\u00e1sa;<\/li>\n<li>ig\u00e9ny szerint egyes \u00e1llath\u00e1zak operat\u00edv m\u0171k\u00f6dtet\u00e9se, k\u00fcl\u00f6n\u00f6sen a Nagyv\u00e1rad t\u00e9ri Elm\u00e9leti T\u00f6mb k\u00f6zponti \u00e1llath\u00e1z\u00e1nak operat\u00edv m\u0171k\u00f6dtet\u00e9se;<\/li>\n<li>a labor\u00e1llat-tudom\u00e1nnyal \u00f6sszef\u00fcgg\u0151, hossz\u00fa t\u00e1v\u00fa oktat\u00e1si \u00e9s kutat\u00e1si strat\u00e9gia kidolgoz\u00e1sa, \u00f6n\u00e1ll\u00f3 oktat\u00e1si \u00e9s kutat\u00e1si tev\u00e9kenys\u00e9g v\u00e9gz\u00e9se;<\/li>\n<li>adatgy\u0171jt\u00e9s, szolg\u00e1ltat\u00e1s \u00e9s elemz\u00e9s minden olyan egyetemi ter\u00fcletr\u0151l, ami a labor\u00e1llat-tudom\u00e1nnyal, a laborat\u00f3riumi \u00e1llatok felhaszn\u00e1l\u00e1s\u00e1val kapcsolatos;<\/li>\n<li>az innov\u00e1ci\u00f3val, fejleszt\u00e9sekkel kapcsolatos tervek el\u0151k\u00e9sz\u00edt\u00e9se, szakmai alap\u00fa tan\u00e1csad\u00e1s, labor\u00e1llat-tudom\u00e1nnyal kapcsolatos d\u00f6nt\u00e9shoz\u00f3i, szakmai anyagok k\u00e9sz\u00edt\u00e9se az Egyetem egy\u00e9b szervezeti egys\u00e9gei, kutat\u00f3i r\u00e9sz\u00e9re;<\/li>\n<li>szakmai tan\u00e1csad\u00e1s \u00e1llatetikai enged\u00e9lyk\u00e9relmek Munkahelyi \u00c1llatj\u00f3l\u00e9ti Bizotts\u00e1ghoz t\u00f6rt\u00e9n\u0151 beny\u00fajt\u00e1s\u00e1hoz.<\/li>\n<li>szakmai seg\u00edts\u00e9gny\u00fajt\u00e1s az Egyetem GMO enged\u00e9lyeinek beny\u00fajt\u00e1s\u00e1ban<\/li>\n<\/ol>\n<h4><strong>Publik\u00e1ci\u00f3k:<\/strong><\/h4>\n<div class=\"authors\"><span class=\"author-name\">Nagy, N.<\/span>;\u00a0<span class=\"author-name\">H\u00e1dinger, N.<\/span>;\u00a0<span class=\"author-name\">T\u00f3th, O.<\/span>;\u00a0<span class=\"author-name\">R\u00e1cz, G.A.<\/span>;\u00a0<span class=\"author-name\">Pint\u00e9r, T.<\/span>;\u00a0<span class=\"author-name\">G\u00e1l, Z.<\/span>;\u00a0<span class=\"author-name\">Urb\u00e1n, M.<\/span>;\u00a0<span class=\"author-name\">G\u00f3cza, E.<\/span>;\u00a0<strong><span class=\"author-name\">Hiripi, L.<\/span><\/strong>;\u00a0<span class=\"author-name\">Acs\u00e1dy, L.; V\u00e9rtessy, G.B.\u00a0<\/span><\/p>\n<div class=\"title\"><a href=\"https:\/\/www.nature.com\/articles\/s41598-024-63405-0#rightslink\" target=\"_blank\" rel=\"noopener\">Characterization of dUTPase expression in mouse postnatal development and adult neurogenesis<\/a><\/div>\n<div class=\"pub-info\"><span class=\"journal-title\">SCIENTIFIC REPORTS<\/span>\u00a0<span class=\"journal-volume\">14<\/span>\u00a0:\u00a0<span class=\"journal-issue\">1<\/span>\u00a0<span class=\"page\">Paper: 13139\u00a0<\/span><span class=\"year\">(2024)<\/span><\/div>\n<div>\u00a0<\/div>\n<div>Keene J.B.D.; Jackson R.; Batra G.; <strong>Csukas D<\/strong>.; Szabo G.; Molnar V.; Cserni T.<\/div>\n<div><a href=\"https:\/\/link.springer.com\/article\/10.1007\/s00383-024-05855-1\">Pre-vascularisation of the acellular bladder matrix using the omentum in a porcine model prior for bladder reconstruction-a step towards clinical application?<\/a><\/div>\n<p>Pediatr Surg Int. 2024 Nov 15;40(1):308. doi: 10.1007\/s00383-024-05855-1.<\/p>\n<div class=\"profile-card-drop\" data-dropdown=\"profile-card-drop13443365\" data-options=\"is_hover:true, hover_timeout:5000\" aria-expanded=\"false\">Papp P.P.; Hoffmann O.I.; Libisch B.; Kereszt\u00e9ny T.; Ger\u0151cs A.; Posta K.; <strong>Hiripi L.<\/strong>; Hegyi A.; G\u00f3cza E.; Sz\u0151ke Z.; Olasz F.<\/div>\n<div data-dropdown=\"profile-card-drop13443365\" data-options=\"is_hover:true, hover_timeout:5000\" aria-expanded=\"false\"><a href=\"https:\/\/www.mdpi.com\/1422-0067\/25\/23\/12646\">Effects of Plyvinyl Chloride (PVC) Microplastic Particles on Gut Microbiota Composition and Health Status in Rabbit Livestock.<\/a><\/div>\n<div data-dropdown=\"profile-card-drop13443365\" data-options=\"is_hover:true, hover_timeout:5000\" aria-expanded=\"false\">Int. J. Mol. Sci.\u00a02024,\u00a025(23), 12646; https:\/\/doi.org\/10.3390\/ijms252312646\u00a0<\/div>\n<\/div>\n<p>&nbsp;<\/p>\n<h3>Tov\u00e1bbi inform\u00e1ci\u00f3k a f\u0151men\u00fcben az Egyetemi polg\u00e1rok sz\u00e1m\u00e1ra a bels\u0151 h\u00e1l\u00f3zatr\u00f3l, valamint VPN-r\u0151l \u00e9rhet\u0151k el<\/h3>\n","protected":false},"excerpt":{"rendered":"<p>&nbsp; Az Egyetem alapfeladataihoz kapcsol\u00f3d\u00f3 k\u00f6zponti szervezeti egys\u00e9g, amelynek feladata az Egyetem oktat\u00e1si \u00e9s kutat\u00e1si tev\u00e9kenys\u00e9g\u00e9ben t\u00f6rt\u00e9n\u0151 akt\u00edv k\u00f6zrem\u0171k\u00f6d\u00e9s minden olyan ter\u00fcleten, amely a laborat\u00f3riumi \u00e1llatok felhaszn\u00e1l\u00e1s\u00e1val kapcsolatos. M\u0171k\u00f6d\u00e9si k\u00f6r\u00e9be k\u00fcl\u00f6n\u00f6sen beletartoznak adatgy\u0171jt\u00e9si, elemz\u0151i, tervez\u0151i, fejleszt\u0151i, tan\u00e1csad\u00f3i, a strat\u00e9giai d\u00f6nt\u00e9shozatalt t\u00e1mogat\u00f3 tev\u00e9kenys\u00e9gek, amelyek el\u0151seg\u00edtik a laborat\u00f3riumi \u00e1llatok hat\u00e9kony felhaszn\u00e1l\u00e1s\u00e1t \u00e9s azt t\u00e1mogat\u00f3 egys\u00e9ges min\u0151s\u00e9gbiztos\u00edt\u00e1si rendszer &hellip;<\/p>\n","protected":false},"author":12,"featured_media":0,"parent":0,"menu_order":0,"comment_status":"closed","ping_status":"closed","template":"","meta":{"_acf_changed":false,"footnotes":""},"categories":[],"tags":[],"class_list":["post-5","page","type-page","status-publish","hentry"],"acf":[],"_links":{"self":[{"href":"https:\/\/semmelweis.hu\/ltkk\/wp-json\/wp\/v2\/pages\/5","targetHints":{"allow":["GET"]}}],"collection":[{"href":"https:\/\/semmelweis.hu\/ltkk\/wp-json\/wp\/v2\/pages"}],"about":[{"href":"https:\/\/semmelweis.hu\/ltkk\/wp-json\/wp\/v2\/types\/page"}],"author":[{"embeddable":true,"href":"https:\/\/semmelweis.hu\/ltkk\/wp-json\/wp\/v2\/users\/12"}],"replies":[{"embeddable":true,"href":"https:\/\/semmelweis.hu\/ltkk\/wp-json\/wp\/v2\/comments?post=5"}],"version-history":[{"count":11,"href":"https:\/\/semmelweis.hu\/ltkk\/wp-json\/wp\/v2\/pages\/5\/revisions"}],"predecessor-version":[{"id":379,"href":"https:\/\/semmelweis.hu\/ltkk\/wp-json\/wp\/v2\/pages\/5\/revisions\/379"}],"wp:attachment":[{"href":"https:\/\/semmelweis.hu\/ltkk\/wp-json\/wp\/v2\/media?parent=5"}],"wp:term":[{"taxonomy":"category","embeddable":true,"href":"https:\/\/semmelweis.hu\/ltkk\/wp-json\/wp\/v2\/categories?post=5"},{"taxonomy":"post_tag","embeddable":true,"href":"https:\/\/semmelweis.hu\/ltkk\/wp-json\/wp\/v2\/tags?post=5"}],"curies":[{"name":"wp","href":"https:\/\/api.w.org\/{rel}","templated":true}]}}