{"id":46,"date":"2023-07-06T14:30:59","date_gmt":"2023-07-06T12:30:59","guid":{"rendered":"https:\/\/semmelweis.hu\/ltkk\/?page_id=46"},"modified":"2023-07-06T14:32:15","modified_gmt":"2023-07-06T12:32:15","slug":"munkatarsaink","status":"publish","type":"page","link":"https:\/\/semmelweis.hu\/ltkk\/munkatarsaink\/","title":{"rendered":"Munkat\u00e1rsaink"},"content":{"rendered":"\r\n<div id=\"telefonkonyv\">\r\n  <div class=\"tel-results col-12 px-0\">\r\n      <p class=\"desc mb-1\"><span>Ha hib\u00e1s, vagy hi\u00e1nyz\u00f3 adatot tal\u00e1l, k\u00e9rj\u00fck jelezze szervezeti egys\u00e9g\u00fcnk titk\u00e1rs\u00e1g\u00e1n.<\/span><\/p>\r\n      <p class=\"desc\"><em>A telefonk\u00f6nyvben tal\u00e1lhat\u00f3 adatok nem haszn\u00e1lhat\u00f3k fel az 1995. \u00e9vi CXIX. t\u00f6rv\u00e9ny szerinti kutat\u00e1s \u00e9s k\u00f6zvetlen \u00fczletszerz\u00e9s c\u00e9lj\u00e1ra.<\/em><\/p>\r\n                <div class=\"row mx-0 mt-3 mb-3 subunit-line text-uppercase font-weight-bold \r\n                    status-SZE\">\r\n                    <div class=\"col col-12 col-md-10 pl-2 pr-0\">\r\n                        <span>Labor\u00e1llat-tudom\u00e1nyi Koordin\u00e1ci\u00f3s K\u00f6zpont<\/span>\r\n                    <\/div>\r\n                <\/div> \r\n          <div class=\"row mx-0 py-2 result-line emp-leader\">\r\n            <div class=\"col col-12 px-0 \"><div class=\"row mx-0 pr-2 result-line-content align-items-center\">\r\n                        <div class=\"col-12 col-md-6 px-0 \">\r\n                            <a class=\"emp-name\" href=\"https:\/\/semmelweis.hu\/telefonkonyv?emp_id=19170\">Dr. Hiripi L\u00e1szl\u00f3 <\/a>\r\n                            <br \/><span class=\"emp-phone\">igazgat\u00f3<\/span><\/div>\r\n                        <div class=\"col-12 col-md-6 px-0\"><span class=\"emp-phone\"><i class=\"fa fa-phone\" aria-hidden=\"true\"><\/i>06 30 526 1994, <\/span><span class=\"emp-email\"><i class=\"fa fa-envelope-o\" aria-hidden=\"true\"><\/i>hiripi.laszlo<i class=\"fa fa-at m-0 text-body\"><\/i>semmelweis.hu<\/span>\r\n                        <\/div>\r\n                    <\/div>\r\n                \r\n            <\/div>\r\n\r\n                <div class=\"col-12 col-md-6 px-0 d-none\"><span class=\"emp-phone\"><i class=\"fa fa-phone\" aria-hidden=\"true\"><\/i>06 30 526 1994, <\/span><span class=\"emp-email\"><i class=\"fa fa-envelope-o\" aria-hidden=\"true\"><\/i>hiripi.laszlo<i class=\"fa fa-at m-0 text-body\"><\/i>semmelweis.hu<\/span>\r\n                <\/div>\r\n\r\n\r\n        <\/div>\r\n          <div class=\"row mx-0 py-2 result-line emp-leader\">\r\n            <div class=\"col col-12 px-0 \"><div class=\"row mx-0 pr-2 result-line-content align-items-center\">\r\n                        <div class=\"col-12 col-md-6 px-0 \">\r\n                            <a class=\"emp-name\" href=\"https:\/\/semmelweis.hu\/telefonkonyv?emp_id=18433\">Dr. Csuk\u00e1s Domokos <\/a>\r\n                            <br \/><span class=\"emp-phone\">\u00e1llatorvos, helyettes vezet\u0151<\/span><\/div>\r\n                        <div class=\"col-12 col-md-6 px-0\"><span class=\"emp-phone\"><i class=\"fa fa-phone\" aria-hidden=\"true\"><\/i>06 70 930 0719, <\/span><span class=\"emp-email\"><i class=\"fa fa-envelope-o\" aria-hidden=\"true\"><\/i>csukas.domokos<i class=\"fa fa-at m-0 text-body\"><\/i>semmelweis.hu<\/span>\r\n                        <\/div>\r\n                    <\/div>\r\n                \r\n            <\/div>\r\n\r\n                <div class=\"col-12 col-md-6 px-0 d-none\"><span class=\"emp-phone\"><i class=\"fa fa-phone\" aria-hidden=\"true\"><\/i>06 70 930 0719, <\/span><span class=\"emp-email\"><i class=\"fa fa-envelope-o\" aria-hidden=\"true\"><\/i>csukas.domokos<i class=\"fa fa-at m-0 text-body\"><\/i>semmelweis.hu<\/span>\r\n                <\/div>\r\n\r\n\r\n        <\/div>\r\n          <div class=\"row mx-0 py-2 result-line \">\r\n            <div class=\"col col-12 px-0 \"><div class=\"row mx-0 pr-2 result-line-content align-items-center\">\r\n                        <div class=\"col-12 col-md-6 px-0 \">\r\n                            <a class=\"emp-name\" href=\"https:\/\/semmelweis.hu\/telefonkonyv?emp_id=20666\">Dr. Gyerty\u00e1n Istv\u00e1n <\/a>\r\n                            <br \/><span class=\"emp-phone\">szakmai tan\u00e1csad\u00f3<\/span><\/div>\r\n                        <div class=\"col-12 col-md-6 px-0\"><span class=\"emp-phone\"><i class=\"fa fa-phone\" aria-hidden=\"true\"><\/i>56560<\/span><span class=\"emp-email\"><i class=\"fa fa-envelope-o\" aria-hidden=\"true\"><\/i>gyertyan.istvan<i class=\"fa fa-at m-0 text-body\"><\/i>semmelweis.hu<\/span>\r\n                        <\/div>\r\n                    <\/div>\r\n                \r\n            <\/div>\r\n\r\n                <div class=\"col-12 col-md-6 px-0 d-none\"><span class=\"emp-phone\"><i class=\"fa fa-phone\" aria-hidden=\"true\"><\/i>56560<\/span><span class=\"emp-email\"><i class=\"fa fa-envelope-o\" aria-hidden=\"true\"><\/i>gyertyan.istvan<i class=\"fa fa-at m-0 text-body\"><\/i>semmelweis.hu<\/span>\r\n                <\/div>\r\n\r\n\r\n        <\/div>\r\n          <div class=\"row mx-0 py-2 result-line \">\r\n            <div class=\"col col-12 px-0 \"><div class=\"row mx-0 pr-2 result-line-content align-items-center\">\r\n                        <div class=\"col-12 col-md-6 px-0 \">\r\n                            <a class=\"emp-name\" href=\"https:\/\/semmelweis.hu\/telefonkonyv?emp_id=22203\"> Honfin\u00e9 Szab\u00f3 Vikt\u00f3ria <\/a>\r\n                            <br \/><span class=\"emp-phone\">\u00e1llateg\u00e9szs\u00e9g\u00fcgyi technikus<\/span><\/div>\r\n                        <div class=\"col-12 col-md-6 px-0\"><span class=\"emp-phone\"><i class=\"fa fa-phone\" aria-hidden=\"true\"><\/i>56262<\/span><span class=\"emp-email\"><i class=\"fa fa-envelope-o\" aria-hidden=\"true\"><\/i>szabo.viktoria.eszter<i class=\"fa fa-at m-0 text-body\"><\/i>semmelweis.hu<\/span>\r\n                        <\/div>\r\n                    <\/div>\r\n                \r\n            <\/div>\r\n\r\n                <div class=\"col-12 col-md-6 px-0 d-none\"><span class=\"emp-phone\"><i class=\"fa fa-phone\" aria-hidden=\"true\"><\/i>56262<\/span><span class=\"emp-email\"><i class=\"fa fa-envelope-o\" aria-hidden=\"true\"><\/i>szabo.viktoria.eszter<i class=\"fa fa-at m-0 text-body\"><\/i>semmelweis.hu<\/span>\r\n                <\/div>\r\n\r\n\r\n        <\/div>\r\n          <div class=\"row mx-0 py-2 result-line \">\r\n            <div class=\"col col-12 px-0 \"><div class=\"row mx-0 pr-2 result-line-content align-items-center\">\r\n                        <div class=\"col-12 col-md-6 px-0 \">\r\n                            <a class=\"emp-name\" href=\"https:\/\/semmelweis.hu\/telefonkonyv?emp_id=22939\"> Kraft Ildik\u00f3 <\/a>\r\n                            <br \/><span class=\"emp-phone\">\u00e1llatgondoz\u00f3<\/span><\/div>\r\n                        <div class=\"col-12 col-md-6 px-0\"><span class=\"emp-phone\"><i class=\"fa fa-phone\" aria-hidden=\"true\"><\/i>56262<\/span><span class=\"emp-email\"><i class=\"fa fa-envelope-o\" aria-hidden=\"true\"><\/i>kraft.ildiko<i class=\"fa fa-at m-0 text-body\"><\/i>semmelweis.hu<\/span>\r\n                        <\/div>\r\n                    <\/div>\r\n                \r\n            <\/div>\r\n\r\n                <div class=\"col-12 col-md-6 px-0 d-none\"><span class=\"emp-phone\"><i class=\"fa fa-phone\" aria-hidden=\"true\"><\/i>56262<\/span><span class=\"emp-email\"><i class=\"fa fa-envelope-o\" aria-hidden=\"true\"><\/i>kraft.ildiko<i class=\"fa fa-at m-0 text-body\"><\/i>semmelweis.hu<\/span>\r\n                <\/div>\r\n\r\n\r\n        <\/div>\r\n          <div class=\"row mx-0 py-2 result-line \">\r\n            <div class=\"col col-12 px-0 \"><div class=\"row mx-0 pr-2 result-line-content align-items-center\">\r\n                        <div class=\"col-12 col-md-6 px-0 \">\r\n                            <a class=\"emp-name\" href=\"https:\/\/semmelweis.hu\/telefonkonyv?emp_id=22849\"> Romanov Orsolya <\/a>\r\n                            <br \/><span class=\"emp-phone\">adminisztrat\u00edv munkat\u00e1rs<\/span><\/div>\r\n                        <div class=\"col-12 col-md-6 px-0\"><span class=\"emp-phone\"><i class=\"fa fa-phone\" aria-hidden=\"true\"><\/i>+36 30 358 1460, <\/span><span class=\"emp-email\"><i class=\"fa fa-envelope-o\" aria-hidden=\"true\"><\/i>romanov.orsolya<i class=\"fa fa-at m-0 text-body\"><\/i>semmelweis.hu<\/span>\r\n                        <\/div>\r\n                    <\/div>\r\n                \r\n            <\/div>\r\n\r\n                <div class=\"col-12 col-md-6 px-0 d-none\"><span class=\"emp-phone\"><i class=\"fa fa-phone\" aria-hidden=\"true\"><\/i>+36 30 358 1460, <\/span><span class=\"emp-email\"><i class=\"fa fa-envelope-o\" aria-hidden=\"true\"><\/i>romanov.orsolya<i class=\"fa fa-at m-0 text-body\"><\/i>semmelweis.hu<\/span>\r\n                <\/div>\r\n\r\n\r\n        <\/div>\r\n          <div class=\"row mx-0 py-2 result-line \">\r\n            <div class=\"col col-12 px-0 \"><div class=\"row mx-0 pr-2 result-line-content align-items-center\">\r\n                        <div class=\"col-12 col-md-6 px-0 \">\r\n                            <a class=\"emp-name\" href=\"https:\/\/semmelweis.hu\/telefonkonyv?emp_id=22850\"> Schum Ibolya <\/a>\r\n                            <br \/><span class=\"emp-phone\">\u00e1llath\u00e1zi technikus<\/span><\/div>\r\n                        <div class=\"col-12 col-md-6 px-0\"><span class=\"emp-phone\"><i class=\"fa fa-phone\" aria-hidden=\"true\"><\/i>+36 20 825 6378, <\/span><span class=\"emp-email\"><i class=\"fa fa-envelope-o\" aria-hidden=\"true\"><\/i>schum.ibolya<i class=\"fa fa-at m-0 text-body\"><\/i>semmelweis.hu<\/span>\r\n                        <\/div>\r\n                    <\/div>\r\n                \r\n            <\/div>\r\n\r\n                <div class=\"col-12 col-md-6 px-0 d-none\"><span class=\"emp-phone\"><i class=\"fa fa-phone\" aria-hidden=\"true\"><\/i>+36 20 825 6378, <\/span><span class=\"emp-email\"><i class=\"fa fa-envelope-o\" aria-hidden=\"true\"><\/i>schum.ibolya<i class=\"fa fa-at m-0 text-body\"><\/i>semmelweis.hu<\/span>\r\n                <\/div>\r\n\r\n\r\n        <\/div><\/div><\/div>\n","protected":false},"excerpt":{"rendered":"","protected":false},"author":102160,"featured_media":0,"parent":0,"menu_order":3,"comment_status":"closed","ping_status":"closed","template":"","meta":{"_acf_changed":false,"footnotes":""},"categories":[],"tags":[],"class_list":["post-46","page","type-page","status-publish","hentry"],"acf":[],"_links":{"self":[{"href":"https:\/\/semmelweis.hu\/ltkk\/wp-json\/wp\/v2\/pages\/46","targetHints":{"allow":["GET"]}}],"collection":[{"href":"https:\/\/semmelweis.hu\/ltkk\/wp-json\/wp\/v2\/pages"}],"about":[{"href":"https:\/\/semmelweis.hu\/ltkk\/wp-json\/wp\/v2\/types\/page"}],"author":[{"embeddable":true,"href":"https:\/\/semmelweis.hu\/ltkk\/wp-json\/wp\/v2\/users\/102160"}],"replies":[{"embeddable":true,"href":"https:\/\/semmelweis.hu\/ltkk\/wp-json\/wp\/v2\/comments?post=46"}],"version-history":[{"count":1,"href":"https:\/\/semmelweis.hu\/ltkk\/wp-json\/wp\/v2\/pages\/46\/revisions"}],"predecessor-version":[{"id":47,"href":"https:\/\/semmelweis.hu\/ltkk\/wp-json\/wp\/v2\/pages\/46\/revisions\/47"}],"wp:attachment":[{"href":"https:\/\/semmelweis.hu\/ltkk\/wp-json\/wp\/v2\/media?parent=46"}],"wp:term":[{"taxonomy":"category","embeddable":true,"href":"https:\/\/semmelweis.hu\/ltkk\/wp-json\/wp\/v2\/categories?post=46"},{"taxonomy":"post_tag","embeddable":true,"href":"https:\/\/semmelweis.hu\/ltkk\/wp-json\/wp\/v2\/tags?post=46"}],"curies":[{"name":"wp","href":"https:\/\/api.w.org\/{rel}","templated":true}]}}