{"id":186,"date":"2024-04-16T13:24:36","date_gmt":"2024-04-16T11:24:36","guid":{"rendered":"https:\/\/semmelweis.hu\/ltkk\/?page_id=186"},"modified":"2024-05-15T16:19:23","modified_gmt":"2024-05-15T14:19:23","slug":"a-genetikai-eroforrasok-szallitasa","status":"publish","type":"page","link":"https:\/\/semmelweis.hu\/ltkk\/a-genetikai-eroforrasok-szallitasa\/","title":{"rendered":"A Genetikai er\u0151forr\u00e1sok orsz\u00e1gok k\u00f6z\u00f6tti sz\u00e1ll\u00edt\u00e1sa \u00e9s hasznos\u00edt\u00e1sa"},"content":{"rendered":"<p style=\"text-align: justify\">Minden \u00e1llati, n\u00f6v\u00e9nyi \u00e9s mikrobi\u00e1lis eredet\u0171 genetikai anyag, ha orsz\u00e1gok k\u00f6z\u00f6tt mozog, \u00e9s hasznos\u00edt\u00e1sra ker\u00fcl (ide tartozik a kutat\u00e1s is) genetikai er\u0151forr\u00e1sok sz\u00e1m\u00edt. A genetikai er\u0151forr\u00e1sok hasznos\u00edt\u00e1s\u00e1b\u00f3l sz\u00e1rmaz\u00f3 hasznok igazs\u00e1gos \u00e9s m\u00e9lt\u00e1nyos megoszt\u00e1s\u00e1nak t\u00f6rv\u00e9nyi szab\u00e1lyoz\u00e1sa van. Ezt nevezik <a href=\"https:\/\/jogkodex.hu\/jsz\/nagojai_jegyzokonyv_2014_8_torveny_7358816\">Nagoja jegyz\u0151k\u00f6nyvnek, <\/a>\u00a0<a href=\"https:\/\/eur-lex.europa.eu\/legal-content\/HU\/TXT\/?uri=celex%3A22014A0520%2801%29\">(magyar nyelv\u0171 v\u00e1ltozat linkje)\u00a0<\/a> melyet haz\u00e1nk is ratifik\u00e1lt. Az al\u00e1bbi d\u00f6nt\u00e9si oldal seg\u00edt abban, hogy van-e b\u00e1rmi teend\u0151d, ha a munk\u00e1d sor\u00e1n haszn\u00e1lsz genetikai er\u0151forr\u00e1sokat! Ha a bal oldali k\u00e9rd\u00e9sekn\u00e9l ak\u00e1r egy k\u00e9rd\u00e9sre is z\u00f6ld utat kapt\u00e1l, tov\u00e1bbi sikeres kutat\u00e1st, \u00e9s munk\u00e1t k\u00edv\u00e1nunk!<\/p>\n<p style=\"text-align: justify\">Amennyiben a k\u00e9rd\u00e9sek alapj\u00e1n piros \u00fatra ker\u00fclt\u00e9l, \u00e9s ismered a Nagoja jegyz\u0151k\u00f6nyv k\u00f6vetkezm\u00e9nyeit, k\u00e9rlek k\u00f6vesd, ha nincs ilyen ismereted, akkor keress az al\u00e1bbi el\u00e9rhet\u0151s\u00e9geken:<\/p>\n<p><a href=\"mailto:hiripi.laszlo@semmelweis.hu\">hiripi.laszlo@semmelweis.hu<\/a><\/p>\n<p>+36305261994<\/p>\n<p><img loading=\"lazy\" decoding=\"async\" class=\"wp-image-202 aligncenter\" src=\"https:\/\/semmelweis.hu\/ltkk\/files\/2024\/04\/nagoja12-400x329.jpg\" alt=\"\" width=\"942\" height=\"774\" srcset=\"https:\/\/semmelweis.hu\/ltkk\/files\/2024\/04\/nagoja12-400x329.jpg 400w, https:\/\/semmelweis.hu\/ltkk\/files\/2024\/04\/nagoja12-1024x842.jpg 1024w, https:\/\/semmelweis.hu\/ltkk\/files\/2024\/04\/nagoja12-768x632.jpg 768w, https:\/\/semmelweis.hu\/ltkk\/files\/2024\/04\/nagoja12-1536x1263.jpg 1536w, https:\/\/semmelweis.hu\/ltkk\/files\/2024\/04\/nagoja12-753x619.jpg 753w, https:\/\/semmelweis.hu\/ltkk\/files\/2024\/04\/nagoja12.jpg 1643w\" sizes=\"auto, (max-width: 942px) 100vw, 942px\" \/><\/p>\n<p>&nbsp;<\/p>\n","protected":false},"excerpt":{"rendered":"<p>Minden \u00e1llati, n\u00f6v\u00e9nyi \u00e9s mikrobi\u00e1lis eredet\u0171 genetikai anyag, ha orsz\u00e1gok k\u00f6z\u00f6tt mozog, \u00e9s hasznos\u00edt\u00e1sra ker\u00fcl (ide tartozik a kutat\u00e1s is) genetikai er\u0151forr\u00e1sok sz\u00e1m\u00edt. A genetikai er\u0151forr\u00e1sok hasznos\u00edt\u00e1s\u00e1b\u00f3l sz\u00e1rmaz\u00f3 hasznok igazs\u00e1gos \u00e9s m\u00e9lt\u00e1nyos megoszt\u00e1s\u00e1nak t\u00f6rv\u00e9nyi szab\u00e1lyoz\u00e1sa van. Ezt nevezik <a href=\"https:\/\/jogkodex.hu\/jsz\/nagojai_jegyzokonyv_2014_8_torveny_7358816\">Nagoja jegyz\u0151k\u00f6nyvnek, <\/a> \u00a0 <a href=\"https:\/\/eur-lex.europa.eu\/legal-content\/HU\/TXT\/?uri=celex%3A22014A0520%2801%29\">(magyar nyelv\u0171 v\u00e1ltozat linkje)\u00a0<\/a> melyet haz\u00e1nk is ratifik\u00e1lt. Az al\u00e1bbi d\u00f6nt\u00e9si oldal seg\u00edt abban, hogy van-e b\u00e1rmi teend\u0151d, ha a &hellip;<\/p>\n","protected":false},"author":102239,"featured_media":0,"parent":0,"menu_order":0,"comment_status":"closed","ping_status":"closed","template":"","meta":{"_acf_changed":false,"footnotes":""},"categories":[],"tags":[],"class_list":["post-186","page","type-page","status-publish","hentry"],"acf":[],"_links":{"self":[{"href":"https:\/\/semmelweis.hu\/ltkk\/wp-json\/wp\/v2\/pages\/186","targetHints":{"allow":["GET"]}}],"collection":[{"href":"https:\/\/semmelweis.hu\/ltkk\/wp-json\/wp\/v2\/pages"}],"about":[{"href":"https:\/\/semmelweis.hu\/ltkk\/wp-json\/wp\/v2\/types\/page"}],"author":[{"embeddable":true,"href":"https:\/\/semmelweis.hu\/ltkk\/wp-json\/wp\/v2\/users\/102239"}],"replies":[{"embeddable":true,"href":"https:\/\/semmelweis.hu\/ltkk\/wp-json\/wp\/v2\/comments?post=186"}],"version-history":[{"count":10,"href":"https:\/\/semmelweis.hu\/ltkk\/wp-json\/wp\/v2\/pages\/186\/revisions"}],"predecessor-version":[{"id":214,"href":"https:\/\/semmelweis.hu\/ltkk\/wp-json\/wp\/v2\/pages\/186\/revisions\/214"}],"wp:attachment":[{"href":"https:\/\/semmelweis.hu\/ltkk\/wp-json\/wp\/v2\/media?parent=186"}],"wp:term":[{"taxonomy":"category","embeddable":true,"href":"https:\/\/semmelweis.hu\/ltkk\/wp-json\/wp\/v2\/categories?post=186"},{"taxonomy":"post_tag","embeddable":true,"href":"https:\/\/semmelweis.hu\/ltkk\/wp-json\/wp\/v2\/tags?post=186"}],"curies":[{"name":"wp","href":"https:\/\/api.w.org\/{rel}","templated":true}]}}