{"id":147,"date":"2023-10-26T12:55:35","date_gmt":"2023-10-26T10:55:35","guid":{"rendered":"https:\/\/semmelweis.hu\/ltkk\/?page_id=147"},"modified":"2026-03-05T13:48:53","modified_gmt":"2026-03-05T12:48:53","slug":"kapcsolat","status":"publish","type":"page","link":"https:\/\/semmelweis.hu\/ltkk\/kapcsolat\/","title":{"rendered":"Kapcsolat"},"content":{"rendered":"<h2>El\u00e9rhet\u0151s\u00e9g\u00fcnk<\/h2>\n<p>1089, Budapest, Nagyv\u00e1rad t\u00e9r 4. XXII. emelet<\/p>\n<p><a href=\"http:\/\/\n&lt;!-- iframe plugin v.4.9 wordpress.org\/plugins\/iframe\/ --&gt;\n&lt;iframe src width=&quot;&quot;600&quot;&quot; height=&quot;&quot;450&quot;&quot; style=&quot;&quot;border:0;&quot;&quot; allowfullscreen=&quot;&quot;&quot;&quot; loading=&quot;&quot;lazy&quot;&quot; referrerpolicy=&quot;&quot;no-referrer-when-downgrade&quot;&quot; scrolling=&quot;yes&quot; class=&quot;iframe-class&quot; frameborder=&quot;0&quot;&gt;&lt;\/iframe&gt;\n\">\n<!-- iframe plugin v.4.9 wordpress.org\/plugins\/iframe\/ -->\n<iframe src=\"https:\/\/www.google.com\/maps\/embed?pb=!1m18!1m12!1m3!1d2696.547662880639!2d19.08900387747828!3d47.47924349676204!2m3!1f0!2f0!3f0!3m2!1i1024!2i768!4f13.1!3m3!1m2!1s0x4741dce663d65943%3A0xf5391fc3337d063b!2zQnVkYXBlc3QsIE5hZ3l2w6FyYWQgdMOpciA0LCAxMDg5!5e0!3m2!1shu!2shu!4v1700127418998!5m2!1shu!2shu\" width=\"1200\" height=\"900\" style=\"border:0;\" allowfullscreen loading=\"lazy\" referrerpolicy=\"no-referrer-when-downgrade\" scrolling=\"yes\" class=\"iframe-class\" frameborder=\"0\"><\/iframe>\n<\/a><\/p>\n<p><a href=\"https:\/\/semmelweis.hu\/ltkk\/munkatarsaink\/\">Munkat\u00e1rsaink k\u00f6zvetlen el\u00e9rhet\u0151s\u00e9ge<\/a><\/p>\n<p>Adatv\u00e9delmi t\u00e1j\u00e9koztat\u00f3:<\/p>\n<p><a href=\"https:\/\/semmelweis.hu\/ltkk\/files\/2026\/03\/Adatvedelmi-tajekoztato_LTKK.pdf\">Adatv\u00e9delmi t\u00e1j\u00e9koztat\u00f3_LTKK<\/a><\/p>\n","protected":false},"excerpt":{"rendered":"<p>El\u00e9rhet\u0151s\u00e9g\u00fcnk<br \/>\n1089, Budapest, Nagyv\u00e1rad t\u00e9r 4. XXII. emelet<br \/>\n<a href=\"http:\/\/\n&lt;!-- iframe plugin v.4.9 wordpress.org\/plugins\/iframe\/ --&gt;\n&lt;iframe src width=&quot;&quot;600&quot;&quot; height=&quot;&quot;450&quot;&quot; style=&quot;&quot;border:0;&quot;&quot; allowfullscreen=&quot;&quot;&quot;&quot; loading=&quot;&quot;lazy&quot;&quot; referrerpolicy=&quot;&quot;no-referrer-when-downgrade&quot;&quot; scrolling=&quot;yes&quot; class=&quot;iframe-class&quot; frameborder=&quot;0&quot;&gt;&lt;\/iframe&gt;\n\"><\/a><br \/>\n<a href=\"https:\/\/semmelweis.hu\/ltkk\/munkatarsaink\/\">Munkat\u00e1rsaink k\u00f6zvetlen el\u00e9rhet\u0151s\u00e9ge<\/a><br \/>\nAdatv\u00e9delmi t\u00e1j\u00e9koztat\u00f3:<br \/>\n<a href=\"https:\/\/semmelweis.hu\/ltkk\/files\/2026\/03\/Adatvedelmi-tajekoztato_LTKK.pdf\">Adatv\u00e9delmi t\u00e1j\u00e9koztat\u00f3_LTKK<\/a><\/p>\n","protected":false},"author":102239,"featured_media":0,"parent":0,"menu_order":0,"comment_status":"closed","ping_status":"closed","template":"","meta":{"_acf_changed":false,"footnotes":""},"categories":[],"tags":[],"class_list":["post-147","page","type-page","status-publish","hentry"],"acf":[],"_links":{"self":[{"href":"https:\/\/semmelweis.hu\/ltkk\/wp-json\/wp\/v2\/pages\/147","targetHints":{"allow":["GET"]}}],"collection":[{"href":"https:\/\/semmelweis.hu\/ltkk\/wp-json\/wp\/v2\/pages"}],"about":[{"href":"https:\/\/semmelweis.hu\/ltkk\/wp-json\/wp\/v2\/types\/page"}],"author":[{"embeddable":true,"href":"https:\/\/semmelweis.hu\/ltkk\/wp-json\/wp\/v2\/users\/102239"}],"replies":[{"embeddable":true,"href":"https:\/\/semmelweis.hu\/ltkk\/wp-json\/wp\/v2\/comments?post=147"}],"version-history":[{"count":8,"href":"https:\/\/semmelweis.hu\/ltkk\/wp-json\/wp\/v2\/pages\/147\/revisions"}],"predecessor-version":[{"id":384,"href":"https:\/\/semmelweis.hu\/ltkk\/wp-json\/wp\/v2\/pages\/147\/revisions\/384"}],"wp:attachment":[{"href":"https:\/\/semmelweis.hu\/ltkk\/wp-json\/wp\/v2\/media?parent=147"}],"wp:term":[{"taxonomy":"category","embeddable":true,"href":"https:\/\/semmelweis.hu\/ltkk\/wp-json\/wp\/v2\/categories?post=147"},{"taxonomy":"post_tag","embeddable":true,"href":"https:\/\/semmelweis.hu\/ltkk\/wp-json\/wp\/v2\/tags?post=147"}],"curies":[{"name":"wp","href":"https:\/\/api.w.org\/{rel}","templated":true}]}}