{"id":83,"date":"2014-03-05T14:54:59","date_gmt":"2014-03-05T14:54:59","guid":{"rendered":"http:\/\/semmelweis.hu\/leveltar\/?page_id=83"},"modified":"2015-07-16T07:59:33","modified_gmt":"2015-07-16T07:59:33","slug":"kutatoszolgalat","status":"publish","type":"page","link":"https:\/\/semmelweis.hu\/leveltar\/szolgaltatasok\/kutatoszolgalat\/","title":{"rendered":"Kutat\u00f3szolg\u00e1lat"},"content":{"rendered":"<p>Lev\u00e9lt\u00e1runk nyilv\u00e1nos, \u00edgy a vonatkoz\u00f3 jogszab\u00e1lyok betart\u00e1sa mellett anyagaink b\u00e1rki sz\u00e1m\u00e1ra hozz\u00e1f\u00e9rhet\u0151k. A kutat\u00e1s a K\u00f6ziratokr\u00f3l, k\u00f6zlev\u00e9lt\u00e1rakr\u00f3l \u00e9s mag\u00e1nlev\u00e9lt\u00e1ri anyag v\u00e9delm\u00e9r\u0151l sz\u00f3l\u00f3 1995. \u00e9vi LXVI. tv., \u00e9s a Szem\u00e9lyes adatok v\u00e9delm\u00e9r\u0151l \u00e9s a k\u00f6z\u00e9rdek\u0171 adatok nyilv\u00e1noss\u00e1g\u00e1r\u00f3l sz\u00f3l\u00f3 1992. \u00e9vi LXIII. tv. alapj\u00e1n t\u00f6rt\u00e9nik. A kutat\u00e1s felt\u00e9teleit a lev\u00e9lt\u00e1r kutat\u00e1si szab\u00e1lyzata tartalmazza. Kutat\u00e1si enged\u00e9lyt szem\u00e9lyi igazolv\u00e1nnyal, \u00fatlev\u00e9llel rendelkez\u0151 magyar vagy k\u00fclf\u00f6ldi \u00e1llampolg\u00e1r sz\u00e1m\u00e1ra \u00e1ll\u00edtunk ki, aki v\u00e1llalja a kutat\u00e1si szab\u00e1lyzatban \u00edrottak betart\u00e1s\u00e1t. Lev\u00e9lt\u00e1ri anyag k\u00fcl\u00f6n k\u00e9r\u0151lap alapj\u00e1n, csak helyben kutathat\u00f3, mag\u00e1nszem\u00e9lyeknek nem k\u00f6lcs\u00f6n\u00f6zhet\u0151. F\u00e9nym\u00e1sol\u00e1st, szkennel\u00e9st, illetve fot\u00f3z\u00e1st a lev\u00e9lt\u00e1r vezet\u0151je enged\u00e9lyezhet a szem\u00e9lyes adatok v\u00e9delme \u00e9s az anyagv\u00e9delem szempontjainak figyelembev\u00e9tel\u00e9vel, az \u00e9rv\u00e9nyes d\u00edjszab\u00e1s szerint. \u00c9vente \u00e1tlagosan 160-200 kutat\u00e1si esetet regisztr\u00e1lunk.<\/p>\n<p><strong>Kutat\u00f3szolg\u00e1lat nyitva tart\u00e1sa:<\/strong><\/p>\n<p>h\u00e9tf\u0151 8.00-15.00<br \/>\nkedd 8.00-15.00<br \/>\ncs\u00fct\u00f6rt\u00f6k 8.00-15.00<\/p>\n<p>_______________________________________<\/p>\n<p><a title=\"Kutat\u00f3termi szab\u00e1lyzat\" href=\"https:\/\/semmelweis.hu\/leveltar\/kutatoszolgalat\/kutatotermi-szabalyzat\/\">Kutat\u00f3termi szab\u00e1lyzat<br \/>\n<\/a><a style=\"font-size: 16px\" title=\"M\u00e1solatk\u00e9sz\u00edt\u00e9s \u00e1rai\" href=\"https:\/\/semmelweis.hu\/leveltar\/kutatoszolgalat\/masolatkeszites-arai\/\">M\u00e1solatk\u00e9sz\u00edt\u00e9s \u00e1rai<\/a><\/p>\n<p><strong>A kutat\u00e1shoz sz\u00fcks\u00e9ges \u0171rlapok:<\/strong><\/p>\n<p><a href=\"https:\/\/semmelweis.hu\/leveltar\/files\/2014\/03\/3_1_2_kutnyilatkozat.doc\">Kutat\u00f3i nyilatkozat<\/a> (let\u00f6lt\u00e9s doc form\u00e1tumban)<br \/>\n<a href=\"https:\/\/semmelweis.hu\/leveltar\/files\/2014\/03\/3_1_2_kerelemlatjegykiadhoz.doc\">K\u00e9relem l\u00e1togat\u00f3i jegy kiad\u00e1s\u00e1hoz<\/a>\u00a0(let\u00f6lt\u00e9s doc form\u00e1tumban)<br \/>\n<a href=\"https:\/\/semmelweis.hu\/leveltar\/files\/2014\/03\/tamogatoi_nyilatkozat.doc\">T\u00e1mogat\u00f3i nyilatkozat tudom\u00e1nyos kutat\u00e1shoz<\/a>\u00a0\u00a0(let\u00f6lt\u00e9s doc form\u00e1tumban)<\/p>\n","protected":false},"excerpt":{"rendered":"<p>Lev\u00e9lt\u00e1runk nyilv\u00e1nos, \u00edgy a vonatkoz\u00f3 jogszab\u00e1lyok betart\u00e1sa mellett anyagaink b\u00e1rki sz\u00e1m\u00e1ra hozz\u00e1f\u00e9rhet\u0151k. A kutat\u00e1s a K\u00f6ziratokr\u00f3l, k\u00f6zlev\u00e9lt\u00e1rakr\u00f3l \u00e9s mag\u00e1nlev\u00e9lt\u00e1ri anyag v\u00e9delm\u00e9r\u0151l sz\u00f3l\u00f3 1995. \u00e9vi LXVI. tv., \u00e9s a Szem\u00e9lyes adatok v\u00e9delm\u00e9r\u0151l \u00e9s a k\u00f6z\u00e9rdek\u0171 adatok nyilv\u00e1noss\u00e1g\u00e1r\u00f3l sz\u00f3l\u00f3 1992. \u00e9vi LXIII. tv. alapj\u00e1n t\u00f6rt\u00e9nik. A kutat\u00e1s felt\u00e9teleit a lev\u00e9lt\u00e1r kutat\u00e1si szab\u00e1lyzata tartalmazza. Kutat\u00e1si enged\u00e9lyt szem\u00e9lyi igazolv\u00e1nnyal, &hellip;<\/p>\n","protected":false},"author":12,"featured_media":0,"parent":162,"menu_order":0,"comment_status":"closed","ping_status":"closed","template":"","meta":{"_acf_changed":false,"footnotes":""},"categories":[],"tags":[],"class_list":["post-83","page","type-page","status-publish","hentry"],"acf":[],"_links":{"self":[{"href":"https:\/\/semmelweis.hu\/leveltar\/wp-json\/wp\/v2\/pages\/83","targetHints":{"allow":["GET"]}}],"collection":[{"href":"https:\/\/semmelweis.hu\/leveltar\/wp-json\/wp\/v2\/pages"}],"about":[{"href":"https:\/\/semmelweis.hu\/leveltar\/wp-json\/wp\/v2\/types\/page"}],"author":[{"embeddable":true,"href":"https:\/\/semmelweis.hu\/leveltar\/wp-json\/wp\/v2\/users\/12"}],"replies":[{"embeddable":true,"href":"https:\/\/semmelweis.hu\/leveltar\/wp-json\/wp\/v2\/comments?post=83"}],"version-history":[{"count":10,"href":"https:\/\/semmelweis.hu\/leveltar\/wp-json\/wp\/v2\/pages\/83\/revisions"}],"predecessor-version":[{"id":383,"href":"https:\/\/semmelweis.hu\/leveltar\/wp-json\/wp\/v2\/pages\/83\/revisions\/383"}],"up":[{"embeddable":true,"href":"https:\/\/semmelweis.hu\/leveltar\/wp-json\/wp\/v2\/pages\/162"}],"wp:attachment":[{"href":"https:\/\/semmelweis.hu\/leveltar\/wp-json\/wp\/v2\/media?parent=83"}],"wp:term":[{"taxonomy":"category","embeddable":true,"href":"https:\/\/semmelweis.hu\/leveltar\/wp-json\/wp\/v2\/categories?post=83"},{"taxonomy":"post_tag","embeddable":true,"href":"https:\/\/semmelweis.hu\/leveltar\/wp-json\/wp\/v2\/tags?post=83"}],"curies":[{"name":"wp","href":"https:\/\/api.w.org\/{rel}","templated":true}]}}