{"id":78,"date":"2014-03-05T14:29:18","date_gmt":"2014-03-05T14:29:18","guid":{"rendered":"http:\/\/semmelweis.hu\/leveltar\/?page_id=78"},"modified":"2025-09-05T10:05:28","modified_gmt":"2025-09-05T10:05:28","slug":"elerhetoseg","status":"publish","type":"page","link":"https:\/\/semmelweis.hu\/leveltar\/altalanos-informaciok\/elerhetoseg\/","title":{"rendered":"El\u00e9rhet\u0151s\u00e9g"},"content":{"rendered":"<p><strong>C\u00edm:<\/strong> H-1085 Budapest, St\u00e1hly u. 7-9.<br \/>\n<strong>Postac\u00edm:<\/strong> H-1428 Budapest, Pf. 2.<br \/>\n<strong>Telefon:<\/strong> 30\/541-7156, 20\/825-9696<br \/>\n<strong>E-mail:<\/strong> titkarsag.leveltar@semmelweis.hu<\/p>\n<p><strong>Megk\u00f6zel\u00edt\u00e9s:<\/strong><br \/>\n4, 6-os villamossal vagy az M2-es metr\u00f3val a Blaha Lujza t\u00e9rig, majd gyalog a Corvin \u00e1ruh\u00e1z melletti R\u00f6kk Szil\u00e1rd utc\u00e1n lehet el\u00e9rni a St\u00e1hly utc\u00e1t. A Lev\u00e9lt\u00e1r a R\u00f3kus K\u00f3rh\u00e1z Rendel\u0151int\u00e9zet udvar\u00e1n \u00e1ll\u00f3 k\u00fcl\u00f6n \u00e9p\u00fcletben tal\u00e1lhat\u00f3.<\/p>\n<p>&nbsp;<\/p>\n","protected":false},"excerpt":{"rendered":"<p>C\u00edm: H-1085 Budapest, St\u00e1hly u. 7-9.<br \/>\nPostac\u00edm: H-1428 Budapest, Pf. 2.<br \/>\nTelefon: 30\/541-7156, 20\/825-9696<br \/>\nE-mail: titkarsag.leveltar@semmelweis.hu<br \/>\nMegk\u00f6zel\u00edt\u00e9s:<br \/>\n4, 6-os villamossal vagy az M2-es metr\u00f3val a Blaha Lujza t\u00e9rig, majd gyalog a Corvin \u00e1ruh\u00e1z melletti R\u00f6kk Szil\u00e1rd utc\u00e1n lehet el\u00e9rni a St\u00e1hly utc\u00e1t. A Lev\u00e9lt\u00e1r a R\u00f3kus K\u00f3rh\u00e1z Rendel\u0151int\u00e9zet udvar\u00e1n \u00e1ll\u00f3 k\u00fcl\u00f6n \u00e9p\u00fcletben tal\u00e1lhat\u00f3.<br \/>\n&nbsp;<\/p>\n","protected":false},"author":12,"featured_media":0,"parent":5,"menu_order":5,"comment_status":"closed","ping_status":"open","template":"","meta":{"_acf_changed":false,"footnotes":""},"categories":[],"tags":[],"class_list":["post-78","page","type-page","status-publish","hentry"],"acf":[],"_links":{"self":[{"href":"https:\/\/semmelweis.hu\/leveltar\/wp-json\/wp\/v2\/pages\/78","targetHints":{"allow":["GET"]}}],"collection":[{"href":"https:\/\/semmelweis.hu\/leveltar\/wp-json\/wp\/v2\/pages"}],"about":[{"href":"https:\/\/semmelweis.hu\/leveltar\/wp-json\/wp\/v2\/types\/page"}],"author":[{"embeddable":true,"href":"https:\/\/semmelweis.hu\/leveltar\/wp-json\/wp\/v2\/users\/12"}],"replies":[{"embeddable":true,"href":"https:\/\/semmelweis.hu\/leveltar\/wp-json\/wp\/v2\/comments?post=78"}],"version-history":[{"count":10,"href":"https:\/\/semmelweis.hu\/leveltar\/wp-json\/wp\/v2\/pages\/78\/revisions"}],"predecessor-version":[{"id":737,"href":"https:\/\/semmelweis.hu\/leveltar\/wp-json\/wp\/v2\/pages\/78\/revisions\/737"}],"up":[{"embeddable":true,"href":"https:\/\/semmelweis.hu\/leveltar\/wp-json\/wp\/v2\/pages\/5"}],"wp:attachment":[{"href":"https:\/\/semmelweis.hu\/leveltar\/wp-json\/wp\/v2\/media?parent=78"}],"wp:term":[{"taxonomy":"category","embeddable":true,"href":"https:\/\/semmelweis.hu\/leveltar\/wp-json\/wp\/v2\/categories?post=78"},{"taxonomy":"post_tag","embeddable":true,"href":"https:\/\/semmelweis.hu\/leveltar\/wp-json\/wp\/v2\/tags?post=78"}],"curies":[{"name":"wp","href":"https:\/\/api.w.org\/{rel}","templated":true}]}}