{"id":6,"date":"2012-01-29T16:17:57","date_gmt":"2012-01-29T16:17:57","guid":{"rendered":"http:\/\/semmelweis-egyetem.hu\/varosmajor\/?page_id=6"},"modified":"2025-09-05T10:04:11","modified_gmt":"2025-09-05T10:04:11","slug":"munkatarsak","status":"publish","type":"page","link":"https:\/\/semmelweis.hu\/leveltar\/altalanos-informaciok\/munkatarsak\/","title":{"rendered":"Munkat\u00e1rsak"},"content":{"rendered":"<p><strong>Dr. Moln\u00e1r L\u00e1szl\u00f3<\/strong>\u00a0igazgat\u00f3<br \/>\nE-mail:\u00a0<a href=\"mailto:lmolnar@rekhiv.sote.hu\">molnar.laszlo@semmelweis.hu<\/a><\/p>\n<p>Mobil: 30\/541-7156<\/p>\n<p><strong>Osv\u00e1th Zsolt<\/strong> f\u0151lev\u00e9lt\u00e1ros<br \/>\nE-mail: <a href=\"mailto:osvath.zsolt@semmelweis-univ.hu\">osvath.zsolt@semmelweis.hu<\/a><\/p>\n<p>Mobil: 20\/825-9696<\/p>\n<p><strong>Kmety Adrien\u00a0<\/strong>lev\u00e9lt\u00e1ros<br \/>\nE-mail: kmety.adrien@semmelweis.hu<\/p>\n<p><strong>Izs\u00e1k M\u00e1ria<\/strong> seg\u00e9dlev\u00e9lt\u00e1ros<br \/>\nE-mail: <a href=\"mailto:izsak.maria@semmelweis-univ.hu\">izsak.maria@semmelweis.hu<\/a><\/p>\n<p><strong>Lakatos Edina<\/strong> seg\u00e9dlev\u00e9lt\u00e1ros<br \/>\nE-mail: <a href=\"mailto:lakatos.edina@semmelweis-univ.hu\">lakatos.edina@semmelweis.hu<\/a><\/p>\n<p>&nbsp;<\/p>\n","protected":false},"excerpt":{"rendered":"<p>Dr. Moln\u00e1r L\u00e1szl\u00f3\u00a0igazgat\u00f3<br \/>\nE-mail:\u00a0<a href=\"mailto:lmolnar@rekhiv.sote.hu\">molnar.laszlo@semmelweis.hu<\/a><br \/>\nMobil: 30\/541-7156<br \/>\nOsv\u00e1th Zsolt f\u0151lev\u00e9lt\u00e1ros<br \/>\nE-mail: <a href=\"mailto:osvath.zsolt@semmelweis-univ.hu\">osvath.zsolt@semmelweis.hu<\/a><br \/>\nMobil: 20\/825-9696<br \/>\nKmety Adrien\u00a0lev\u00e9lt\u00e1ros<br \/>\nE-mail: kmety.adrien@semmelweis.hu<br \/>\nIzs\u00e1k M\u00e1ria seg\u00e9dlev\u00e9lt\u00e1ros<br \/>\nE-mail: <a href=\"mailto:izsak.maria@semmelweis-univ.hu\">izsak.maria@semmelweis.hu<\/a><br \/>\nLakatos Edina seg\u00e9dlev\u00e9lt\u00e1ros<br \/>\nE-mail: <a href=\"mailto:lakatos.edina@semmelweis-univ.hu\">lakatos.edina@semmelweis.hu<\/a><br \/>\n&nbsp;<\/p>\n","protected":false},"author":8,"featured_media":0,"parent":5,"menu_order":2,"comment_status":"closed","ping_status":"open","template":"","meta":{"_acf_changed":false,"footnotes":""},"categories":[],"tags":[],"class_list":["post-6","page","type-page","status-publish","hentry"],"acf":[],"_links":{"self":[{"href":"https:\/\/semmelweis.hu\/leveltar\/wp-json\/wp\/v2\/pages\/6","targetHints":{"allow":["GET"]}}],"collection":[{"href":"https:\/\/semmelweis.hu\/leveltar\/wp-json\/wp\/v2\/pages"}],"about":[{"href":"https:\/\/semmelweis.hu\/leveltar\/wp-json\/wp\/v2\/types\/page"}],"author":[{"embeddable":true,"href":"https:\/\/semmelweis.hu\/leveltar\/wp-json\/wp\/v2\/users\/8"}],"replies":[{"embeddable":true,"href":"https:\/\/semmelweis.hu\/leveltar\/wp-json\/wp\/v2\/comments?post=6"}],"version-history":[{"count":11,"href":"https:\/\/semmelweis.hu\/leveltar\/wp-json\/wp\/v2\/pages\/6\/revisions"}],"predecessor-version":[{"id":738,"href":"https:\/\/semmelweis.hu\/leveltar\/wp-json\/wp\/v2\/pages\/6\/revisions\/738"}],"up":[{"embeddable":true,"href":"https:\/\/semmelweis.hu\/leveltar\/wp-json\/wp\/v2\/pages\/5"}],"wp:attachment":[{"href":"https:\/\/semmelweis.hu\/leveltar\/wp-json\/wp\/v2\/media?parent=6"}],"wp:term":[{"taxonomy":"category","embeddable":true,"href":"https:\/\/semmelweis.hu\/leveltar\/wp-json\/wp\/v2\/categories?post=6"},{"taxonomy":"post_tag","embeddable":true,"href":"https:\/\/semmelweis.hu\/leveltar\/wp-json\/wp\/v2\/tags?post=6"}],"curies":[{"name":"wp","href":"https:\/\/api.w.org\/{rel}","templated":true}]}}