{"id":5,"date":"2012-01-29T16:17:33","date_gmt":"2012-01-29T16:17:33","guid":{"rendered":"http:\/\/semmelweis-egyetem.hu\/varosmajor\/?page_id=5"},"modified":"2023-09-29T08:05:05","modified_gmt":"2023-09-29T08:05:05","slug":"altalanos-informaciok","status":"publish","type":"page","link":"https:\/\/semmelweis.hu\/leveltar\/altalanos-informaciok\/","title":{"rendered":"A lev\u00e9lt\u00e1rr\u00f3l"},"content":{"rendered":"<p style=\"text-align: justify;\">Lev\u00e9lt\u00e1runk a\u00a0Semmelweis Egyetem t\u00f6rt\u00e9net\u00e9nek legnagyobb forr\u00e1sb\u00e1zis\u00e1t \u0151rzi, d\u00f6nt\u0151 r\u00e9szben iratanyag, kisebb r\u00e9szben k\u00e9panyag form\u00e1j\u00e1ban. A jogel\u0151d int\u00e9zm\u00e9nyek r\u00e1nk maradt iratanyaga mellett itt tal\u00e1lhat\u00f3 az egyetem els\u0151sorban k\u00f6zponti (rektori hivatal, d\u00e9k\u00e1ni hivatalok) szervezeti egys\u00e9geinek 15 \u00e9vn\u00e9l r\u00e9gebbi irat\u00e1llom\u00e1nya, valamint szem\u00e9lyi hagyat\u00e9kok (b\u0151vebben ld.\u00a0<a href=\"https:\/\/semmelweis.hu\/leveltar\/files\/2014\/03\/fond_allagjegyzek_sote2008.DOC\">fond- \u00e9s \u00e1llagjegyz\u00e9k<\/a>), illetve t\u00e1rgyi eml\u00e9kek (ld.\u00a0<a href=\"https:\/\/semmelweis.hu\/leveltar\/files\/2014\/03\/muz_targyak_nyilv.doc\">muze\u00e1lis nyilv\u00e1ntart\u00e1s<\/a>,\u00a0<a href=\"https:\/\/semmelweis.hu\/leveltar\/files\/2014\/03\/vizkelety_eremgyujtemeny.doc\">V\u00edzkelety-gy\u0171jtem\u00e9ny<\/a>).<\/p>\n<p style=\"text-align: justify;\"><a href=\"https:\/\/semmelweis.hu\/leveltar\/files\/2014\/03\/leveltar1.jpg\" rel=\"attachment wp-att-101\"><img loading=\"lazy\" decoding=\"async\" class=\"aligncenter size-full wp-image-101\" src=\"https:\/\/semmelweis.hu\/leveltar\/files\/2014\/03\/leveltar1.jpg\" alt=\"leveltar1\" width=\"580\" height=\"300\" srcset=\"https:\/\/semmelweis.hu\/leveltar\/files\/2014\/03\/leveltar1.jpg 580w, https:\/\/semmelweis.hu\/leveltar\/files\/2014\/03\/leveltar1-300x155.jpg 300w\" sizes=\"auto, (max-width: 580px) 100vw, 580px\" \/><\/a><\/p>\n<p style=\"text-align: justify;\">A gy\u0171jtem\u00e9ny gyarap\u00edt\u00e1s\u00e1n \u00e9s gondoz\u00e1s\u00e1n t\u00fal feladataink k\u00f6z\u00e9 tartozik a t\u00f6rt\u00e9neti forr\u00e1sok k\u00f6zz\u00e9t\u00e9tele (ld.\u00a0<a href=\"https:\/\/semmelweis.hu\/leveltar\/files\/2014\/03\/fooldal.php?aa=kiadvanyok.php\">kiadv\u00e1nyok<\/a>), az azokb\u00f3l t\u00f6rt\u00e9n\u0151 adatszolg\u00e1ltat\u00e1s (<a href=\"https:\/\/semmelweis.hu\/leveltar\/szolgaltatasok\/ugyfelszolgalat\/\" target=\"_blank\" rel=\"noopener noreferrer\">\u00fcgyf\u00e9lszolg\u00e1lat<\/a>) \u00e9s az \u00e9rdekl\u0151d\u0151k sz\u00e1m\u00e1ra a hozz\u00e1f\u00e9r\u00e9s biztos\u00edt\u00e1sa (<a href=\"https:\/\/semmelweis.hu\/leveltar\/files\/2014\/03\/fooldal.php?aa=kutatoszolg.php\">kutat\u00f3szolg\u00e1lat<\/a>). Lev\u00e9lt\u00e1runk nyilv\u00e1nos, anyagaink a vonatkoz\u00f3 el\u0151\u00edr\u00e1sok betart\u00e1sa mellett (ld.\u00a0<a href=\"https:\/\/semmelweis.hu\/leveltar\/files\/2014\/03\/3_1_3_kutatotermiszab.doc\">kutat\u00f3termi szab\u00e1lyzat<\/a>) mindenki sz\u00e1m\u00e1ra hozz\u00e1f\u00e9rhet\u0151k.<\/p>\n<p>Mindezeken t\u00fal lev\u00e9lt\u00e1runk fontos szerepet kap az egyetemen foly\u00f3 iratkezel\u00e9s szab\u00e1lyoz\u00e1s\u00e1ban, illetve fel\u00fcgyelet\u00e9ben, hiszen az irattermel\u0151 &#8222;g\u00e9psor&#8221; utols\u00f3 egys\u00e9ge maga a lev\u00e9lt\u00e1r, ahol az \u00fan. maradand\u00f3 \u00e9rt\u00e9k\u0171 (nem selejtezhet\u0151) \u00e9s hossz\u00fa (20, 30, 50 \u00e9v) \u0151rz\u00e9si idej\u0171 \u00fcgyviteli iratok gy\u0171lnek \u00f6ssze. Ugyanakkor nem tartoznak gy\u0171jt\u0151k\u00f6r\u00fcnkbe a betegell\u00e1t\u00e1ssal kapcsolatos iratok. R\u00e9szben, mert ezekre az adott klinik\u00e1kon van sz\u00fcks\u00e9g, r\u00e9szben mert mennyis\u00e9g\u00fck nagys\u00e1grendekkel meghaladja befogad\u00f3k\u00e9pess\u00e9g\u00fcnket.<\/p>\n<p style=\"text-align: justify;\">C\u00e9ljaink k\u00f6z\u00e9 tartozik, hogy lev\u00e9lt\u00e1runk a hagyom\u00e1nyosan vett gy\u0171jtem\u00e9nyi feladatainkon k\u00edv\u00fcl egyetem\u00fcnk t\u00f6rt\u00e9net\u00edr\u00e1s\u00e1nak m\u0171hely\u00e9v\u00e9 is v\u00e1ljon. Ezt saj\u00e1t kutat\u00e1sokkal, k\u00fcls\u0151 szerz\u0151k, t\u00e9m\u00e1hoz kapcsol\u00f3d\u00f3 eredm\u00e9nyeinek k\u00f6zz\u00e9t\u00e9tel\u00e9vel, valamint a t\u00f6bbi egyetemi lev\u00e9lt\u00e1rral (ld.\u00a0<a href=\"https:\/\/semmelweis.hu\/leveltar\/ugrodeszka\/\">ugr\u00f3deszka: MFLSZ<\/a>) val\u00f3 mind szorosabb egy\u00fcttm\u0171k\u00f6d\u00e9ssel igyeksz\u00fcnk el\u00e9rni.<\/p>\n","protected":false},"excerpt":{"rendered":"<p>Lev\u00e9lt\u00e1runk a\u00a0Semmelweis Egyetem t\u00f6rt\u00e9net\u00e9nek legnagyobb forr\u00e1sb\u00e1zis\u00e1t \u0151rzi, d\u00f6nt\u0151 r\u00e9szben iratanyag, kisebb r\u00e9szben k\u00e9panyag form\u00e1j\u00e1ban. A gy\u0171jtem\u00e9ny gyarap\u00edt\u00e1s\u00e1n \u00e9s gondoz\u00e1s\u00e1n t\u00fal feladataink k\u00f6z\u00e9 tartozik a t\u00f6rt\u00e9neti forr\u00e1sok k\u00f6zz\u00e9t\u00e9tele, az azokb\u00f3l t\u00f6rt\u00e9n\u0151 adatszolg\u00e1ltat\u00e1s \u00e9s az \u00e9rdekl\u0151d\u0151k sz\u00e1m\u00e1ra a hozz\u00e1f\u00e9r\u00e9s biztos\u00edt\u00e1sa. Lev\u00e9lt\u00e1runk nyilv\u00e1nos, anyagaink a vonatkoz\u00f3 el\u0151\u00edr\u00e1sok betart\u00e1sa mellett mindenki sz\u00e1m\u00e1ra hozz\u00e1f\u00e9rhet\u0151k.<\/p>\n","protected":false},"author":8,"featured_media":367,"parent":0,"menu_order":0,"comment_status":"closed","ping_status":"open","template":"","meta":{"_acf_changed":false,"footnotes":""},"categories":[],"tags":[],"class_list":["post-5","page","type-page","status-publish","has-post-thumbnail","hentry"],"acf":[],"_links":{"self":[{"href":"https:\/\/semmelweis.hu\/leveltar\/wp-json\/wp\/v2\/pages\/5","targetHints":{"allow":["GET"]}}],"collection":[{"href":"https:\/\/semmelweis.hu\/leveltar\/wp-json\/wp\/v2\/pages"}],"about":[{"href":"https:\/\/semmelweis.hu\/leveltar\/wp-json\/wp\/v2\/types\/page"}],"author":[{"embeddable":true,"href":"https:\/\/semmelweis.hu\/leveltar\/wp-json\/wp\/v2\/users\/8"}],"replies":[{"embeddable":true,"href":"https:\/\/semmelweis.hu\/leveltar\/wp-json\/wp\/v2\/comments?post=5"}],"version-history":[{"count":11,"href":"https:\/\/semmelweis.hu\/leveltar\/wp-json\/wp\/v2\/pages\/5\/revisions"}],"predecessor-version":[{"id":579,"href":"https:\/\/semmelweis.hu\/leveltar\/wp-json\/wp\/v2\/pages\/5\/revisions\/579"}],"wp:featuredmedia":[{"embeddable":true,"href":"https:\/\/semmelweis.hu\/leveltar\/wp-json\/wp\/v2\/media\/367"}],"wp:attachment":[{"href":"https:\/\/semmelweis.hu\/leveltar\/wp-json\/wp\/v2\/media?parent=5"}],"wp:term":[{"taxonomy":"category","embeddable":true,"href":"https:\/\/semmelweis.hu\/leveltar\/wp-json\/wp\/v2\/categories?post=5"},{"taxonomy":"post_tag","embeddable":true,"href":"https:\/\/semmelweis.hu\/leveltar\/wp-json\/wp\/v2\/tags?post=5"}],"curies":[{"name":"wp","href":"https:\/\/api.w.org\/{rel}","templated":true}]}}