{"id":438,"date":"2017-10-20T08:07:20","date_gmt":"2017-10-20T08:07:20","guid":{"rendered":"http:\/\/semmelweis.hu\/leveltar\/?page_id=438"},"modified":"2019-08-30T11:35:23","modified_gmt":"2019-08-30T11:35:23","slug":"nyitvatartas","status":"publish","type":"page","link":"https:\/\/semmelweis.hu\/leveltar\/nyitvatartas\/","title":{"rendered":"Nyitvatart\u00e1s"},"content":{"rendered":"<p><strong>Kutat\u00f3szolg\u00e1lat nyitva tart\u00e1sa:<\/strong><\/p>\n<p>h\u00e9tf\u0151 8.00-15.00<br \/>\nkedd 8.00-15.00<br \/>\ncs\u00fct\u00f6rt\u00f6k 8.00-15.00<\/p>\n<hr \/>\n<p><a title=\"Kutat\u00f3termi szab\u00e1lyzat\" href=\"https:\/\/semmelweis.hu\/leveltar\/kutatoszolgalat\/kutatotermi-szabalyzat\/\">Kutat\u00f3termi szab\u00e1lyzat<br \/>\n<\/a><a title=\"M\u00e1solatk\u00e9sz\u00edt\u00e9s \u00e1rai\" href=\"https:\/\/semmelweis.hu\/leveltar\/kutatoszolgalat\/masolatkeszites-arai\/\">M\u00e1solatk\u00e9sz\u00edt\u00e9s \u00e1rai<\/a><\/p>\n<p><strong>A kutat\u00e1shoz sz\u00fcks\u00e9ges \u0171rlapok:<\/strong><\/p>\n<p><a href=\"https:\/\/semmelweis.hu\/leveltar\/files\/2014\/03\/3_1_2_kutnyilatkozat.doc\">Kutat\u00f3i nyilatkozat<\/a>\u00a0(let\u00f6lt\u00e9s doc form\u00e1tumban)<br \/>\n<a href=\"https:\/\/semmelweis.hu\/leveltar\/files\/2014\/03\/3_1_2_kerelemlatjegykiadhoz.doc\">K\u00e9relem l\u00e1togat\u00f3i jegy kiad\u00e1s\u00e1hoz<\/a>\u00a0(let\u00f6lt\u00e9s doc form\u00e1tumban)<br \/>\n<a href=\"https:\/\/semmelweis.hu\/leveltar\/files\/2014\/03\/tamogatoi_nyilatkozat.doc\">T\u00e1mogat\u00f3i nyilatkozat tudom\u00e1nyos kutat\u00e1shoz<\/a>\u00a0\u00a0(let\u00f6lt\u00e9s doc form\u00e1tumban)<\/p>\n","protected":false},"excerpt":{"rendered":"<p>Kutat\u00f3szolg\u00e1lat nyitva tart\u00e1sa:<br \/>\nh\u00e9tf\u0151 8.00-15.00<br \/>\nkedd 8.00-15.00<br \/>\ncs\u00fct\u00f6rt\u00f6k 8.00-15.00<\/p>\n<p><a title=\"Kutat\u00f3termi szab\u00e1lyzat\" href=\"https:\/\/semmelweis.hu\/leveltar\/kutatoszolgalat\/kutatotermi-szabalyzat\/\">Kutat\u00f3termi szab\u00e1lyzat<br \/>\n<\/a><a title=\"M\u00e1solatk\u00e9sz\u00edt\u00e9s \u00e1rai\" href=\"https:\/\/semmelweis.hu\/leveltar\/kutatoszolgalat\/masolatkeszites-arai\/\">M\u00e1solatk\u00e9sz\u00edt\u00e9s \u00e1rai<\/a><br \/>\nA kutat\u00e1shoz sz\u00fcks\u00e9ges \u0171rlapok:<br \/>\n<a href=\"https:\/\/semmelweis.hu\/leveltar\/files\/2014\/03\/3_1_2_kutnyilatkozat.doc\">Kutat\u00f3i nyilatkozat<\/a>\u00a0(let\u00f6lt\u00e9s doc form\u00e1tumban)<br \/>\n<a href=\"https:\/\/semmelweis.hu\/leveltar\/files\/2014\/03\/3_1_2_kerelemlatjegykiadhoz.doc\">K\u00e9relem l\u00e1togat\u00f3i jegy kiad\u00e1s\u00e1hoz<\/a>\u00a0(let\u00f6lt\u00e9s doc form\u00e1tumban)<br \/>\n<a href=\"https:\/\/semmelweis.hu\/leveltar\/files\/2014\/03\/tamogatoi_nyilatkozat.doc\">T\u00e1mogat\u00f3i nyilatkozat tudom\u00e1nyos kutat\u00e1shoz<\/a>\u00a0\u00a0(let\u00f6lt\u00e9s doc form\u00e1tumban)<\/p>\n","protected":false},"author":319,"featured_media":0,"parent":0,"menu_order":6,"comment_status":"closed","ping_status":"closed","template":"","meta":{"_acf_changed":false,"footnotes":""},"categories":[],"tags":[],"class_list":["post-438","page","type-page","status-publish","hentry"],"acf":[],"_links":{"self":[{"href":"https:\/\/semmelweis.hu\/leveltar\/wp-json\/wp\/v2\/pages\/438","targetHints":{"allow":["GET"]}}],"collection":[{"href":"https:\/\/semmelweis.hu\/leveltar\/wp-json\/wp\/v2\/pages"}],"about":[{"href":"https:\/\/semmelweis.hu\/leveltar\/wp-json\/wp\/v2\/types\/page"}],"author":[{"embeddable":true,"href":"https:\/\/semmelweis.hu\/leveltar\/wp-json\/wp\/v2\/users\/319"}],"replies":[{"embeddable":true,"href":"https:\/\/semmelweis.hu\/leveltar\/wp-json\/wp\/v2\/comments?post=438"}],"version-history":[{"count":4,"href":"https:\/\/semmelweis.hu\/leveltar\/wp-json\/wp\/v2\/pages\/438\/revisions"}],"predecessor-version":[{"id":574,"href":"https:\/\/semmelweis.hu\/leveltar\/wp-json\/wp\/v2\/pages\/438\/revisions\/574"}],"wp:attachment":[{"href":"https:\/\/semmelweis.hu\/leveltar\/wp-json\/wp\/v2\/media?parent=438"}],"wp:term":[{"taxonomy":"category","embeddable":true,"href":"https:\/\/semmelweis.hu\/leveltar\/wp-json\/wp\/v2\/categories?post=438"},{"taxonomy":"post_tag","embeddable":true,"href":"https:\/\/semmelweis.hu\/leveltar\/wp-json\/wp\/v2\/tags?post=438"}],"curies":[{"name":"wp","href":"https:\/\/api.w.org\/{rel}","templated":true}]}}