{"id":375,"date":"2015-07-16T07:46:33","date_gmt":"2015-07-16T07:46:33","guid":{"rendered":"http:\/\/semmelweis.hu\/leveltar\/?page_id=375"},"modified":"2021-11-17T13:14:09","modified_gmt":"2021-11-17T13:14:09","slug":"kulongyujtemenyek","status":"publish","type":"page","link":"https:\/\/semmelweis.hu\/leveltar\/sote-leveltar\/kulongyujtemenyek\/","title":{"rendered":"K\u00fcl\u00f6ngy\u0171jtem\u00e9nyek"},"content":{"rendered":"<p><a href=\"https:\/\/semmelweis.hu\/leveltar\/files\/2014\/03\/muz_targyak_nyilv.doc\">Muze\u00e1lis t\u00e1rgyak nyilv\u00e1ntart\u00e1sa<\/a><\/p>\n<p><a href=\"https:\/\/semmelweis.hu\/leveltar\/files\/2014\/03\/vizkelety_eremgyujtemeny.doc\">V\u00edzkelety-\u00e9remgy\u0171jtem\u00e9ny<\/a><\/p>\n","protected":false},"excerpt":{"rendered":"<p><a href=\"https:\/\/semmelweis.hu\/leveltar\/files\/2014\/03\/muz_targyak_nyilv.doc\">Muze\u00e1lis t\u00e1rgyak nyilv\u00e1ntart\u00e1sa<\/a><br \/>\n<a href=\"https:\/\/semmelweis.hu\/leveltar\/files\/2014\/03\/vizkelety_eremgyujtemeny.doc\">V\u00edzkelety-\u00e9remgy\u0171jtem\u00e9ny<\/a><\/p>\n","protected":false},"author":319,"featured_media":0,"parent":145,"menu_order":4,"comment_status":"closed","ping_status":"closed","template":"","meta":{"_acf_changed":false,"footnotes":""},"categories":[],"tags":[],"class_list":["post-375","page","type-page","status-publish","hentry"],"acf":[],"_links":{"self":[{"href":"https:\/\/semmelweis.hu\/leveltar\/wp-json\/wp\/v2\/pages\/375","targetHints":{"allow":["GET"]}}],"collection":[{"href":"https:\/\/semmelweis.hu\/leveltar\/wp-json\/wp\/v2\/pages"}],"about":[{"href":"https:\/\/semmelweis.hu\/leveltar\/wp-json\/wp\/v2\/types\/page"}],"author":[{"embeddable":true,"href":"https:\/\/semmelweis.hu\/leveltar\/wp-json\/wp\/v2\/users\/319"}],"replies":[{"embeddable":true,"href":"https:\/\/semmelweis.hu\/leveltar\/wp-json\/wp\/v2\/comments?post=375"}],"version-history":[{"count":3,"href":"https:\/\/semmelweis.hu\/leveltar\/wp-json\/wp\/v2\/pages\/375\/revisions"}],"predecessor-version":[{"id":595,"href":"https:\/\/semmelweis.hu\/leveltar\/wp-json\/wp\/v2\/pages\/375\/revisions\/595"}],"up":[{"embeddable":true,"href":"https:\/\/semmelweis.hu\/leveltar\/wp-json\/wp\/v2\/pages\/145"}],"wp:attachment":[{"href":"https:\/\/semmelweis.hu\/leveltar\/wp-json\/wp\/v2\/media?parent=375"}],"wp:term":[{"taxonomy":"category","embeddable":true,"href":"https:\/\/semmelweis.hu\/leveltar\/wp-json\/wp\/v2\/categories?post=375"},{"taxonomy":"post_tag","embeddable":true,"href":"https:\/\/semmelweis.hu\/leveltar\/wp-json\/wp\/v2\/tags?post=375"}],"curies":[{"name":"wp","href":"https:\/\/api.w.org\/{rel}","templated":true}]}}