{"id":304,"date":"2014-03-20T16:23:15","date_gmt":"2014-03-20T16:23:15","guid":{"rendered":"http:\/\/semmelweis.hu\/leveltar\/?page_id=304"},"modified":"2024-04-24T13:29:10","modified_gmt":"2024-04-24T13:29:10","slug":"sote-segedletek-mutatok","status":"publish","type":"page","link":"https:\/\/semmelweis.hu\/leveltar\/sote-leveltar\/sote-segedletek-mutatok\/","title":{"rendered":"Seg\u00e9dletek, mutat\u00f3k"},"content":{"rendered":"<h4><strong>1. fond &#8211; Budapesti Orvostudom\u00e1nyi Kar d\u00e9k\u00e1ni hivatala<br \/>\n<\/strong><\/h4>\n<ul>\n<li><a href=\"https:\/\/semmelweis.hu\/leveltar\/files\/2014\/03\/osszesitett.xls\">Szigorlati jegyz\u0151k\u00f6nyvek 1811-1951 (1\/c 1-127. k\u00f6tet)<\/a>\n<ul>\n<li><a href=\"https:\/\/semmelweis.hu\/leveltar\/files\/2024\/04\/Hasznalati-utmutato-a-szigorlati-jegyzokonyvek-mutatojahoz.pdf\">(haszn\u00e1lati \u00fatmutat\u00f3)<\/a><\/li>\n<\/ul>\n<\/li>\n<li><a href=\"https:\/\/semmelweis.hu\/leveltar\/files\/2024\/04\/HU-SEKL-Testuleti-jkv-1896-1945-honlap.xlsx\">Kari \u00fcl\u00e9sek napirendi pontjai 1896-1945 (1\/a 22-73. k\u00f6tet)<\/a><\/li>\n<li><a href=\"https:\/\/semmelweis.hu\/leveltar\/files\/2024\/04\/1.a-PPTE-OTK-1945-1951.xlsx\">Kari \u00fcl\u00e9sek napirendi pontjai 1945-1951 (1\/a 74-81. k\u00f6tet)<\/a><\/li>\n<li><a href=\"https:\/\/semmelweis.hu\/leveltar\/files\/2014\/03\/magantanarok.xls\">N\u00e9vmutat\u00f3 a mag\u00e1ntan\u00e1rok t\u00f6rzsk\u00f6nyveihez 1868-1950 (1\/h \u00e1llag 6., \u00e9s 27. k\u00f6tetek)<\/a><\/li>\n<li><a href=\"https:\/\/semmelweis.hu\/leveltar\/files\/2014\/03\/tanarsegedek_es_gyakornokok.xls\">Orvoskari tan\u00e1rseg\u00e9dek \u00e9s gyakornokok esk\u00fck\u00f6nyve 1907-1942 (1\/h 10. k\u00f6tet)<\/a><\/li>\n<li><a href=\"https:\/\/semmelweis.hu\/leveltar\/files\/2014\/03\/orvosdoktorok_konyve.xls\">Az egy \u00e9vi k\u00f3rh\u00e1zi gyakorlatot kit\u00f6lt\u00f6tt orvosdoktorok nyilv\u00e1ntart\u00e1si k\u00f6nyve 1905-1952 (1\/h 22-26. k\u00f6tet)<\/a><\/li>\n<\/ul>\n<h4><strong>2. fond &#8211; Quaestura<\/strong><\/h4>\n<ul>\n<li>\u00a0<a href=\"https:\/\/semmelweis.hu\/leveltar\/files\/2024\/04\/Vegbizonyitvanyok-mutatoja-1907-1952.-2.0.pdf\">V\u00e9gbizony\u00edtv\u00e1nyok 1907-1952 (2\/b 1-77. k\u00f6tet)<\/a><\/li>\n<li>\u00a0<a href=\"https:\/\/semmelweis.hu\/leveltar\/files\/2024\/04\/Tavozasi-bizonyitvanyok-1907-1950.pdf\">T\u00e1voz\u00e1si bizony\u00edtv\u00e1nyok 1907-1950 (2\/c 1-23. k\u00f6tet)<\/a><\/li>\n<\/ul>\n<h4><strong>3. fond &#8211; BOTE\/sote rektori hivatala<\/strong><\/h4>\n<ul>\n<li><a href=\"https:\/\/semmelweis.hu\/leveltar\/files\/2024\/04\/3.a-BOTE-Egy.Tanacs-1951-1963.xlsx\">Egyetemi tan\u00e1cs\u00fcl\u00e9sek napirendi pontjai 1951-1963 (3\/a 1-12. k\u00f6tet)<\/a><\/li>\n<li><a href=\"https:\/\/semmelweis.hu\/leveltar\/files\/2024\/04\/3.a-BOTE-SOTE-Egy.Tanacs-1963-1990.xlsx\">Egyetemi tan\u00e1cs\u00fcl\u00e9sek napirendi pontjai 1963-1990 (3\/a 13-50. k\u00f6tet)<\/a><\/li>\n<li><a href=\"https:\/\/semmelweis.hu\/leveltar\/files\/2024\/04\/3.b-BOTE-SOTE-Rekt.-Tanacs-1962-1970.xlsx\">Rektori tan\u00e1cs\u00fcl\u00e9sek napirendi pontjai 1962-1970 (3\/b 1-3. k\u00f6tet, 1. doboz)<\/a><\/li>\n<\/ul>\n<h4><strong>5. fond &#8211; \u00c1ltal\u00e1nos Orvostudom\u00e1nyi Kar D\u00e9k\u00e1ni Hivatala<\/strong><\/h4>\n<ul>\n<li><a href=\"https:\/\/semmelweis.hu\/leveltar\/files\/2024\/04\/5.a-BOTE-AOK-Kari-Tanacs-1956-1963.xlsx\">Kari \u00fcl\u00e9sek napirendi pontjai 1956-1963 (5\/a 1-7. k\u00f6tet)<\/a><\/li>\n<li><a href=\"https:\/\/semmelweis.hu\/leveltar\/files\/2024\/04\/5.a-BOTE-SOTE-AOK-Kari-Tanacs-1963-1970.xlsx\">Kari \u00fcl\u00e9sek napirendi pontjai 1963-1970 (5\/a 8-14. k\u00f6tet)<\/a><\/li>\n<li><a href=\"https:\/\/semmelweis.hu\/leveltar\/files\/2014\/03\/5_c_nevmutato.xls\">\u00c1OK n\u00e9met hallgat\u00f3i 1959-1965 (5\/c 100-102. k\u00f6tet)<\/a><\/li>\n<\/ul>\n<h4><strong>6. fond &#8211; Fogorvostudom\u00e1nyi kar d\u00e9k\u00e1ni hivatala<\/strong><\/h4>\n<ul>\n<li><a href=\"https:\/\/semmelweis.hu\/leveltar\/files\/2024\/04\/6.a-BOTE-FOK-Kari-Tanacs-1954-1963.xlsx\">Kari \u00fcl\u00e9sek napirendi pontjai 1954-1963 (6\/a 1-4. k\u00f6tet)<\/a><\/li>\n<li><a href=\"https:\/\/semmelweis.hu\/leveltar\/files\/2024\/04\/6.a-BOTE-SOTE-FOK-Kari-Tanacs-1963-1970.xlsx\">Kari \u00fcl\u00e9sek napirendi pontjai 1963-1970 (6\/a 5-8. k\u00f6tet)<\/a><\/li>\n<\/ul>\n<h4><strong>7. fond &#8211; Gy\u00f3gyszer\u00e9sztudom\u00e1nyi Kar d\u00e9k\u00e1ni hivatala<br \/>\n<\/strong><\/h4>\n<ul>\n<li><a href=\"https:\/\/semmelweis.hu\/leveltar\/files\/2024\/04\/7.a-BOTE-GYOK-Kari-Tanacs-1955-1963.xlsx\">Kari \u00fcl\u00e9sek napirendi pontjai 1955-1963 (7\/a 1-7. k\u00f6tet)<\/a><\/li>\n<li><a href=\"https:\/\/semmelweis.hu\/leveltar\/files\/2024\/04\/7.a-BOTE-SOTE-GYOK-Kari-Tanacs-1963-1970.xlsx\">Kari \u00fcl\u00e9sek napirendi pontjai 1963-1970 (7\/a 8-14. k\u00f6tet)<\/a><\/li>\n<li><a href=\"https:\/\/semmelweis.hu\/leveltar\/files\/2014\/03\/7_d_nevmutato.xls\">Gy\u00f3gyszer\u00e9sz szigorlati jegyz\u0151k\u00f6nyvek n\u00e9vmutat\u00f3ja 1854-1951 (7\/d \u00e1llag 1-23. k\u00f6tet)<\/a><\/li>\n<li><a href=\"https:\/\/semmelweis.hu\/leveltar\/files\/2024\/04\/7.e.-Gyakornokokat-vizsgalo-bizottsag-jkv.-nevmutatoja.pdf\">Gy\u00f3gyszer\u00e9sz gyakornokokat vizsg\u00e1l\u00f3 bizotts\u00e1g jegyz\u0151k\u00f6nyveinek n\u00e9vmutat\u00f3ja 1888-1949 (7\/e \u00e1llag 1-6. k\u00f6tet)<\/a><\/li>\n<li><a href=\"https:\/\/semmelweis.hu\/leveltar\/files\/2024\/04\/7.f.-Egyeb-nyilvantarto-konyvek-nevmutatoja.pdf\">Gy\u00f3gyszer\u00e9szk\u00e9pz\u00e9ssel kapcsolatos egy\u00e9b nyilv\u00e1ntart\u00f3 k\u00f6nyvek n\u00e9vmutat\u00f3ja 1886-1960 (7\/f \u00e1llag 1-12. k\u00f6tet)<\/a><\/li>\n<\/ul>\n<h4><strong>49. fond &#8211; K\u00e9pgy\u0171jtem\u00e9ny<\/strong><\/h4>\n<ul>\n<li><a href=\"https:\/\/semmelweis.hu\/leveltar\/files\/2014\/03\/portrek_nevjegyzeke_49_fond.xls\">Portr\u00e9k n\u00e9vjegyz\u00e9ke<\/a><\/li>\n<\/ul>\n<p>A n\u00e9vmutat\u00f3ban egyel\u0151re csak a t\u00f6bb mint 12 000 darabos gy\u0171jtem\u00e9ny beazonos\u00edtott portr\u00e9kat tartalmaz\u00f3 r\u00e9sze szerepel. A sorozaton bel\u00fcli pontos topogr\u00e1fia az\u00e9rt nincs megadva, mert a k\u00e9pek szoros bet\u0171rendben tal\u00e1lhat\u00f3k.<\/p>\n<h4><strong>318. fond &#8211; Magyary-Kossa k\u00e9pgy\u0171jtem\u00e9ny<\/strong><\/h4>\n<ul>\n<li><a href=\"https:\/\/semmelweis.hu\/leveltar\/files\/2024\/04\/318.fond-Magyary-Kossa-nev-es-targymutato.pdf\">N\u00e9v- \u00e9s t\u00e1rgymutat\u00f3<\/a><\/li>\n<\/ul>\n","protected":false},"excerpt":{"rendered":"<p>1. fond &#8211; Budapesti Orvostudom\u00e1nyi Kar d\u00e9k\u00e1ni hivatala <a href=\"https:\/\/semmelweis.hu\/leveltar\/files\/2014\/03\/osszesitett.xls\">Szigorlati jegyz\u0151k\u00f6nyvek 1811-1951 (1\/c 1-127. k\u00f6tet)<\/a> <a href=\"https:\/\/semmelweis.hu\/leveltar\/files\/2024\/04\/Hasznalati-utmutato-a-szigorlati-jegyzokonyvek-mutatojahoz.pdf\">(haszn\u00e1lati \u00fatmutat\u00f3)<\/a> <a href=\"https:\/\/semmelweis.hu\/leveltar\/files\/2024\/04\/HU-SEKL-Testuleti-jkv-1896-1945-honlap.xlsx\">Kari \u00fcl\u00e9sek napirendi pontjai 1896-1945 (1\/a 22-73. k\u00f6tet)<\/a> <a href=\"https:\/\/semmelweis.hu\/leveltar\/files\/2024\/04\/1.a-PPTE-OTK-1945-1951.xlsx\">Kari \u00fcl\u00e9sek napirendi pontjai 1945-1951 (1\/a 74-81. k\u00f6tet)<\/a> <a href=\"https:\/\/semmelweis.hu\/leveltar\/files\/2014\/03\/magantanarok.xls\">N\u00e9vmutat\u00f3 a mag\u00e1ntan\u00e1rok t\u00f6rzsk\u00f6nyveihez 1868-1950 (1\/h \u00e1llag 6., \u00e9s 27. k\u00f6tetek)<\/a> <a href=\"https:\/\/semmelweis.hu\/leveltar\/files\/2014\/03\/tanarsegedek_es_gyakornokok.xls\">Orvoskari tan\u00e1rseg\u00e9dek \u00e9s gyakornokok esk\u00fck\u00f6nyve 1907-1942 (1\/h 10. k\u00f6tet)<\/a> <a href=\"https:\/\/semmelweis.hu\/leveltar\/files\/2014\/03\/orvosdoktorok_konyve.xls\">Az egy \u00e9vi k\u00f3rh\u00e1zi gyakorlatot kit\u00f6lt\u00f6tt orvosdoktorok nyilv\u00e1ntart\u00e1si k\u00f6nyve 1905-1952 (1\/h 22-26. k\u00f6tet)<\/a> 2. fond &#8211; Quaestura \u00a0 <a href=\"https:\/\/semmelweis.hu\/leveltar\/files\/2024\/04\/Vegbizonyitvanyok-mutatoja-1907-1952.-2.0.pdf\">V\u00e9gbizony\u00edtv\u00e1nyok 1907-1952 (2\/b 1-77. k\u00f6tet)<\/a> \u00a0 <a href=\"https:\/\/semmelweis.hu\/leveltar\/files\/2024\/04\/Tavozasi-bizonyitvanyok-1907-1950.pdf\">T\u00e1voz\u00e1si bizony\u00edtv\u00e1nyok 1907-1950 (2\/c 1-23. k\u00f6tet)<\/a> 3. fond &#8211; BOTE\/sote rektori hivatala <a href=\"https:\/\/semmelweis.hu\/leveltar\/files\/2024\/04\/3.a-BOTE-Egy.Tanacs-1951-1963.xlsx\">Egyetemi tan\u00e1cs\u00fcl\u00e9sek napirendi pontjai 1951-1963 (3\/a 1-12. k\u00f6tet)<\/a> <a href=\"https:\/\/semmelweis.hu\/leveltar\/files\/2024\/04\/3.a-BOTE-SOTE-Egy.Tanacs-1963-1990.xlsx\">Egyetemi tan\u00e1cs\u00fcl\u00e9sek napirendi pontjai 1963-1990 (3\/a 13-50. k\u00f6tet)<\/a> <a href=\"https:\/\/semmelweis.hu\/leveltar\/files\/2024\/04\/3.b-BOTE-SOTE-Rekt.-Tanacs-1962-1970.xlsx\">Rektori tan\u00e1cs\u00fcl\u00e9sek napirendi pontjai 1962-1970 (3\/b 1-3. k\u00f6tet, 1. doboz)<\/a> 5. fond &#8211; \u00c1ltal\u00e1nos Orvostudom\u00e1nyi Kar D\u00e9k\u00e1ni Hivatala <a href=\"https:\/\/semmelweis.hu\/leveltar\/files\/2024\/04\/5.a-BOTE-AOK-Kari-Tanacs-1956-1963.xlsx\">Kari \u00fcl\u00e9sek napirendi pontjai 1956-1963 (5\/a 1-7. k\u00f6tet)<\/a> <a href=\"https:\/\/semmelweis.hu\/leveltar\/files\/2024\/04\/5.a-BOTE-SOTE-AOK-Kari-Tanacs-1963-1970.xlsx\">Kari \u00fcl\u00e9sek napirendi pontjai 1963-1970 (5\/a 8-14. k\u00f6tet)<\/a> <a href=\"https:\/\/semmelweis.hu\/leveltar\/files\/2014\/03\/5_c_nevmutato.xls\">\u00c1OK n\u00e9met hallgat\u00f3i 1959-1965 (5\/c 100-102. k\u00f6tet)<\/a> 6. fond &#8211; Fogorvostudom\u00e1nyi kar d\u00e9k\u00e1ni hivatala <a href=\"https:\/\/semmelweis.hu\/leveltar\/files\/2024\/04\/6.a-BOTE-FOK-Kari-Tanacs-1954-1963.xlsx\">Kari \u00fcl\u00e9sek napirendi pontjai 1954-1963 (6\/a 1-4. k\u00f6tet)<\/a> <a href=\"https:\/\/semmelweis.hu\/leveltar\/files\/2024\/04\/6.a-BOTE-SOTE-FOK-Kari-Tanacs-1963-1970.xlsx\">Kari \u00fcl\u00e9sek napirendi pontjai 1963-1970 (6\/a 5-8. k\u00f6tet)<\/a> 7. fond &#8211; Gy\u00f3gyszer\u00e9sztudom\u00e1nyi Kar d\u00e9k\u00e1ni hivatala <a href=\"https:\/\/semmelweis.hu\/leveltar\/files\/2024\/04\/7.a-BOTE-GYOK-Kari-Tanacs-1955-1963.xlsx\">Kari \u00fcl\u00e9sek napirendi pontjai 1955-1963 (7\/a 1-7. k\u00f6tet)<\/a> <a href=\"https:\/\/semmelweis.hu\/leveltar\/files\/2024\/04\/7.a-BOTE-SOTE-GYOK-Kari-Tanacs-1963-1970.xlsx\">Kari \u00fcl\u00e9sek napirendi pontjai 1963-1970 (7\/a 8-14. k\u00f6tet)<\/a> <a href=\"https:\/\/semmelweis.hu\/leveltar\/files\/2014\/03\/7_d_nevmutato.xls\">Gy\u00f3gyszer\u00e9sz szigorlati jegyz\u0151k\u00f6nyvek n\u00e9vmutat\u00f3ja 1854-1951 (7\/d \u00e1llag 1-23. k\u00f6tet)<\/a> <a href=\"https:\/\/semmelweis.hu\/leveltar\/files\/2024\/04\/7.e.-Gyakornokokat-vizsgalo-bizottsag-jkv.-nevmutatoja.pdf\">Gy\u00f3gyszer\u00e9sz gyakornokokat vizsg\u00e1l\u00f3 bizotts\u00e1g jegyz\u0151k\u00f6nyveinek n\u00e9vmutat\u00f3ja 1888-1949 (7\/e \u00e1llag 1-6. k\u00f6tet)<\/a> <a href=\"https:\/\/semmelweis.hu\/leveltar\/files\/2024\/04\/7.f.-Egyeb-nyilvantarto-konyvek-nevmutatoja.pdf\">Gy\u00f3gyszer\u00e9szk\u00e9pz\u00e9ssel kapcsolatos egy\u00e9b nyilv\u00e1ntart\u00f3 k\u00f6nyvek n\u00e9vmutat\u00f3ja 1886-1960 (7\/f \u00e1llag 1-12. k\u00f6tet)<\/a> 49. fond &#8211; K\u00e9pgy\u0171jtem\u00e9ny <a href=\"https:\/\/semmelweis.hu\/leveltar\/files\/2014\/03\/portrek_nevjegyzeke_49_fond.xls\">Portr\u00e9k n\u00e9vjegyz\u00e9ke<\/a> A n\u00e9vmutat\u00f3ban egyel\u0151re csak a t\u00f6bb mint 12 000 &hellip;<\/p>\n","protected":false},"author":1,"featured_media":0,"parent":145,"menu_order":0,"comment_status":"closed","ping_status":"closed","template":"","meta":{"_acf_changed":false,"footnotes":""},"categories":[],"tags":[],"class_list":["post-304","page","type-page","status-publish","hentry"],"acf":[],"_links":{"self":[{"href":"https:\/\/semmelweis.hu\/leveltar\/wp-json\/wp\/v2\/pages\/304","targetHints":{"allow":["GET"]}}],"collection":[{"href":"https:\/\/semmelweis.hu\/leveltar\/wp-json\/wp\/v2\/pages"}],"about":[{"href":"https:\/\/semmelweis.hu\/leveltar\/wp-json\/wp\/v2\/types\/page"}],"author":[{"embeddable":true,"href":"https:\/\/semmelweis.hu\/leveltar\/wp-json\/wp\/v2\/users\/1"}],"replies":[{"embeddable":true,"href":"https:\/\/semmelweis.hu\/leveltar\/wp-json\/wp\/v2\/comments?post=304"}],"version-history":[{"count":11,"href":"https:\/\/semmelweis.hu\/leveltar\/wp-json\/wp\/v2\/pages\/304\/revisions"}],"predecessor-version":[{"id":666,"href":"https:\/\/semmelweis.hu\/leveltar\/wp-json\/wp\/v2\/pages\/304\/revisions\/666"}],"up":[{"embeddable":true,"href":"https:\/\/semmelweis.hu\/leveltar\/wp-json\/wp\/v2\/pages\/145"}],"wp:attachment":[{"href":"https:\/\/semmelweis.hu\/leveltar\/wp-json\/wp\/v2\/media?parent=304"}],"wp:term":[{"taxonomy":"category","embeddable":true,"href":"https:\/\/semmelweis.hu\/leveltar\/wp-json\/wp\/v2\/categories?post=304"},{"taxonomy":"post_tag","embeddable":true,"href":"https:\/\/semmelweis.hu\/leveltar\/wp-json\/wp\/v2\/tags?post=304"}],"curies":[{"name":"wp","href":"https:\/\/api.w.org\/{rel}","templated":true}]}}