{"id":166,"date":"2014-03-20T15:44:51","date_gmt":"2014-03-20T15:44:51","guid":{"rendered":"http:\/\/semmelweis.hu\/leveltar\/?page_id=166"},"modified":"2014-03-20T16:07:20","modified_gmt":"2014-03-20T16:07:20","slug":"iratkezeles","status":"publish","type":"page","link":"https:\/\/semmelweis.hu\/leveltar\/szolgaltatasok\/iratkezeles\/","title":{"rendered":"Iratkezel\u00e9s"},"content":{"rendered":"<p>1. Iratt\u00e1ri tervek (1972, 1986, 2006)<\/p>\n<p><a href=\"https:\/\/semmelweis.hu\/leveltar\/files\/2014\/03\/irattari_terv_1972.doc\">Iratt\u00e1ri terv 1972 ( .doc )<\/a><br \/>\n<a href=\"https:\/\/semmelweis.hu\/leveltar\/files\/2014\/03\/irattari_terv_1986.doc\">Iratt\u00e1ri terv 1986 ( .doc )<\/a><br \/>\n<a href=\"https:\/\/semmelweis.hu\/leveltar\/files\/2014\/03\/irattari_terv_2006.doc\">Iratt\u00e1ri terv 2006 ( .doc )<\/a><\/p>\n<p>2. Iratselejtez\u00e9si jegyz\u0151k\u00f6nyv mint\u00e1k<\/p>\n<p><a href=\"https:\/\/semmelweis.hu\/leveltar\/files\/2014\/03\/minta_kenyszerselejtezesi_jkv_melleklete.doc\">Minta k\u00e9nyszerselejtez\u00e9si jkv + mell\u00e9klete ( .doc )<\/a><br \/>\n<a href=\"https:\/\/semmelweis.hu\/leveltar\/files\/2014\/03\/minta_sel_jkv_melleklete.doc\">Minta selejtez\u00e9si jkv + mell\u00e9klete ( .doc )<\/a><\/p>\n","protected":false},"excerpt":{"rendered":"<p>1. Iratt\u00e1ri tervek (1972, 1986, 2006)<br \/>\n<a href=\"https:\/\/semmelweis.hu\/leveltar\/files\/2014\/03\/irattari_terv_1972.doc\">Iratt\u00e1ri terv 1972 ( .doc )<\/a><br \/>\n<a href=\"https:\/\/semmelweis.hu\/leveltar\/files\/2014\/03\/irattari_terv_1986.doc\">Iratt\u00e1ri terv 1986 ( .doc )<\/a><br \/>\n<a href=\"https:\/\/semmelweis.hu\/leveltar\/files\/2014\/03\/irattari_terv_2006.doc\">Iratt\u00e1ri terv 2006 ( .doc )<\/a><br \/>\n2. Iratselejtez\u00e9si jegyz\u0151k\u00f6nyv mint\u00e1k<br \/>\n<a href=\"https:\/\/semmelweis.hu\/leveltar\/files\/2014\/03\/minta_kenyszerselejtezesi_jkv_melleklete.doc\">Minta k\u00e9nyszerselejtez\u00e9si jkv + mell\u00e9klete ( .doc )<\/a><br \/>\n<a href=\"https:\/\/semmelweis.hu\/leveltar\/files\/2014\/03\/minta_sel_jkv_melleklete.doc\">Minta selejtez\u00e9si jkv + mell\u00e9klete ( .doc )<\/a><\/p>\n","protected":false},"author":1,"featured_media":0,"parent":162,"menu_order":0,"comment_status":"closed","ping_status":"closed","template":"","meta":{"_acf_changed":false,"footnotes":""},"categories":[],"tags":[],"class_list":["post-166","page","type-page","status-publish","hentry"],"acf":[],"_links":{"self":[{"href":"https:\/\/semmelweis.hu\/leveltar\/wp-json\/wp\/v2\/pages\/166","targetHints":{"allow":["GET"]}}],"collection":[{"href":"https:\/\/semmelweis.hu\/leveltar\/wp-json\/wp\/v2\/pages"}],"about":[{"href":"https:\/\/semmelweis.hu\/leveltar\/wp-json\/wp\/v2\/types\/page"}],"author":[{"embeddable":true,"href":"https:\/\/semmelweis.hu\/leveltar\/wp-json\/wp\/v2\/users\/1"}],"replies":[{"embeddable":true,"href":"https:\/\/semmelweis.hu\/leveltar\/wp-json\/wp\/v2\/comments?post=166"}],"version-history":[{"count":3,"href":"https:\/\/semmelweis.hu\/leveltar\/wp-json\/wp\/v2\/pages\/166\/revisions"}],"predecessor-version":[{"id":294,"href":"https:\/\/semmelweis.hu\/leveltar\/wp-json\/wp\/v2\/pages\/166\/revisions\/294"}],"up":[{"embeddable":true,"href":"https:\/\/semmelweis.hu\/leveltar\/wp-json\/wp\/v2\/pages\/162"}],"wp:attachment":[{"href":"https:\/\/semmelweis.hu\/leveltar\/wp-json\/wp\/v2\/media?parent=166"}],"wp:term":[{"taxonomy":"category","embeddable":true,"href":"https:\/\/semmelweis.hu\/leveltar\/wp-json\/wp\/v2\/categories?post=166"},{"taxonomy":"post_tag","embeddable":true,"href":"https:\/\/semmelweis.hu\/leveltar\/wp-json\/wp\/v2\/tags?post=166"}],"curies":[{"name":"wp","href":"https:\/\/api.w.org\/{rel}","templated":true}]}}