{"id":145,"date":"2014-03-20T15:21:57","date_gmt":"2014-03-20T15:21:57","guid":{"rendered":"http:\/\/semmelweis.hu\/leveltar\/?page_id=145"},"modified":"2025-11-28T11:20:53","modified_gmt":"2025-11-28T11:20:53","slug":"sote-leveltar","status":"publish","type":"page","link":"https:\/\/semmelweis.hu\/leveltar\/sote-leveltar\/","title":{"rendered":"Gy\u0171jtem\u00e9ny"},"content":{"rendered":"<p><a href=\"https:\/\/semmelweis.hu\/leveltar\/altalanos-informaciok\/a-leveltar-tortenete\/elodintezmenyek\/\">Az egyetem el\u0151dint\u00e9zm\u00e9nyei<\/a><\/p>\n<p><a href=\"https:\/\/semmelweis.hu\/leveltar\/gyujtemenyek\/sote-leveltar\/a-sote-leveltar-szerkezete\/\">A SOTE-lev\u00e9lt\u00e1r szerkezete, rakt\u00e1ri jegyz\u00e9kek<\/a><\/p>\n<p><a href=\"https:\/\/semmelweis.hu\/leveltar\/files\/2025\/11\/Fond-es-allagjegyzek-SOTE2025.2.2.pdf\">Fond \u00e9s \u00e1llagjegyz\u00e9k<\/a><\/p>\n<p><a href=\"https:\/\/semmelweis.hu\/leveltar\/gyujtemenyek\/sote-leveltar\/sote-segedletek-mutatok\/\">Seg\u00e9dletek (mutat\u00f3k)<\/a><\/p>\n<p><a href=\"https:\/\/semmelweis.hu\/leveltar\/files\/2024\/04\/Tisztsegviselok-idorendi-tablazata-1951-2022.xls\">Az egyetem tiszts\u00e9gvisel\u0151i 1951-2022<\/a><\/p>\n","protected":false},"excerpt":{"rendered":"<p><a href=\"https:\/\/semmelweis.hu\/leveltar\/altalanos-informaciok\/a-leveltar-tortenete\/elodintezmenyek\/\">Az egyetem el\u0151dint\u00e9zm\u00e9nyei<\/a><br \/>\n<a href=\"https:\/\/semmelweis.hu\/leveltar\/gyujtemenyek\/sote-leveltar\/a-sote-leveltar-szerkezete\/\">A SOTE-lev\u00e9lt\u00e1r szerkezete, rakt\u00e1ri jegyz\u00e9kek<\/a><br \/>\n<a href=\"https:\/\/semmelweis.hu\/leveltar\/files\/2025\/11\/Fond-es-allagjegyzek-SOTE2025.2.2.pdf\">Fond \u00e9s \u00e1llagjegyz\u00e9k<\/a><br \/>\n<a href=\"https:\/\/semmelweis.hu\/leveltar\/gyujtemenyek\/sote-leveltar\/sote-segedletek-mutatok\/\">Seg\u00e9dletek (mutat\u00f3k)<\/a><br \/>\n<a href=\"https:\/\/semmelweis.hu\/leveltar\/files\/2024\/04\/Tisztsegviselok-idorendi-tablazata-1951-2022.xls\">Az egyetem tiszts\u00e9gvisel\u0151i 1951-2022<\/a><\/p>\n","protected":false},"author":1,"featured_media":0,"parent":0,"menu_order":0,"comment_status":"closed","ping_status":"closed","template":"","meta":{"_acf_changed":false,"footnotes":""},"categories":[],"tags":[],"class_list":["post-145","page","type-page","status-publish","hentry"],"acf":[],"_links":{"self":[{"href":"https:\/\/semmelweis.hu\/leveltar\/wp-json\/wp\/v2\/pages\/145","targetHints":{"allow":["GET"]}}],"collection":[{"href":"https:\/\/semmelweis.hu\/leveltar\/wp-json\/wp\/v2\/pages"}],"about":[{"href":"https:\/\/semmelweis.hu\/leveltar\/wp-json\/wp\/v2\/types\/page"}],"author":[{"embeddable":true,"href":"https:\/\/semmelweis.hu\/leveltar\/wp-json\/wp\/v2\/users\/1"}],"replies":[{"embeddable":true,"href":"https:\/\/semmelweis.hu\/leveltar\/wp-json\/wp\/v2\/comments?post=145"}],"version-history":[{"count":9,"href":"https:\/\/semmelweis.hu\/leveltar\/wp-json\/wp\/v2\/pages\/145\/revisions"}],"predecessor-version":[{"id":762,"href":"https:\/\/semmelweis.hu\/leveltar\/wp-json\/wp\/v2\/pages\/145\/revisions\/762"}],"wp:attachment":[{"href":"https:\/\/semmelweis.hu\/leveltar\/wp-json\/wp\/v2\/media?parent=145"}],"wp:term":[{"taxonomy":"category","embeddable":true,"href":"https:\/\/semmelweis.hu\/leveltar\/wp-json\/wp\/v2\/categories?post=145"},{"taxonomy":"post_tag","embeddable":true,"href":"https:\/\/semmelweis.hu\/leveltar\/wp-json\/wp\/v2\/tags?post=145"}],"curies":[{"name":"wp","href":"https:\/\/api.w.org\/{rel}","templated":true}]}}