{"id":131,"date":"2014-03-07T14:53:15","date_gmt":"2014-03-07T14:53:15","guid":{"rendered":"http:\/\/semmelweis.hu\/leveltar\/?page_id=131"},"modified":"2024-04-15T17:54:24","modified_gmt":"2024-04-15T17:54:24","slug":"kiadvanyok","status":"publish","type":"page","link":"https:\/\/semmelweis.hu\/leveltar\/altalanos-informaciok\/kiadvanyok\/","title":{"rendered":"Kiadv\u00e1nyok"},"content":{"rendered":"<p>Sz\u00f6gi L\u00e1szl\u00f3: A Semmelweis Orvostudom\u00e1nyi Egyetem Lev\u00e9lt\u00e1ra 1770-1970 &#8211; repert\u00f3rium. Budapest, 1982.<\/p>\n<p>Dr. Sz\u00f6gi L\u00e1szl\u00f3: Kieg\u00e9sz\u00edt\u00e9s a Semmelweis Orvostudom\u00e1nyi Egyetem Lev\u00e9lt\u00e1ra 1770-1970 c. repert\u00f3riumhoz. Budapest, 1984.<\/p>\n<p>Moln\u00e1r L\u00e1szl\u00f3: A Budapesti Orvostudom\u00e1nyi Egyetemen v\u00e9gzett orvostanhallgat\u00f3k jegyz\u00e9ke 1951-1969. Prom\u00f3ci\u00f3s k\u00f6nyvek IV. Budapest, 1997.<\/p>\n<p>Moln\u00e1r L\u00e1szl\u00f3 &#8211; Sz\u00f6gi L\u00e1szl\u00f3: A Semmelweis Orvostudom\u00e1nyi Egyetem Lev\u00e9lt\u00e1ra 1770-1999 &#8211; repert\u00f3rium. Budapest, 2002.<\/p>\n<p>Moln\u00e1r L\u00e1szl\u00f3: A P\u00e1zm\u00e1ny P\u00e9ter Tudom\u00e1nyegyetem Orvostudom\u00e1nyi Kar\u00e1n v\u00e9gzett orvostanhallgat\u00f3k jegyz\u00e9ke 1921-1951. Prom\u00f3ci\u00f3s k\u00f6nyvek III. Budapest, 2006.<\/p>\n<p>Dr. Kapronczay Katalin: Orvosi m\u0171vel\u0151d\u00e9s \u00e9s eg\u00e9szs\u00e9g\u00fcgyi kult\u00fara a XVIII. sz\u00e1zadi Magyarorsz\u00e1gon. Budapest, 2007.<\/p>\n","protected":false},"excerpt":{"rendered":"<p>Sz\u00f6gi L\u00e1szl\u00f3: A Semmelweis Orvostudom\u00e1nyi Egyetem Lev\u00e9lt\u00e1ra 1770-1970 &#8211; repert\u00f3rium. Budapest, 1982. Dr. Sz\u00f6gi L\u00e1szl\u00f3: Kieg\u00e9sz\u00edt\u00e9s a Semmelweis Orvostudom\u00e1nyi Egyetem Lev\u00e9lt\u00e1ra 1770-1970 c. repert\u00f3riumhoz. Budapest, 1984. Moln\u00e1r L\u00e1szl\u00f3: A Budapesti Orvostudom\u00e1nyi Egyetemen v\u00e9gzett orvostanhallgat\u00f3k jegyz\u00e9ke 1951-1969. Prom\u00f3ci\u00f3s k\u00f6nyvek IV. Budapest, 1997. Moln\u00e1r L\u00e1szl\u00f3 &#8211; Sz\u00f6gi L\u00e1szl\u00f3: A Semmelweis Orvostudom\u00e1nyi Egyetem Lev\u00e9lt\u00e1ra 1770-1999 &#8211; repert\u00f3rium. Budapest, &hellip;<\/p>\n","protected":false},"author":12,"featured_media":0,"parent":5,"menu_order":3,"comment_status":"closed","ping_status":"open","template":"","meta":{"_acf_changed":false,"footnotes":""},"categories":[],"tags":[],"class_list":["post-131","page","type-page","status-publish","hentry"],"acf":[],"_links":{"self":[{"href":"https:\/\/semmelweis.hu\/leveltar\/wp-json\/wp\/v2\/pages\/131","targetHints":{"allow":["GET"]}}],"collection":[{"href":"https:\/\/semmelweis.hu\/leveltar\/wp-json\/wp\/v2\/pages"}],"about":[{"href":"https:\/\/semmelweis.hu\/leveltar\/wp-json\/wp\/v2\/types\/page"}],"author":[{"embeddable":true,"href":"https:\/\/semmelweis.hu\/leveltar\/wp-json\/wp\/v2\/users\/12"}],"replies":[{"embeddable":true,"href":"https:\/\/semmelweis.hu\/leveltar\/wp-json\/wp\/v2\/comments?post=131"}],"version-history":[{"count":2,"href":"https:\/\/semmelweis.hu\/leveltar\/wp-json\/wp\/v2\/pages\/131\/revisions"}],"predecessor-version":[{"id":726,"href":"https:\/\/semmelweis.hu\/leveltar\/wp-json\/wp\/v2\/pages\/131\/revisions\/726"}],"up":[{"embeddable":true,"href":"https:\/\/semmelweis.hu\/leveltar\/wp-json\/wp\/v2\/pages\/5"}],"wp:attachment":[{"href":"https:\/\/semmelweis.hu\/leveltar\/wp-json\/wp\/v2\/media?parent=131"}],"wp:term":[{"taxonomy":"category","embeddable":true,"href":"https:\/\/semmelweis.hu\/leveltar\/wp-json\/wp\/v2\/categories?post=131"},{"taxonomy":"post_tag","embeddable":true,"href":"https:\/\/semmelweis.hu\/leveltar\/wp-json\/wp\/v2\/tags?post=131"}],"curies":[{"name":"wp","href":"https:\/\/api.w.org\/{rel}","templated":true}]}}