{"id":128,"date":"2014-03-07T14:52:14","date_gmt":"2014-03-07T14:52:14","guid":{"rendered":"http:\/\/semmelweis.hu\/leveltar\/?page_id=128"},"modified":"2014-03-07T14:52:14","modified_gmt":"2014-03-07T14:52:14","slug":"tudomanyos-kozlemenyek","status":"publish","type":"page","link":"https:\/\/semmelweis.hu\/leveltar\/tudomanyos-kozlemenyek\/","title":{"rendered":"Tudom\u00e1nyos k\u00f6zlem\u00e9nyek"},"content":{"rendered":"<p><strong>Simon Katalin:<\/strong> Seb\u00e9szk\u00e9pz\u00e9s a Pesti Egyetem Orvosi Kar\u00e1n a reformkorban<br \/>\n<em>A reformkorban egyre ink\u00e1bb felsz\u00ednre ker\u00fcltek a kar \u00e9let\u00e9t, s a tudom\u00e1nyos fejl\u0151d\u00e9st m\u00e1r \u00e9vtizedek \u00f3ta megnehez\u00edt\u0151 k\u00f6r\u00fclm\u00e9nyek.<\/em><\/p>\n<p>A k\u00f6zlem\u00e9ny <a href=\"https:\/\/semmelweis.hu\/leveltar\/files\/2014\/03\/leveltar_simon_k.pdf\">pdf form\u00e1tumban ezen a linken<\/a> let\u00f6lthet\u0151<\/p>\n<p>&nbsp;<\/p>\n","protected":false},"excerpt":{"rendered":"<p>Simon Katalin: Seb\u00e9szk\u00e9pz\u00e9s a Pesti Egyetem Orvosi Kar\u00e1n a reformkorban<br \/>\nA reformkorban egyre ink\u00e1bb felsz\u00ednre ker\u00fcltek a kar \u00e9let\u00e9t, s a tudom\u00e1nyos fejl\u0151d\u00e9st m\u00e1r \u00e9vtizedek \u00f3ta megnehez\u00edt\u0151 k\u00f6r\u00fclm\u00e9nyek.<br \/>\nA k\u00f6zlem\u00e9ny <a href=\"https:\/\/semmelweis.hu\/leveltar\/files\/2014\/03\/leveltar_simon_k.pdf\">pdf form\u00e1tumban ezen a linken<\/a> let\u00f6lthet\u0151<br \/>\n&nbsp;<\/p>\n","protected":false},"author":12,"featured_media":0,"parent":0,"menu_order":0,"comment_status":"closed","ping_status":"open","template":"","meta":{"_acf_changed":false,"footnotes":""},"categories":[],"tags":[],"class_list":["post-128","page","type-page","status-publish","hentry"],"acf":[],"_links":{"self":[{"href":"https:\/\/semmelweis.hu\/leveltar\/wp-json\/wp\/v2\/pages\/128","targetHints":{"allow":["GET"]}}],"collection":[{"href":"https:\/\/semmelweis.hu\/leveltar\/wp-json\/wp\/v2\/pages"}],"about":[{"href":"https:\/\/semmelweis.hu\/leveltar\/wp-json\/wp\/v2\/types\/page"}],"author":[{"embeddable":true,"href":"https:\/\/semmelweis.hu\/leveltar\/wp-json\/wp\/v2\/users\/12"}],"replies":[{"embeddable":true,"href":"https:\/\/semmelweis.hu\/leveltar\/wp-json\/wp\/v2\/comments?post=128"}],"version-history":[{"count":1,"href":"https:\/\/semmelweis.hu\/leveltar\/wp-json\/wp\/v2\/pages\/128\/revisions"}],"predecessor-version":[{"id":130,"href":"https:\/\/semmelweis.hu\/leveltar\/wp-json\/wp\/v2\/pages\/128\/revisions\/130"}],"wp:attachment":[{"href":"https:\/\/semmelweis.hu\/leveltar\/wp-json\/wp\/v2\/media?parent=128"}],"wp:term":[{"taxonomy":"category","embeddable":true,"href":"https:\/\/semmelweis.hu\/leveltar\/wp-json\/wp\/v2\/categories?post=128"},{"taxonomy":"post_tag","embeddable":true,"href":"https:\/\/semmelweis.hu\/leveltar\/wp-json\/wp\/v2\/tags?post=128"}],"curies":[{"name":"wp","href":"https:\/\/api.w.org\/{rel}","templated":true}]}}