{"id":118,"date":"2014-03-07T13:26:27","date_gmt":"2014-03-07T13:26:27","guid":{"rendered":"http:\/\/semmelweis.hu\/leveltar\/?page_id=118"},"modified":"2014-03-20T15:38:49","modified_gmt":"2014-03-20T15:38:49","slug":"kolcsonzes","status":"publish","type":"page","link":"https:\/\/semmelweis.hu\/leveltar\/szolgaltatasok\/kolcsonzes\/","title":{"rendered":"K\u00f6lcs\u00f6nz\u00e9s"},"content":{"rendered":"<p>A lev\u00e9lt\u00e1r kutat\u00e1si c\u00e9lb\u00f3l lev\u00e9lt\u00e1ri anyagot a 10\/2002. NK\u00d6M rendelet 54-56.\u00a7-ainak el\u0151\u00edr\u00e1sai szerint k\u00f6lcs\u00f6n\u00f6z, kiz\u00e1r\u00f3lag m\u00e1sik lev\u00e9lt\u00e1r r\u00e9sz\u00e9re. Lev\u00e9lt\u00e1runk anyag\u00e1b\u00f3l rendszeresen k\u00f6lcs\u00f6nz\u00fcnk dokumentumokat, illetve t\u00e1rgyakat m\u00fazeumi vagy egyetemi ki\u00e1ll\u00edt\u00e1sok, egyetemi kultur\u00e1lis rendezv\u00e9nyek r\u00e9sz\u00e9re.<\/p>\n","protected":false},"excerpt":{"rendered":"<p>A lev\u00e9lt\u00e1r kutat\u00e1si c\u00e9lb\u00f3l lev\u00e9lt\u00e1ri anyagot a 10\/2002. NK\u00d6M rendelet 54-56.\u00a7-ainak el\u0151\u00edr\u00e1sai szerint k\u00f6lcs\u00f6n\u00f6z, kiz\u00e1r\u00f3lag m\u00e1sik lev\u00e9lt\u00e1r r\u00e9sz\u00e9re. Lev\u00e9lt\u00e1runk anyag\u00e1b\u00f3l rendszeresen k\u00f6lcs\u00f6nz\u00fcnk dokumentumokat, illetve t\u00e1rgyakat m\u00fazeumi vagy egyetemi ki\u00e1ll\u00edt\u00e1sok, egyetemi kultur\u00e1lis rendezv\u00e9nyek r\u00e9sz\u00e9re.<\/p>\n","protected":false},"author":12,"featured_media":0,"parent":162,"menu_order":3,"comment_status":"closed","ping_status":"closed","template":"","meta":{"_acf_changed":false,"footnotes":""},"categories":[],"tags":[],"class_list":["post-118","page","type-page","status-publish","hentry"],"acf":[],"_links":{"self":[{"href":"https:\/\/semmelweis.hu\/leveltar\/wp-json\/wp\/v2\/pages\/118","targetHints":{"allow":["GET"]}}],"collection":[{"href":"https:\/\/semmelweis.hu\/leveltar\/wp-json\/wp\/v2\/pages"}],"about":[{"href":"https:\/\/semmelweis.hu\/leveltar\/wp-json\/wp\/v2\/types\/page"}],"author":[{"embeddable":true,"href":"https:\/\/semmelweis.hu\/leveltar\/wp-json\/wp\/v2\/users\/12"}],"replies":[{"embeddable":true,"href":"https:\/\/semmelweis.hu\/leveltar\/wp-json\/wp\/v2\/comments?post=118"}],"version-history":[{"count":1,"href":"https:\/\/semmelweis.hu\/leveltar\/wp-json\/wp\/v2\/pages\/118\/revisions"}],"predecessor-version":[{"id":119,"href":"https:\/\/semmelweis.hu\/leveltar\/wp-json\/wp\/v2\/pages\/118\/revisions\/119"}],"up":[{"embeddable":true,"href":"https:\/\/semmelweis.hu\/leveltar\/wp-json\/wp\/v2\/pages\/162"}],"wp:attachment":[{"href":"https:\/\/semmelweis.hu\/leveltar\/wp-json\/wp\/v2\/media?parent=118"}],"wp:term":[{"taxonomy":"category","embeddable":true,"href":"https:\/\/semmelweis.hu\/leveltar\/wp-json\/wp\/v2\/categories?post=118"},{"taxonomy":"post_tag","embeddable":true,"href":"https:\/\/semmelweis.hu\/leveltar\/wp-json\/wp\/v2\/tags?post=118"}],"curies":[{"name":"wp","href":"https:\/\/api.w.org\/{rel}","templated":true}]}}