{"id":103,"date":"2014-03-07T11:48:26","date_gmt":"2014-03-07T11:48:26","guid":{"rendered":"http:\/\/semmelweis.hu\/leveltar\/?page_id=103"},"modified":"2014-03-07T11:48:26","modified_gmt":"2014-03-07T11:48:26","slug":"kutatotermi-szabalyzat","status":"publish","type":"page","link":"https:\/\/semmelweis.hu\/leveltar\/szolgaltatasok\/kutatoszolgalat\/kutatotermi-szabalyzat\/","title":{"rendered":"Kutat\u00f3termi szab\u00e1lyzat"},"content":{"rendered":"<p align=\"center\"><b>A Semmelweis Egyetem Lev\u00e9lt\u00e1r\u00e1nak<br \/>\nKUTAT\u00d3TERMI SZAB\u00c1LYZATA<\/b><\/p>\n<p>&nbsp;<\/p>\n<ol>\n<li>A lev\u00e9lt\u00e1rban \u0151rz\u00f6tt iratanyag kutat\u00e1s\u00e1hoz a kutat\u00f3nak a Lev\u00e9lt\u00e1r vezet\u0151j\u00e9t\u0151l, illetve \u00e1truh\u00e1zott hat\u00e1sk\u00f6rben megb\u00edzottj\u00e1t\u00f3l el\u0151zetesen kutat\u00f3i l\u00e1togat\u00f3jegyet kell k\u00e9rni.<\/li>\n<li>L\u00e1togat\u00f3i jegyet kaphat az a szem\u00e9ly, aki a \u201eKutat\u00f3i nyilatkozat\u201d al\u00e1\u00edr\u00e1s\u00e1val egyidej\u0171leg k\u00f6telezi mag\u00e1t a lev\u00e9lt\u00e1ri anyag kutat\u00e1s\u00e1hoz el\u0151\u00edrt szab\u00e1lyok \/az 1992. \u00e9vi LXIII. adatv\u00e9delmi \u00e9s az 1995. \u00e9vi LXVI. lev\u00e9lt\u00e1ri t\u00f6rv\u00e9ny, a 10\/2002. (IV.13.) NK\u00d6M rendelet \u00e9s egy\u00e9b vonatkoz\u00f3 jogszab\u00e1lyok\/ betart\u00e1s\u00e1ra.<\/li>\n<li>A kutat\u00e1si k\u00e9relemben meg kell jel\u00f6lni a kutat\u00e1s t\u00e1rgy\u00e1t, c\u00e9lj\u00e1t, a kutat\u00f3 nev\u00e9t, sz\u00fclet\u00e9si idej\u00e9t, hely\u00e9t, anyja nev\u00e9t, lakc\u00edm\u00e9t, szem\u00e9lyi azonoss\u00e1got igazol\u00f3 okm\u00e1ny\u00e1nak (szem\u00e9lyi, jogos\u00edtv\u00e1ny, \u00fatlev\u00e9l), vagy k\u00fclf\u00f6ldi eset\u00e9ben \u00fatlevel\u00e9nek sz\u00e1m\u00e1t, a kutat\u00e1s jelleg\u00e9t.<\/li>\n<\/ol>\n<p>A kutat\u00f3nak \u00edr\u00e1sos nyilatkozatban v\u00e1llalnia kell, hogy a megismert \u00e9s kigy\u0171jt\u00f6tt szem\u00e9lyes adatokat az adatv\u00e9delmi t\u00f6rv\u00e9nyben \u00e9s az egy\u00e9b vonatkoz\u00f3 jogszab\u00e1lyokban meghat\u00e1rozott m\u00f3don kezeli \u00e9s haszn\u00e1lja fel, s megjel\u00f6li az adatkezel\u00e9s hely\u00e9t.<\/p>\n<p>K\u00fclf\u00f6ldi \u00e1llampolg\u00e1rokra a Lvt. 24\/A \u00a7-a \u00e9rtelm\u00e9ben m\u00e1s szab\u00e1lyok vonatkoznak.<\/p>\n<ol>\n<li>Kutathat\u00f3:<\/li>\n<\/ol>\n<p>a\/ A Lev\u00e9lt\u00e1rban \u0151rz\u00f6tt, az 1990. m\u00e1jus 1-je ut\u00e1n keletkezett, a keltez\u00e9s napt\u00e1ri \u00e9v\u00e9t\u0151l sz\u00e1m\u00edtott 30 \u00e9ven t\u00fali, \u00e9s az 1990. m\u00e1jus 2-a el\u0151tt keletkezett, a keltez\u00e9s napt\u00e1ri \u00e9v\u00e9t\u0151l sz\u00e1m\u00edtott 15 \u00e9ven t\u00fali lev\u00e9lt\u00e1ri anyag, (a lev\u00e9lt\u00e1ri t\u00f6rv\u00e9ny 24-25. \u00a7-okban felsorolt kiv\u00e9telekkel), tov\u00e1bb\u00e1 id\u0151beli korl\u00e1toz\u00e1s n\u00e9lk\u00fcl az a lev\u00e9lt\u00e1ri anyag, amelyet m\u00e1r nyilv\u00e1noss\u00e1gra hoztak, illet\u0151leg amelynek tartalm\u00e1t az adatv\u00e9delmi t\u00f6rv\u00e9ny szerint mindenki megismerheti.<\/p>\n<p>b\/ Az 1990. m\u00e1jus 2-a el\u0151tt keletkezett, a keltez\u00e9s napt\u00e1ri \u00e9v\u00e9t\u0151l sz\u00e1m\u00edtott tizen\u00f6t \u00e9ven bel\u00fcli lev\u00e9lt\u00e1ri anyagban \u2013 ide\u00e9rtve a bels\u0151 haszn\u00e1latra k\u00e9sz\u00fclt, valamint d\u00f6nt\u00e9sel\u0151k\u00e9sz\u00edt\u00e9st tartalmaz\u00f3 lev\u00e9lt\u00e1ri iratokat is \u2013 a kutat\u00e1st az \u00e1tad\u00f3 szerv hozz\u00e1j\u00e1rul\u00e1s\u00e1val a lev\u00e9lt\u00e1ri t\u00f6rv\u00e9ny 23.\u00a7 (3) bekezd\u00e9s\u00e9ben maghat\u00e1rozott kurat\u00f3rium enged\u00e9lyezi. Jogut\u00f3d n\u00e9lk\u00fcl megsz\u0171nt szerv lev\u00e9lt\u00e1ri anyag\u00e1ban, tov\u00e1bb\u00e1 az 1991. \u00e9vi LXXXIII. t\u00f6rv\u00e9ny 2.\u00a7-\u00e1ban meghat\u00e1rozott iratokban a kutat\u00e1st a kurat\u00f3rium enged\u00e9lyezi.<\/p>\n<p>c\/ Az 1990. m\u00e1jus 1-je ut\u00e1n keletkezett, a keltez\u00e9s napt\u00e1ri \u00e9v\u00e9t\u0151l sz\u00e1m\u00edtott 30 \u00e9v lej\u00e1rta el\u0151tt a bels\u0151 haszn\u00e1latra k\u00e9sz\u00fclt, valamint a d\u00f6nt\u00e9sel\u0151k\u00e9sz\u00edt\u00e9st tartalmaz\u00f3 lev\u00e9lt\u00e1ri anyagban folytathat\u00f3 kutat\u00e1st az \u00e1tad\u00f3 szerv hozz\u00e1j\u00e1rul\u00e1s\u00e1val a lev\u00e9lt\u00e1r enged\u00e9lyezi. Ugyancsak a lev\u00e9lt\u00e1r enged\u00e9lyezi a jogut\u00f3d n\u00e9lk\u00fcl megsz\u0171nt szerv anyag\u00e1ban t\u00f6rt\u00e9n\u0151 kutat\u00e1st.<\/p>\n<p>d\/ A szem\u00e9lyes adatot tartalmaz\u00f3 lev\u00e9lt\u00e1ri anyag az \u00e9rintett hal\u00e1loz\u00e1si \u00e9v\u00e9t k\u00f6vet\u0151 30 \u00e9v ut\u00e1n v\u00e1lik b\u00e1rki sz\u00e1m\u00e1ra kutathat\u00f3v\u00e1. A v\u00e9delmi id\u0151, ha a hal\u00e1loz\u00e1s \u00e9ve nem ismert, az \u00e9rintett sz\u00fclet\u00e9s\u00e9t\u0151l sz\u00e1m\u00edtott 90 \u00e9v, ha pedig a sz\u00fclet\u00e9s \u00e9s a hal\u00e1loz\u00e1s id\u0151pontja sem ismert, a lev\u00e9lt\u00e1ri anyag keletkez\u00e9s\u00e9t\u0151l sz\u00e1m\u00edtott 60 \u00e9v.<\/p>\n<p>A v\u00e9delmi id\u0151 lej\u00e1rta el\u0151tt is kutathat\u00f3 a d\/ pontban meghat\u00e1rozott lev\u00e9lt\u00e1ri anyag, ha a kutat\u00e1s \u2013 a k\u00e9relmez\u0151 k\u00f6lts\u00e9g\u00e9re \u2013 anonimiz\u00e1lt m\u00e1solattal is megval\u00f3s\u00edthat\u00f3, vagy a kutat\u00e1shoz az \u00e9rintett, illet\u0151leg annak hal\u00e1l\u00e1t k\u00f6vet\u0151en b\u00e1rmely \u00f6r\u00f6k\u00f6se vagy hozz\u00e1tartoz\u00f3ja a kutat\u00f3 k\u00e9r\u00e9s\u00e9re hozz\u00e1j\u00e1rult, vagy a kutat\u00e1sra tudom\u00e1nyos c\u00e9lb\u00f3l van sz\u00fcks\u00e9g \u2013 felt\u00e9ve, hogy a lev\u00e9lt\u00e1ri t\u00f6rv\u00e9ny 22.\u00a7-a (1) bekezd\u00e9s\u00e9ben meghat\u00e1rozott 30, illet\u0151leg 15 \u00e9v m\u00e1r eltelt \u2013 \u00e9s a kutat\u00f3 a (3) \u00e9s (4) bekezd\u00e9sben meghat\u00e1rozott k\u00f6vetelm\u00e9nyeknek eleget tesz.<\/p>\n<p>A lev\u00e9lt\u00e1r a fenti tudom\u00e1nyos c\u00e9l\u00fa kutat\u00e1st akkor k\u00f6teles enged\u00e9lyezni, ha a kutat\u00f3 csatolja a tudom\u00e1nyos kutat\u00e1st rendeltet\u00e9sszer\u0171en v\u00e9gz\u0151, k\u00f6zfeladatot ell\u00e1t\u00f3 szervnek \u2013 a kutat\u00f3 r\u00e9szletes terve alapj\u00e1n megadott \u2013 t\u00e1mogat\u00f3 \u00e1ll\u00e1sfoglal\u00e1s\u00e1t.<\/p>\n<ol>\n<li>A kutat\u00f3 a l\u00e1togat\u00f3i jegy kiad\u00e1s\u00e1nak megtagad\u00e1sa eset\u00e9n b\u00edr\u00f3s\u00e1ghoz fordulhat. A kutat\u00e1s teljes, vagy r\u00e9szleges megtagad\u00e1s\u00e1r\u00f3l a lev\u00e9lt\u00e1r \u00edr\u00e1sbeli hat\u00e1rozatot k\u00f6teles kiadni.<\/li>\n<li>A lev\u00e9lt\u00e1r vezet\u0151je a l\u00e1togat\u00f3i jegyet v\u00e9glegesen vagy id\u0151legesen visszavonhatja att\u00f3l, aki lev\u00e9lt\u00e1ri anyagot tulajdon\u00edtott el, vagy sz\u00e1nd\u00e9kosan megrong\u00e1lt, illet\u0151leg a kutat\u00e1sra kiadott anyag rendj\u00e9t \u00f6nk\u00e9nyesen megv\u00e1ltoztatta. Nem kutathat az, akinek l\u00e1togat\u00f3i jegy\u00e9t visszavont\u00e1k. Az int\u00e9zked\u00e9st a kutat\u00f3 b\u00edr\u00f3s\u00e1g el\u0151tt megt\u00e1madhatja.<\/li>\n<li>Kutat\u00e1s csak a lev\u00e9lt\u00e1r kutat\u00f3term\u00e9ben \u00e9s kutat\u00e1si id\u0151ben v\u00e9gezhet\u0151. A kutat\u00e1si id\u0151t az <i>I. sz. mell\u00e9klet <\/i>tartalmazza.<\/li>\n<li>\u00a0L\u00e1togat\u00f3i jeggyel rendelkez\u0151 kutat\u00f3 lev\u00e9lt\u00e1ri anyagot csak k\u00e9r\u0151lap, k\u00eds\u00e9r\u0151lap, tov\u00e1bb\u00e1 \u0151rjegy szab\u00e1lyszer\u0171 kit\u00f6lt\u00e9s\u00e9vel \u00e9s beny\u00fajt\u00e1s\u00e1val ig\u00e9nyelhet. Minden egyes rakt\u00e1ri vagy lev\u00e9lt\u00e1ri egys\u00e9gr\u0151l k\u00fcl\u00f6n \u0151rjegyet kell ki\u00e1ll\u00edtani \u00e9s azt a kutat\u00e1sra kiemelt lev\u00e9lt\u00e1ri anyag hely\u00e9n kell \u0151rizni. A lev\u00e9lt\u00e1ri anyag visszahelyez\u00e9sekor az \u0151rjegyet a lev\u00e9lt\u00e1ros \u00e1th\u00faz\u00e1ssal megsemmis\u00edti.<\/li>\n<\/ol>\n<p>Az egyszerre beny\u00fajthat\u00f3 k\u00e9r\u0151lapok sz\u00e1ma n\u00e9gy, az egy k\u00e9r\u0151lapra kiadhat\u00f3 lev\u00e9lt\u00e1ri anyag mennyis\u00e9ge a rakt\u00e1ri egys\u00e9genk\u00e9nt kik\u00e9rt iratanyag eset\u00e9ben egy doboz, vagy egy csom\u00f3, k\u00f6tetek eset\u00e9ben t\u00edz k\u00f6tet, jelzetenk\u00e9nt kik\u00e9rt iratanyag eset\u00e9ben t\u00edz jelzetre kiterjed\u0151. A jelzetenk\u00e9nt kik\u00e9rt iratokat a kutat\u00f3 legkor\u00e1bban a k\u00e9r\u0151lap bead\u00e1sa ut\u00e1ni m\u00e1sodik munkanapon kaphatja meg.<\/p>\n<ol>\n<li>A kutat\u00f3 a lev\u00e9lt\u00e1r iratanyag\u00e1r\u00f3l t\u00e9r\u00edt\u00e9s ellen\u00e9ben f\u00e9nym\u00e1solatot k\u00e9rhet. A f\u00e9nym\u00e1sol\u00e1s d\u00edj\u00e1t a <i>2. sz. mell\u00e9klet <\/i>tartalmazza.<\/li>\n<li>A kutat\u00e1sra kiadott lev\u00e9lt\u00e1ri anyag rendj\u00e9t megbontani, azt b\u00e1rmi m\u00f3don rong\u00e1lni, egyes darabjaira jelet \u00edrni, sz\u00f6veg\u00fcket megv\u00e1ltoztatni, sz\u00f6vegr\u00e9szeket al\u00e1h\u00fazni, \u00e1trajzolni tilos. A kutat\u00f3teremben tilos hangoskodni, doh\u00e1nyozni, \u00e9tkezni, s onn\u00e9t az iratokat kivinni. A kutat\u00f3teremben (ill. a kutat\u00e1shoz haszn\u00e1lt asztalon) csak jegyzetpap\u00edr, grafitceruza, laptop haszn\u00e1lhat\u00f3. A kutat\u00e1s ideje alatt a t\u00e1sk\u00e1kat stb. elk\u00fcl\u00f6n\u00edtetten, erre a c\u00e9lra kijel\u00f6lt helyen kell t\u00e1rolni.<\/li>\n<li>A lev\u00e9lt\u00e1r kutat\u00e1si c\u00e9lb\u00f3l lev\u00e9lt\u00e1ri anyagot a 10\/2002. NK\u00d6M rendelet 54-56.\u00a7-ainak el\u0151\u00edr\u00e1sai szerint k\u00f6lcs\u00f6n\u00f6z.<\/li>\n<\/ol>\n<p>&nbsp;<\/p>\n<p>Budapest, 2002. okt\u00f3ber 31.<\/p>\n<p>lev\u00e9lt\u00e1rvezet\u0151<\/p>\n<p>&nbsp;<\/p>\n<h2><\/h2>\n","protected":false},"excerpt":{"rendered":"<p>A Semmelweis Egyetem Lev\u00e9lt\u00e1r\u00e1nak KUTAT\u00d3TERMI SZAB\u00c1LYZATA &nbsp; A lev\u00e9lt\u00e1rban \u0151rz\u00f6tt iratanyag kutat\u00e1s\u00e1hoz a kutat\u00f3nak a Lev\u00e9lt\u00e1r vezet\u0151j\u00e9t\u0151l, illetve \u00e1truh\u00e1zott hat\u00e1sk\u00f6rben megb\u00edzottj\u00e1t\u00f3l el\u0151zetesen kutat\u00f3i l\u00e1togat\u00f3jegyet kell k\u00e9rni. L\u00e1togat\u00f3i jegyet kaphat az a szem\u00e9ly, aki a \u201eKutat\u00f3i nyilatkozat\u201d al\u00e1\u00edr\u00e1s\u00e1val egyidej\u0171leg k\u00f6telezi mag\u00e1t a lev\u00e9lt\u00e1ri anyag kutat\u00e1s\u00e1hoz el\u0151\u00edrt szab\u00e1lyok \/az 1992. \u00e9vi LXIII. adatv\u00e9delmi \u00e9s az 1995. \u00e9vi &hellip;<\/p>\n","protected":false},"author":12,"featured_media":0,"parent":83,"menu_order":0,"comment_status":"closed","ping_status":"open","template":"","meta":{"_acf_changed":false,"footnotes":""},"categories":[],"tags":[],"class_list":["post-103","page","type-page","status-publish","hentry"],"acf":[],"_links":{"self":[{"href":"https:\/\/semmelweis.hu\/leveltar\/wp-json\/wp\/v2\/pages\/103","targetHints":{"allow":["GET"]}}],"collection":[{"href":"https:\/\/semmelweis.hu\/leveltar\/wp-json\/wp\/v2\/pages"}],"about":[{"href":"https:\/\/semmelweis.hu\/leveltar\/wp-json\/wp\/v2\/types\/page"}],"author":[{"embeddable":true,"href":"https:\/\/semmelweis.hu\/leveltar\/wp-json\/wp\/v2\/users\/12"}],"replies":[{"embeddable":true,"href":"https:\/\/semmelweis.hu\/leveltar\/wp-json\/wp\/v2\/comments?post=103"}],"version-history":[{"count":1,"href":"https:\/\/semmelweis.hu\/leveltar\/wp-json\/wp\/v2\/pages\/103\/revisions"}],"predecessor-version":[{"id":104,"href":"https:\/\/semmelweis.hu\/leveltar\/wp-json\/wp\/v2\/pages\/103\/revisions\/104"}],"up":[{"embeddable":true,"href":"https:\/\/semmelweis.hu\/leveltar\/wp-json\/wp\/v2\/pages\/83"}],"wp:attachment":[{"href":"https:\/\/semmelweis.hu\/leveltar\/wp-json\/wp\/v2\/media?parent=103"}],"wp:term":[{"taxonomy":"category","embeddable":true,"href":"https:\/\/semmelweis.hu\/leveltar\/wp-json\/wp\/v2\/categories?post=103"},{"taxonomy":"post_tag","embeddable":true,"href":"https:\/\/semmelweis.hu\/leveltar\/wp-json\/wp\/v2\/tags?post=103"}],"curies":[{"name":"wp","href":"https:\/\/api.w.org\/{rel}","templated":true}]}}