{"id":69,"date":"2013-10-10T14:33:59","date_gmt":"2013-10-10T13:33:59","guid":{"rendered":"http:\/\/semmelweis-egyetem.hu\/beruhazas\/?page_id=69"},"modified":"2023-10-06T11:19:38","modified_gmt":"2023-10-06T09:19:38","slug":"mernoki-foosztaly","status":"publish","type":"page","link":"https:\/\/semmelweis.hu\/letesitmeny\/altalanos-informaciok\/mernoki-foosztaly\/","title":{"rendered":"M\u00e9rn\u00f6ki F\u0151oszt\u00e1ly"},"content":{"rendered":"<p>M\u00e9rn\u00f6ki F\u0151oszt\u00e1ly (MFO)<\/p>\n<p>Az Igazgat\u00f3s\u00e1g hat\u00e1sk\u00f6r\u00e9be utalt feladatok ell\u00e1t\u00e1s\u00e1hoz sz\u00fcks\u00e9ges m\u0171szaki, m\u00e9rn\u00f6ki szak\u00e9rtelem \u00e9s teljes k\u00f6r\u0171 t\u00e1mogat\u00e1s biztos\u00edt\u00e1sa, amely kiterjed kisebb (nem enged\u00e9ly k\u00f6teles) tervek el\u0151\u00e1ll\u00edt\u00e1s\u00e1ra, m\u0171szaki ellen\u0151ri jogosults\u00e1got ig\u00e9nyl\u0151 feladatok ell\u00e1t\u00e1s\u00e1ra, az \u00e9p\u00edt\u00e9sjogi k\u00f6rnyezet \u00e9s szab\u00e1lyoz\u00e1s v\u00e1ltoz\u00e1s\u00e1b\u00f3l fakad\u00f3 kock\u00e1zatok elemz\u00e9s\u00e9re \u00e9s kock\u00e1zatkezel\u00e9si folyamat fenntart\u00e1s\u00e1ra. Tov\u00e1bb\u00e1 kiterjed tervdokument\u00e1ci\u00f3k szerz\u0151i jogi \u00e9s a Nemzeti Tervvagyont \u00e9rint\u0151 menedzsel\u00e9s\u00e9re, az elk\u00e9sz\u00fclt beruh\u00e1z\u00e1sok garanci\u00e1lis ellen\u0151rz\u00e9seihez sz\u00fcks\u00e9ges m\u0171szaki m\u00e9rn\u00f6ki szak\u00e9rtelem \u00e9s jelenl\u00e9t biztos\u00edt\u00e1s\u00e1ra. Beszerz\u00e9si elj\u00e1r\u00e1sokban a m\u0171szaki, szak\u00e1gi min\u0151s\u00edt\u00e9si, ellen\u0151rz\u00e9si feladatok ell\u00e1t\u00e1sa, \u00e1ll\u00e1sfoglal\u00e1s kiad\u00e1sa.<\/p>\n","protected":false},"excerpt":{"rendered":"<p>M\u00e9rn\u00f6ki F\u0151oszt\u00e1ly (MFO) Az Igazgat\u00f3s\u00e1g hat\u00e1sk\u00f6r\u00e9be utalt feladatok ell\u00e1t\u00e1s\u00e1hoz sz\u00fcks\u00e9ges m\u0171szaki, m\u00e9rn\u00f6ki szak\u00e9rtelem \u00e9s teljes k\u00f6r\u0171 t\u00e1mogat\u00e1s biztos\u00edt\u00e1sa, amely kiterjed kisebb (nem enged\u00e9ly k\u00f6teles) tervek el\u0151\u00e1ll\u00edt\u00e1s\u00e1ra, m\u0171szaki ellen\u0151ri jogosults\u00e1got ig\u00e9nyl\u0151 feladatok ell\u00e1t\u00e1s\u00e1ra, az \u00e9p\u00edt\u00e9sjogi k\u00f6rnyezet \u00e9s szab\u00e1lyoz\u00e1s v\u00e1ltoz\u00e1s\u00e1b\u00f3l fakad\u00f3 kock\u00e1zatok elemz\u00e9s\u00e9re \u00e9s kock\u00e1zatkezel\u00e9si folyamat fenntart\u00e1s\u00e1ra. Tov\u00e1bb\u00e1 kiterjed tervdokument\u00e1ci\u00f3k szerz\u0151i jogi \u00e9s a Nemzeti Tervvagyont \u00e9rint\u0151 &hellip;<\/p>\n","protected":false},"author":32,"featured_media":0,"parent":5,"menu_order":2,"comment_status":"closed","ping_status":"closed","template":"","meta":{"_acf_changed":false,"footnotes":""},"categories":[],"tags":[],"class_list":["post-69","page","type-page","status-publish","hentry"],"acf":[],"_links":{"self":[{"href":"https:\/\/semmelweis.hu\/letesitmeny\/wp-json\/wp\/v2\/pages\/69","targetHints":{"allow":["GET"]}}],"collection":[{"href":"https:\/\/semmelweis.hu\/letesitmeny\/wp-json\/wp\/v2\/pages"}],"about":[{"href":"https:\/\/semmelweis.hu\/letesitmeny\/wp-json\/wp\/v2\/types\/page"}],"author":[{"embeddable":true,"href":"https:\/\/semmelweis.hu\/letesitmeny\/wp-json\/wp\/v2\/users\/32"}],"replies":[{"embeddable":true,"href":"https:\/\/semmelweis.hu\/letesitmeny\/wp-json\/wp\/v2\/comments?post=69"}],"version-history":[{"count":10,"href":"https:\/\/semmelweis.hu\/letesitmeny\/wp-json\/wp\/v2\/pages\/69\/revisions"}],"predecessor-version":[{"id":489,"href":"https:\/\/semmelweis.hu\/letesitmeny\/wp-json\/wp\/v2\/pages\/69\/revisions\/489"}],"up":[{"embeddable":true,"href":"https:\/\/semmelweis.hu\/letesitmeny\/wp-json\/wp\/v2\/pages\/5"}],"wp:attachment":[{"href":"https:\/\/semmelweis.hu\/letesitmeny\/wp-json\/wp\/v2\/media?parent=69"}],"wp:term":[{"taxonomy":"category","embeddable":true,"href":"https:\/\/semmelweis.hu\/letesitmeny\/wp-json\/wp\/v2\/categories?post=69"},{"taxonomy":"post_tag","embeddable":true,"href":"https:\/\/semmelweis.hu\/letesitmeny\/wp-json\/wp\/v2\/tags?post=69"}],"curies":[{"name":"wp","href":"https:\/\/api.w.org\/{rel}","templated":true}]}}