{"id":619,"date":"2026-04-01T11:28:25","date_gmt":"2026-04-01T09:28:25","guid":{"rendered":"https:\/\/semmelweis.hu\/letesitmeny\/?page_id=619"},"modified":"2026-04-01T11:28:25","modified_gmt":"2026-04-01T09:28:25","slug":"titkarsag","status":"publish","type":"page","link":"https:\/\/semmelweis.hu\/letesitmeny\/altalanos-informaciok\/titkarsag\/","title":{"rendered":"Titk\u00e1rs\u00e1g"},"content":{"rendered":"<p><span data-teams=\"true\">A titk\u00e1rs\u00e1g alapfeladata az igazgat\u00f3s\u00e1g adminisztrat\u00edv, irat- \u00e9s dokumentumkezel\u00e9si \u00e9s nyilv\u00e1ntart\u00e1si feladatainak megszervez\u00e9se, k\u00fcl\u00f6n\u00f6sen az igazgat\u00f3 kommunik\u00e1ci\u00f3s, \u00fcgyviteli \u00e9s dokument\u00e1ci\u00f3s tev\u00e9kenys\u00e9g\u00e9nek megszervez\u00e9se, az ehhez kapcsol\u00f3d\u00f3 feladatok ell\u00e1t\u00e1sa; az igazgat\u00f3s\u00e1g m\u0171k\u00f6d\u00e9s\u00e9vel \u00f6sszef\u00fcgg\u0151 szakmai anyagokkal, besz\u00e1mol\u00f3kkal kapcsolatos feladatok koordin\u00e1ci\u00f3ja; az igazgat\u00f3i, igazgat\u00f3helyettesi feladatell\u00e1t\u00e1s h\u00e1tt\u00e9rt\u00e1mogat\u00e1sa; reprezent\u00e1ci\u00f3s feladatok ell\u00e1t\u00e1sa, hivatalos megbesz\u00e9l\u00e9sek, \u00e9rtekezletek szervez\u00e9se, iratanyag \u00f6sszek\u00e9sz\u00edt\u00e9se, l\u00e1togat\u00f3k fogad\u00e1sa; a vezet\u0151i munka zavartalans\u00e1g\u00e1nak biztos\u00edt\u00e1sa, a vezet\u0151 figyelmeztet\u00e9se napi munkarendj\u00e9nek, programjainak betart\u00e1s\u00e1ra, elektronikus napt\u00e1r\u00e1nak kezel\u00e9se; napi posta kezel\u00e9se, ir\u00e1ny\u00edt\u00e1sa, ellen\u0151rz\u00e9se; az oszt\u00e1lyvezet\u0151kt\u0151l \u00e9rkez\u0151 dokumentumok &#8211; vezet\u0151i j\u00f3v\u00e1hagy\u00e1s ut\u00e1ni &#8211; tov\u00e1bb\u00edt\u00e1sa az illet\u00e9kes vezet\u0151k, szervezeti egys\u00e9gek r\u00e9sz\u00e9re; jegyz\u0151k\u00f6nyvek, jelent\u00e9sek k\u00e9sz\u00edt\u00e9se, t\u00e1rol\u00e1sa;\u00a0\u00a0\u00a0\u00a0 adatok, inform\u00e1ci\u00f3k \u00f6sszegy\u0171jt\u00e9se \u00e9s rendszerez\u00e9se vezet\u0151i megb\u00edz\u00e1s alapj\u00e1n. A Titk\u00e1rs\u00e1got a titk\u00e1rs\u00e1gvezet\u0151 ir\u00e1ny\u00edtja, aki a M\u0171szaki F\u0151igazgat\u00f3s\u00e1g Titk\u00e1rs\u00e1g\u00e1nak munkav\u00e1llal\u00f3ja.<\/span><\/p>\n","protected":false},"excerpt":{"rendered":"<p>A titk\u00e1rs\u00e1g alapfeladata az igazgat\u00f3s\u00e1g adminisztrat\u00edv, irat- \u00e9s dokumentumkezel\u00e9si \u00e9s nyilv\u00e1ntart\u00e1si feladatainak megszervez\u00e9se, k\u00fcl\u00f6n\u00f6sen az igazgat\u00f3 kommunik\u00e1ci\u00f3s, \u00fcgyviteli \u00e9s dokument\u00e1ci\u00f3s tev\u00e9kenys\u00e9g\u00e9nek megszervez\u00e9se, az ehhez kapcsol\u00f3d\u00f3 feladatok ell\u00e1t\u00e1sa; az igazgat\u00f3s\u00e1g m\u0171k\u00f6d\u00e9s\u00e9vel \u00f6sszef\u00fcgg\u0151 szakmai anyagokkal, besz\u00e1mol\u00f3kkal kapcsolatos feladatok koordin\u00e1ci\u00f3ja; az igazgat\u00f3i, igazgat\u00f3helyettesi feladatell\u00e1t\u00e1s h\u00e1tt\u00e9rt\u00e1mogat\u00e1sa; reprezent\u00e1ci\u00f3s feladatok ell\u00e1t\u00e1sa, hivatalos megbesz\u00e9l\u00e9sek, \u00e9rtekezletek szervez\u00e9se, iratanyag \u00f6sszek\u00e9sz\u00edt\u00e9se, l\u00e1togat\u00f3k fogad\u00e1sa; a vezet\u0151i &hellip;<\/p>\n","protected":false},"author":286,"featured_media":0,"parent":5,"menu_order":0,"comment_status":"closed","ping_status":"closed","template":"","meta":{"_acf_changed":false,"footnotes":""},"categories":[],"tags":[],"class_list":["post-619","page","type-page","status-publish","hentry"],"acf":[],"_links":{"self":[{"href":"https:\/\/semmelweis.hu\/letesitmeny\/wp-json\/wp\/v2\/pages\/619","targetHints":{"allow":["GET"]}}],"collection":[{"href":"https:\/\/semmelweis.hu\/letesitmeny\/wp-json\/wp\/v2\/pages"}],"about":[{"href":"https:\/\/semmelweis.hu\/letesitmeny\/wp-json\/wp\/v2\/types\/page"}],"author":[{"embeddable":true,"href":"https:\/\/semmelweis.hu\/letesitmeny\/wp-json\/wp\/v2\/users\/286"}],"replies":[{"embeddable":true,"href":"https:\/\/semmelweis.hu\/letesitmeny\/wp-json\/wp\/v2\/comments?post=619"}],"version-history":[{"count":1,"href":"https:\/\/semmelweis.hu\/letesitmeny\/wp-json\/wp\/v2\/pages\/619\/revisions"}],"predecessor-version":[{"id":620,"href":"https:\/\/semmelweis.hu\/letesitmeny\/wp-json\/wp\/v2\/pages\/619\/revisions\/620"}],"up":[{"embeddable":true,"href":"https:\/\/semmelweis.hu\/letesitmeny\/wp-json\/wp\/v2\/pages\/5"}],"wp:attachment":[{"href":"https:\/\/semmelweis.hu\/letesitmeny\/wp-json\/wp\/v2\/media?parent=619"}],"wp:term":[{"taxonomy":"category","embeddable":true,"href":"https:\/\/semmelweis.hu\/letesitmeny\/wp-json\/wp\/v2\/categories?post=619"},{"taxonomy":"post_tag","embeddable":true,"href":"https:\/\/semmelweis.hu\/letesitmeny\/wp-json\/wp\/v2\/tags?post=619"}],"curies":[{"name":"wp","href":"https:\/\/api.w.org\/{rel}","templated":true}]}}